{"id":313629,"date":"2025-08-11T14:53:43","date_gmt":"2025-08-11T12:53:43","guid":{"rendered":"https:\/\/www.voustenjeans.com\/jacob-cohen-knitwear-apres-ski-sweater-41181\/"},"modified":"2026-02-05T13:51:59","modified_gmt":"2026-02-05T12:51:59","slug":"jacob-cohen-knitwear-apres-ski-sweater-41181","status":"publish","type":"product","link":"https:\/\/www.voustenjeans.com\/nl\/jacob-cohen-knitwear-apres-ski-sweater-41181\/","title":{"rendered":"Jacob Coh\u00ebn Knitwear Apr\u00e8s-Ski Sweater (41181)"},"content":{"rendered":"<div>Deze sweater is onderdeel van de Apr\u00e8s-Ski capsule collectie. Deze collectie bestaat uit items die niet alleen het thema Apr\u00e8s-Ski meedragen, maar ook ideaal zijn voor de koude omstandigheden door bijvoorbeeld het gebruik van cashmere en alpaca.<\/div>\n<div><\/div>\n<div>Is een comfortabele gebreide sweater, met een normale fit.<br \/>\nHet model is 186cm, weegt 80kg en draagt maat M.<\/div>\n<div><\/div>\n<div>\n<ul>\n<li>Materiaal: 48% alpaca, 28% polyamide, 21% scheerwol, 3% elastan<\/li>\n<li>Voorzien van geborduurd jacob Coh\u00ebn\u00a0Apr\u00e8s-Ski logo<\/li>\n<li>Zie ook de bijpassende jeans<\/li>\n<\/ul>\n<p>Deze Jacob Cohen sweater is handgemaakt in Veneto, Noord-Oost Itali\u00eb<\/p>\n<\/div>\n","protected":false},"excerpt":{"rendered":"<p>Deze sweater is onderdeel van de Apr\u00e8s-Ski capsule collectie. Deze collectie bestaat uit items die niet alleen het thema Apr\u00e8s-Ski meedragen, maar ook ideaal zijn voor de koude omstandigheden door bijvoorbeeld het gebruik van cashmere en alpaca. Is een comfortabele gebreide sweater, met een normale fit. Het model is 186cm, weegt 80kg en draagt maat [&#8230;]\n","protected":false},"featured_media":313597,"comment_status":"open","ping_status":"closed","template":"","meta":[],"product_cat":[1640,1754,1766,448,1568,1584],"product_tag":[],"acf":[],"yoast_head":"<!-- This site is optimized with the Yoast SEO plugin v22.3 - https:\/\/yoast.com\/wordpress\/plugins\/seo\/ -->\n<title>Jacob Coh\u00ebn Knitwear Apr\u00e8s-Ski Sweater (41181) - Vousten Jeans<\/title>\n<meta name=\"robots\" content=\"index, follow, max-snippet:-1, max-image-preview:large, max-video-preview:-1\" \/>\n<link rel=\"canonical\" href=\"https:\/\/www.voustenjeans.com\/nl\/jacob-cohen-knitwear-apres-ski-sweater-41181\/\" \/>\n<meta property=\"og:locale\" content=\"nl_NL\" \/>\n<meta property=\"og:type\" content=\"article\" \/>\n<meta property=\"og:title\" content=\"Jacob Coh\u00ebn Knitwear Apr\u00e8s-Ski Sweater (41181) - Vousten Jeans\" \/>\n<meta property=\"og:description\" content=\"Deze sweater is onderdeel van de Apr\u00e8s-Ski capsule collectie. Deze collectie bestaat uit items die niet alleen het thema Apr\u00e8s-Ski meedragen, maar ook ideaal zijn voor de koude omstandigheden door bijvoorbeeld het gebruik van cashmere en alpaca. Is een comfortabele gebreide sweater, met een normale fit. Het model is 186cm, weegt 80kg en draagt maat [...]\" \/>\n<meta property=\"og:url\" content=\"https:\/\/www.voustenjeans.com\/nl\/jacob-cohen-knitwear-apres-ski-sweater-41181\/\" \/>\n<meta property=\"og:site_name\" content=\"Vousten Jeans\" \/>\n<meta property=\"article:modified_time\" content=\"2026-02-05T12:51:59+00:00\" \/>\n<meta property=\"og:image\" content=\"https:\/\/www.voustenjeans.com\/wp-content\/uploads\/2023\/06\/trui_front.jpg\" \/>\n\t<meta property=\"og:image:width\" content=\"800\" \/>\n\t<meta property=\"og:image:height\" content=\"1134\" \/>\n\t<meta property=\"og:image:type\" content=\"image\/jpeg\" \/>\n<meta name=\"twitter:card\" content=\"summary_large_image\" \/>\n<script type=\"application\/ld+json\" class=\"yoast-schema-graph\">{\"@context\":\"https:\/\/schema.org\",\"@graph\":[{\"@type\":\"WebPage\",\"@id\":\"https:\/\/www.voustenjeans.com\/nl\/jacob-cohen-knitwear-apres-ski-sweater-41181\/\",\"url\":\"https:\/\/www.voustenjeans.com\/nl\/jacob-cohen-knitwear-apres-ski-sweater-41181\/\",\"name\":\"Jacob Coh\u00ebn Knitwear Apr\u00e8s-Ski Sweater (41181) - Vousten Jeans\",\"isPartOf\":{\"@id\":\"https:\/\/www.voustenjeans.com\/en\/#website\"},\"primaryImageOfPage\":{\"@id\":\"https:\/\/www.voustenjeans.com\/nl\/jacob-cohen-knitwear-apres-ski-sweater-41181\/#primaryimage\"},\"image\":{\"@id\":\"https:\/\/www.voustenjeans.com\/nl\/jacob-cohen-knitwear-apres-ski-sweater-41181\/#primaryimage\"},\"thumbnailUrl\":\"https:\/\/www.voustenjeans.com\/wp-content\/uploads\/2023\/06\/trui_front.jpg\",\"datePublished\":\"2025-08-11T12:53:43+00:00\",\"dateModified\":\"2026-02-05T12:51:59+00:00\",\"breadcrumb\":{\"@id\":\"https:\/\/www.voustenjeans.com\/nl\/jacob-cohen-knitwear-apres-ski-sweater-41181\/#breadcrumb\"},\"inLanguage\":\"nl-NL\",\"potentialAction\":[{\"@type\":\"ReadAction\",\"target\":[\"https:\/\/www.voustenjeans.com\/nl\/jacob-cohen-knitwear-apres-ski-sweater-41181\/\"]}]},{\"@type\":\"ImageObject\",\"inLanguage\":\"nl-NL\",\"@id\":\"https:\/\/www.voustenjeans.com\/nl\/jacob-cohen-knitwear-apres-ski-sweater-41181\/#primaryimage\",\"url\":\"https:\/\/www.voustenjeans.com\/wp-content\/uploads\/2023\/06\/trui_front.jpg\",\"contentUrl\":\"https:\/\/www.voustenjeans.com\/wp-content\/uploads\/2023\/06\/trui_front.jpg\",\"width\":800,\"height\":1134},{\"@type\":\"BreadcrumbList\",\"@id\":\"https:\/\/www.voustenjeans.com\/nl\/jacob-cohen-knitwear-apres-ski-sweater-41181\/#breadcrumb\",\"itemListElement\":[{\"@type\":\"ListItem\",\"position\":1,\"name\":\"Home\",\"item\":\"https:\/\/www.voustenjeans.com\/nl\/\"},{\"@type\":\"ListItem\",\"position\":2,\"name\":\"Shop\",\"item\":\"https:\/\/www.voustenjeans.com\/nl\/shop\/\"},{\"@type\":\"ListItem\",\"position\":3,\"name\":\"Jacob Coh\u00ebn Knitwear Apr\u00e8s-Ski Sweater (41181)\"}]},{\"@type\":\"WebSite\",\"@id\":\"https:\/\/www.voustenjeans.com\/en\/#website\",\"url\":\"https:\/\/www.voustenjeans.com\/en\/\",\"name\":\"Vousten Jeans\",\"description\":\"\",\"potentialAction\":[{\"@type\":\"SearchAction\",\"target\":{\"@type\":\"EntryPoint\",\"urlTemplate\":\"https:\/\/www.voustenjeans.com\/en\/?s={search_term_string}\"},\"query-input\":\"required name=search_term_string\"}],\"inLanguage\":\"nl-NL\"}]}<\/script>\n<!-- \/ Yoast SEO plugin. -->","yoast_head_json":{"title":"Jacob Coh\u00ebn Knitwear Apr\u00e8s-Ski Sweater (41181) - Vousten Jeans","robots":{"index":"index","follow":"follow","max-snippet":"max-snippet:-1","max-image-preview":"max-image-preview:large","max-video-preview":"max-video-preview:-1"},"canonical":"https:\/\/www.voustenjeans.com\/nl\/jacob-cohen-knitwear-apres-ski-sweater-41181\/","og_locale":"nl_NL","og_type":"article","og_title":"Jacob Coh\u00ebn Knitwear Apr\u00e8s-Ski Sweater (41181) - Vousten Jeans","og_description":"Deze sweater is onderdeel van de Apr\u00e8s-Ski capsule collectie. Deze collectie bestaat uit items die niet alleen het thema Apr\u00e8s-Ski meedragen, maar ook ideaal zijn voor de koude omstandigheden door bijvoorbeeld het gebruik van cashmere en alpaca. Is een comfortabele gebreide sweater, met een normale fit. Het model is 186cm, weegt 80kg en draagt maat [...]","og_url":"https:\/\/www.voustenjeans.com\/nl\/jacob-cohen-knitwear-apres-ski-sweater-41181\/","og_site_name":"Vousten Jeans","article_modified_time":"2026-02-05T12:51:59+00:00","og_image":[{"width":800,"height":1134,"url":"https:\/\/www.voustenjeans.com\/wp-content\/uploads\/2023\/06\/trui_front.jpg","type":"image\/jpeg"}],"twitter_card":"summary_large_image","schema":{"@context":"https:\/\/schema.org","@graph":[{"@type":"WebPage","@id":"https:\/\/www.voustenjeans.com\/nl\/jacob-cohen-knitwear-apres-ski-sweater-41181\/","url":"https:\/\/www.voustenjeans.com\/nl\/jacob-cohen-knitwear-apres-ski-sweater-41181\/","name":"Jacob Coh\u00ebn Knitwear Apr\u00e8s-Ski Sweater (41181) - Vousten Jeans","isPartOf":{"@id":"https:\/\/www.voustenjeans.com\/en\/#website"},"primaryImageOfPage":{"@id":"https:\/\/www.voustenjeans.com\/nl\/jacob-cohen-knitwear-apres-ski-sweater-41181\/#primaryimage"},"image":{"@id":"https:\/\/www.voustenjeans.com\/nl\/jacob-cohen-knitwear-apres-ski-sweater-41181\/#primaryimage"},"thumbnailUrl":"https:\/\/www.voustenjeans.com\/wp-content\/uploads\/2023\/06\/trui_front.jpg","datePublished":"2025-08-11T12:53:43+00:00","dateModified":"2026-02-05T12:51:59+00:00","breadcrumb":{"@id":"https:\/\/www.voustenjeans.com\/nl\/jacob-cohen-knitwear-apres-ski-sweater-41181\/#breadcrumb"},"inLanguage":"nl-NL","potentialAction":[{"@type":"ReadAction","target":["https:\/\/www.voustenjeans.com\/nl\/jacob-cohen-knitwear-apres-ski-sweater-41181\/"]}]},{"@type":"ImageObject","inLanguage":"nl-NL","@id":"https:\/\/www.voustenjeans.com\/nl\/jacob-cohen-knitwear-apres-ski-sweater-41181\/#primaryimage","url":"https:\/\/www.voustenjeans.com\/wp-content\/uploads\/2023\/06\/trui_front.jpg","contentUrl":"https:\/\/www.voustenjeans.com\/wp-content\/uploads\/2023\/06\/trui_front.jpg","width":800,"height":1134},{"@type":"BreadcrumbList","@id":"https:\/\/www.voustenjeans.com\/nl\/jacob-cohen-knitwear-apres-ski-sweater-41181\/#breadcrumb","itemListElement":[{"@type":"ListItem","position":1,"name":"Home","item":"https:\/\/www.voustenjeans.com\/nl\/"},{"@type":"ListItem","position":2,"name":"Shop","item":"https:\/\/www.voustenjeans.com\/nl\/shop\/"},{"@type":"ListItem","position":3,"name":"Jacob Coh\u00ebn Knitwear Apr\u00e8s-Ski Sweater (41181)"}]},{"@type":"WebSite","@id":"https:\/\/www.voustenjeans.com\/en\/#website","url":"https:\/\/www.voustenjeans.com\/en\/","name":"Vousten Jeans","description":"","potentialAction":[{"@type":"SearchAction","target":{"@type":"EntryPoint","urlTemplate":"https:\/\/www.voustenjeans.com\/en\/?s={search_term_string}"},"query-input":"required name=search_term_string"}],"inLanguage":"nl-NL"}]}},"_links":{"self":[{"href":"https:\/\/www.voustenjeans.com\/nl\/wp-json\/wp\/v2\/product\/313629"}],"collection":[{"href":"https:\/\/www.voustenjeans.com\/nl\/wp-json\/wp\/v2\/product"}],"about":[{"href":"https:\/\/www.voustenjeans.com\/nl\/wp-json\/wp\/v2\/types\/product"}],"replies":[{"embeddable":true,"href":"https:\/\/www.voustenjeans.com\/nl\/wp-json\/wp\/v2\/comments?post=313629"}],"wp:featuredmedia":[{"embeddable":true,"href":"https:\/\/www.voustenjeans.com\/nl\/wp-json\/wp\/v2\/media\/313597"}],"wp:attachment":[{"href":"https:\/\/www.voustenjeans.com\/nl\/wp-json\/wp\/v2\/media?parent=313629"}],"wp:term":[{"taxonomy":"product_cat","embeddable":true,"href":"https:\/\/www.voustenjeans.com\/nl\/wp-json\/wp\/v2\/product_cat?post=313629"},{"taxonomy":"product_tag","embeddable":true,"href":"https:\/\/www.voustenjeans.com\/nl\/wp-json\/wp\/v2\/product_tag?post=313629"}],"curies":[{"name":"wp","href":"https:\/\/api.w.org\/{rel}","templated":true}]}}