{"id":290210,"date":"2025-06-02T14:01:50","date_gmt":"2025-06-02T12:01:50","guid":{"rendered":"https:\/\/www.voustenjeans.com\/jacob-cohen-j688-bard-resort-edition-3623-200d-40364\/"},"modified":"2026-02-05T13:49:48","modified_gmt":"2026-02-05T12:49:48","slug":"jacob-cohen-j688-bard-resort-edition-3623-200d-40364","status":"publish","type":"product","link":"https:\/\/www.voustenjeans.com\/nl\/jacob-cohen-j688-bard-resort-edition-3623-200d-40364\/","title":{"rendered":"Jacob Coh\u00ebn J688 (Bard) Resort edition 3623 200D (40364)"},"content":{"rendered":"<p>De Jacob Coh\u00ebn Resort-collectie is ge\u00efnspireerd op de verfijnde elegantie en tijdloze luxe van jachtclubs: plaatsen waar traditie, verfijning en een diepe passie voor de zee samenkomen om een \u200b\u200bunieke sfeer te cre\u00ebren. Elk stuk in de collectie is gemaakt om de exclusieve charme van deze priv\u00e9-enclaves weer te geven, waar de kunst van het zeilen naadloos samengaat met een onberispelijke stijl.<br \/>\nIs een moderne jeans en heeft een slanke pasvorm met iets meer ruimte voor de bovenbenen.<br \/>\nDe patch spreekt voor zich, maar ook de kleinere details maken deze jeans bijzonder. Het stiksel op de achterzakken ziet eruit als een zeiltouw en de knoop is gemaakt van gebleekt teakhout.<\/p>\n<ul>\n<li>Stretch jeans<\/li>\n<li>Hogere taille<\/li>\n<li>Knoopsluiting<\/li>\n<li>Voorzien van een beige\/blauwe pony hair resort patch met metalen logo<\/li>\n<li>Materiaal: 92% katoen, 6% elastomultiester, 2% elastan<\/li>\n<li>Voetwijdte: 18,5 cm<\/li>\n<li>Basislengte: 35 inch (kan per wassing iets afwijken)<\/li>\n<li>Deze Jacob Coh\u00ebn jeans is handgemaakt in Veneto, Noord-Oost Itali\u00eb<\/li>\n<\/ul>\n<p>Geleverd met een gratis bijpassend sjaaltje en extra garen in de juiste kleur, voor het korter maken.<\/p>\n","protected":false},"excerpt":{"rendered":"<p>De Jacob Coh\u00ebn Resort-collectie is ge\u00efnspireerd op de verfijnde elegantie en tijdloze luxe van jachtclubs: plaatsen waar traditie, verfijning en een diepe passie voor de zee samenkomen om een \u200b\u200bunieke sfeer te cre\u00ebren. Elk stuk in de collectie is gemaakt om de exclusieve charme van deze priv\u00e9-enclaves weer te geven, waar de kunst van het [&#8230;]\n","protected":false},"featured_media":220737,"comment_status":"open","ping_status":"closed","template":"","meta":[],"product_cat":[1576,1640,1648,1660,448,1424,1472],"product_tag":[],"acf":[],"yoast_head":"<!-- This site is optimized with the Yoast SEO plugin v22.3 - https:\/\/yoast.com\/wordpress\/plugins\/seo\/ -->\n<title>Jacob Coh\u00ebn J688 (Bard) Resort edition 3623 200D (40364) - Vousten Jeans<\/title>\n<meta name=\"robots\" content=\"index, follow, max-snippet:-1, max-image-preview:large, max-video-preview:-1\" \/>\n<link rel=\"canonical\" href=\"https:\/\/www.voustenjeans.com\/nl\/jacob-cohen-j688-bard-resort-edition-3623-200d-40364\/\" \/>\n<meta property=\"og:locale\" content=\"nl_NL\" \/>\n<meta property=\"og:type\" content=\"article\" \/>\n<meta property=\"og:title\" content=\"Jacob Coh\u00ebn J688 (Bard) Resort edition 3623 200D (40364) - Vousten Jeans\" \/>\n<meta property=\"og:description\" content=\"De Jacob Coh\u00ebn Resort-collectie is ge\u00efnspireerd op de verfijnde elegantie en tijdloze luxe van jachtclubs: plaatsen waar traditie, verfijning en een diepe passie voor de zee samenkomen om een \u200b\u200bunieke sfeer te cre\u00ebren. Elk stuk in de collectie is gemaakt om de exclusieve charme van deze priv\u00e9-enclaves weer te geven, waar de kunst van het [...]\" \/>\n<meta property=\"og:url\" content=\"https:\/\/www.voustenjeans.com\/nl\/jacob-cohen-j688-bard-resort-edition-3623-200d-40364\/\" \/>\n<meta property=\"og:site_name\" content=\"Vousten Jeans\" \/>\n<meta property=\"article:modified_time\" content=\"2026-02-05T12:49:48+00:00\" \/>\n<meta property=\"og:image\" content=\"https:\/\/www.voustenjeans.com\/wp-content\/uploads\/2023\/06\/jacob_cohen_j622_nick_slim_resort_edition_3623_200d_403661_0.jpg\" \/>\n\t<meta property=\"og:image:width\" content=\"800\" \/>\n\t<meta property=\"og:image:height\" content=\"2250\" \/>\n\t<meta property=\"og:image:type\" content=\"image\/jpeg\" \/>\n<meta name=\"twitter:card\" content=\"summary_large_image\" \/>\n<meta name=\"twitter:label1\" content=\"Est. reading time\" \/>\n\t<meta name=\"twitter:data1\" content=\"1 minuut\" \/>\n<script type=\"application\/ld+json\" class=\"yoast-schema-graph\">{\"@context\":\"https:\/\/schema.org\",\"@graph\":[{\"@type\":\"WebPage\",\"@id\":\"https:\/\/www.voustenjeans.com\/nl\/jacob-cohen-j688-bard-resort-edition-3623-200d-40364\/\",\"url\":\"https:\/\/www.voustenjeans.com\/nl\/jacob-cohen-j688-bard-resort-edition-3623-200d-40364\/\",\"name\":\"Jacob Coh\u00ebn J688 (Bard) Resort edition 3623 200D (40364) - Vousten Jeans\",\"isPartOf\":{\"@id\":\"https:\/\/www.voustenjeans.com\/en\/#website\"},\"primaryImageOfPage\":{\"@id\":\"https:\/\/www.voustenjeans.com\/nl\/jacob-cohen-j688-bard-resort-edition-3623-200d-40364\/#primaryimage\"},\"image\":{\"@id\":\"https:\/\/www.voustenjeans.com\/nl\/jacob-cohen-j688-bard-resort-edition-3623-200d-40364\/#primaryimage\"},\"thumbnailUrl\":\"https:\/\/www.voustenjeans.com\/wp-content\/uploads\/2023\/06\/jacob_cohen_j622_nick_slim_resort_edition_3623_200d_403661_0.jpg\",\"datePublished\":\"2025-06-02T12:01:50+00:00\",\"dateModified\":\"2026-02-05T12:49:48+00:00\",\"breadcrumb\":{\"@id\":\"https:\/\/www.voustenjeans.com\/nl\/jacob-cohen-j688-bard-resort-edition-3623-200d-40364\/#breadcrumb\"},\"inLanguage\":\"nl-NL\",\"potentialAction\":[{\"@type\":\"ReadAction\",\"target\":[\"https:\/\/www.voustenjeans.com\/nl\/jacob-cohen-j688-bard-resort-edition-3623-200d-40364\/\"]}]},{\"@type\":\"ImageObject\",\"inLanguage\":\"nl-NL\",\"@id\":\"https:\/\/www.voustenjeans.com\/nl\/jacob-cohen-j688-bard-resort-edition-3623-200d-40364\/#primaryimage\",\"url\":\"https:\/\/www.voustenjeans.com\/wp-content\/uploads\/2023\/06\/jacob_cohen_j622_nick_slim_resort_edition_3623_200d_403661_0.jpg\",\"contentUrl\":\"https:\/\/www.voustenjeans.com\/wp-content\/uploads\/2023\/06\/jacob_cohen_j622_nick_slim_resort_edition_3623_200d_403661_0.jpg\",\"width\":800,\"height\":2250},{\"@type\":\"BreadcrumbList\",\"@id\":\"https:\/\/www.voustenjeans.com\/nl\/jacob-cohen-j688-bard-resort-edition-3623-200d-40364\/#breadcrumb\",\"itemListElement\":[{\"@type\":\"ListItem\",\"position\":1,\"name\":\"Home\",\"item\":\"https:\/\/www.voustenjeans.com\/nl\/\"},{\"@type\":\"ListItem\",\"position\":2,\"name\":\"Shop\",\"item\":\"https:\/\/www.voustenjeans.com\/nl\/shop\/\"},{\"@type\":\"ListItem\",\"position\":3,\"name\":\"Jacob Coh\u00ebn J688 (Bard) Resort edition 3623 200D (40364)\"}]},{\"@type\":\"WebSite\",\"@id\":\"https:\/\/www.voustenjeans.com\/en\/#website\",\"url\":\"https:\/\/www.voustenjeans.com\/en\/\",\"name\":\"Vousten Jeans\",\"description\":\"\",\"potentialAction\":[{\"@type\":\"SearchAction\",\"target\":{\"@type\":\"EntryPoint\",\"urlTemplate\":\"https:\/\/www.voustenjeans.com\/en\/?s={search_term_string}\"},\"query-input\":\"required name=search_term_string\"}],\"inLanguage\":\"nl-NL\"}]}<\/script>\n<!-- \/ Yoast SEO plugin. -->","yoast_head_json":{"title":"Jacob Coh\u00ebn J688 (Bard) Resort edition 3623 200D (40364) - Vousten Jeans","robots":{"index":"index","follow":"follow","max-snippet":"max-snippet:-1","max-image-preview":"max-image-preview:large","max-video-preview":"max-video-preview:-1"},"canonical":"https:\/\/www.voustenjeans.com\/nl\/jacob-cohen-j688-bard-resort-edition-3623-200d-40364\/","og_locale":"nl_NL","og_type":"article","og_title":"Jacob Coh\u00ebn J688 (Bard) Resort edition 3623 200D (40364) - Vousten Jeans","og_description":"De Jacob Coh\u00ebn Resort-collectie is ge\u00efnspireerd op de verfijnde elegantie en tijdloze luxe van jachtclubs: plaatsen waar traditie, verfijning en een diepe passie voor de zee samenkomen om een \u200b\u200bunieke sfeer te cre\u00ebren. Elk stuk in de collectie is gemaakt om de exclusieve charme van deze priv\u00e9-enclaves weer te geven, waar de kunst van het [...]","og_url":"https:\/\/www.voustenjeans.com\/nl\/jacob-cohen-j688-bard-resort-edition-3623-200d-40364\/","og_site_name":"Vousten Jeans","article_modified_time":"2026-02-05T12:49:48+00:00","og_image":[{"width":800,"height":2250,"url":"https:\/\/www.voustenjeans.com\/wp-content\/uploads\/2023\/06\/jacob_cohen_j622_nick_slim_resort_edition_3623_200d_403661_0.jpg","type":"image\/jpeg"}],"twitter_card":"summary_large_image","twitter_misc":{"Est. reading time":"1 minuut"},"schema":{"@context":"https:\/\/schema.org","@graph":[{"@type":"WebPage","@id":"https:\/\/www.voustenjeans.com\/nl\/jacob-cohen-j688-bard-resort-edition-3623-200d-40364\/","url":"https:\/\/www.voustenjeans.com\/nl\/jacob-cohen-j688-bard-resort-edition-3623-200d-40364\/","name":"Jacob Coh\u00ebn J688 (Bard) Resort edition 3623 200D (40364) - Vousten Jeans","isPartOf":{"@id":"https:\/\/www.voustenjeans.com\/en\/#website"},"primaryImageOfPage":{"@id":"https:\/\/www.voustenjeans.com\/nl\/jacob-cohen-j688-bard-resort-edition-3623-200d-40364\/#primaryimage"},"image":{"@id":"https:\/\/www.voustenjeans.com\/nl\/jacob-cohen-j688-bard-resort-edition-3623-200d-40364\/#primaryimage"},"thumbnailUrl":"https:\/\/www.voustenjeans.com\/wp-content\/uploads\/2023\/06\/jacob_cohen_j622_nick_slim_resort_edition_3623_200d_403661_0.jpg","datePublished":"2025-06-02T12:01:50+00:00","dateModified":"2026-02-05T12:49:48+00:00","breadcrumb":{"@id":"https:\/\/www.voustenjeans.com\/nl\/jacob-cohen-j688-bard-resort-edition-3623-200d-40364\/#breadcrumb"},"inLanguage":"nl-NL","potentialAction":[{"@type":"ReadAction","target":["https:\/\/www.voustenjeans.com\/nl\/jacob-cohen-j688-bard-resort-edition-3623-200d-40364\/"]}]},{"@type":"ImageObject","inLanguage":"nl-NL","@id":"https:\/\/www.voustenjeans.com\/nl\/jacob-cohen-j688-bard-resort-edition-3623-200d-40364\/#primaryimage","url":"https:\/\/www.voustenjeans.com\/wp-content\/uploads\/2023\/06\/jacob_cohen_j622_nick_slim_resort_edition_3623_200d_403661_0.jpg","contentUrl":"https:\/\/www.voustenjeans.com\/wp-content\/uploads\/2023\/06\/jacob_cohen_j622_nick_slim_resort_edition_3623_200d_403661_0.jpg","width":800,"height":2250},{"@type":"BreadcrumbList","@id":"https:\/\/www.voustenjeans.com\/nl\/jacob-cohen-j688-bard-resort-edition-3623-200d-40364\/#breadcrumb","itemListElement":[{"@type":"ListItem","position":1,"name":"Home","item":"https:\/\/www.voustenjeans.com\/nl\/"},{"@type":"ListItem","position":2,"name":"Shop","item":"https:\/\/www.voustenjeans.com\/nl\/shop\/"},{"@type":"ListItem","position":3,"name":"Jacob Coh\u00ebn J688 (Bard) Resort edition 3623 200D (40364)"}]},{"@type":"WebSite","@id":"https:\/\/www.voustenjeans.com\/en\/#website","url":"https:\/\/www.voustenjeans.com\/en\/","name":"Vousten Jeans","description":"","potentialAction":[{"@type":"SearchAction","target":{"@type":"EntryPoint","urlTemplate":"https:\/\/www.voustenjeans.com\/en\/?s={search_term_string}"},"query-input":"required name=search_term_string"}],"inLanguage":"nl-NL"}]}},"_links":{"self":[{"href":"https:\/\/www.voustenjeans.com\/nl\/wp-json\/wp\/v2\/product\/290210"}],"collection":[{"href":"https:\/\/www.voustenjeans.com\/nl\/wp-json\/wp\/v2\/product"}],"about":[{"href":"https:\/\/www.voustenjeans.com\/nl\/wp-json\/wp\/v2\/types\/product"}],"replies":[{"embeddable":true,"href":"https:\/\/www.voustenjeans.com\/nl\/wp-json\/wp\/v2\/comments?post=290210"}],"wp:featuredmedia":[{"embeddable":true,"href":"https:\/\/www.voustenjeans.com\/nl\/wp-json\/wp\/v2\/media\/220737"}],"wp:attachment":[{"href":"https:\/\/www.voustenjeans.com\/nl\/wp-json\/wp\/v2\/media?parent=290210"}],"wp:term":[{"taxonomy":"product_cat","embeddable":true,"href":"https:\/\/www.voustenjeans.com\/nl\/wp-json\/wp\/v2\/product_cat?post=290210"},{"taxonomy":"product_tag","embeddable":true,"href":"https:\/\/www.voustenjeans.com\/nl\/wp-json\/wp\/v2\/product_tag?post=290210"}],"curies":[{"name":"wp","href":"https:\/\/api.w.org\/{rel}","templated":true}]}}