{"id":668,"date":"2023-04-06T12:45:56","date_gmt":"2023-04-06T12:45:56","guid":{"rendered":"https:\/\/www.voustenjeans.com\/over-vousten\/"},"modified":"2026-01-15T07:58:04","modified_gmt":"2026-01-15T06:58:04","slug":"over-vousten","status":"publish","type":"page","link":"https:\/\/www.voustenjeans.com\/nl\/over-vousten\/","title":{"rendered":"Over Vousten"},"content":{"rendered":"<h1>Over Vousten<\/h1>\n<h3 class=\"wp-block-heading has-text-align-center\"><strong>Introductie Vousten Mode<\/strong><\/h3>\n<p>Vousten Mode is een online internationale shop gevestigd in Nederland, geregistreerd onder de handelsnaam Vousten Man &amp; Mode B.V. Opgericht in 1926, Vousten Man &amp; Mode B.V is uitgegroeid tot een leidende online specialist in luxe mode merken.&nbsp;Uitbreiding van loyale klanten vindt plaats binnen, maar ook ver buiten Nederland. Vousten Man &amp; Mode B.V. voert een dynamisch en creatief business model, biedt een uitgebreide range aan wereld befaamde luxe merken in een winkel in Schijndel en via diverse online shops.<\/p>\n<figure class=\"wp-block-gallery has-nested-images columns-default is-cropped wp-block-gallery-1 is-layout-flex wp-block-gallery-is-layout-flex\">\n<figure class=\"wp-block-image size-large\"><img decoding=\"async\" data-id=\"237942\" src=\"https:\/\/checkout.voustenbrandsoftheworld.com\/wp-content\/uploads\/2024\/05\/The-Store-2-1024x768.png\" alt=\"\" class=\"wp-image-237942\" \/><\/figure>\n<figure class=\"wp-block-image size-large\"><img decoding=\"async\" data-id=\"237950\" src=\"https:\/\/checkout.voustenbrandsoftheworld.com\/wp-content\/uploads\/2024\/05\/The-Store-3-1024x768.png\" alt=\"\" class=\"wp-image-237950\" \/><\/figure>\n<\/figure>\n<h3 class=\"wp-block-heading has-text-align-center\"><strong>Compromisloze Luxe Met Onge\u00ebvenaarde Service<\/strong><\/h3>\n<p>Wij voorzien in de vraag van de meest veeleisende consument naar compromisloze luxe in combinatie met onge\u00ebvenaarde service. Al onze werkzaamheden doen wij naast onze winkel in Schijndel vanuit drie Satelliet magazijnen die zich bevinden in Schijndel (Europe), Hong Kong (Azi\u00eb) en in Los Angeles (Amerika).&nbsp;Onze producten bereiken u hierdoor in de meeste gevallen wereldwijd binnen 24 uur en gebruikelijk niet later dan na 3 dagen. Tevens geeft dit u als klant de mogelijkheid om in uw lokale valuta te betalen en u kunt contact hebben met onze lokaal gevestigde klantenservice die klaar staat voor al uw vragen en verzoeken. Duurzaam ondernemerschap is een belangrijk onderdeel van hoe ons bedrijf functioneert.<\/p>\n<h3 class=\"wp-block-heading has-text-align-center\"><strong>Het Vousten Verhaal<\/strong><\/h3>\n<p>Vousten Man &amp; Mode B.V. is opgericht door Mr. Theo Vousten Sr. in 1926, waarna zoon Gerard Vousten het stokje overnam. Theo Vousten Jr. heeft de familie nalatenschap voortgezet in 1989, als derde generatie van de Vousten familie nam hij het bedrijf over. Het familiebedrijf is in deze periode gegroeid richting een prominente speler in de online luxe-mode branche. In het 100-jarig jubileumjaar in 2026 is Vousten Mode overgegaan naar de vierde generatie, met Thomas Vousten en zijn partner Charlotte aan het roer. De toewijding van Vousten om klanten te bedienen met ambachtelijke kwaliteitsproducten in combinatie met een zeer hoog service niveau heeft het bedrijf gebracht tot online marktleider voor merken als&nbsp;<a href=\"https:\/\/www.voustenshoes.com\/nl\" target=\"_blank\" rel=\"noreferrer noopener\"><strong>Santoni<\/strong><\/a>,&nbsp;<a href=\"https:\/\/www.voustenjeans.com\/nl\" target=\"_blank\" rel=\"noreferrer noopener\"><strong>Jacob Coh\u00ebn<\/strong><\/a>,&nbsp;<a href=\"https:\/\/www.voustensports.com\/nl\" target=\"_blank\" rel=\"noopener\"><strong>Stone Island<\/strong><\/a>,&nbsp;<a href=\"https:\/\/www.dukes-artisan-belts.com\/nl\" target=\"_blank\" rel=\"noreferrer noopener\"><strong>Dukes Artisan Belts<\/strong><\/a>, <strong><u><a href=\"https:\/\/www.voustensports.com\/en\/men-damico\/?currency=EUR\" data-type=\"URL\" data-id=\"https:\/\/www.voustensports.com\/en\/men-damico\/?currency=EUR\" target=\"_blank\" rel=\"noreferrer noopener\">Andrea D\u2019Amico Belts<\/a>, <a href=\"https:\/\/www.voustensports.com\/en\/men-c-p-company\/\" data-type=\"URL\" data-id=\"https:\/\/www.voustensports.com\/en\/men-c-p-company\/\" target=\"_blank\" rel=\"noreferrer noopener\">C.P. Company<\/a> <\/u><\/strong><u>en <\/u><strong><u><a href=\"https:\/\/www.voustensports.com\/en\/heren-hogan\/\" data-type=\"URL\" data-id=\"https:\/\/www.voustensports.com\/en\/heren-hogan\/\" target=\"_blank\" rel=\"noreferrer noopener\">Hogan<\/a>.<\/u><\/strong><\/p>\n<div class=\"wp-block-image\">\n<figure class=\"aligncenter size-full\"><img decoding=\"async\" src=\"https:\/\/checkout.voustenbrandsoftheworld.com\/wp-content\/uploads\/2026\/01\/They-say-you-cant-buy-style-lets-give-it-a-try.png\" alt=\"\" class=\"wp-image-373463\" \/><\/figure>\n<\/div>\n<div style=\"height:20px\" aria-hidden=\"true\" class=\"wp-block-spacer\"><\/div>\n<h3 class=\"wp-block-heading has-text-align-center\"><strong>Vousten als Santoni &amp; Jacob Coh\u00ebn partner<\/strong><\/h3>\n<p>Vousten is de grootste Santoni en Jacob Coh\u00ebn partner wereldwijd. Dankzij ons partnerschap met Santoni en Jacob Coh\u00ebn zijn wij in staat om wereldwijd&nbsp;<a href=\"https:\/\/www.voustenshoes.com\/nl\" target=\"_blank\" rel=\"noopener\"><strong>Santoni schoenen<\/strong><\/a> en <strong><u><a href=\"https:\/\/www.voustenjeans.com\/en\" data-type=\"URL\" data-id=\"https:\/\/www.voustenjeans.com\/en\">Jac<\/a><a href=\"https:\/\/www.voustenjeans.com\/nl\" data-type=\"URL\" data-id=\"https:\/\/www.voustenjeans.com\/nl\" target=\"_blank\" rel=\"noreferrer noopener\">ob Coh\u00ebn jeans<\/a><\/u><\/strong>&nbsp;te verkopen. Onze schoenen en jeans zijn op voorraad in onze magazijnen in de Verenigde Staten, Nederland (voor Europa)&nbsp;en Hong-Kong (voor Azi\u00eb). Alle getoonde modellen en maten hebben wij fysiek op voorraad. Onze totale voorraad bestaat circa 300 verschillende Santoni modellen, in alle beschikbare maten. Dit maakt dat wij ruim 2.500 schoenen op voorraad hebben, waardoor wij een snelle levering kunnen garanderen.<\/p>\n<div class=\"wp-block-media-text alignwide is-stacked-on-mobile\">\n<figure class=\"wp-block-media-text__media\"><img decoding=\"async\" src=\"https:\/\/checkout.voustenbrandsoftheworld.com\/wp-content\/uploads\/2024\/05\/Suit-David.jpg\" alt=\"\" class=\"wp-image-238032 size-full\" \/><\/figure>\n<div class=\"wp-block-media-text__content\">\n<h3 class=\"wp-block-heading has-text-align-center\">Traveling Tailor<\/h3>\n<p>Wij bedienen onze maatwerkklanten vanuit ons Pakhuis in Schijndel (Nederland) maar daarnaast reizen wij regelmatig naar de US en Azi\u00eb brengen dan&nbsp;de allernieuwste stofkwaliteiten en designs mee.&nbsp;Onze klanten heten wij graag welkom in \u00e9\u00e9n van onze vier regionale maatwerklocaties in Los Angeles, in Hong Kong, of in Schijndel..&nbsp;<\/p>\n<p>Onze Traveling Tailor kan u ook wereldwijd bezoeken op uw kantoor, bij u thuis of we kunnen een afspraak maken in een door ons geboekt hotel terwijl u op zakenreis bent. Wij nemen dan uw maat en\/of controleren bestaande maten en updaten uw garderobe. Tijdens deze afspraak brengen wij u volledig op de hoogte van nieuwe pasvormen, nieuwe materialen, de&nbsp;laatste trends en meten u uiterst precies op voor een perfecte individuele fit. Bent u ge\u00efnteresseerd, bezoek dan&nbsp;<a href=\"http:\/\/www.vousten-tailoring.com\/\" target=\"_blank\" rel=\"noopener\"><strong>www.vousten-tailoring.com<\/strong><\/a>&nbsp;en vraag&nbsp;daar een prospectus aan of maak meteen een afspraak in de online agenda.<\/p>\n<\/div>\n<\/div>\n\n","protected":false},"excerpt":{"rendered":"","protected":false},"author":1,"featured_media":0,"parent":0,"menu_order":0,"comment_status":"closed","ping_status":"closed","template":"","meta":{"footnotes":""},"acf":[],"yoast_head":"<!-- This site is optimized with the Yoast SEO plugin v22.3 - https:\/\/yoast.com\/wordpress\/plugins\/seo\/ -->\n<title>Over Vousten - Vousten Jeans<\/title>\n<meta name=\"robots\" content=\"index, follow, max-snippet:-1, max-image-preview:large, max-video-preview:-1\" \/>\n<link rel=\"canonical\" href=\"https:\/\/www.voustenjeans.com\/nl\/over-vousten\/\" \/>\n<meta property=\"og:locale\" content=\"nl_NL\" \/>\n<meta property=\"og:type\" content=\"article\" \/>\n<meta property=\"og:title\" content=\"Over Vousten - Vousten Jeans\" \/>\n<meta property=\"og:url\" content=\"https:\/\/www.voustenjeans.com\/nl\/over-vousten\/\" \/>\n<meta property=\"og:site_name\" content=\"Vousten Jeans\" \/>\n<meta property=\"article:modified_time\" content=\"2026-01-15T06:58:04+00:00\" \/>\n<meta name=\"twitter:card\" content=\"summary_large_image\" \/>\n<script type=\"application\/ld+json\" class=\"yoast-schema-graph\">{\"@context\":\"https:\/\/schema.org\",\"@graph\":[{\"@type\":\"WebPage\",\"@id\":\"https:\/\/www.voustenjeans.com\/nl\/over-vousten\/\",\"url\":\"https:\/\/www.voustenjeans.com\/nl\/over-vousten\/\",\"name\":\"Over Vousten - Vousten Jeans\",\"isPartOf\":{\"@id\":\"https:\/\/www.voustenjeans.com\/en\/#website\"},\"datePublished\":\"2023-04-06T12:45:56+00:00\",\"dateModified\":\"2026-01-15T06:58:04+00:00\",\"breadcrumb\":{\"@id\":\"https:\/\/www.voustenjeans.com\/nl\/over-vousten\/#breadcrumb\"},\"inLanguage\":\"nl-NL\",\"potentialAction\":[{\"@type\":\"ReadAction\",\"target\":[\"https:\/\/www.voustenjeans.com\/nl\/over-vousten\/\"]}]},{\"@type\":\"BreadcrumbList\",\"@id\":\"https:\/\/www.voustenjeans.com\/nl\/over-vousten\/#breadcrumb\",\"itemListElement\":[{\"@type\":\"ListItem\",\"position\":1,\"name\":\"Home\",\"item\":\"https:\/\/www.voustenjeans.com\/nl\/\"},{\"@type\":\"ListItem\",\"position\":2,\"name\":\"Over Vousten\"}]},{\"@type\":\"WebSite\",\"@id\":\"https:\/\/www.voustenjeans.com\/en\/#website\",\"url\":\"https:\/\/www.voustenjeans.com\/en\/\",\"name\":\"Vousten Jeans\",\"description\":\"\",\"potentialAction\":[{\"@type\":\"SearchAction\",\"target\":{\"@type\":\"EntryPoint\",\"urlTemplate\":\"https:\/\/www.voustenjeans.com\/en\/?s={search_term_string}\"},\"query-input\":\"required name=search_term_string\"}],\"inLanguage\":\"nl-NL\"}]}<\/script>\n<!-- \/ Yoast SEO plugin. -->","yoast_head_json":{"title":"Over Vousten - Vousten Jeans","robots":{"index":"index","follow":"follow","max-snippet":"max-snippet:-1","max-image-preview":"max-image-preview:large","max-video-preview":"max-video-preview:-1"},"canonical":"https:\/\/www.voustenjeans.com\/nl\/over-vousten\/","og_locale":"nl_NL","og_type":"article","og_title":"Over Vousten - Vousten Jeans","og_url":"https:\/\/www.voustenjeans.com\/nl\/over-vousten\/","og_site_name":"Vousten Jeans","article_modified_time":"2026-01-15T06:58:04+00:00","twitter_card":"summary_large_image","schema":{"@context":"https:\/\/schema.org","@graph":[{"@type":"WebPage","@id":"https:\/\/www.voustenjeans.com\/nl\/over-vousten\/","url":"https:\/\/www.voustenjeans.com\/nl\/over-vousten\/","name":"Over Vousten - Vousten Jeans","isPartOf":{"@id":"https:\/\/www.voustenjeans.com\/en\/#website"},"datePublished":"2023-04-06T12:45:56+00:00","dateModified":"2026-01-15T06:58:04+00:00","breadcrumb":{"@id":"https:\/\/www.voustenjeans.com\/nl\/over-vousten\/#breadcrumb"},"inLanguage":"nl-NL","potentialAction":[{"@type":"ReadAction","target":["https:\/\/www.voustenjeans.com\/nl\/over-vousten\/"]}]},{"@type":"BreadcrumbList","@id":"https:\/\/www.voustenjeans.com\/nl\/over-vousten\/#breadcrumb","itemListElement":[{"@type":"ListItem","position":1,"name":"Home","item":"https:\/\/www.voustenjeans.com\/nl\/"},{"@type":"ListItem","position":2,"name":"Over Vousten"}]},{"@type":"WebSite","@id":"https:\/\/www.voustenjeans.com\/en\/#website","url":"https:\/\/www.voustenjeans.com\/en\/","name":"Vousten Jeans","description":"","potentialAction":[{"@type":"SearchAction","target":{"@type":"EntryPoint","urlTemplate":"https:\/\/www.voustenjeans.com\/en\/?s={search_term_string}"},"query-input":"required name=search_term_string"}],"inLanguage":"nl-NL"}]}},"_links":{"self":[{"href":"https:\/\/www.voustenjeans.com\/nl\/wp-json\/wp\/v2\/pages\/668"}],"collection":[{"href":"https:\/\/www.voustenjeans.com\/nl\/wp-json\/wp\/v2\/pages"}],"about":[{"href":"https:\/\/www.voustenjeans.com\/nl\/wp-json\/wp\/v2\/types\/page"}],"author":[{"embeddable":true,"href":"https:\/\/www.voustenjeans.com\/nl\/wp-json\/wp\/v2\/users\/1"}],"replies":[{"embeddable":true,"href":"https:\/\/www.voustenjeans.com\/nl\/wp-json\/wp\/v2\/comments?post=668"}],"version-history":[{"count":1,"href":"https:\/\/www.voustenjeans.com\/nl\/wp-json\/wp\/v2\/pages\/668\/revisions"}],"predecessor-version":[{"id":208660,"href":"https:\/\/www.voustenjeans.com\/nl\/wp-json\/wp\/v2\/pages\/668\/revisions\/208660"}],"wp:attachment":[{"href":"https:\/\/www.voustenjeans.com\/nl\/wp-json\/wp\/v2\/media?parent=668"}],"curies":[{"name":"wp","href":"https:\/\/api.w.org\/{rel}","templated":true}]}}