{"id":338860,"date":"2026-04-15T12:32:34","date_gmt":"2026-04-15T10:32:34","guid":{"rendered":"https:\/\/www.voustenjeans.com\/jacob-cohen-poloshirt-knitted-beige-x0006-d08-42266-2\/"},"modified":"2026-04-16T10:34:12","modified_gmt":"2026-04-16T08:34:12","slug":"jacob-cohen-poloshirt-knitted-beige-x0006-d08-42266-2","status":"publish","type":"product","link":"https:\/\/www.voustenjeans.com\/fr\/jacob-cohen-poloshirt-knitted-beige-x0006-d08-42266-2\/","title":{"rendered":"Jacob Cohen &#8211; Poloshirt knitted beige X0006 D08 (42266)"},"content":{"rendered":"<p>Avec les polos Jacob Coh\u00ebn, vous affichez un look styl\u00e9 et \u00e9l\u00e9gant cet \u00e9t\u00e9. Ce polo couleur sable est dot\u00e9 d&rsquo;une fermeture \u00e0 deux boutons, d&rsquo;un col et de manches courtes.<br \/>\nLe petit d\u00e9tail en cuir apporte la touche finale \u00e0 ce polo et ajoute une note subtile \u00e0 son style par ailleurs minimaliste.<\/p>\n<ul>\n<li>100 % coton<\/li>\n<li>Manches courtes<\/li>\n<li>Col polo<\/li>\n<li>D\u00e9tail en cuir sur la manche<\/li>\n<li>Bords-c\u00f4tes<\/li>\n<li>Coupe Slim Fit<\/li>\n<li>Taille normalement<\/li>\n<\/ul>\n","protected":false},"excerpt":{"rendered":"<p>Avec les polos Jacob Coh\u00ebn, vous affichez un look styl\u00e9 et \u00e9l\u00e9gant cet \u00e9t\u00e9. Ce polo couleur sable est dot\u00e9 d&rsquo;une fermeture \u00e0 deux boutons, d&rsquo;un col et de manches courtes. Le petit d\u00e9tail en cuir apporte la touche finale \u00e0 ce polo et ajoute une note subtile \u00e0 son style par ailleurs minimaliste. 100 [&#8230;]\n","protected":false},"featured_media":338844,"comment_status":"open","ping_status":"closed","template":"","meta":[],"product_cat":[1136,1588,1620,1642],"product_tag":[],"acf":[],"yoast_head":"<!-- This site is optimized with the Yoast SEO plugin v22.3 - https:\/\/yoast.com\/wordpress\/plugins\/seo\/ -->\n<title>Jacob Cohen - Poloshirt knitted beige X0006 D08 (42266) - Vousten Jeans<\/title>\n<meta name=\"robots\" content=\"index, follow, max-snippet:-1, max-image-preview:large, max-video-preview:-1\" \/>\n<link rel=\"canonical\" href=\"https:\/\/www.voustenjeans.com\/fr\/jacob-cohen-poloshirt-knitted-beige-x0006-d08-42266-2\/\" \/>\n<meta property=\"og:locale\" content=\"fr_FR\" \/>\n<meta property=\"og:type\" content=\"article\" \/>\n<meta property=\"og:title\" content=\"Jacob Cohen - Poloshirt knitted beige X0006 D08 (42266) - Vousten Jeans\" \/>\n<meta property=\"og:description\" content=\"Avec les polos Jacob Coh\u00ebn, vous affichez un look styl\u00e9 et \u00e9l\u00e9gant cet \u00e9t\u00e9. Ce polo couleur sable est dot\u00e9 d&rsquo;une fermeture \u00e0 deux boutons, d&rsquo;un col et de manches courtes. Le petit d\u00e9tail en cuir apporte la touche finale \u00e0 ce polo et ajoute une note subtile \u00e0 son style par ailleurs minimaliste. 100 [...]\" \/>\n<meta property=\"og:url\" content=\"https:\/\/www.voustenjeans.com\/fr\/jacob-cohen-poloshirt-knitted-beige-x0006-d08-42266-2\/\" \/>\n<meta property=\"og:site_name\" content=\"Vousten Jeans\" \/>\n<meta property=\"article:modified_time\" content=\"2026-04-16T08:34:12+00:00\" \/>\n<meta property=\"og:image\" content=\"https:\/\/www.voustenjeans.com\/wp-content\/uploads\/2023\/06\/Poloshirt-42266_Front.jpg\" \/>\n\t<meta property=\"og:image:width\" content=\"800\" \/>\n\t<meta property=\"og:image:height\" content=\"1200\" \/>\n\t<meta property=\"og:image:type\" content=\"image\/jpeg\" \/>\n<meta name=\"twitter:card\" content=\"summary_large_image\" \/>\n<script type=\"application\/ld+json\" class=\"yoast-schema-graph\">{\"@context\":\"https:\/\/schema.org\",\"@graph\":[{\"@type\":\"WebPage\",\"@id\":\"https:\/\/www.voustenjeans.com\/fr\/jacob-cohen-poloshirt-knitted-beige-x0006-d08-42266-2\/\",\"url\":\"https:\/\/www.voustenjeans.com\/fr\/jacob-cohen-poloshirt-knitted-beige-x0006-d08-42266-2\/\",\"name\":\"Jacob Cohen - Poloshirt knitted beige X0006 D08 (42266) - Vousten Jeans\",\"isPartOf\":{\"@id\":\"https:\/\/www.voustenjeans.com\/en\/#website\"},\"primaryImageOfPage\":{\"@id\":\"https:\/\/www.voustenjeans.com\/fr\/jacob-cohen-poloshirt-knitted-beige-x0006-d08-42266-2\/#primaryimage\"},\"image\":{\"@id\":\"https:\/\/www.voustenjeans.com\/fr\/jacob-cohen-poloshirt-knitted-beige-x0006-d08-42266-2\/#primaryimage\"},\"thumbnailUrl\":\"https:\/\/www.voustenjeans.com\/wp-content\/uploads\/2023\/06\/Poloshirt-42266_Front.jpg\",\"datePublished\":\"2026-04-15T10:32:34+00:00\",\"dateModified\":\"2026-04-16T08:34:12+00:00\",\"breadcrumb\":{\"@id\":\"https:\/\/www.voustenjeans.com\/fr\/jacob-cohen-poloshirt-knitted-beige-x0006-d08-42266-2\/#breadcrumb\"},\"inLanguage\":\"fr-FR\",\"potentialAction\":[{\"@type\":\"ReadAction\",\"target\":[\"https:\/\/www.voustenjeans.com\/fr\/jacob-cohen-poloshirt-knitted-beige-x0006-d08-42266-2\/\"]}]},{\"@type\":\"ImageObject\",\"inLanguage\":\"fr-FR\",\"@id\":\"https:\/\/www.voustenjeans.com\/fr\/jacob-cohen-poloshirt-knitted-beige-x0006-d08-42266-2\/#primaryimage\",\"url\":\"https:\/\/www.voustenjeans.com\/wp-content\/uploads\/2023\/06\/Poloshirt-42266_Front.jpg\",\"contentUrl\":\"https:\/\/www.voustenjeans.com\/wp-content\/uploads\/2023\/06\/Poloshirt-42266_Front.jpg\",\"width\":800,\"height\":1200},{\"@type\":\"BreadcrumbList\",\"@id\":\"https:\/\/www.voustenjeans.com\/fr\/jacob-cohen-poloshirt-knitted-beige-x0006-d08-42266-2\/#breadcrumb\",\"itemListElement\":[{\"@type\":\"ListItem\",\"position\":1,\"name\":\"Home\",\"item\":\"https:\/\/www.voustenjeans.com\/fr\/\"},{\"@type\":\"ListItem\",\"position\":2,\"name\":\"Boutique\",\"item\":\"https:\/\/www.voustenjeans.com\/fr\/shop\/\"},{\"@type\":\"ListItem\",\"position\":3,\"name\":\"Jacob Cohen &#8211; Poloshirt knitted beige X0006 D08 (42266)\"}]},{\"@type\":\"WebSite\",\"@id\":\"https:\/\/www.voustenjeans.com\/en\/#website\",\"url\":\"https:\/\/www.voustenjeans.com\/en\/\",\"name\":\"Vousten Jeans\",\"description\":\"\",\"potentialAction\":[{\"@type\":\"SearchAction\",\"target\":{\"@type\":\"EntryPoint\",\"urlTemplate\":\"https:\/\/www.voustenjeans.com\/en\/?s={search_term_string}\"},\"query-input\":\"required name=search_term_string\"}],\"inLanguage\":\"fr-FR\"}]}<\/script>\n<!-- \/ Yoast SEO plugin. -->","yoast_head_json":{"title":"Jacob Cohen - Poloshirt knitted beige X0006 D08 (42266) - Vousten Jeans","robots":{"index":"index","follow":"follow","max-snippet":"max-snippet:-1","max-image-preview":"max-image-preview:large","max-video-preview":"max-video-preview:-1"},"canonical":"https:\/\/www.voustenjeans.com\/fr\/jacob-cohen-poloshirt-knitted-beige-x0006-d08-42266-2\/","og_locale":"fr_FR","og_type":"article","og_title":"Jacob Cohen - Poloshirt knitted beige X0006 D08 (42266) - Vousten Jeans","og_description":"Avec les polos Jacob Coh\u00ebn, vous affichez un look styl\u00e9 et \u00e9l\u00e9gant cet \u00e9t\u00e9. Ce polo couleur sable est dot\u00e9 d&rsquo;une fermeture \u00e0 deux boutons, d&rsquo;un col et de manches courtes. Le petit d\u00e9tail en cuir apporte la touche finale \u00e0 ce polo et ajoute une note subtile \u00e0 son style par ailleurs minimaliste. 100 [...]","og_url":"https:\/\/www.voustenjeans.com\/fr\/jacob-cohen-poloshirt-knitted-beige-x0006-d08-42266-2\/","og_site_name":"Vousten Jeans","article_modified_time":"2026-04-16T08:34:12+00:00","og_image":[{"width":800,"height":1200,"url":"https:\/\/www.voustenjeans.com\/wp-content\/uploads\/2023\/06\/Poloshirt-42266_Front.jpg","type":"image\/jpeg"}],"twitter_card":"summary_large_image","schema":{"@context":"https:\/\/schema.org","@graph":[{"@type":"WebPage","@id":"https:\/\/www.voustenjeans.com\/fr\/jacob-cohen-poloshirt-knitted-beige-x0006-d08-42266-2\/","url":"https:\/\/www.voustenjeans.com\/fr\/jacob-cohen-poloshirt-knitted-beige-x0006-d08-42266-2\/","name":"Jacob Cohen - Poloshirt knitted beige X0006 D08 (42266) - Vousten Jeans","isPartOf":{"@id":"https:\/\/www.voustenjeans.com\/en\/#website"},"primaryImageOfPage":{"@id":"https:\/\/www.voustenjeans.com\/fr\/jacob-cohen-poloshirt-knitted-beige-x0006-d08-42266-2\/#primaryimage"},"image":{"@id":"https:\/\/www.voustenjeans.com\/fr\/jacob-cohen-poloshirt-knitted-beige-x0006-d08-42266-2\/#primaryimage"},"thumbnailUrl":"https:\/\/www.voustenjeans.com\/wp-content\/uploads\/2023\/06\/Poloshirt-42266_Front.jpg","datePublished":"2026-04-15T10:32:34+00:00","dateModified":"2026-04-16T08:34:12+00:00","breadcrumb":{"@id":"https:\/\/www.voustenjeans.com\/fr\/jacob-cohen-poloshirt-knitted-beige-x0006-d08-42266-2\/#breadcrumb"},"inLanguage":"fr-FR","potentialAction":[{"@type":"ReadAction","target":["https:\/\/www.voustenjeans.com\/fr\/jacob-cohen-poloshirt-knitted-beige-x0006-d08-42266-2\/"]}]},{"@type":"ImageObject","inLanguage":"fr-FR","@id":"https:\/\/www.voustenjeans.com\/fr\/jacob-cohen-poloshirt-knitted-beige-x0006-d08-42266-2\/#primaryimage","url":"https:\/\/www.voustenjeans.com\/wp-content\/uploads\/2023\/06\/Poloshirt-42266_Front.jpg","contentUrl":"https:\/\/www.voustenjeans.com\/wp-content\/uploads\/2023\/06\/Poloshirt-42266_Front.jpg","width":800,"height":1200},{"@type":"BreadcrumbList","@id":"https:\/\/www.voustenjeans.com\/fr\/jacob-cohen-poloshirt-knitted-beige-x0006-d08-42266-2\/#breadcrumb","itemListElement":[{"@type":"ListItem","position":1,"name":"Home","item":"https:\/\/www.voustenjeans.com\/fr\/"},{"@type":"ListItem","position":2,"name":"Boutique","item":"https:\/\/www.voustenjeans.com\/fr\/shop\/"},{"@type":"ListItem","position":3,"name":"Jacob Cohen &#8211; Poloshirt knitted beige X0006 D08 (42266)"}]},{"@type":"WebSite","@id":"https:\/\/www.voustenjeans.com\/en\/#website","url":"https:\/\/www.voustenjeans.com\/en\/","name":"Vousten Jeans","description":"","potentialAction":[{"@type":"SearchAction","target":{"@type":"EntryPoint","urlTemplate":"https:\/\/www.voustenjeans.com\/en\/?s={search_term_string}"},"query-input":"required name=search_term_string"}],"inLanguage":"fr-FR"}]}},"_links":{"self":[{"href":"https:\/\/www.voustenjeans.com\/fr\/wp-json\/wp\/v2\/product\/338860"}],"collection":[{"href":"https:\/\/www.voustenjeans.com\/fr\/wp-json\/wp\/v2\/product"}],"about":[{"href":"https:\/\/www.voustenjeans.com\/fr\/wp-json\/wp\/v2\/types\/product"}],"replies":[{"embeddable":true,"href":"https:\/\/www.voustenjeans.com\/fr\/wp-json\/wp\/v2\/comments?post=338860"}],"wp:featuredmedia":[{"embeddable":true,"href":"https:\/\/www.voustenjeans.com\/fr\/wp-json\/wp\/v2\/media\/338844"}],"wp:attachment":[{"href":"https:\/\/www.voustenjeans.com\/fr\/wp-json\/wp\/v2\/media?parent=338860"}],"wp:term":[{"taxonomy":"product_cat","embeddable":true,"href":"https:\/\/www.voustenjeans.com\/fr\/wp-json\/wp\/v2\/product_cat?post=338860"},{"taxonomy":"product_tag","embeddable":true,"href":"https:\/\/www.voustenjeans.com\/fr\/wp-json\/wp\/v2\/product_tag?post=338860"}],"curies":[{"name":"wp","href":"https:\/\/api.w.org\/{rel}","templated":true}]}}