{"id":337698,"date":"2026-04-08T15:11:23","date_gmt":"2026-04-08T13:11:23","guid":{"rendered":"https:\/\/www.voustenjeans.com\/jacob-cohen-short-de-bain-resort-print-t906a-0699s-42267\/"},"modified":"2026-04-10T09:14:10","modified_gmt":"2026-04-10T07:14:10","slug":"jacob-cohen-short-de-bain-resort-print-t906a-0699s-42267","status":"publish","type":"product","link":"https:\/\/www.voustenjeans.com\/fr\/jacob-cohen-short-de-bain-resort-print-t906a-0699s-42267\/","title":{"rendered":"Jacob Coh\u00ebn &#8211; Short de bain Resort Print T906A 0699S (42267)"},"content":{"rendered":"<p><strong>Chaque \u00e9t\u00e9, Jacob Coh\u00ebn lance une collection capsule Resort, une collection qui incarne un art de vivre raffin\u00e9, con\u00e7ue pour profiter avec \u00e9l\u00e9gance de la saison estivale, dans un univers o\u00f9 glamour et luxe se m\u00ealent du lever au coucher du soleil.<\/strong><\/p>\n<ul>\n<li>Tissu technique<\/li>\n<li>Taille mi-haute<\/li>\n<li>Taille \u00e9lastiqu\u00e9e et cordon de serrage<\/li>\n<li>Poches passepoil\u00e9es sur les c\u00f4t\u00e9s<\/li>\n<li>Poche \u00e0 l&rsquo;arri\u00e8re<\/li>\n<li>Patch logo vert \u00e0 l&rsquo;arri\u00e8re<\/li>\n<li>Composition : 92 % polyester, 8 % \u00e9lasthanne<\/li>\n<\/ul>\n<p>Fabriqu\u00e9 en Italie<br \/>\nLivr\u00e9 avec un sac Resort assorti gratuit, id\u00e9al pour transporter par exemple de la cr\u00e8me solaire.<\/p>\n","protected":false},"excerpt":{"rendered":"<p>Chaque \u00e9t\u00e9, Jacob Coh\u00ebn lance une collection capsule Resort, une collection qui incarne un art de vivre raffin\u00e9, con\u00e7ue pour profiter avec \u00e9l\u00e9gance de la saison estivale, dans un univers o\u00f9 glamour et luxe se m\u00ealent du lever au coucher du soleil. Tissu technique Taille mi-haute Taille \u00e9lastiqu\u00e9e et cordon de serrage Poches passepoil\u00e9es sur [&#8230;]\n","protected":false},"featured_media":337682,"comment_status":"open","ping_status":"closed","template":"","meta":[],"product_cat":[1642,1136,1492,1588],"product_tag":[],"acf":[],"yoast_head":"<!-- This site is optimized with the Yoast SEO plugin v22.3 - https:\/\/yoast.com\/wordpress\/plugins\/seo\/ -->\n<title>Jacob Coh\u00ebn - Short de bain Resort Print T906A 0699S (42267) - Vousten Jeans<\/title>\n<meta name=\"robots\" content=\"index, follow, max-snippet:-1, max-image-preview:large, max-video-preview:-1\" \/>\n<link rel=\"canonical\" href=\"https:\/\/www.voustenjeans.com\/fr\/jacob-cohen-short-de-bain-resort-print-t906a-0699s-42267\/\" \/>\n<meta property=\"og:locale\" content=\"fr_FR\" \/>\n<meta property=\"og:type\" content=\"article\" \/>\n<meta property=\"og:title\" content=\"Jacob Coh\u00ebn - Short de bain Resort Print T906A 0699S (42267) - Vousten Jeans\" \/>\n<meta property=\"og:description\" content=\"Chaque \u00e9t\u00e9, Jacob Coh\u00ebn lance une collection capsule Resort, une collection qui incarne un art de vivre raffin\u00e9, con\u00e7ue pour profiter avec \u00e9l\u00e9gance de la saison estivale, dans un univers o\u00f9 glamour et luxe se m\u00ealent du lever au coucher du soleil. Tissu technique Taille mi-haute Taille \u00e9lastiqu\u00e9e et cordon de serrage Poches passepoil\u00e9es sur [...]\" \/>\n<meta property=\"og:url\" content=\"https:\/\/www.voustenjeans.com\/fr\/jacob-cohen-short-de-bain-resort-print-t906a-0699s-42267\/\" \/>\n<meta property=\"og:site_name\" content=\"Vousten Jeans\" \/>\n<meta property=\"article:modified_time\" content=\"2026-04-10T07:14:10+00:00\" \/>\n<meta property=\"og:image\" content=\"https:\/\/www.voustenjeans.com\/wp-content\/uploads\/2023\/06\/Zwemshort-1_Front.jpg\" \/>\n\t<meta property=\"og:image:width\" content=\"800\" \/>\n\t<meta property=\"og:image:height\" content=\"1266\" \/>\n\t<meta property=\"og:image:type\" content=\"image\/jpeg\" \/>\n<meta name=\"twitter:card\" content=\"summary_large_image\" \/>\n<script type=\"application\/ld+json\" class=\"yoast-schema-graph\">{\"@context\":\"https:\/\/schema.org\",\"@graph\":[{\"@type\":\"WebPage\",\"@id\":\"https:\/\/www.voustenjeans.com\/fr\/jacob-cohen-short-de-bain-resort-print-t906a-0699s-42267\/\",\"url\":\"https:\/\/www.voustenjeans.com\/fr\/jacob-cohen-short-de-bain-resort-print-t906a-0699s-42267\/\",\"name\":\"Jacob Coh\u00ebn - Short de bain Resort Print T906A 0699S (42267) - Vousten Jeans\",\"isPartOf\":{\"@id\":\"https:\/\/www.voustenjeans.com\/en\/#website\"},\"primaryImageOfPage\":{\"@id\":\"https:\/\/www.voustenjeans.com\/fr\/jacob-cohen-short-de-bain-resort-print-t906a-0699s-42267\/#primaryimage\"},\"image\":{\"@id\":\"https:\/\/www.voustenjeans.com\/fr\/jacob-cohen-short-de-bain-resort-print-t906a-0699s-42267\/#primaryimage\"},\"thumbnailUrl\":\"https:\/\/www.voustenjeans.com\/wp-content\/uploads\/2023\/06\/Zwemshort-1_Front.jpg\",\"datePublished\":\"2026-04-08T13:11:23+00:00\",\"dateModified\":\"2026-04-10T07:14:10+00:00\",\"breadcrumb\":{\"@id\":\"https:\/\/www.voustenjeans.com\/fr\/jacob-cohen-short-de-bain-resort-print-t906a-0699s-42267\/#breadcrumb\"},\"inLanguage\":\"fr-FR\",\"potentialAction\":[{\"@type\":\"ReadAction\",\"target\":[\"https:\/\/www.voustenjeans.com\/fr\/jacob-cohen-short-de-bain-resort-print-t906a-0699s-42267\/\"]}]},{\"@type\":\"ImageObject\",\"inLanguage\":\"fr-FR\",\"@id\":\"https:\/\/www.voustenjeans.com\/fr\/jacob-cohen-short-de-bain-resort-print-t906a-0699s-42267\/#primaryimage\",\"url\":\"https:\/\/www.voustenjeans.com\/wp-content\/uploads\/2023\/06\/Zwemshort-1_Front.jpg\",\"contentUrl\":\"https:\/\/www.voustenjeans.com\/wp-content\/uploads\/2023\/06\/Zwemshort-1_Front.jpg\",\"width\":800,\"height\":1266},{\"@type\":\"BreadcrumbList\",\"@id\":\"https:\/\/www.voustenjeans.com\/fr\/jacob-cohen-short-de-bain-resort-print-t906a-0699s-42267\/#breadcrumb\",\"itemListElement\":[{\"@type\":\"ListItem\",\"position\":1,\"name\":\"Home\",\"item\":\"https:\/\/www.voustenjeans.com\/fr\/\"},{\"@type\":\"ListItem\",\"position\":2,\"name\":\"Boutique\",\"item\":\"https:\/\/www.voustenjeans.com\/fr\/shop\/\"},{\"@type\":\"ListItem\",\"position\":3,\"name\":\"Jacob Coh\u00ebn &#8211; Short de bain Resort Print T906A 0699S (42267)\"}]},{\"@type\":\"WebSite\",\"@id\":\"https:\/\/www.voustenjeans.com\/en\/#website\",\"url\":\"https:\/\/www.voustenjeans.com\/en\/\",\"name\":\"Vousten Jeans\",\"description\":\"\",\"potentialAction\":[{\"@type\":\"SearchAction\",\"target\":{\"@type\":\"EntryPoint\",\"urlTemplate\":\"https:\/\/www.voustenjeans.com\/en\/?s={search_term_string}\"},\"query-input\":\"required name=search_term_string\"}],\"inLanguage\":\"fr-FR\"}]}<\/script>\n<!-- \/ Yoast SEO plugin. -->","yoast_head_json":{"title":"Jacob Coh\u00ebn - Short de bain Resort Print T906A 0699S (42267) - Vousten Jeans","robots":{"index":"index","follow":"follow","max-snippet":"max-snippet:-1","max-image-preview":"max-image-preview:large","max-video-preview":"max-video-preview:-1"},"canonical":"https:\/\/www.voustenjeans.com\/fr\/jacob-cohen-short-de-bain-resort-print-t906a-0699s-42267\/","og_locale":"fr_FR","og_type":"article","og_title":"Jacob Coh\u00ebn - Short de bain Resort Print T906A 0699S (42267) - Vousten Jeans","og_description":"Chaque \u00e9t\u00e9, Jacob Coh\u00ebn lance une collection capsule Resort, une collection qui incarne un art de vivre raffin\u00e9, con\u00e7ue pour profiter avec \u00e9l\u00e9gance de la saison estivale, dans un univers o\u00f9 glamour et luxe se m\u00ealent du lever au coucher du soleil. Tissu technique Taille mi-haute Taille \u00e9lastiqu\u00e9e et cordon de serrage Poches passepoil\u00e9es sur [...]","og_url":"https:\/\/www.voustenjeans.com\/fr\/jacob-cohen-short-de-bain-resort-print-t906a-0699s-42267\/","og_site_name":"Vousten Jeans","article_modified_time":"2026-04-10T07:14:10+00:00","og_image":[{"width":800,"height":1266,"url":"https:\/\/www.voustenjeans.com\/wp-content\/uploads\/2023\/06\/Zwemshort-1_Front.jpg","type":"image\/jpeg"}],"twitter_card":"summary_large_image","schema":{"@context":"https:\/\/schema.org","@graph":[{"@type":"WebPage","@id":"https:\/\/www.voustenjeans.com\/fr\/jacob-cohen-short-de-bain-resort-print-t906a-0699s-42267\/","url":"https:\/\/www.voustenjeans.com\/fr\/jacob-cohen-short-de-bain-resort-print-t906a-0699s-42267\/","name":"Jacob Coh\u00ebn - Short de bain Resort Print T906A 0699S (42267) - Vousten Jeans","isPartOf":{"@id":"https:\/\/www.voustenjeans.com\/en\/#website"},"primaryImageOfPage":{"@id":"https:\/\/www.voustenjeans.com\/fr\/jacob-cohen-short-de-bain-resort-print-t906a-0699s-42267\/#primaryimage"},"image":{"@id":"https:\/\/www.voustenjeans.com\/fr\/jacob-cohen-short-de-bain-resort-print-t906a-0699s-42267\/#primaryimage"},"thumbnailUrl":"https:\/\/www.voustenjeans.com\/wp-content\/uploads\/2023\/06\/Zwemshort-1_Front.jpg","datePublished":"2026-04-08T13:11:23+00:00","dateModified":"2026-04-10T07:14:10+00:00","breadcrumb":{"@id":"https:\/\/www.voustenjeans.com\/fr\/jacob-cohen-short-de-bain-resort-print-t906a-0699s-42267\/#breadcrumb"},"inLanguage":"fr-FR","potentialAction":[{"@type":"ReadAction","target":["https:\/\/www.voustenjeans.com\/fr\/jacob-cohen-short-de-bain-resort-print-t906a-0699s-42267\/"]}]},{"@type":"ImageObject","inLanguage":"fr-FR","@id":"https:\/\/www.voustenjeans.com\/fr\/jacob-cohen-short-de-bain-resort-print-t906a-0699s-42267\/#primaryimage","url":"https:\/\/www.voustenjeans.com\/wp-content\/uploads\/2023\/06\/Zwemshort-1_Front.jpg","contentUrl":"https:\/\/www.voustenjeans.com\/wp-content\/uploads\/2023\/06\/Zwemshort-1_Front.jpg","width":800,"height":1266},{"@type":"BreadcrumbList","@id":"https:\/\/www.voustenjeans.com\/fr\/jacob-cohen-short-de-bain-resort-print-t906a-0699s-42267\/#breadcrumb","itemListElement":[{"@type":"ListItem","position":1,"name":"Home","item":"https:\/\/www.voustenjeans.com\/fr\/"},{"@type":"ListItem","position":2,"name":"Boutique","item":"https:\/\/www.voustenjeans.com\/fr\/shop\/"},{"@type":"ListItem","position":3,"name":"Jacob Coh\u00ebn &#8211; Short de bain Resort Print T906A 0699S (42267)"}]},{"@type":"WebSite","@id":"https:\/\/www.voustenjeans.com\/en\/#website","url":"https:\/\/www.voustenjeans.com\/en\/","name":"Vousten Jeans","description":"","potentialAction":[{"@type":"SearchAction","target":{"@type":"EntryPoint","urlTemplate":"https:\/\/www.voustenjeans.com\/en\/?s={search_term_string}"},"query-input":"required name=search_term_string"}],"inLanguage":"fr-FR"}]}},"_links":{"self":[{"href":"https:\/\/www.voustenjeans.com\/fr\/wp-json\/wp\/v2\/product\/337698"}],"collection":[{"href":"https:\/\/www.voustenjeans.com\/fr\/wp-json\/wp\/v2\/product"}],"about":[{"href":"https:\/\/www.voustenjeans.com\/fr\/wp-json\/wp\/v2\/types\/product"}],"replies":[{"embeddable":true,"href":"https:\/\/www.voustenjeans.com\/fr\/wp-json\/wp\/v2\/comments?post=337698"}],"wp:featuredmedia":[{"embeddable":true,"href":"https:\/\/www.voustenjeans.com\/fr\/wp-json\/wp\/v2\/media\/337682"}],"wp:attachment":[{"href":"https:\/\/www.voustenjeans.com\/fr\/wp-json\/wp\/v2\/media?parent=337698"}],"wp:term":[{"taxonomy":"product_cat","embeddable":true,"href":"https:\/\/www.voustenjeans.com\/fr\/wp-json\/wp\/v2\/product_cat?post=337698"},{"taxonomy":"product_tag","embeddable":true,"href":"https:\/\/www.voustenjeans.com\/fr\/wp-json\/wp\/v2\/product_tag?post=337698"}],"curies":[{"name":"wp","href":"https:\/\/api.w.org\/{rel}","templated":true}]}}