{"id":337529,"date":"2026-04-08T12:10:07","date_gmt":"2026-04-08T10:10:07","guid":{"rendered":"https:\/\/www.voustenjeans.com\/jacob-cohen-bard-688-resort-edition-3735-300d-42288-2\/"},"modified":"2026-04-17T00:42:25","modified_gmt":"2026-04-16T22:42:25","slug":"jacob-cohen-bard-688-resort-edition-3735-300d-42288-2","status":"publish","type":"product","link":"https:\/\/www.voustenjeans.com\/fr\/jacob-cohen-bard-688-resort-edition-3735-300d-42288-2\/","title":{"rendered":"Jacob Cohen &#8211; J688 (Bard) Resort Edition 3735 300D (42288)"},"content":{"rendered":"<p><strong>Collection capsule Resort !<\/strong><\/p>\n<p>Chaque \u00e9t\u00e9, Jacob Coh\u00ebn lance une collection capsule Resort, une collection qui incarne un art de vivre raffin\u00e9, con\u00e7ue pour profiter avec \u00e9l\u00e9gance de la saison estivale, dans un univers o\u00f9 glamour et luxe se m\u00ealent du lever au coucher du soleil.<br \/>\nCette fois-ci, la collection Resort c\u00e9l\u00e8bre la saison estivale de Palm Beach avec des couleurs vives, des imprim\u00e9s floraux et des motifs raffin\u00e9s rehauss\u00e9s de broderies.<\/p>\n<p>&nbsp;<\/p>\n<p>Il s&rsquo;agit d&rsquo;un jean moderne \u00e0 la coupe ajust\u00e9e, l\u00e9g\u00e8rement plus ample au niveau des cuisses.<\/p>\n<ul>\n<li>Jean stretch<\/li>\n<li>Taille haute<\/li>\n<li>Fermeture \u00e0 boutons<\/li>\n<li>Orn\u00e9 d&rsquo;un patch Resort<\/li>\n<li>Le devant est dot\u00e9 d&rsquo;un bouton Resort et la poche gauche pr\u00e9sente un d\u00e9tail palmier<\/li>\n<li>Composition : 72 % coton, 14 % viscose, 12 % polyester, 2 % \u00e9lasthanne<\/li>\n<li>Largeur au bas : 18 cm<\/li>\n<li>Longueur de base : 35 pouces (peut varier l\u00e9g\u00e8rement selon le lavage)<\/li>\n<\/ul>\n<p>Ce jean Jacob Coh\u00ebn est fabriqu\u00e9 \u00e0 la main en V\u00e9n\u00e9tie, dans le nord-est de l&rsquo;Italie<br \/>\nLivr\u00e9 avec un petit foulard assorti gratuit et du fil suppl\u00e9mentaire de la bonne couleur, pour le raccourcir.<\/p>\n","protected":false},"excerpt":{"rendered":"<p>Collection capsule Resort ! Chaque \u00e9t\u00e9, Jacob Coh\u00ebn lance une collection capsule Resort, une collection qui incarne un art de vivre raffin\u00e9, con\u00e7ue pour profiter avec \u00e9l\u00e9gance de la saison estivale, dans un univers o\u00f9 glamour et luxe se m\u00ealent du lever au coucher du soleil. Cette fois-ci, la collection Resort c\u00e9l\u00e8bre la saison estivale [&#8230;]\n","protected":false},"featured_media":337513,"comment_status":"open","ping_status":"closed","template":"","meta":[],"product_cat":[1136,1428,1476,1580,1642,1650,1663,1749],"product_tag":[],"acf":[],"yoast_head":"<!-- This site is optimized with the Yoast SEO plugin v22.3 - https:\/\/yoast.com\/wordpress\/plugins\/seo\/ -->\n<title>Jacob Cohen - J688 (Bard) Resort Edition 3735 300D (42288) - Vousten Jeans<\/title>\n<meta name=\"robots\" content=\"index, follow, max-snippet:-1, max-image-preview:large, max-video-preview:-1\" \/>\n<link rel=\"canonical\" href=\"https:\/\/www.voustenjeans.com\/fr\/jacob-cohen-bard-688-resort-edition-3735-300d-42288-2\/\" \/>\n<meta property=\"og:locale\" content=\"fr_FR\" \/>\n<meta property=\"og:type\" content=\"article\" \/>\n<meta property=\"og:title\" content=\"Jacob Cohen - J688 (Bard) Resort Edition 3735 300D (42288) - Vousten Jeans\" \/>\n<meta property=\"og:description\" content=\"Collection capsule Resort ! Chaque \u00e9t\u00e9, Jacob Coh\u00ebn lance une collection capsule Resort, une collection qui incarne un art de vivre raffin\u00e9, con\u00e7ue pour profiter avec \u00e9l\u00e9gance de la saison estivale, dans un univers o\u00f9 glamour et luxe se m\u00ealent du lever au coucher du soleil. Cette fois-ci, la collection Resort c\u00e9l\u00e8bre la saison estivale [...]\" \/>\n<meta property=\"og:url\" content=\"https:\/\/www.voustenjeans.com\/fr\/jacob-cohen-bard-688-resort-edition-3735-300d-42288-2\/\" \/>\n<meta property=\"og:site_name\" content=\"Vousten Jeans\" \/>\n<meta property=\"article:modified_time\" content=\"2026-04-16T22:42:25+00:00\" \/>\n<meta property=\"og:image\" content=\"https:\/\/www.voustenjeans.com\/wp-content\/uploads\/2023\/06\/Broek-4_Front.jpg\" \/>\n\t<meta property=\"og:image:width\" content=\"800\" \/>\n\t<meta property=\"og:image:height\" content=\"2250\" \/>\n\t<meta property=\"og:image:type\" content=\"image\/jpeg\" \/>\n<meta name=\"twitter:card\" content=\"summary_large_image\" \/>\n<meta name=\"twitter:label1\" content=\"Est. reading time\" \/>\n\t<meta name=\"twitter:data1\" content=\"1 minute\" \/>\n<script type=\"application\/ld+json\" class=\"yoast-schema-graph\">{\"@context\":\"https:\/\/schema.org\",\"@graph\":[{\"@type\":\"WebPage\",\"@id\":\"https:\/\/www.voustenjeans.com\/fr\/jacob-cohen-bard-688-resort-edition-3735-300d-42288-2\/\",\"url\":\"https:\/\/www.voustenjeans.com\/fr\/jacob-cohen-bard-688-resort-edition-3735-300d-42288-2\/\",\"name\":\"Jacob Cohen - J688 (Bard) Resort Edition 3735 300D (42288) - Vousten Jeans\",\"isPartOf\":{\"@id\":\"https:\/\/www.voustenjeans.com\/en\/#website\"},\"primaryImageOfPage\":{\"@id\":\"https:\/\/www.voustenjeans.com\/fr\/jacob-cohen-bard-688-resort-edition-3735-300d-42288-2\/#primaryimage\"},\"image\":{\"@id\":\"https:\/\/www.voustenjeans.com\/fr\/jacob-cohen-bard-688-resort-edition-3735-300d-42288-2\/#primaryimage\"},\"thumbnailUrl\":\"https:\/\/www.voustenjeans.com\/wp-content\/uploads\/2023\/06\/Broek-4_Front.jpg\",\"datePublished\":\"2026-04-08T10:10:07+00:00\",\"dateModified\":\"2026-04-16T22:42:25+00:00\",\"breadcrumb\":{\"@id\":\"https:\/\/www.voustenjeans.com\/fr\/jacob-cohen-bard-688-resort-edition-3735-300d-42288-2\/#breadcrumb\"},\"inLanguage\":\"fr-FR\",\"potentialAction\":[{\"@type\":\"ReadAction\",\"target\":[\"https:\/\/www.voustenjeans.com\/fr\/jacob-cohen-bard-688-resort-edition-3735-300d-42288-2\/\"]}]},{\"@type\":\"ImageObject\",\"inLanguage\":\"fr-FR\",\"@id\":\"https:\/\/www.voustenjeans.com\/fr\/jacob-cohen-bard-688-resort-edition-3735-300d-42288-2\/#primaryimage\",\"url\":\"https:\/\/www.voustenjeans.com\/wp-content\/uploads\/2023\/06\/Broek-4_Front.jpg\",\"contentUrl\":\"https:\/\/www.voustenjeans.com\/wp-content\/uploads\/2023\/06\/Broek-4_Front.jpg\",\"width\":800,\"height\":2250},{\"@type\":\"BreadcrumbList\",\"@id\":\"https:\/\/www.voustenjeans.com\/fr\/jacob-cohen-bard-688-resort-edition-3735-300d-42288-2\/#breadcrumb\",\"itemListElement\":[{\"@type\":\"ListItem\",\"position\":1,\"name\":\"Home\",\"item\":\"https:\/\/www.voustenjeans.com\/fr\/\"},{\"@type\":\"ListItem\",\"position\":2,\"name\":\"Boutique\",\"item\":\"https:\/\/www.voustenjeans.com\/fr\/shop\/\"},{\"@type\":\"ListItem\",\"position\":3,\"name\":\"Jacob Cohen &#8211; J688 (Bard) Resort Edition 3735 300D (42288)\"}]},{\"@type\":\"WebSite\",\"@id\":\"https:\/\/www.voustenjeans.com\/en\/#website\",\"url\":\"https:\/\/www.voustenjeans.com\/en\/\",\"name\":\"Vousten Jeans\",\"description\":\"\",\"potentialAction\":[{\"@type\":\"SearchAction\",\"target\":{\"@type\":\"EntryPoint\",\"urlTemplate\":\"https:\/\/www.voustenjeans.com\/en\/?s={search_term_string}\"},\"query-input\":\"required name=search_term_string\"}],\"inLanguage\":\"fr-FR\"}]}<\/script>\n<!-- \/ Yoast SEO plugin. -->","yoast_head_json":{"title":"Jacob Cohen - J688 (Bard) Resort Edition 3735 300D (42288) - Vousten Jeans","robots":{"index":"index","follow":"follow","max-snippet":"max-snippet:-1","max-image-preview":"max-image-preview:large","max-video-preview":"max-video-preview:-1"},"canonical":"https:\/\/www.voustenjeans.com\/fr\/jacob-cohen-bard-688-resort-edition-3735-300d-42288-2\/","og_locale":"fr_FR","og_type":"article","og_title":"Jacob Cohen - J688 (Bard) Resort Edition 3735 300D (42288) - Vousten Jeans","og_description":"Collection capsule Resort ! Chaque \u00e9t\u00e9, Jacob Coh\u00ebn lance une collection capsule Resort, une collection qui incarne un art de vivre raffin\u00e9, con\u00e7ue pour profiter avec \u00e9l\u00e9gance de la saison estivale, dans un univers o\u00f9 glamour et luxe se m\u00ealent du lever au coucher du soleil. Cette fois-ci, la collection Resort c\u00e9l\u00e8bre la saison estivale [...]","og_url":"https:\/\/www.voustenjeans.com\/fr\/jacob-cohen-bard-688-resort-edition-3735-300d-42288-2\/","og_site_name":"Vousten Jeans","article_modified_time":"2026-04-16T22:42:25+00:00","og_image":[{"width":800,"height":2250,"url":"https:\/\/www.voustenjeans.com\/wp-content\/uploads\/2023\/06\/Broek-4_Front.jpg","type":"image\/jpeg"}],"twitter_card":"summary_large_image","twitter_misc":{"Est. reading time":"1 minute"},"schema":{"@context":"https:\/\/schema.org","@graph":[{"@type":"WebPage","@id":"https:\/\/www.voustenjeans.com\/fr\/jacob-cohen-bard-688-resort-edition-3735-300d-42288-2\/","url":"https:\/\/www.voustenjeans.com\/fr\/jacob-cohen-bard-688-resort-edition-3735-300d-42288-2\/","name":"Jacob Cohen - J688 (Bard) Resort Edition 3735 300D (42288) - Vousten Jeans","isPartOf":{"@id":"https:\/\/www.voustenjeans.com\/en\/#website"},"primaryImageOfPage":{"@id":"https:\/\/www.voustenjeans.com\/fr\/jacob-cohen-bard-688-resort-edition-3735-300d-42288-2\/#primaryimage"},"image":{"@id":"https:\/\/www.voustenjeans.com\/fr\/jacob-cohen-bard-688-resort-edition-3735-300d-42288-2\/#primaryimage"},"thumbnailUrl":"https:\/\/www.voustenjeans.com\/wp-content\/uploads\/2023\/06\/Broek-4_Front.jpg","datePublished":"2026-04-08T10:10:07+00:00","dateModified":"2026-04-16T22:42:25+00:00","breadcrumb":{"@id":"https:\/\/www.voustenjeans.com\/fr\/jacob-cohen-bard-688-resort-edition-3735-300d-42288-2\/#breadcrumb"},"inLanguage":"fr-FR","potentialAction":[{"@type":"ReadAction","target":["https:\/\/www.voustenjeans.com\/fr\/jacob-cohen-bard-688-resort-edition-3735-300d-42288-2\/"]}]},{"@type":"ImageObject","inLanguage":"fr-FR","@id":"https:\/\/www.voustenjeans.com\/fr\/jacob-cohen-bard-688-resort-edition-3735-300d-42288-2\/#primaryimage","url":"https:\/\/www.voustenjeans.com\/wp-content\/uploads\/2023\/06\/Broek-4_Front.jpg","contentUrl":"https:\/\/www.voustenjeans.com\/wp-content\/uploads\/2023\/06\/Broek-4_Front.jpg","width":800,"height":2250},{"@type":"BreadcrumbList","@id":"https:\/\/www.voustenjeans.com\/fr\/jacob-cohen-bard-688-resort-edition-3735-300d-42288-2\/#breadcrumb","itemListElement":[{"@type":"ListItem","position":1,"name":"Home","item":"https:\/\/www.voustenjeans.com\/fr\/"},{"@type":"ListItem","position":2,"name":"Boutique","item":"https:\/\/www.voustenjeans.com\/fr\/shop\/"},{"@type":"ListItem","position":3,"name":"Jacob Cohen &#8211; J688 (Bard) Resort Edition 3735 300D (42288)"}]},{"@type":"WebSite","@id":"https:\/\/www.voustenjeans.com\/en\/#website","url":"https:\/\/www.voustenjeans.com\/en\/","name":"Vousten Jeans","description":"","potentialAction":[{"@type":"SearchAction","target":{"@type":"EntryPoint","urlTemplate":"https:\/\/www.voustenjeans.com\/en\/?s={search_term_string}"},"query-input":"required name=search_term_string"}],"inLanguage":"fr-FR"}]}},"_links":{"self":[{"href":"https:\/\/www.voustenjeans.com\/fr\/wp-json\/wp\/v2\/product\/337529"}],"collection":[{"href":"https:\/\/www.voustenjeans.com\/fr\/wp-json\/wp\/v2\/product"}],"about":[{"href":"https:\/\/www.voustenjeans.com\/fr\/wp-json\/wp\/v2\/types\/product"}],"replies":[{"embeddable":true,"href":"https:\/\/www.voustenjeans.com\/fr\/wp-json\/wp\/v2\/comments?post=337529"}],"wp:featuredmedia":[{"embeddable":true,"href":"https:\/\/www.voustenjeans.com\/fr\/wp-json\/wp\/v2\/media\/337513"}],"wp:attachment":[{"href":"https:\/\/www.voustenjeans.com\/fr\/wp-json\/wp\/v2\/media?parent=337529"}],"wp:term":[{"taxonomy":"product_cat","embeddable":true,"href":"https:\/\/www.voustenjeans.com\/fr\/wp-json\/wp\/v2\/product_cat?post=337529"},{"taxonomy":"product_tag","embeddable":true,"href":"https:\/\/www.voustenjeans.com\/fr\/wp-json\/wp\/v2\/product_tag?post=337529"}],"curies":[{"name":"wp","href":"https:\/\/api.w.org\/{rel}","templated":true}]}}