{"id":336834,"date":"2026-03-22T06:22:07","date_gmt":"2026-03-22T05:22:07","guid":{"rendered":"https:\/\/www.voustenjeans.com\/jacob-cohen-overshirt-jacket-navy-s4343-y99-42290-2\/"},"modified":"2026-04-11T02:50:13","modified_gmt":"2026-04-11T00:50:13","slug":"jacob-cohen-overshirt-jacket-navy-s4343-y99-42290-2","status":"publish","type":"product","link":"https:\/\/www.voustenjeans.com\/fr\/jacob-cohen-overshirt-jacket-navy-s4343-y99-42290-2\/","title":{"rendered":"Jacob Coh\u00ebn &#8211; Overshirt Jacket navy S4343 Y99 (42290)"},"content":{"rendered":"<p>Cette belle veste a la coupe d&rsquo;une veste de camionneur\/veste en jean. Coupe bien courte et confortable \u00e0 porter gr\u00e2ce au tissu extensible. Reconnaissable au patch Jacob Coh\u00ebn en daim au dos.<\/p>\n<p><strong>Le mannequin mesure 176 cm, p\u00e8se 80 kg et porte une taille 50.<\/strong><\/p>\n<ul>\n<li>Surchemise l\u00e9g\u00e8re<\/li>\n<li>Coupe r\u00e9guli\u00e8re<\/li>\n<li>Tissu stretch bleu marine en pure laine vierge et nylon avec tissage serg\u00e9 diagonal<\/li>\n<li>Boutons gris fonc\u00e9<\/li>\n<li>Patch logo marron fonc\u00e9 au dos<\/li>\n<li>Poches plaqu\u00e9es et poches lat\u00e9rales<\/li>\n<li>Composition : 53 % pure laine vierge, 38 % viscose, 7 % polyamide, 2 % \u00e9lasthanne<\/li>\n<li>Fabriqu\u00e9 en Italie<\/li>\n<\/ul>\n","protected":false},"excerpt":{"rendered":"<p>Cette belle veste a la coupe d&rsquo;une veste de camionneur\/veste en jean. Coupe bien courte et confortable \u00e0 porter gr\u00e2ce au tissu extensible. Reconnaissable au patch Jacob Coh\u00ebn en daim au dos. Le mannequin mesure 176 cm, p\u00e8se 80 kg et porte une taille 50. Surchemise l\u00e9g\u00e8re Coupe r\u00e9guli\u00e8re Tissu stretch bleu marine en pure [&#8230;]\n","protected":false},"featured_media":336818,"comment_status":"open","ping_status":"closed","template":"","meta":[],"product_cat":[1136,1254,1588,1628,1642,1646,1692,1836],"product_tag":[],"acf":[],"yoast_head":"<!-- This site is optimized with the Yoast SEO plugin v22.3 - https:\/\/yoast.com\/wordpress\/plugins\/seo\/ -->\n<title>Jacob Coh\u00ebn - Overshirt Jacket navy S4343 Y99 (42290) - Vousten Jeans<\/title>\n<meta name=\"robots\" content=\"index, follow, max-snippet:-1, max-image-preview:large, max-video-preview:-1\" \/>\n<link rel=\"canonical\" href=\"https:\/\/www.voustenjeans.com\/fr\/jacob-cohen-overshirt-jacket-navy-s4343-y99-42290-2\/\" \/>\n<meta property=\"og:locale\" content=\"fr_FR\" \/>\n<meta property=\"og:type\" content=\"article\" \/>\n<meta property=\"og:title\" content=\"Jacob Coh\u00ebn - Overshirt Jacket navy S4343 Y99 (42290) - Vousten Jeans\" \/>\n<meta property=\"og:description\" content=\"Cette belle veste a la coupe d&rsquo;une veste de camionneur\/veste en jean. Coupe bien courte et confortable \u00e0 porter gr\u00e2ce au tissu extensible. Reconnaissable au patch Jacob Coh\u00ebn en daim au dos. Le mannequin mesure 176 cm, p\u00e8se 80 kg et porte une taille 50. Surchemise l\u00e9g\u00e8re Coupe r\u00e9guli\u00e8re Tissu stretch bleu marine en pure [...]\" \/>\n<meta property=\"og:url\" content=\"https:\/\/www.voustenjeans.com\/fr\/jacob-cohen-overshirt-jacket-navy-s4343-y99-42290-2\/\" \/>\n<meta property=\"og:site_name\" content=\"Vousten Jeans\" \/>\n<meta property=\"article:modified_time\" content=\"2026-04-11T00:50:13+00:00\" \/>\n<meta property=\"og:image\" content=\"https:\/\/www.voustenjeans.com\/wp-content\/uploads\/2023\/06\/Overshirt-Jacket-navy-S4343-Y99-422901.jpg\" \/>\n\t<meta property=\"og:image:width\" content=\"1638\" \/>\n\t<meta property=\"og:image:height\" content=\"2048\" \/>\n\t<meta property=\"og:image:type\" content=\"image\/jpeg\" \/>\n<meta name=\"twitter:card\" content=\"summary_large_image\" \/>\n<script type=\"application\/ld+json\" class=\"yoast-schema-graph\">{\"@context\":\"https:\/\/schema.org\",\"@graph\":[{\"@type\":\"WebPage\",\"@id\":\"https:\/\/www.voustenjeans.com\/fr\/jacob-cohen-overshirt-jacket-navy-s4343-y99-42290-2\/\",\"url\":\"https:\/\/www.voustenjeans.com\/fr\/jacob-cohen-overshirt-jacket-navy-s4343-y99-42290-2\/\",\"name\":\"Jacob Coh\u00ebn - Overshirt Jacket navy S4343 Y99 (42290) - Vousten Jeans\",\"isPartOf\":{\"@id\":\"https:\/\/www.voustenjeans.com\/en\/#website\"},\"primaryImageOfPage\":{\"@id\":\"https:\/\/www.voustenjeans.com\/fr\/jacob-cohen-overshirt-jacket-navy-s4343-y99-42290-2\/#primaryimage\"},\"image\":{\"@id\":\"https:\/\/www.voustenjeans.com\/fr\/jacob-cohen-overshirt-jacket-navy-s4343-y99-42290-2\/#primaryimage\"},\"thumbnailUrl\":\"https:\/\/www.voustenjeans.com\/wp-content\/uploads\/2023\/06\/Overshirt-Jacket-navy-S4343-Y99-422901.jpg\",\"datePublished\":\"2026-03-22T05:22:07+00:00\",\"dateModified\":\"2026-04-11T00:50:13+00:00\",\"breadcrumb\":{\"@id\":\"https:\/\/www.voustenjeans.com\/fr\/jacob-cohen-overshirt-jacket-navy-s4343-y99-42290-2\/#breadcrumb\"},\"inLanguage\":\"fr-FR\",\"potentialAction\":[{\"@type\":\"ReadAction\",\"target\":[\"https:\/\/www.voustenjeans.com\/fr\/jacob-cohen-overshirt-jacket-navy-s4343-y99-42290-2\/\"]}]},{\"@type\":\"ImageObject\",\"inLanguage\":\"fr-FR\",\"@id\":\"https:\/\/www.voustenjeans.com\/fr\/jacob-cohen-overshirt-jacket-navy-s4343-y99-42290-2\/#primaryimage\",\"url\":\"https:\/\/www.voustenjeans.com\/wp-content\/uploads\/2023\/06\/Overshirt-Jacket-navy-S4343-Y99-422901.jpg\",\"contentUrl\":\"https:\/\/www.voustenjeans.com\/wp-content\/uploads\/2023\/06\/Overshirt-Jacket-navy-S4343-Y99-422901.jpg\",\"width\":1638,\"height\":2048},{\"@type\":\"BreadcrumbList\",\"@id\":\"https:\/\/www.voustenjeans.com\/fr\/jacob-cohen-overshirt-jacket-navy-s4343-y99-42290-2\/#breadcrumb\",\"itemListElement\":[{\"@type\":\"ListItem\",\"position\":1,\"name\":\"Home\",\"item\":\"https:\/\/www.voustenjeans.com\/fr\/\"},{\"@type\":\"ListItem\",\"position\":2,\"name\":\"Boutique\",\"item\":\"https:\/\/www.voustenjeans.com\/fr\/shop\/\"},{\"@type\":\"ListItem\",\"position\":3,\"name\":\"Jacob Coh\u00ebn &#8211; Overshirt Jacket navy S4343 Y99 (42290)\"}]},{\"@type\":\"WebSite\",\"@id\":\"https:\/\/www.voustenjeans.com\/en\/#website\",\"url\":\"https:\/\/www.voustenjeans.com\/en\/\",\"name\":\"Vousten Jeans\",\"description\":\"\",\"potentialAction\":[{\"@type\":\"SearchAction\",\"target\":{\"@type\":\"EntryPoint\",\"urlTemplate\":\"https:\/\/www.voustenjeans.com\/en\/?s={search_term_string}\"},\"query-input\":\"required name=search_term_string\"}],\"inLanguage\":\"fr-FR\"}]}<\/script>\n<!-- \/ Yoast SEO plugin. -->","yoast_head_json":{"title":"Jacob Coh\u00ebn - Overshirt Jacket navy S4343 Y99 (42290) - Vousten Jeans","robots":{"index":"index","follow":"follow","max-snippet":"max-snippet:-1","max-image-preview":"max-image-preview:large","max-video-preview":"max-video-preview:-1"},"canonical":"https:\/\/www.voustenjeans.com\/fr\/jacob-cohen-overshirt-jacket-navy-s4343-y99-42290-2\/","og_locale":"fr_FR","og_type":"article","og_title":"Jacob Coh\u00ebn - Overshirt Jacket navy S4343 Y99 (42290) - Vousten Jeans","og_description":"Cette belle veste a la coupe d&rsquo;une veste de camionneur\/veste en jean. Coupe bien courte et confortable \u00e0 porter gr\u00e2ce au tissu extensible. Reconnaissable au patch Jacob Coh\u00ebn en daim au dos. Le mannequin mesure 176 cm, p\u00e8se 80 kg et porte une taille 50. Surchemise l\u00e9g\u00e8re Coupe r\u00e9guli\u00e8re Tissu stretch bleu marine en pure [...]","og_url":"https:\/\/www.voustenjeans.com\/fr\/jacob-cohen-overshirt-jacket-navy-s4343-y99-42290-2\/","og_site_name":"Vousten Jeans","article_modified_time":"2026-04-11T00:50:13+00:00","og_image":[{"width":1638,"height":2048,"url":"https:\/\/www.voustenjeans.com\/wp-content\/uploads\/2023\/06\/Overshirt-Jacket-navy-S4343-Y99-422901.jpg","type":"image\/jpeg"}],"twitter_card":"summary_large_image","schema":{"@context":"https:\/\/schema.org","@graph":[{"@type":"WebPage","@id":"https:\/\/www.voustenjeans.com\/fr\/jacob-cohen-overshirt-jacket-navy-s4343-y99-42290-2\/","url":"https:\/\/www.voustenjeans.com\/fr\/jacob-cohen-overshirt-jacket-navy-s4343-y99-42290-2\/","name":"Jacob Coh\u00ebn - Overshirt Jacket navy S4343 Y99 (42290) - Vousten Jeans","isPartOf":{"@id":"https:\/\/www.voustenjeans.com\/en\/#website"},"primaryImageOfPage":{"@id":"https:\/\/www.voustenjeans.com\/fr\/jacob-cohen-overshirt-jacket-navy-s4343-y99-42290-2\/#primaryimage"},"image":{"@id":"https:\/\/www.voustenjeans.com\/fr\/jacob-cohen-overshirt-jacket-navy-s4343-y99-42290-2\/#primaryimage"},"thumbnailUrl":"https:\/\/www.voustenjeans.com\/wp-content\/uploads\/2023\/06\/Overshirt-Jacket-navy-S4343-Y99-422901.jpg","datePublished":"2026-03-22T05:22:07+00:00","dateModified":"2026-04-11T00:50:13+00:00","breadcrumb":{"@id":"https:\/\/www.voustenjeans.com\/fr\/jacob-cohen-overshirt-jacket-navy-s4343-y99-42290-2\/#breadcrumb"},"inLanguage":"fr-FR","potentialAction":[{"@type":"ReadAction","target":["https:\/\/www.voustenjeans.com\/fr\/jacob-cohen-overshirt-jacket-navy-s4343-y99-42290-2\/"]}]},{"@type":"ImageObject","inLanguage":"fr-FR","@id":"https:\/\/www.voustenjeans.com\/fr\/jacob-cohen-overshirt-jacket-navy-s4343-y99-42290-2\/#primaryimage","url":"https:\/\/www.voustenjeans.com\/wp-content\/uploads\/2023\/06\/Overshirt-Jacket-navy-S4343-Y99-422901.jpg","contentUrl":"https:\/\/www.voustenjeans.com\/wp-content\/uploads\/2023\/06\/Overshirt-Jacket-navy-S4343-Y99-422901.jpg","width":1638,"height":2048},{"@type":"BreadcrumbList","@id":"https:\/\/www.voustenjeans.com\/fr\/jacob-cohen-overshirt-jacket-navy-s4343-y99-42290-2\/#breadcrumb","itemListElement":[{"@type":"ListItem","position":1,"name":"Home","item":"https:\/\/www.voustenjeans.com\/fr\/"},{"@type":"ListItem","position":2,"name":"Boutique","item":"https:\/\/www.voustenjeans.com\/fr\/shop\/"},{"@type":"ListItem","position":3,"name":"Jacob Coh\u00ebn &#8211; Overshirt Jacket navy S4343 Y99 (42290)"}]},{"@type":"WebSite","@id":"https:\/\/www.voustenjeans.com\/en\/#website","url":"https:\/\/www.voustenjeans.com\/en\/","name":"Vousten Jeans","description":"","potentialAction":[{"@type":"SearchAction","target":{"@type":"EntryPoint","urlTemplate":"https:\/\/www.voustenjeans.com\/en\/?s={search_term_string}"},"query-input":"required name=search_term_string"}],"inLanguage":"fr-FR"}]}},"_links":{"self":[{"href":"https:\/\/www.voustenjeans.com\/fr\/wp-json\/wp\/v2\/product\/336834"}],"collection":[{"href":"https:\/\/www.voustenjeans.com\/fr\/wp-json\/wp\/v2\/product"}],"about":[{"href":"https:\/\/www.voustenjeans.com\/fr\/wp-json\/wp\/v2\/types\/product"}],"replies":[{"embeddable":true,"href":"https:\/\/www.voustenjeans.com\/fr\/wp-json\/wp\/v2\/comments?post=336834"}],"wp:featuredmedia":[{"embeddable":true,"href":"https:\/\/www.voustenjeans.com\/fr\/wp-json\/wp\/v2\/media\/336818"}],"wp:attachment":[{"href":"https:\/\/www.voustenjeans.com\/fr\/wp-json\/wp\/v2\/media?parent=336834"}],"wp:term":[{"taxonomy":"product_cat","embeddable":true,"href":"https:\/\/www.voustenjeans.com\/fr\/wp-json\/wp\/v2\/product_cat?post=336834"},{"taxonomy":"product_tag","embeddable":true,"href":"https:\/\/www.voustenjeans.com\/fr\/wp-json\/wp\/v2\/product_tag?post=336834"}],"curies":[{"name":"wp","href":"https:\/\/api.w.org\/{rel}","templated":true}]}}