{"id":334252,"date":"2026-03-02T16:46:06","date_gmt":"2026-03-02T15:46:06","guid":{"rendered":"https:\/\/www.voustenjeans.com\/jacob-cohen-j688-bard-active-4024-y78-42239-2\/"},"modified":"2026-04-08T00:30:45","modified_gmt":"2026-04-07T22:30:45","slug":"jacob-cohen-j688-bard-active-4024-y78-42239-2","status":"publish","type":"product","link":"https:\/\/www.voustenjeans.com\/fr\/jacob-cohen-j688-bard-active-4024-y78-42239-2\/","title":{"rendered":"Jacob Coh\u00ebn &#8211; J688 (Bard Active) 4024 Y78 (42239)"},"content":{"rendered":"<div>Nouveaut\u00e9 Jacob Coh\u00ebn : le Bard Active, le nouveau pantalon technique stretch.<\/div>\n<div>Son tissu technique stretch quadri-directionnel offre un confort exceptionnel. Facile d&rsquo;entretien, il est id\u00e9al pour le golf, par exemple. Taille petit, commandez une taille au-dessus de votre taille habituelle !<\/div>\n<ul>\n<li>Ce pantalon moderne \u00e0 la coupe slim est confectionn\u00e9 dans un tissu technique stretch.<\/li>\n<li>Taille haute<\/li>\n<li>Fermeture zipp\u00e9e<\/li>\n<li>Empi\u00e8cement en daim bleu fonc\u00e9<\/li>\n<li>Composition : 82 % polyamide, 18 % \u00e9lasthanne<\/li>\n<li>Largeur d&rsquo;entrejambe : 18 cm<\/li>\n<li>Longueur du bas : 89 cm (peut l\u00e9g\u00e8rement varier au lavage)<\/li>\n<li>Ce pantalon Jacob Coh\u00ebn est fabriqu\u00e9 \u00e0 la main en V\u00e9n\u00e9tie, dans le nord-est de l&rsquo;Italie.<\/li>\n<\/ul>\n<div>Il est livr\u00e9 avec une \u00e9charpe assortie et du fil de la m\u00eame couleur pour le raccourcir.<\/div>\n","protected":false},"excerpt":{"rendered":"<p>Nouveaut\u00e9 Jacob Coh\u00ebn : le Bard Active, le nouveau pantalon technique stretch. Son tissu technique stretch quadri-directionnel offre un confort exceptionnel. Facile d&rsquo;entretien, il est id\u00e9al pour le golf, par exemple. Taille petit, commandez une taille au-dessus de votre taille habituelle ! Ce pantalon moderne \u00e0 la coupe slim est confectionn\u00e9 dans un tissu technique [&#8230;]\n","protected":false},"featured_media":334236,"comment_status":"open","ping_status":"closed","template":"","meta":[],"product_cat":[1580,1642,1749,1788,1136,1428,1452],"product_tag":[],"acf":[],"yoast_head":"<!-- This site is optimized with the Yoast SEO plugin v22.3 - https:\/\/yoast.com\/wordpress\/plugins\/seo\/ -->\n<title>Jacob Coh\u00ebn - J688 (Bard Active) 4024 Y78 (42239) - Vousten Jeans<\/title>\n<meta name=\"robots\" content=\"index, follow, max-snippet:-1, max-image-preview:large, max-video-preview:-1\" \/>\n<link rel=\"canonical\" href=\"https:\/\/www.voustenjeans.com\/fr\/jacob-cohen-j688-bard-active-4024-y78-42239-2\/\" \/>\n<meta property=\"og:locale\" content=\"fr_FR\" \/>\n<meta property=\"og:type\" content=\"article\" \/>\n<meta property=\"og:title\" content=\"Jacob Coh\u00ebn - J688 (Bard Active) 4024 Y78 (42239) - Vousten Jeans\" \/>\n<meta property=\"og:description\" content=\"Nouveaut\u00e9 Jacob Coh\u00ebn : le Bard Active, le nouveau pantalon technique stretch. Son tissu technique stretch quadri-directionnel offre un confort exceptionnel. Facile d&rsquo;entretien, il est id\u00e9al pour le golf, par exemple. Taille petit, commandez une taille au-dessus de votre taille habituelle ! Ce pantalon moderne \u00e0 la coupe slim est confectionn\u00e9 dans un tissu technique [...]\" \/>\n<meta property=\"og:url\" content=\"https:\/\/www.voustenjeans.com\/fr\/jacob-cohen-j688-bard-active-4024-y78-42239-2\/\" \/>\n<meta property=\"og:site_name\" content=\"Vousten Jeans\" \/>\n<meta property=\"article:modified_time\" content=\"2026-04-07T22:30:45+00:00\" \/>\n<meta property=\"og:image\" content=\"https:\/\/www.voustenjeans.com\/wp-content\/uploads\/2023\/06\/Broek-23_Front.jpg\" \/>\n\t<meta property=\"og:image:width\" content=\"800\" \/>\n\t<meta property=\"og:image:height\" content=\"2250\" \/>\n\t<meta property=\"og:image:type\" content=\"image\/jpeg\" \/>\n<meta name=\"twitter:card\" content=\"summary_large_image\" \/>\n<meta name=\"twitter:label1\" content=\"Est. reading time\" \/>\n\t<meta name=\"twitter:data1\" content=\"1 minute\" \/>\n<script type=\"application\/ld+json\" class=\"yoast-schema-graph\">{\"@context\":\"https:\/\/schema.org\",\"@graph\":[{\"@type\":\"WebPage\",\"@id\":\"https:\/\/www.voustenjeans.com\/fr\/jacob-cohen-j688-bard-active-4024-y78-42239-2\/\",\"url\":\"https:\/\/www.voustenjeans.com\/fr\/jacob-cohen-j688-bard-active-4024-y78-42239-2\/\",\"name\":\"Jacob Coh\u00ebn - J688 (Bard Active) 4024 Y78 (42239) - Vousten Jeans\",\"isPartOf\":{\"@id\":\"https:\/\/www.voustenjeans.com\/en\/#website\"},\"primaryImageOfPage\":{\"@id\":\"https:\/\/www.voustenjeans.com\/fr\/jacob-cohen-j688-bard-active-4024-y78-42239-2\/#primaryimage\"},\"image\":{\"@id\":\"https:\/\/www.voustenjeans.com\/fr\/jacob-cohen-j688-bard-active-4024-y78-42239-2\/#primaryimage\"},\"thumbnailUrl\":\"https:\/\/www.voustenjeans.com\/wp-content\/uploads\/2023\/06\/Broek-23_Front.jpg\",\"datePublished\":\"2026-03-02T15:46:06+00:00\",\"dateModified\":\"2026-04-07T22:30:45+00:00\",\"breadcrumb\":{\"@id\":\"https:\/\/www.voustenjeans.com\/fr\/jacob-cohen-j688-bard-active-4024-y78-42239-2\/#breadcrumb\"},\"inLanguage\":\"fr-FR\",\"potentialAction\":[{\"@type\":\"ReadAction\",\"target\":[\"https:\/\/www.voustenjeans.com\/fr\/jacob-cohen-j688-bard-active-4024-y78-42239-2\/\"]}]},{\"@type\":\"ImageObject\",\"inLanguage\":\"fr-FR\",\"@id\":\"https:\/\/www.voustenjeans.com\/fr\/jacob-cohen-j688-bard-active-4024-y78-42239-2\/#primaryimage\",\"url\":\"https:\/\/www.voustenjeans.com\/wp-content\/uploads\/2023\/06\/Broek-23_Front.jpg\",\"contentUrl\":\"https:\/\/www.voustenjeans.com\/wp-content\/uploads\/2023\/06\/Broek-23_Front.jpg\",\"width\":800,\"height\":2250},{\"@type\":\"BreadcrumbList\",\"@id\":\"https:\/\/www.voustenjeans.com\/fr\/jacob-cohen-j688-bard-active-4024-y78-42239-2\/#breadcrumb\",\"itemListElement\":[{\"@type\":\"ListItem\",\"position\":1,\"name\":\"Home\",\"item\":\"https:\/\/www.voustenjeans.com\/fr\/\"},{\"@type\":\"ListItem\",\"position\":2,\"name\":\"Boutique\",\"item\":\"https:\/\/www.voustenjeans.com\/fr\/shop\/\"},{\"@type\":\"ListItem\",\"position\":3,\"name\":\"Jacob Coh\u00ebn &#8211; J688 (Bard Active) 4024 Y78 (42239)\"}]},{\"@type\":\"WebSite\",\"@id\":\"https:\/\/www.voustenjeans.com\/en\/#website\",\"url\":\"https:\/\/www.voustenjeans.com\/en\/\",\"name\":\"Vousten Jeans\",\"description\":\"\",\"potentialAction\":[{\"@type\":\"SearchAction\",\"target\":{\"@type\":\"EntryPoint\",\"urlTemplate\":\"https:\/\/www.voustenjeans.com\/en\/?s={search_term_string}\"},\"query-input\":\"required name=search_term_string\"}],\"inLanguage\":\"fr-FR\"}]}<\/script>\n<!-- \/ Yoast SEO plugin. -->","yoast_head_json":{"title":"Jacob Coh\u00ebn - J688 (Bard Active) 4024 Y78 (42239) - Vousten Jeans","robots":{"index":"index","follow":"follow","max-snippet":"max-snippet:-1","max-image-preview":"max-image-preview:large","max-video-preview":"max-video-preview:-1"},"canonical":"https:\/\/www.voustenjeans.com\/fr\/jacob-cohen-j688-bard-active-4024-y78-42239-2\/","og_locale":"fr_FR","og_type":"article","og_title":"Jacob Coh\u00ebn - J688 (Bard Active) 4024 Y78 (42239) - Vousten Jeans","og_description":"Nouveaut\u00e9 Jacob Coh\u00ebn : le Bard Active, le nouveau pantalon technique stretch. Son tissu technique stretch quadri-directionnel offre un confort exceptionnel. Facile d&rsquo;entretien, il est id\u00e9al pour le golf, par exemple. Taille petit, commandez une taille au-dessus de votre taille habituelle ! Ce pantalon moderne \u00e0 la coupe slim est confectionn\u00e9 dans un tissu technique [...]","og_url":"https:\/\/www.voustenjeans.com\/fr\/jacob-cohen-j688-bard-active-4024-y78-42239-2\/","og_site_name":"Vousten Jeans","article_modified_time":"2026-04-07T22:30:45+00:00","og_image":[{"width":800,"height":2250,"url":"https:\/\/www.voustenjeans.com\/wp-content\/uploads\/2023\/06\/Broek-23_Front.jpg","type":"image\/jpeg"}],"twitter_card":"summary_large_image","twitter_misc":{"Est. reading time":"1 minute"},"schema":{"@context":"https:\/\/schema.org","@graph":[{"@type":"WebPage","@id":"https:\/\/www.voustenjeans.com\/fr\/jacob-cohen-j688-bard-active-4024-y78-42239-2\/","url":"https:\/\/www.voustenjeans.com\/fr\/jacob-cohen-j688-bard-active-4024-y78-42239-2\/","name":"Jacob Coh\u00ebn - J688 (Bard Active) 4024 Y78 (42239) - Vousten Jeans","isPartOf":{"@id":"https:\/\/www.voustenjeans.com\/en\/#website"},"primaryImageOfPage":{"@id":"https:\/\/www.voustenjeans.com\/fr\/jacob-cohen-j688-bard-active-4024-y78-42239-2\/#primaryimage"},"image":{"@id":"https:\/\/www.voustenjeans.com\/fr\/jacob-cohen-j688-bard-active-4024-y78-42239-2\/#primaryimage"},"thumbnailUrl":"https:\/\/www.voustenjeans.com\/wp-content\/uploads\/2023\/06\/Broek-23_Front.jpg","datePublished":"2026-03-02T15:46:06+00:00","dateModified":"2026-04-07T22:30:45+00:00","breadcrumb":{"@id":"https:\/\/www.voustenjeans.com\/fr\/jacob-cohen-j688-bard-active-4024-y78-42239-2\/#breadcrumb"},"inLanguage":"fr-FR","potentialAction":[{"@type":"ReadAction","target":["https:\/\/www.voustenjeans.com\/fr\/jacob-cohen-j688-bard-active-4024-y78-42239-2\/"]}]},{"@type":"ImageObject","inLanguage":"fr-FR","@id":"https:\/\/www.voustenjeans.com\/fr\/jacob-cohen-j688-bard-active-4024-y78-42239-2\/#primaryimage","url":"https:\/\/www.voustenjeans.com\/wp-content\/uploads\/2023\/06\/Broek-23_Front.jpg","contentUrl":"https:\/\/www.voustenjeans.com\/wp-content\/uploads\/2023\/06\/Broek-23_Front.jpg","width":800,"height":2250},{"@type":"BreadcrumbList","@id":"https:\/\/www.voustenjeans.com\/fr\/jacob-cohen-j688-bard-active-4024-y78-42239-2\/#breadcrumb","itemListElement":[{"@type":"ListItem","position":1,"name":"Home","item":"https:\/\/www.voustenjeans.com\/fr\/"},{"@type":"ListItem","position":2,"name":"Boutique","item":"https:\/\/www.voustenjeans.com\/fr\/shop\/"},{"@type":"ListItem","position":3,"name":"Jacob Coh\u00ebn &#8211; J688 (Bard Active) 4024 Y78 (42239)"}]},{"@type":"WebSite","@id":"https:\/\/www.voustenjeans.com\/en\/#website","url":"https:\/\/www.voustenjeans.com\/en\/","name":"Vousten Jeans","description":"","potentialAction":[{"@type":"SearchAction","target":{"@type":"EntryPoint","urlTemplate":"https:\/\/www.voustenjeans.com\/en\/?s={search_term_string}"},"query-input":"required name=search_term_string"}],"inLanguage":"fr-FR"}]}},"_links":{"self":[{"href":"https:\/\/www.voustenjeans.com\/fr\/wp-json\/wp\/v2\/product\/334252"}],"collection":[{"href":"https:\/\/www.voustenjeans.com\/fr\/wp-json\/wp\/v2\/product"}],"about":[{"href":"https:\/\/www.voustenjeans.com\/fr\/wp-json\/wp\/v2\/types\/product"}],"replies":[{"embeddable":true,"href":"https:\/\/www.voustenjeans.com\/fr\/wp-json\/wp\/v2\/comments?post=334252"}],"wp:featuredmedia":[{"embeddable":true,"href":"https:\/\/www.voustenjeans.com\/fr\/wp-json\/wp\/v2\/media\/334236"}],"wp:attachment":[{"href":"https:\/\/www.voustenjeans.com\/fr\/wp-json\/wp\/v2\/media?parent=334252"}],"wp:term":[{"taxonomy":"product_cat","embeddable":true,"href":"https:\/\/www.voustenjeans.com\/fr\/wp-json\/wp\/v2\/product_cat?post=334252"},{"taxonomy":"product_tag","embeddable":true,"href":"https:\/\/www.voustenjeans.com\/fr\/wp-json\/wp\/v2\/product_tag?post=334252"}],"curies":[{"name":"wp","href":"https:\/\/api.w.org\/{rel}","templated":true}]}}