{"id":332791,"date":"2026-02-11T18:06:09","date_gmt":"2026-02-11T17:06:09","guid":{"rendered":"https:\/\/www.voustenjeans.com\/jacob-cohen-casquette-de-golf-beige-a0069-0716a-42277\/"},"modified":"2026-03-25T11:22:03","modified_gmt":"2026-03-25T10:22:03","slug":"jacob-cohen-casquette-de-golf-beige-a0069-0716a-42277","status":"publish","type":"product","link":"https:\/\/www.voustenjeans.com\/fr\/jacob-cohen-casquette-de-golf-beige-a0069-0716a-42277\/","title":{"rendered":"Jacob Coh\u00ebn &#8211; Casquette de golf beige A0069 0716A (42277)"},"content":{"rendered":"<div><strong>Amateurs de golf, \u00e0 vos marques !<\/strong> Avec les casquettes Jacob Coh\u00ebn, affichez un look \u00e9l\u00e9gant et styl\u00e9 cet \u00e9t\u00e9.<\/div>\n<div>La discr\u00e8te broderie golf sur le c\u00f4t\u00e9 gauche apporte une touche raffin\u00e9e.<\/div>\n<ul>\n<li>Logo sur le devant<\/li>\n<li>Broderie golf sur le c\u00f4t\u00e9 gauche<\/li>\n<li>Fermeture ajustable \u00e0 l&rsquo;arri\u00e8re<\/li>\n<li>Composition : 100 % coton<\/li>\n<\/ul>\n","protected":false},"excerpt":{"rendered":"<p>Amateurs de golf, \u00e0 vos marques ! Avec les casquettes Jacob Coh\u00ebn, affichez un look \u00e9l\u00e9gant et styl\u00e9 cet \u00e9t\u00e9. La discr\u00e8te broderie golf sur le c\u00f4t\u00e9 gauche apporte une touche raffin\u00e9e. Logo sur le devant Broderie golf sur le c\u00f4t\u00e9 gauche Fermeture ajustable \u00e0 l&rsquo;arri\u00e8re Composition : 100 % coton<\/p>\n","protected":false},"featured_media":332767,"comment_status":"open","ping_status":"closed","template":"","meta":[],"product_cat":[1110,1136,1254,1588,1642,1796,1812],"product_tag":[],"acf":[],"yoast_head":"<!-- This site is optimized with the Yoast SEO plugin v22.3 - https:\/\/yoast.com\/wordpress\/plugins\/seo\/ -->\n<title>Jacob Coh\u00ebn - Casquette de golf beige A0069 0716A (42277) - Vousten Jeans<\/title>\n<meta name=\"robots\" content=\"index, follow, max-snippet:-1, max-image-preview:large, max-video-preview:-1\" \/>\n<link rel=\"canonical\" href=\"https:\/\/www.voustenjeans.com\/fr\/jacob-cohen-casquette-de-golf-beige-a0069-0716a-42277\/\" \/>\n<meta property=\"og:locale\" content=\"fr_FR\" \/>\n<meta property=\"og:type\" content=\"article\" \/>\n<meta property=\"og:title\" content=\"Jacob Coh\u00ebn - Casquette de golf beige A0069 0716A (42277) - Vousten Jeans\" \/>\n<meta property=\"og:description\" content=\"Amateurs de golf, \u00e0 vos marques ! Avec les casquettes Jacob Coh\u00ebn, affichez un look \u00e9l\u00e9gant et styl\u00e9 cet \u00e9t\u00e9. La discr\u00e8te broderie golf sur le c\u00f4t\u00e9 gauche apporte une touche raffin\u00e9e. Logo sur le devant Broderie golf sur le c\u00f4t\u00e9 gauche Fermeture ajustable \u00e0 l&rsquo;arri\u00e8re Composition : 100 % coton\" \/>\n<meta property=\"og:url\" content=\"https:\/\/www.voustenjeans.com\/fr\/jacob-cohen-casquette-de-golf-beige-a0069-0716a-42277\/\" \/>\n<meta property=\"og:site_name\" content=\"Vousten Jeans\" \/>\n<meta property=\"article:modified_time\" content=\"2026-03-25T10:22:03+00:00\" \/>\n<meta property=\"og:image\" content=\"https:\/\/www.voustenjeans.com\/wp-content\/uploads\/2023\/06\/Golf-Pet-beige-A0069-0716A-422771.jpg\" \/>\n\t<meta property=\"og:image:width\" content=\"1365\" \/>\n\t<meta property=\"og:image:height\" content=\"2048\" \/>\n\t<meta property=\"og:image:type\" content=\"image\/jpeg\" \/>\n<meta name=\"twitter:card\" content=\"summary_large_image\" \/>\n<script type=\"application\/ld+json\" class=\"yoast-schema-graph\">{\"@context\":\"https:\/\/schema.org\",\"@graph\":[{\"@type\":\"WebPage\",\"@id\":\"https:\/\/www.voustenjeans.com\/fr\/jacob-cohen-casquette-de-golf-beige-a0069-0716a-42277\/\",\"url\":\"https:\/\/www.voustenjeans.com\/fr\/jacob-cohen-casquette-de-golf-beige-a0069-0716a-42277\/\",\"name\":\"Jacob Coh\u00ebn - Casquette de golf beige A0069 0716A (42277) - Vousten Jeans\",\"isPartOf\":{\"@id\":\"https:\/\/www.voustenjeans.com\/en\/#website\"},\"primaryImageOfPage\":{\"@id\":\"https:\/\/www.voustenjeans.com\/fr\/jacob-cohen-casquette-de-golf-beige-a0069-0716a-42277\/#primaryimage\"},\"image\":{\"@id\":\"https:\/\/www.voustenjeans.com\/fr\/jacob-cohen-casquette-de-golf-beige-a0069-0716a-42277\/#primaryimage\"},\"thumbnailUrl\":\"https:\/\/www.voustenjeans.com\/wp-content\/uploads\/2023\/06\/Golf-Pet-beige-A0069-0716A-422771.jpg\",\"datePublished\":\"2026-02-11T17:06:09+00:00\",\"dateModified\":\"2026-03-25T10:22:03+00:00\",\"breadcrumb\":{\"@id\":\"https:\/\/www.voustenjeans.com\/fr\/jacob-cohen-casquette-de-golf-beige-a0069-0716a-42277\/#breadcrumb\"},\"inLanguage\":\"fr-FR\",\"potentialAction\":[{\"@type\":\"ReadAction\",\"target\":[\"https:\/\/www.voustenjeans.com\/fr\/jacob-cohen-casquette-de-golf-beige-a0069-0716a-42277\/\"]}]},{\"@type\":\"ImageObject\",\"inLanguage\":\"fr-FR\",\"@id\":\"https:\/\/www.voustenjeans.com\/fr\/jacob-cohen-casquette-de-golf-beige-a0069-0716a-42277\/#primaryimage\",\"url\":\"https:\/\/www.voustenjeans.com\/wp-content\/uploads\/2023\/06\/Golf-Pet-beige-A0069-0716A-422771.jpg\",\"contentUrl\":\"https:\/\/www.voustenjeans.com\/wp-content\/uploads\/2023\/06\/Golf-Pet-beige-A0069-0716A-422771.jpg\",\"width\":1365,\"height\":2048},{\"@type\":\"BreadcrumbList\",\"@id\":\"https:\/\/www.voustenjeans.com\/fr\/jacob-cohen-casquette-de-golf-beige-a0069-0716a-42277\/#breadcrumb\",\"itemListElement\":[{\"@type\":\"ListItem\",\"position\":1,\"name\":\"Home\",\"item\":\"https:\/\/www.voustenjeans.com\/fr\/\"},{\"@type\":\"ListItem\",\"position\":2,\"name\":\"Boutique\",\"item\":\"https:\/\/www.voustenjeans.com\/fr\/shop\/\"},{\"@type\":\"ListItem\",\"position\":3,\"name\":\"Jacob Coh\u00ebn &#8211; Casquette de golf beige A0069 0716A (42277)\"}]},{\"@type\":\"WebSite\",\"@id\":\"https:\/\/www.voustenjeans.com\/en\/#website\",\"url\":\"https:\/\/www.voustenjeans.com\/en\/\",\"name\":\"Vousten Jeans\",\"description\":\"\",\"potentialAction\":[{\"@type\":\"SearchAction\",\"target\":{\"@type\":\"EntryPoint\",\"urlTemplate\":\"https:\/\/www.voustenjeans.com\/en\/?s={search_term_string}\"},\"query-input\":\"required name=search_term_string\"}],\"inLanguage\":\"fr-FR\"}]}<\/script>\n<!-- \/ Yoast SEO plugin. -->","yoast_head_json":{"title":"Jacob Coh\u00ebn - Casquette de golf beige A0069 0716A (42277) - Vousten Jeans","robots":{"index":"index","follow":"follow","max-snippet":"max-snippet:-1","max-image-preview":"max-image-preview:large","max-video-preview":"max-video-preview:-1"},"canonical":"https:\/\/www.voustenjeans.com\/fr\/jacob-cohen-casquette-de-golf-beige-a0069-0716a-42277\/","og_locale":"fr_FR","og_type":"article","og_title":"Jacob Coh\u00ebn - Casquette de golf beige A0069 0716A (42277) - Vousten Jeans","og_description":"Amateurs de golf, \u00e0 vos marques ! Avec les casquettes Jacob Coh\u00ebn, affichez un look \u00e9l\u00e9gant et styl\u00e9 cet \u00e9t\u00e9. La discr\u00e8te broderie golf sur le c\u00f4t\u00e9 gauche apporte une touche raffin\u00e9e. Logo sur le devant Broderie golf sur le c\u00f4t\u00e9 gauche Fermeture ajustable \u00e0 l&rsquo;arri\u00e8re Composition : 100 % coton","og_url":"https:\/\/www.voustenjeans.com\/fr\/jacob-cohen-casquette-de-golf-beige-a0069-0716a-42277\/","og_site_name":"Vousten Jeans","article_modified_time":"2026-03-25T10:22:03+00:00","og_image":[{"width":1365,"height":2048,"url":"https:\/\/www.voustenjeans.com\/wp-content\/uploads\/2023\/06\/Golf-Pet-beige-A0069-0716A-422771.jpg","type":"image\/jpeg"}],"twitter_card":"summary_large_image","schema":{"@context":"https:\/\/schema.org","@graph":[{"@type":"WebPage","@id":"https:\/\/www.voustenjeans.com\/fr\/jacob-cohen-casquette-de-golf-beige-a0069-0716a-42277\/","url":"https:\/\/www.voustenjeans.com\/fr\/jacob-cohen-casquette-de-golf-beige-a0069-0716a-42277\/","name":"Jacob Coh\u00ebn - Casquette de golf beige A0069 0716A (42277) - Vousten Jeans","isPartOf":{"@id":"https:\/\/www.voustenjeans.com\/en\/#website"},"primaryImageOfPage":{"@id":"https:\/\/www.voustenjeans.com\/fr\/jacob-cohen-casquette-de-golf-beige-a0069-0716a-42277\/#primaryimage"},"image":{"@id":"https:\/\/www.voustenjeans.com\/fr\/jacob-cohen-casquette-de-golf-beige-a0069-0716a-42277\/#primaryimage"},"thumbnailUrl":"https:\/\/www.voustenjeans.com\/wp-content\/uploads\/2023\/06\/Golf-Pet-beige-A0069-0716A-422771.jpg","datePublished":"2026-02-11T17:06:09+00:00","dateModified":"2026-03-25T10:22:03+00:00","breadcrumb":{"@id":"https:\/\/www.voustenjeans.com\/fr\/jacob-cohen-casquette-de-golf-beige-a0069-0716a-42277\/#breadcrumb"},"inLanguage":"fr-FR","potentialAction":[{"@type":"ReadAction","target":["https:\/\/www.voustenjeans.com\/fr\/jacob-cohen-casquette-de-golf-beige-a0069-0716a-42277\/"]}]},{"@type":"ImageObject","inLanguage":"fr-FR","@id":"https:\/\/www.voustenjeans.com\/fr\/jacob-cohen-casquette-de-golf-beige-a0069-0716a-42277\/#primaryimage","url":"https:\/\/www.voustenjeans.com\/wp-content\/uploads\/2023\/06\/Golf-Pet-beige-A0069-0716A-422771.jpg","contentUrl":"https:\/\/www.voustenjeans.com\/wp-content\/uploads\/2023\/06\/Golf-Pet-beige-A0069-0716A-422771.jpg","width":1365,"height":2048},{"@type":"BreadcrumbList","@id":"https:\/\/www.voustenjeans.com\/fr\/jacob-cohen-casquette-de-golf-beige-a0069-0716a-42277\/#breadcrumb","itemListElement":[{"@type":"ListItem","position":1,"name":"Home","item":"https:\/\/www.voustenjeans.com\/fr\/"},{"@type":"ListItem","position":2,"name":"Boutique","item":"https:\/\/www.voustenjeans.com\/fr\/shop\/"},{"@type":"ListItem","position":3,"name":"Jacob Coh\u00ebn &#8211; Casquette de golf beige A0069 0716A (42277)"}]},{"@type":"WebSite","@id":"https:\/\/www.voustenjeans.com\/en\/#website","url":"https:\/\/www.voustenjeans.com\/en\/","name":"Vousten Jeans","description":"","potentialAction":[{"@type":"SearchAction","target":{"@type":"EntryPoint","urlTemplate":"https:\/\/www.voustenjeans.com\/en\/?s={search_term_string}"},"query-input":"required name=search_term_string"}],"inLanguage":"fr-FR"}]}},"_links":{"self":[{"href":"https:\/\/www.voustenjeans.com\/fr\/wp-json\/wp\/v2\/product\/332791"}],"collection":[{"href":"https:\/\/www.voustenjeans.com\/fr\/wp-json\/wp\/v2\/product"}],"about":[{"href":"https:\/\/www.voustenjeans.com\/fr\/wp-json\/wp\/v2\/types\/product"}],"replies":[{"embeddable":true,"href":"https:\/\/www.voustenjeans.com\/fr\/wp-json\/wp\/v2\/comments?post=332791"}],"wp:featuredmedia":[{"embeddable":true,"href":"https:\/\/www.voustenjeans.com\/fr\/wp-json\/wp\/v2\/media\/332767"}],"wp:attachment":[{"href":"https:\/\/www.voustenjeans.com\/fr\/wp-json\/wp\/v2\/media?parent=332791"}],"wp:term":[{"taxonomy":"product_cat","embeddable":true,"href":"https:\/\/www.voustenjeans.com\/fr\/wp-json\/wp\/v2\/product_cat?post=332791"},{"taxonomy":"product_tag","embeddable":true,"href":"https:\/\/www.voustenjeans.com\/fr\/wp-json\/wp\/v2\/product_tag?post=332791"}],"curies":[{"name":"wp","href":"https:\/\/api.w.org\/{rel}","templated":true}]}}