{"id":332694,"date":"2026-02-09T03:58:07","date_gmt":"2026-02-09T02:58:07","guid":{"rendered":"https:\/\/www.voustenjeans.com\/jacob-cohen-resort-t-shirt-m4530-y73-42246-2\/"},"modified":"2026-02-24T19:58:14","modified_gmt":"2026-02-24T18:58:14","slug":"jacob-cohen-resort-t-shirt-m4530-y73-42246-2","status":"publish","type":"product","link":"https:\/\/www.voustenjeans.com\/fr\/jacob-cohen-resort-t-shirt-m4530-y73-42246-2\/","title":{"rendered":"Jacob Coh\u00ebn &#8211; Resort T-shirt M4530 Y73 (42246)"},"content":{"rendered":"<div>\n<div>\n<h4><strong>Resort Capsule Collection!<\/strong><\/h4>\n<p>Chaque \u00e9t\u00e9, Jacob Coh\u00ebn lance une collection capsule Resort, une collection qui raconte un style de vie raffin\u00e9, con\u00e7ue pour profiter de la saison estivale avec \u00e9l\u00e9gance, dans un univers o\u00f9 glamour et luxe se m\u00ealent du lever au coucher du soleil. Cette fois-ci, Resort c\u00e9l\u00e8bre la saison estivale de Palm Beach avec des couleurs vives, des imprim\u00e9s floraux et des motifs sophistiqu\u00e9s rehauss\u00e9s de broderies.<\/p>\n<\/div>\n<div><\/div>\n<div>C&rsquo;est un t-shirt confortable \u00e0 la coupe classique.<\/div>\n<ul>\n<li>Il arbore un logo Resort brod\u00e9 sur la poitrine, repr\u00e9sentant une voiture de luxe, un palmier et un soleil, ainsi que le logo embl\u00e9matique de Jacob Coh\u00ebn<\/li>\n<li>Composition : 100 % coton<\/li>\n<li>Ce t-shirt Jacob Coh\u00ebn est fabriqu\u00e9 \u00e0 la main en V\u00e9n\u00e9tie, dans le nord-est de l&rsquo;Italie.<\/li>\n<\/ul>\n<\/div>\n<div><\/div>\n","protected":false},"excerpt":{"rendered":"<p>Resort Capsule Collection! Chaque \u00e9t\u00e9, Jacob Coh\u00ebn lance une collection capsule Resort, une collection qui raconte un style de vie raffin\u00e9, con\u00e7ue pour profiter de la saison estivale avec \u00e9l\u00e9gance, dans un univers o\u00f9 glamour et luxe se m\u00ealent du lever au coucher du soleil. Cette fois-ci, Resort c\u00e9l\u00e8bre la saison estivale de Palm Beach [&#8230;]\n","protected":false},"featured_media":332678,"comment_status":"open","ping_status":"closed","template":"","meta":[],"product_cat":[1136,1254,1588,1596,1642,1646],"product_tag":[],"acf":[],"yoast_head":"<!-- This site is optimized with the Yoast SEO plugin v22.3 - https:\/\/yoast.com\/wordpress\/plugins\/seo\/ -->\n<title>Jacob Coh\u00ebn - Resort T-shirt M4530 Y73 (42246) - Vousten Jeans<\/title>\n<meta name=\"robots\" content=\"index, follow, max-snippet:-1, max-image-preview:large, max-video-preview:-1\" \/>\n<link rel=\"canonical\" href=\"https:\/\/www.voustenjeans.com\/fr\/jacob-cohen-resort-t-shirt-m4530-y73-42246-2\/\" \/>\n<meta property=\"og:locale\" content=\"fr_FR\" \/>\n<meta property=\"og:type\" content=\"article\" \/>\n<meta property=\"og:title\" content=\"Jacob Coh\u00ebn - Resort T-shirt M4530 Y73 (42246) - Vousten Jeans\" \/>\n<meta property=\"og:description\" content=\"Resort Capsule Collection! Chaque \u00e9t\u00e9, Jacob Coh\u00ebn lance une collection capsule Resort, une collection qui raconte un style de vie raffin\u00e9, con\u00e7ue pour profiter de la saison estivale avec \u00e9l\u00e9gance, dans un univers o\u00f9 glamour et luxe se m\u00ealent du lever au coucher du soleil. Cette fois-ci, Resort c\u00e9l\u00e8bre la saison estivale de Palm Beach [...]\" \/>\n<meta property=\"og:url\" content=\"https:\/\/www.voustenjeans.com\/fr\/jacob-cohen-resort-t-shirt-m4530-y73-42246-2\/\" \/>\n<meta property=\"og:site_name\" content=\"Vousten Jeans\" \/>\n<meta property=\"article:modified_time\" content=\"2026-02-24T18:58:14+00:00\" \/>\n<meta property=\"og:image\" content=\"https:\/\/www.voustenjeans.com\/wp-content\/uploads\/2023\/06\/Resort-T-shirt-M4530-Y73-422461.jpg\" \/>\n\t<meta property=\"og:image:width\" content=\"1365\" \/>\n\t<meta property=\"og:image:height\" content=\"2048\" \/>\n\t<meta property=\"og:image:type\" content=\"image\/jpeg\" \/>\n<meta name=\"twitter:card\" content=\"summary_large_image\" \/>\n<meta name=\"twitter:label1\" content=\"Est. reading time\" \/>\n\t<meta name=\"twitter:data1\" content=\"1 minute\" \/>\n<script type=\"application\/ld+json\" class=\"yoast-schema-graph\">{\"@context\":\"https:\/\/schema.org\",\"@graph\":[{\"@type\":\"WebPage\",\"@id\":\"https:\/\/www.voustenjeans.com\/fr\/jacob-cohen-resort-t-shirt-m4530-y73-42246-2\/\",\"url\":\"https:\/\/www.voustenjeans.com\/fr\/jacob-cohen-resort-t-shirt-m4530-y73-42246-2\/\",\"name\":\"Jacob Coh\u00ebn - Resort T-shirt M4530 Y73 (42246) - Vousten Jeans\",\"isPartOf\":{\"@id\":\"https:\/\/www.voustenjeans.com\/en\/#website\"},\"primaryImageOfPage\":{\"@id\":\"https:\/\/www.voustenjeans.com\/fr\/jacob-cohen-resort-t-shirt-m4530-y73-42246-2\/#primaryimage\"},\"image\":{\"@id\":\"https:\/\/www.voustenjeans.com\/fr\/jacob-cohen-resort-t-shirt-m4530-y73-42246-2\/#primaryimage\"},\"thumbnailUrl\":\"https:\/\/www.voustenjeans.com\/wp-content\/uploads\/2023\/06\/Resort-T-shirt-M4530-Y73-422461.jpg\",\"datePublished\":\"2026-02-09T02:58:07+00:00\",\"dateModified\":\"2026-02-24T18:58:14+00:00\",\"breadcrumb\":{\"@id\":\"https:\/\/www.voustenjeans.com\/fr\/jacob-cohen-resort-t-shirt-m4530-y73-42246-2\/#breadcrumb\"},\"inLanguage\":\"fr-FR\",\"potentialAction\":[{\"@type\":\"ReadAction\",\"target\":[\"https:\/\/www.voustenjeans.com\/fr\/jacob-cohen-resort-t-shirt-m4530-y73-42246-2\/\"]}]},{\"@type\":\"ImageObject\",\"inLanguage\":\"fr-FR\",\"@id\":\"https:\/\/www.voustenjeans.com\/fr\/jacob-cohen-resort-t-shirt-m4530-y73-42246-2\/#primaryimage\",\"url\":\"https:\/\/www.voustenjeans.com\/wp-content\/uploads\/2023\/06\/Resort-T-shirt-M4530-Y73-422461.jpg\",\"contentUrl\":\"https:\/\/www.voustenjeans.com\/wp-content\/uploads\/2023\/06\/Resort-T-shirt-M4530-Y73-422461.jpg\",\"width\":1365,\"height\":2048},{\"@type\":\"BreadcrumbList\",\"@id\":\"https:\/\/www.voustenjeans.com\/fr\/jacob-cohen-resort-t-shirt-m4530-y73-42246-2\/#breadcrumb\",\"itemListElement\":[{\"@type\":\"ListItem\",\"position\":1,\"name\":\"Home\",\"item\":\"https:\/\/www.voustenjeans.com\/fr\/\"},{\"@type\":\"ListItem\",\"position\":2,\"name\":\"Boutique\",\"item\":\"https:\/\/www.voustenjeans.com\/fr\/shop\/\"},{\"@type\":\"ListItem\",\"position\":3,\"name\":\"Jacob Coh\u00ebn &#8211; Resort T-shirt M4530 Y73 (42246)\"}]},{\"@type\":\"WebSite\",\"@id\":\"https:\/\/www.voustenjeans.com\/en\/#website\",\"url\":\"https:\/\/www.voustenjeans.com\/en\/\",\"name\":\"Vousten Jeans\",\"description\":\"\",\"potentialAction\":[{\"@type\":\"SearchAction\",\"target\":{\"@type\":\"EntryPoint\",\"urlTemplate\":\"https:\/\/www.voustenjeans.com\/en\/?s={search_term_string}\"},\"query-input\":\"required name=search_term_string\"}],\"inLanguage\":\"fr-FR\"}]}<\/script>\n<!-- \/ Yoast SEO plugin. -->","yoast_head_json":{"title":"Jacob Coh\u00ebn - Resort T-shirt M4530 Y73 (42246) - Vousten Jeans","robots":{"index":"index","follow":"follow","max-snippet":"max-snippet:-1","max-image-preview":"max-image-preview:large","max-video-preview":"max-video-preview:-1"},"canonical":"https:\/\/www.voustenjeans.com\/fr\/jacob-cohen-resort-t-shirt-m4530-y73-42246-2\/","og_locale":"fr_FR","og_type":"article","og_title":"Jacob Coh\u00ebn - Resort T-shirt M4530 Y73 (42246) - Vousten Jeans","og_description":"Resort Capsule Collection! Chaque \u00e9t\u00e9, Jacob Coh\u00ebn lance une collection capsule Resort, une collection qui raconte un style de vie raffin\u00e9, con\u00e7ue pour profiter de la saison estivale avec \u00e9l\u00e9gance, dans un univers o\u00f9 glamour et luxe se m\u00ealent du lever au coucher du soleil. Cette fois-ci, Resort c\u00e9l\u00e8bre la saison estivale de Palm Beach [...]","og_url":"https:\/\/www.voustenjeans.com\/fr\/jacob-cohen-resort-t-shirt-m4530-y73-42246-2\/","og_site_name":"Vousten Jeans","article_modified_time":"2026-02-24T18:58:14+00:00","og_image":[{"width":1365,"height":2048,"url":"https:\/\/www.voustenjeans.com\/wp-content\/uploads\/2023\/06\/Resort-T-shirt-M4530-Y73-422461.jpg","type":"image\/jpeg"}],"twitter_card":"summary_large_image","twitter_misc":{"Est. reading time":"1 minute"},"schema":{"@context":"https:\/\/schema.org","@graph":[{"@type":"WebPage","@id":"https:\/\/www.voustenjeans.com\/fr\/jacob-cohen-resort-t-shirt-m4530-y73-42246-2\/","url":"https:\/\/www.voustenjeans.com\/fr\/jacob-cohen-resort-t-shirt-m4530-y73-42246-2\/","name":"Jacob Coh\u00ebn - Resort T-shirt M4530 Y73 (42246) - Vousten Jeans","isPartOf":{"@id":"https:\/\/www.voustenjeans.com\/en\/#website"},"primaryImageOfPage":{"@id":"https:\/\/www.voustenjeans.com\/fr\/jacob-cohen-resort-t-shirt-m4530-y73-42246-2\/#primaryimage"},"image":{"@id":"https:\/\/www.voustenjeans.com\/fr\/jacob-cohen-resort-t-shirt-m4530-y73-42246-2\/#primaryimage"},"thumbnailUrl":"https:\/\/www.voustenjeans.com\/wp-content\/uploads\/2023\/06\/Resort-T-shirt-M4530-Y73-422461.jpg","datePublished":"2026-02-09T02:58:07+00:00","dateModified":"2026-02-24T18:58:14+00:00","breadcrumb":{"@id":"https:\/\/www.voustenjeans.com\/fr\/jacob-cohen-resort-t-shirt-m4530-y73-42246-2\/#breadcrumb"},"inLanguage":"fr-FR","potentialAction":[{"@type":"ReadAction","target":["https:\/\/www.voustenjeans.com\/fr\/jacob-cohen-resort-t-shirt-m4530-y73-42246-2\/"]}]},{"@type":"ImageObject","inLanguage":"fr-FR","@id":"https:\/\/www.voustenjeans.com\/fr\/jacob-cohen-resort-t-shirt-m4530-y73-42246-2\/#primaryimage","url":"https:\/\/www.voustenjeans.com\/wp-content\/uploads\/2023\/06\/Resort-T-shirt-M4530-Y73-422461.jpg","contentUrl":"https:\/\/www.voustenjeans.com\/wp-content\/uploads\/2023\/06\/Resort-T-shirt-M4530-Y73-422461.jpg","width":1365,"height":2048},{"@type":"BreadcrumbList","@id":"https:\/\/www.voustenjeans.com\/fr\/jacob-cohen-resort-t-shirt-m4530-y73-42246-2\/#breadcrumb","itemListElement":[{"@type":"ListItem","position":1,"name":"Home","item":"https:\/\/www.voustenjeans.com\/fr\/"},{"@type":"ListItem","position":2,"name":"Boutique","item":"https:\/\/www.voustenjeans.com\/fr\/shop\/"},{"@type":"ListItem","position":3,"name":"Jacob Coh\u00ebn &#8211; Resort T-shirt M4530 Y73 (42246)"}]},{"@type":"WebSite","@id":"https:\/\/www.voustenjeans.com\/en\/#website","url":"https:\/\/www.voustenjeans.com\/en\/","name":"Vousten Jeans","description":"","potentialAction":[{"@type":"SearchAction","target":{"@type":"EntryPoint","urlTemplate":"https:\/\/www.voustenjeans.com\/en\/?s={search_term_string}"},"query-input":"required name=search_term_string"}],"inLanguage":"fr-FR"}]}},"_links":{"self":[{"href":"https:\/\/www.voustenjeans.com\/fr\/wp-json\/wp\/v2\/product\/332694"}],"collection":[{"href":"https:\/\/www.voustenjeans.com\/fr\/wp-json\/wp\/v2\/product"}],"about":[{"href":"https:\/\/www.voustenjeans.com\/fr\/wp-json\/wp\/v2\/types\/product"}],"replies":[{"embeddable":true,"href":"https:\/\/www.voustenjeans.com\/fr\/wp-json\/wp\/v2\/comments?post=332694"}],"wp:featuredmedia":[{"embeddable":true,"href":"https:\/\/www.voustenjeans.com\/fr\/wp-json\/wp\/v2\/media\/332678"}],"wp:attachment":[{"href":"https:\/\/www.voustenjeans.com\/fr\/wp-json\/wp\/v2\/media?parent=332694"}],"wp:term":[{"taxonomy":"product_cat","embeddable":true,"href":"https:\/\/www.voustenjeans.com\/fr\/wp-json\/wp\/v2\/product_cat?post=332694"},{"taxonomy":"product_tag","embeddable":true,"href":"https:\/\/www.voustenjeans.com\/fr\/wp-json\/wp\/v2\/product_tag?post=332694"}],"curies":[{"name":"wp","href":"https:\/\/api.w.org\/{rel}","templated":true}]}}