{"id":332558,"date":"2026-02-08T16:30:09","date_gmt":"2026-02-08T15:30:09","guid":{"rendered":"https:\/\/www.voustenjeans.com\/jacob-cohen-polo-blanc-m4565-a00-42258\/"},"modified":"2026-04-11T11:44:03","modified_gmt":"2026-04-11T09:44:03","slug":"jacob-cohen-polo-blanc-m4565-a00-42258","status":"publish","type":"product","link":"https:\/\/www.voustenjeans.com\/fr\/jacob-cohen-polo-blanc-m4565-a00-42258\/","title":{"rendered":"Jacob Coh\u00ebn &#8211; Polo blanc M4565 A00 (42258)"},"content":{"rendered":"<div>Avec les polos Jacob Coh\u00ebn, composez un look \u00e9l\u00e9gant et styl\u00e9 cet \u00e9t\u00e9. Ce polo blanc est dot\u00e9 d&rsquo;une patte de boutonnage \u00e0 quatre boutons, d&rsquo;un col et de manches courtes. Les fentes lat\u00e9rales lui conf\u00e8rent une touche d&rsquo;originalit\u00e9 et assurent un confort optimal. La discr\u00e8te broderie sur la poitrine gauche apporte une touche de raffinement \u00e0 son style minimaliste.<\/div>\n<ul>\n<li>100 % coton<\/li>\n<li>Manches courtes<\/li>\n<li>Col polo<\/li>\n<li>Logo brod\u00e9 sur la poitrine<\/li>\n<li>Coupe ajust\u00e9e<\/li>\n<li>Coupe classique<\/li>\n<\/ul>\n","protected":false},"excerpt":{"rendered":"<p>Avec les polos Jacob Coh\u00ebn, composez un look \u00e9l\u00e9gant et styl\u00e9 cet \u00e9t\u00e9. Ce polo blanc est dot\u00e9 d&rsquo;une patte de boutonnage \u00e0 quatre boutons, d&rsquo;un col et de manches courtes. Les fentes lat\u00e9rales lui conf\u00e8rent une touche d&rsquo;originalit\u00e9 et assurent un confort optimal. La discr\u00e8te broderie sur la poitrine gauche apporte une touche de [&#8230;]\n","protected":false},"featured_media":332542,"comment_status":"open","ping_status":"closed","template":"","meta":[],"product_cat":[1136,1254,1588,1620,1642,1646],"product_tag":[],"acf":[],"yoast_head":"<!-- This site is optimized with the Yoast SEO plugin v22.3 - https:\/\/yoast.com\/wordpress\/plugins\/seo\/ -->\n<title>Jacob Coh\u00ebn - Polo blanc M4565 A00 (42258) - Vousten Jeans<\/title>\n<meta name=\"robots\" content=\"index, follow, max-snippet:-1, max-image-preview:large, max-video-preview:-1\" \/>\n<link rel=\"canonical\" href=\"https:\/\/www.voustenjeans.com\/fr\/jacob-cohen-polo-blanc-m4565-a00-42258\/\" \/>\n<meta property=\"og:locale\" content=\"fr_FR\" \/>\n<meta property=\"og:type\" content=\"article\" \/>\n<meta property=\"og:title\" content=\"Jacob Coh\u00ebn - Polo blanc M4565 A00 (42258) - Vousten Jeans\" \/>\n<meta property=\"og:description\" content=\"Avec les polos Jacob Coh\u00ebn, composez un look \u00e9l\u00e9gant et styl\u00e9 cet \u00e9t\u00e9. Ce polo blanc est dot\u00e9 d&rsquo;une patte de boutonnage \u00e0 quatre boutons, d&rsquo;un col et de manches courtes. Les fentes lat\u00e9rales lui conf\u00e8rent une touche d&rsquo;originalit\u00e9 et assurent un confort optimal. La discr\u00e8te broderie sur la poitrine gauche apporte une touche de [...]\" \/>\n<meta property=\"og:url\" content=\"https:\/\/www.voustenjeans.com\/fr\/jacob-cohen-polo-blanc-m4565-a00-42258\/\" \/>\n<meta property=\"og:site_name\" content=\"Vousten Jeans\" \/>\n<meta property=\"article:modified_time\" content=\"2026-04-11T09:44:03+00:00\" \/>\n<meta property=\"og:image\" content=\"https:\/\/www.voustenjeans.com\/wp-content\/uploads\/2023\/06\/Poloshirt-wit-M4565-A00-422581.jpg\" \/>\n\t<meta property=\"og:image:width\" content=\"1365\" \/>\n\t<meta property=\"og:image:height\" content=\"2048\" \/>\n\t<meta property=\"og:image:type\" content=\"image\/jpeg\" \/>\n<meta name=\"twitter:card\" content=\"summary_large_image\" \/>\n<script type=\"application\/ld+json\" class=\"yoast-schema-graph\">{\"@context\":\"https:\/\/schema.org\",\"@graph\":[{\"@type\":\"WebPage\",\"@id\":\"https:\/\/www.voustenjeans.com\/fr\/jacob-cohen-polo-blanc-m4565-a00-42258\/\",\"url\":\"https:\/\/www.voustenjeans.com\/fr\/jacob-cohen-polo-blanc-m4565-a00-42258\/\",\"name\":\"Jacob Coh\u00ebn - Polo blanc M4565 A00 (42258) - Vousten Jeans\",\"isPartOf\":{\"@id\":\"https:\/\/www.voustenjeans.com\/en\/#website\"},\"primaryImageOfPage\":{\"@id\":\"https:\/\/www.voustenjeans.com\/fr\/jacob-cohen-polo-blanc-m4565-a00-42258\/#primaryimage\"},\"image\":{\"@id\":\"https:\/\/www.voustenjeans.com\/fr\/jacob-cohen-polo-blanc-m4565-a00-42258\/#primaryimage\"},\"thumbnailUrl\":\"https:\/\/www.voustenjeans.com\/wp-content\/uploads\/2023\/06\/Poloshirt-wit-M4565-A00-422581.jpg\",\"datePublished\":\"2026-02-08T15:30:09+00:00\",\"dateModified\":\"2026-04-11T09:44:03+00:00\",\"breadcrumb\":{\"@id\":\"https:\/\/www.voustenjeans.com\/fr\/jacob-cohen-polo-blanc-m4565-a00-42258\/#breadcrumb\"},\"inLanguage\":\"fr-FR\",\"potentialAction\":[{\"@type\":\"ReadAction\",\"target\":[\"https:\/\/www.voustenjeans.com\/fr\/jacob-cohen-polo-blanc-m4565-a00-42258\/\"]}]},{\"@type\":\"ImageObject\",\"inLanguage\":\"fr-FR\",\"@id\":\"https:\/\/www.voustenjeans.com\/fr\/jacob-cohen-polo-blanc-m4565-a00-42258\/#primaryimage\",\"url\":\"https:\/\/www.voustenjeans.com\/wp-content\/uploads\/2023\/06\/Poloshirt-wit-M4565-A00-422581.jpg\",\"contentUrl\":\"https:\/\/www.voustenjeans.com\/wp-content\/uploads\/2023\/06\/Poloshirt-wit-M4565-A00-422581.jpg\",\"width\":1365,\"height\":2048},{\"@type\":\"BreadcrumbList\",\"@id\":\"https:\/\/www.voustenjeans.com\/fr\/jacob-cohen-polo-blanc-m4565-a00-42258\/#breadcrumb\",\"itemListElement\":[{\"@type\":\"ListItem\",\"position\":1,\"name\":\"Home\",\"item\":\"https:\/\/www.voustenjeans.com\/fr\/\"},{\"@type\":\"ListItem\",\"position\":2,\"name\":\"Boutique\",\"item\":\"https:\/\/www.voustenjeans.com\/fr\/shop\/\"},{\"@type\":\"ListItem\",\"position\":3,\"name\":\"Jacob Coh\u00ebn &#8211; Polo blanc M4565 A00 (42258)\"}]},{\"@type\":\"WebSite\",\"@id\":\"https:\/\/www.voustenjeans.com\/en\/#website\",\"url\":\"https:\/\/www.voustenjeans.com\/en\/\",\"name\":\"Vousten Jeans\",\"description\":\"\",\"potentialAction\":[{\"@type\":\"SearchAction\",\"target\":{\"@type\":\"EntryPoint\",\"urlTemplate\":\"https:\/\/www.voustenjeans.com\/en\/?s={search_term_string}\"},\"query-input\":\"required name=search_term_string\"}],\"inLanguage\":\"fr-FR\"}]}<\/script>\n<!-- \/ Yoast SEO plugin. -->","yoast_head_json":{"title":"Jacob Coh\u00ebn - Polo blanc M4565 A00 (42258) - Vousten Jeans","robots":{"index":"index","follow":"follow","max-snippet":"max-snippet:-1","max-image-preview":"max-image-preview:large","max-video-preview":"max-video-preview:-1"},"canonical":"https:\/\/www.voustenjeans.com\/fr\/jacob-cohen-polo-blanc-m4565-a00-42258\/","og_locale":"fr_FR","og_type":"article","og_title":"Jacob Coh\u00ebn - Polo blanc M4565 A00 (42258) - Vousten Jeans","og_description":"Avec les polos Jacob Coh\u00ebn, composez un look \u00e9l\u00e9gant et styl\u00e9 cet \u00e9t\u00e9. Ce polo blanc est dot\u00e9 d&rsquo;une patte de boutonnage \u00e0 quatre boutons, d&rsquo;un col et de manches courtes. Les fentes lat\u00e9rales lui conf\u00e8rent une touche d&rsquo;originalit\u00e9 et assurent un confort optimal. La discr\u00e8te broderie sur la poitrine gauche apporte une touche de [...]","og_url":"https:\/\/www.voustenjeans.com\/fr\/jacob-cohen-polo-blanc-m4565-a00-42258\/","og_site_name":"Vousten Jeans","article_modified_time":"2026-04-11T09:44:03+00:00","og_image":[{"width":1365,"height":2048,"url":"https:\/\/www.voustenjeans.com\/wp-content\/uploads\/2023\/06\/Poloshirt-wit-M4565-A00-422581.jpg","type":"image\/jpeg"}],"twitter_card":"summary_large_image","schema":{"@context":"https:\/\/schema.org","@graph":[{"@type":"WebPage","@id":"https:\/\/www.voustenjeans.com\/fr\/jacob-cohen-polo-blanc-m4565-a00-42258\/","url":"https:\/\/www.voustenjeans.com\/fr\/jacob-cohen-polo-blanc-m4565-a00-42258\/","name":"Jacob Coh\u00ebn - Polo blanc M4565 A00 (42258) - Vousten Jeans","isPartOf":{"@id":"https:\/\/www.voustenjeans.com\/en\/#website"},"primaryImageOfPage":{"@id":"https:\/\/www.voustenjeans.com\/fr\/jacob-cohen-polo-blanc-m4565-a00-42258\/#primaryimage"},"image":{"@id":"https:\/\/www.voustenjeans.com\/fr\/jacob-cohen-polo-blanc-m4565-a00-42258\/#primaryimage"},"thumbnailUrl":"https:\/\/www.voustenjeans.com\/wp-content\/uploads\/2023\/06\/Poloshirt-wit-M4565-A00-422581.jpg","datePublished":"2026-02-08T15:30:09+00:00","dateModified":"2026-04-11T09:44:03+00:00","breadcrumb":{"@id":"https:\/\/www.voustenjeans.com\/fr\/jacob-cohen-polo-blanc-m4565-a00-42258\/#breadcrumb"},"inLanguage":"fr-FR","potentialAction":[{"@type":"ReadAction","target":["https:\/\/www.voustenjeans.com\/fr\/jacob-cohen-polo-blanc-m4565-a00-42258\/"]}]},{"@type":"ImageObject","inLanguage":"fr-FR","@id":"https:\/\/www.voustenjeans.com\/fr\/jacob-cohen-polo-blanc-m4565-a00-42258\/#primaryimage","url":"https:\/\/www.voustenjeans.com\/wp-content\/uploads\/2023\/06\/Poloshirt-wit-M4565-A00-422581.jpg","contentUrl":"https:\/\/www.voustenjeans.com\/wp-content\/uploads\/2023\/06\/Poloshirt-wit-M4565-A00-422581.jpg","width":1365,"height":2048},{"@type":"BreadcrumbList","@id":"https:\/\/www.voustenjeans.com\/fr\/jacob-cohen-polo-blanc-m4565-a00-42258\/#breadcrumb","itemListElement":[{"@type":"ListItem","position":1,"name":"Home","item":"https:\/\/www.voustenjeans.com\/fr\/"},{"@type":"ListItem","position":2,"name":"Boutique","item":"https:\/\/www.voustenjeans.com\/fr\/shop\/"},{"@type":"ListItem","position":3,"name":"Jacob Coh\u00ebn &#8211; Polo blanc M4565 A00 (42258)"}]},{"@type":"WebSite","@id":"https:\/\/www.voustenjeans.com\/en\/#website","url":"https:\/\/www.voustenjeans.com\/en\/","name":"Vousten Jeans","description":"","potentialAction":[{"@type":"SearchAction","target":{"@type":"EntryPoint","urlTemplate":"https:\/\/www.voustenjeans.com\/en\/?s={search_term_string}"},"query-input":"required name=search_term_string"}],"inLanguage":"fr-FR"}]}},"_links":{"self":[{"href":"https:\/\/www.voustenjeans.com\/fr\/wp-json\/wp\/v2\/product\/332558"}],"collection":[{"href":"https:\/\/www.voustenjeans.com\/fr\/wp-json\/wp\/v2\/product"}],"about":[{"href":"https:\/\/www.voustenjeans.com\/fr\/wp-json\/wp\/v2\/types\/product"}],"replies":[{"embeddable":true,"href":"https:\/\/www.voustenjeans.com\/fr\/wp-json\/wp\/v2\/comments?post=332558"}],"wp:featuredmedia":[{"embeddable":true,"href":"https:\/\/www.voustenjeans.com\/fr\/wp-json\/wp\/v2\/media\/332542"}],"wp:attachment":[{"href":"https:\/\/www.voustenjeans.com\/fr\/wp-json\/wp\/v2\/media?parent=332558"}],"wp:term":[{"taxonomy":"product_cat","embeddable":true,"href":"https:\/\/www.voustenjeans.com\/fr\/wp-json\/wp\/v2\/product_cat?post=332558"},{"taxonomy":"product_tag","embeddable":true,"href":"https:\/\/www.voustenjeans.com\/fr\/wp-json\/wp\/v2\/product_tag?post=332558"}],"curies":[{"name":"wp","href":"https:\/\/api.w.org\/{rel}","templated":true}]}}