{"id":330495,"date":"2026-01-30T21:34:06","date_gmt":"2026-01-30T20:34:06","guid":{"rendered":"https:\/\/www.voustenjeans.com\/jacob-cohen-j688-bard-resort-edition-4255-300d-42289-2\/"},"modified":"2026-04-16T13:32:05","modified_gmt":"2026-04-16T11:32:05","slug":"jacob-cohen-j688-bard-resort-edition-4255-300d-42289-2","status":"publish","type":"product","link":"https:\/\/www.voustenjeans.com\/fr\/jacob-cohen-j688-bard-resort-edition-4255-300d-42289-2\/","title":{"rendered":"Jacob Coh\u00ebn &#8211; J688 (Bard) Resort Edition 4255 300D (42289)"},"content":{"rendered":"<div>\n<h4><strong>Resort Capsule Collection!<\/strong><\/h4>\n<p>Chaque \u00e9t\u00e9, Jacob Coh\u00ebn lance une collection capsule Resort, une collection qui raconte un style de vie raffin\u00e9, con\u00e7ue pour profiter de la saison estivale avec \u00e9l\u00e9gance, dans un univers o\u00f9 glamour et luxe se m\u00ealent du lever au coucher du soleil. Cette fois-ci, Resort c\u00e9l\u00e8bre la saison estivale de Palm Beach avec des couleurs vives, des imprim\u00e9s floraux et des motifs sophistiqu\u00e9s rehauss\u00e9s de broderies.<\/p>\n<\/div>\n<div>Ce jean moderne offre une coupe slim l\u00e9g\u00e8rement plus ample aux cuisses.<\/div>\n<ul>\n<li>Jean stretch<\/li>\n<li>Taille haute<\/li>\n<li>Fermeture boutonn\u00e9e<\/li>\n<li>\u00c9cusson Resort avec logo m\u00e9tallique.<\/li>\n<li>Le motif ondul\u00e9 de l&rsquo;\u00e9cusson se prolonge dans les coutures et se termine \u00e0 l&rsquo;avant par un hors-bord brod\u00e9.<\/li>\n<li>Composition : 98 % coton, 2 % \u00e9lasthanne<\/li>\n<li>Largeur d&rsquo;entrejambe : 18 cm<\/li>\n<li>Longueur du bas : 89 cm (peut l\u00e9g\u00e8rement varier d&rsquo;un lavage \u00e0 l&rsquo;autre)<\/li>\n<li>Ce jean Jacob Coh\u00ebn est fabriqu\u00e9 \u00e0 la main en V\u00e9n\u00e9tie, dans le nord-est de l&rsquo;Italie.<\/li>\n<\/ul>\n<div>Il est livr\u00e9 avec une \u00e9charpe assortie et du fil de la m\u00eame couleur pour le raccourcir.<\/div>\n","protected":false},"excerpt":{"rendered":"<p>Resort Capsule Collection! Chaque \u00e9t\u00e9, Jacob Coh\u00ebn lance une collection capsule Resort, une collection qui raconte un style de vie raffin\u00e9, con\u00e7ue pour profiter de la saison estivale avec \u00e9l\u00e9gance, dans un univers o\u00f9 glamour et luxe se m\u00ealent du lever au coucher du soleil. Cette fois-ci, Resort c\u00e9l\u00e8bre la saison estivale de Palm Beach [&#8230;]\n","protected":false},"featured_media":330479,"comment_status":"open","ping_status":"closed","template":"","meta":[],"product_cat":[1663,1749,1136,1428,1476,1564,1580,1642,1650],"product_tag":[],"acf":[],"yoast_head":"<!-- This site is optimized with the Yoast SEO plugin v22.3 - https:\/\/yoast.com\/wordpress\/plugins\/seo\/ -->\n<title>Jacob Coh\u00ebn - J688 (Bard) Resort Edition 4255 300D (42289) - Vousten Jeans<\/title>\n<meta name=\"robots\" content=\"index, follow, max-snippet:-1, max-image-preview:large, max-video-preview:-1\" \/>\n<link rel=\"canonical\" href=\"https:\/\/www.voustenjeans.com\/fr\/jacob-cohen-j688-bard-resort-edition-4255-300d-42289-2\/\" \/>\n<meta property=\"og:locale\" content=\"fr_FR\" \/>\n<meta property=\"og:type\" content=\"article\" \/>\n<meta property=\"og:title\" content=\"Jacob Coh\u00ebn - J688 (Bard) Resort Edition 4255 300D (42289) - Vousten Jeans\" \/>\n<meta property=\"og:description\" content=\"Resort Capsule Collection! Chaque \u00e9t\u00e9, Jacob Coh\u00ebn lance une collection capsule Resort, une collection qui raconte un style de vie raffin\u00e9, con\u00e7ue pour profiter de la saison estivale avec \u00e9l\u00e9gance, dans un univers o\u00f9 glamour et luxe se m\u00ealent du lever au coucher du soleil. Cette fois-ci, Resort c\u00e9l\u00e8bre la saison estivale de Palm Beach [...]\" \/>\n<meta property=\"og:url\" content=\"https:\/\/www.voustenjeans.com\/fr\/jacob-cohen-j688-bard-resort-edition-4255-300d-42289-2\/\" \/>\n<meta property=\"og:site_name\" content=\"Vousten Jeans\" \/>\n<meta property=\"article:modified_time\" content=\"2026-04-16T11:32:05+00:00\" \/>\n<meta property=\"og:image\" content=\"https:\/\/www.voustenjeans.com\/wp-content\/uploads\/2023\/06\/J688-Bard-Resort-Edition-4255-300D-422891.jpg\" \/>\n\t<meta property=\"og:image:width\" content=\"800\" \/>\n\t<meta property=\"og:image:height\" content=\"2250\" \/>\n\t<meta property=\"og:image:type\" content=\"image\/jpeg\" \/>\n<meta name=\"twitter:card\" content=\"summary_large_image\" \/>\n<meta name=\"twitter:label1\" content=\"Est. reading time\" \/>\n\t<meta name=\"twitter:data1\" content=\"1 minute\" \/>\n<script type=\"application\/ld+json\" class=\"yoast-schema-graph\">{\"@context\":\"https:\/\/schema.org\",\"@graph\":[{\"@type\":\"WebPage\",\"@id\":\"https:\/\/www.voustenjeans.com\/fr\/jacob-cohen-j688-bard-resort-edition-4255-300d-42289-2\/\",\"url\":\"https:\/\/www.voustenjeans.com\/fr\/jacob-cohen-j688-bard-resort-edition-4255-300d-42289-2\/\",\"name\":\"Jacob Coh\u00ebn - J688 (Bard) Resort Edition 4255 300D (42289) - Vousten Jeans\",\"isPartOf\":{\"@id\":\"https:\/\/www.voustenjeans.com\/en\/#website\"},\"primaryImageOfPage\":{\"@id\":\"https:\/\/www.voustenjeans.com\/fr\/jacob-cohen-j688-bard-resort-edition-4255-300d-42289-2\/#primaryimage\"},\"image\":{\"@id\":\"https:\/\/www.voustenjeans.com\/fr\/jacob-cohen-j688-bard-resort-edition-4255-300d-42289-2\/#primaryimage\"},\"thumbnailUrl\":\"https:\/\/www.voustenjeans.com\/wp-content\/uploads\/2023\/06\/J688-Bard-Resort-Edition-4255-300D-422891.jpg\",\"datePublished\":\"2026-01-30T20:34:06+00:00\",\"dateModified\":\"2026-04-16T11:32:05+00:00\",\"breadcrumb\":{\"@id\":\"https:\/\/www.voustenjeans.com\/fr\/jacob-cohen-j688-bard-resort-edition-4255-300d-42289-2\/#breadcrumb\"},\"inLanguage\":\"fr-FR\",\"potentialAction\":[{\"@type\":\"ReadAction\",\"target\":[\"https:\/\/www.voustenjeans.com\/fr\/jacob-cohen-j688-bard-resort-edition-4255-300d-42289-2\/\"]}]},{\"@type\":\"ImageObject\",\"inLanguage\":\"fr-FR\",\"@id\":\"https:\/\/www.voustenjeans.com\/fr\/jacob-cohen-j688-bard-resort-edition-4255-300d-42289-2\/#primaryimage\",\"url\":\"https:\/\/www.voustenjeans.com\/wp-content\/uploads\/2023\/06\/J688-Bard-Resort-Edition-4255-300D-422891.jpg\",\"contentUrl\":\"https:\/\/www.voustenjeans.com\/wp-content\/uploads\/2023\/06\/J688-Bard-Resort-Edition-4255-300D-422891.jpg\",\"width\":800,\"height\":2250},{\"@type\":\"BreadcrumbList\",\"@id\":\"https:\/\/www.voustenjeans.com\/fr\/jacob-cohen-j688-bard-resort-edition-4255-300d-42289-2\/#breadcrumb\",\"itemListElement\":[{\"@type\":\"ListItem\",\"position\":1,\"name\":\"Home\",\"item\":\"https:\/\/www.voustenjeans.com\/fr\/\"},{\"@type\":\"ListItem\",\"position\":2,\"name\":\"Boutique\",\"item\":\"https:\/\/www.voustenjeans.com\/fr\/shop\/\"},{\"@type\":\"ListItem\",\"position\":3,\"name\":\"Jacob Coh\u00ebn &#8211; J688 (Bard) Resort Edition 4255 300D (42289)\"}]},{\"@type\":\"WebSite\",\"@id\":\"https:\/\/www.voustenjeans.com\/en\/#website\",\"url\":\"https:\/\/www.voustenjeans.com\/en\/\",\"name\":\"Vousten Jeans\",\"description\":\"\",\"potentialAction\":[{\"@type\":\"SearchAction\",\"target\":{\"@type\":\"EntryPoint\",\"urlTemplate\":\"https:\/\/www.voustenjeans.com\/en\/?s={search_term_string}\"},\"query-input\":\"required name=search_term_string\"}],\"inLanguage\":\"fr-FR\"}]}<\/script>\n<!-- \/ Yoast SEO plugin. -->","yoast_head_json":{"title":"Jacob Coh\u00ebn - J688 (Bard) Resort Edition 4255 300D (42289) - Vousten Jeans","robots":{"index":"index","follow":"follow","max-snippet":"max-snippet:-1","max-image-preview":"max-image-preview:large","max-video-preview":"max-video-preview:-1"},"canonical":"https:\/\/www.voustenjeans.com\/fr\/jacob-cohen-j688-bard-resort-edition-4255-300d-42289-2\/","og_locale":"fr_FR","og_type":"article","og_title":"Jacob Coh\u00ebn - J688 (Bard) Resort Edition 4255 300D (42289) - Vousten Jeans","og_description":"Resort Capsule Collection! Chaque \u00e9t\u00e9, Jacob Coh\u00ebn lance une collection capsule Resort, une collection qui raconte un style de vie raffin\u00e9, con\u00e7ue pour profiter de la saison estivale avec \u00e9l\u00e9gance, dans un univers o\u00f9 glamour et luxe se m\u00ealent du lever au coucher du soleil. Cette fois-ci, Resort c\u00e9l\u00e8bre la saison estivale de Palm Beach [...]","og_url":"https:\/\/www.voustenjeans.com\/fr\/jacob-cohen-j688-bard-resort-edition-4255-300d-42289-2\/","og_site_name":"Vousten Jeans","article_modified_time":"2026-04-16T11:32:05+00:00","og_image":[{"width":800,"height":2250,"url":"https:\/\/www.voustenjeans.com\/wp-content\/uploads\/2023\/06\/J688-Bard-Resort-Edition-4255-300D-422891.jpg","type":"image\/jpeg"}],"twitter_card":"summary_large_image","twitter_misc":{"Est. reading time":"1 minute"},"schema":{"@context":"https:\/\/schema.org","@graph":[{"@type":"WebPage","@id":"https:\/\/www.voustenjeans.com\/fr\/jacob-cohen-j688-bard-resort-edition-4255-300d-42289-2\/","url":"https:\/\/www.voustenjeans.com\/fr\/jacob-cohen-j688-bard-resort-edition-4255-300d-42289-2\/","name":"Jacob Coh\u00ebn - J688 (Bard) Resort Edition 4255 300D (42289) - Vousten Jeans","isPartOf":{"@id":"https:\/\/www.voustenjeans.com\/en\/#website"},"primaryImageOfPage":{"@id":"https:\/\/www.voustenjeans.com\/fr\/jacob-cohen-j688-bard-resort-edition-4255-300d-42289-2\/#primaryimage"},"image":{"@id":"https:\/\/www.voustenjeans.com\/fr\/jacob-cohen-j688-bard-resort-edition-4255-300d-42289-2\/#primaryimage"},"thumbnailUrl":"https:\/\/www.voustenjeans.com\/wp-content\/uploads\/2023\/06\/J688-Bard-Resort-Edition-4255-300D-422891.jpg","datePublished":"2026-01-30T20:34:06+00:00","dateModified":"2026-04-16T11:32:05+00:00","breadcrumb":{"@id":"https:\/\/www.voustenjeans.com\/fr\/jacob-cohen-j688-bard-resort-edition-4255-300d-42289-2\/#breadcrumb"},"inLanguage":"fr-FR","potentialAction":[{"@type":"ReadAction","target":["https:\/\/www.voustenjeans.com\/fr\/jacob-cohen-j688-bard-resort-edition-4255-300d-42289-2\/"]}]},{"@type":"ImageObject","inLanguage":"fr-FR","@id":"https:\/\/www.voustenjeans.com\/fr\/jacob-cohen-j688-bard-resort-edition-4255-300d-42289-2\/#primaryimage","url":"https:\/\/www.voustenjeans.com\/wp-content\/uploads\/2023\/06\/J688-Bard-Resort-Edition-4255-300D-422891.jpg","contentUrl":"https:\/\/www.voustenjeans.com\/wp-content\/uploads\/2023\/06\/J688-Bard-Resort-Edition-4255-300D-422891.jpg","width":800,"height":2250},{"@type":"BreadcrumbList","@id":"https:\/\/www.voustenjeans.com\/fr\/jacob-cohen-j688-bard-resort-edition-4255-300d-42289-2\/#breadcrumb","itemListElement":[{"@type":"ListItem","position":1,"name":"Home","item":"https:\/\/www.voustenjeans.com\/fr\/"},{"@type":"ListItem","position":2,"name":"Boutique","item":"https:\/\/www.voustenjeans.com\/fr\/shop\/"},{"@type":"ListItem","position":3,"name":"Jacob Coh\u00ebn &#8211; J688 (Bard) Resort Edition 4255 300D (42289)"}]},{"@type":"WebSite","@id":"https:\/\/www.voustenjeans.com\/en\/#website","url":"https:\/\/www.voustenjeans.com\/en\/","name":"Vousten Jeans","description":"","potentialAction":[{"@type":"SearchAction","target":{"@type":"EntryPoint","urlTemplate":"https:\/\/www.voustenjeans.com\/en\/?s={search_term_string}"},"query-input":"required name=search_term_string"}],"inLanguage":"fr-FR"}]}},"_links":{"self":[{"href":"https:\/\/www.voustenjeans.com\/fr\/wp-json\/wp\/v2\/product\/330495"}],"collection":[{"href":"https:\/\/www.voustenjeans.com\/fr\/wp-json\/wp\/v2\/product"}],"about":[{"href":"https:\/\/www.voustenjeans.com\/fr\/wp-json\/wp\/v2\/types\/product"}],"replies":[{"embeddable":true,"href":"https:\/\/www.voustenjeans.com\/fr\/wp-json\/wp\/v2\/comments?post=330495"}],"wp:featuredmedia":[{"embeddable":true,"href":"https:\/\/www.voustenjeans.com\/fr\/wp-json\/wp\/v2\/media\/330479"}],"wp:attachment":[{"href":"https:\/\/www.voustenjeans.com\/fr\/wp-json\/wp\/v2\/media?parent=330495"}],"wp:term":[{"taxonomy":"product_cat","embeddable":true,"href":"https:\/\/www.voustenjeans.com\/fr\/wp-json\/wp\/v2\/product_cat?post=330495"},{"taxonomy":"product_tag","embeddable":true,"href":"https:\/\/www.voustenjeans.com\/fr\/wp-json\/wp\/v2\/product_tag?post=330495"}],"curies":[{"name":"wp","href":"https:\/\/api.w.org\/{rel}","templated":true}]}}