{"id":328917,"date":"2026-01-03T14:22:05","date_gmt":"2026-01-03T13:22:05","guid":{"rendered":"https:\/\/www.voustenjeans.com\/jacob-cohen-j688-bard-4024-c74-42236-2\/"},"modified":"2026-04-04T11:26:05","modified_gmt":"2026-04-04T09:26:05","slug":"jacob-cohen-j688-bard-4024-c74-42236-2","status":"publish","type":"product","link":"https:\/\/www.voustenjeans.com\/fr\/jacob-cohen-j688-bard-4024-c74-42236-2\/","title":{"rendered":"Jacob Coh\u00ebn &#8211; J688 (Bard Active) 4024 C74 (42236)"},"content":{"rendered":"<div>\n<p>Nouveaut\u00e9 chez Jacob Coh\u00ebn, le Bard Active : le nouveau pantalon technique stretch.<br \/>\nLe tissu technique stretch 4 directions rend ce pantalon tr\u00e8s confortable. Il est \u00e9galement facile \u00e0 entretenir, id\u00e9al comme pantalon de golf par exemple.<br \/>\n<strong><span style=\"font-size: 14.4px\">Taille petit, prenez une taille au-dessus de votre taille habituelle !<\/span><\/strong><\/p>\n<p>&nbsp;<\/p>\n<p>C&rsquo;est un pantalon moderne \u00e0 la coupe ajust\u00e9e.<\/p>\n<\/div>\n<ul>\n<li>Pantalon technique stretch<\/li>\n<li>Taille haute<\/li>\n<li>Fermeture \u00e9clair<\/li>\n<li>Empi\u00e8cement en daim noir<\/li>\n<li>Composition : 82 % polyamide, 18 % \u00e9lasthanne<\/li>\n<li>Largeur d\u2019entrejambe : 17,5 cm<\/li>\n<li>Longueur du bas : 89 cm (peut l\u00e9g\u00e8rement varier d\u2019un lavage \u00e0 l\u2019autre)<\/li>\n<li>Ce pantalon Jacob Coh\u00ebn est confectionn\u00e9 \u00e0 la main en V\u00e9n\u00e9tie, dans le nord-est de l\u2019Italie.<\/li>\n<\/ul>\n<div>Il est livr\u00e9 avec une \u00e9charpe assortie et du fil de la m\u00eame couleur pour le raccourcir.<\/div>\n<div class=\"notranslate ESMNde HGLrXd ojE3Fb\">\n<div class=\"q0vns\">\n<div class=\"eqA2re UnOTSe Vwoesf\" aria-hidden=\"true\"><\/div>\n<\/div>\n<\/div>\n","protected":false},"excerpt":{"rendered":"<p>Nouveaut\u00e9 chez Jacob Coh\u00ebn, le Bard Active : le nouveau pantalon technique stretch. Le tissu technique stretch 4 directions rend ce pantalon tr\u00e8s confortable. Il est \u00e9galement facile \u00e0 entretenir, id\u00e9al comme pantalon de golf par exemple. Taille petit, prenez une taille au-dessus de votre taille habituelle ! &nbsp; C&rsquo;est un pantalon moderne \u00e0 la [&#8230;]\n","protected":false},"featured_media":328901,"comment_status":"open","ping_status":"closed","template":"","meta":[],"product_cat":[1136,1428,1452,1580,1642,1650,1663,1749,1788],"product_tag":[],"acf":[],"yoast_head":"<!-- This site is optimized with the Yoast SEO plugin v22.3 - https:\/\/yoast.com\/wordpress\/plugins\/seo\/ -->\n<title>Jacob Coh\u00ebn - J688 (Bard Active) 4024 C74 (42236) - Vousten Jeans<\/title>\n<meta name=\"robots\" content=\"index, follow, max-snippet:-1, max-image-preview:large, max-video-preview:-1\" \/>\n<link rel=\"canonical\" href=\"https:\/\/www.voustenjeans.com\/fr\/jacob-cohen-j688-bard-4024-c74-42236-2\/\" \/>\n<meta property=\"og:locale\" content=\"fr_FR\" \/>\n<meta property=\"og:type\" content=\"article\" \/>\n<meta property=\"og:title\" content=\"Jacob Coh\u00ebn - J688 (Bard Active) 4024 C74 (42236) - Vousten Jeans\" \/>\n<meta property=\"og:description\" content=\"Nouveaut\u00e9 chez Jacob Coh\u00ebn, le Bard Active : le nouveau pantalon technique stretch. Le tissu technique stretch 4 directions rend ce pantalon tr\u00e8s confortable. Il est \u00e9galement facile \u00e0 entretenir, id\u00e9al comme pantalon de golf par exemple. Taille petit, prenez une taille au-dessus de votre taille habituelle ! &nbsp; C&rsquo;est un pantalon moderne \u00e0 la [...]\" \/>\n<meta property=\"og:url\" content=\"https:\/\/www.voustenjeans.com\/fr\/jacob-cohen-j688-bard-4024-c74-42236-2\/\" \/>\n<meta property=\"og:site_name\" content=\"Vousten Jeans\" \/>\n<meta property=\"article:modified_time\" content=\"2026-04-04T09:26:05+00:00\" \/>\n<meta property=\"og:image\" content=\"https:\/\/www.voustenjeans.com\/wp-content\/uploads\/2023\/06\/J688-Bard-4024-C74-422361.jpg\" \/>\n\t<meta property=\"og:image:width\" content=\"728\" \/>\n\t<meta property=\"og:image:height\" content=\"2048\" \/>\n\t<meta property=\"og:image:type\" content=\"image\/jpeg\" \/>\n<meta name=\"twitter:card\" content=\"summary_large_image\" \/>\n<meta name=\"twitter:label1\" content=\"Est. reading time\" \/>\n\t<meta name=\"twitter:data1\" content=\"1 minute\" \/>\n<script type=\"application\/ld+json\" class=\"yoast-schema-graph\">{\"@context\":\"https:\/\/schema.org\",\"@graph\":[{\"@type\":\"WebPage\",\"@id\":\"https:\/\/www.voustenjeans.com\/fr\/jacob-cohen-j688-bard-4024-c74-42236-2\/\",\"url\":\"https:\/\/www.voustenjeans.com\/fr\/jacob-cohen-j688-bard-4024-c74-42236-2\/\",\"name\":\"Jacob Coh\u00ebn - J688 (Bard Active) 4024 C74 (42236) - Vousten Jeans\",\"isPartOf\":{\"@id\":\"https:\/\/www.voustenjeans.com\/en\/#website\"},\"primaryImageOfPage\":{\"@id\":\"https:\/\/www.voustenjeans.com\/fr\/jacob-cohen-j688-bard-4024-c74-42236-2\/#primaryimage\"},\"image\":{\"@id\":\"https:\/\/www.voustenjeans.com\/fr\/jacob-cohen-j688-bard-4024-c74-42236-2\/#primaryimage\"},\"thumbnailUrl\":\"https:\/\/www.voustenjeans.com\/wp-content\/uploads\/2023\/06\/J688-Bard-4024-C74-422361.jpg\",\"datePublished\":\"2026-01-03T13:22:05+00:00\",\"dateModified\":\"2026-04-04T09:26:05+00:00\",\"breadcrumb\":{\"@id\":\"https:\/\/www.voustenjeans.com\/fr\/jacob-cohen-j688-bard-4024-c74-42236-2\/#breadcrumb\"},\"inLanguage\":\"fr-FR\",\"potentialAction\":[{\"@type\":\"ReadAction\",\"target\":[\"https:\/\/www.voustenjeans.com\/fr\/jacob-cohen-j688-bard-4024-c74-42236-2\/\"]}]},{\"@type\":\"ImageObject\",\"inLanguage\":\"fr-FR\",\"@id\":\"https:\/\/www.voustenjeans.com\/fr\/jacob-cohen-j688-bard-4024-c74-42236-2\/#primaryimage\",\"url\":\"https:\/\/www.voustenjeans.com\/wp-content\/uploads\/2023\/06\/J688-Bard-4024-C74-422361.jpg\",\"contentUrl\":\"https:\/\/www.voustenjeans.com\/wp-content\/uploads\/2023\/06\/J688-Bard-4024-C74-422361.jpg\",\"width\":728,\"height\":2048},{\"@type\":\"BreadcrumbList\",\"@id\":\"https:\/\/www.voustenjeans.com\/fr\/jacob-cohen-j688-bard-4024-c74-42236-2\/#breadcrumb\",\"itemListElement\":[{\"@type\":\"ListItem\",\"position\":1,\"name\":\"Home\",\"item\":\"https:\/\/www.voustenjeans.com\/fr\/\"},{\"@type\":\"ListItem\",\"position\":2,\"name\":\"Boutique\",\"item\":\"https:\/\/www.voustenjeans.com\/fr\/shop\/\"},{\"@type\":\"ListItem\",\"position\":3,\"name\":\"Jacob Coh\u00ebn &#8211; J688 (Bard Active) 4024 C74 (42236)\"}]},{\"@type\":\"WebSite\",\"@id\":\"https:\/\/www.voustenjeans.com\/en\/#website\",\"url\":\"https:\/\/www.voustenjeans.com\/en\/\",\"name\":\"Vousten Jeans\",\"description\":\"\",\"potentialAction\":[{\"@type\":\"SearchAction\",\"target\":{\"@type\":\"EntryPoint\",\"urlTemplate\":\"https:\/\/www.voustenjeans.com\/en\/?s={search_term_string}\"},\"query-input\":\"required name=search_term_string\"}],\"inLanguage\":\"fr-FR\"}]}<\/script>\n<!-- \/ Yoast SEO plugin. -->","yoast_head_json":{"title":"Jacob Coh\u00ebn - J688 (Bard Active) 4024 C74 (42236) - Vousten Jeans","robots":{"index":"index","follow":"follow","max-snippet":"max-snippet:-1","max-image-preview":"max-image-preview:large","max-video-preview":"max-video-preview:-1"},"canonical":"https:\/\/www.voustenjeans.com\/fr\/jacob-cohen-j688-bard-4024-c74-42236-2\/","og_locale":"fr_FR","og_type":"article","og_title":"Jacob Coh\u00ebn - J688 (Bard Active) 4024 C74 (42236) - Vousten Jeans","og_description":"Nouveaut\u00e9 chez Jacob Coh\u00ebn, le Bard Active : le nouveau pantalon technique stretch. Le tissu technique stretch 4 directions rend ce pantalon tr\u00e8s confortable. Il est \u00e9galement facile \u00e0 entretenir, id\u00e9al comme pantalon de golf par exemple. Taille petit, prenez une taille au-dessus de votre taille habituelle ! &nbsp; C&rsquo;est un pantalon moderne \u00e0 la [...]","og_url":"https:\/\/www.voustenjeans.com\/fr\/jacob-cohen-j688-bard-4024-c74-42236-2\/","og_site_name":"Vousten Jeans","article_modified_time":"2026-04-04T09:26:05+00:00","og_image":[{"width":728,"height":2048,"url":"https:\/\/www.voustenjeans.com\/wp-content\/uploads\/2023\/06\/J688-Bard-4024-C74-422361.jpg","type":"image\/jpeg"}],"twitter_card":"summary_large_image","twitter_misc":{"Est. reading time":"1 minute"},"schema":{"@context":"https:\/\/schema.org","@graph":[{"@type":"WebPage","@id":"https:\/\/www.voustenjeans.com\/fr\/jacob-cohen-j688-bard-4024-c74-42236-2\/","url":"https:\/\/www.voustenjeans.com\/fr\/jacob-cohen-j688-bard-4024-c74-42236-2\/","name":"Jacob Coh\u00ebn - J688 (Bard Active) 4024 C74 (42236) - Vousten Jeans","isPartOf":{"@id":"https:\/\/www.voustenjeans.com\/en\/#website"},"primaryImageOfPage":{"@id":"https:\/\/www.voustenjeans.com\/fr\/jacob-cohen-j688-bard-4024-c74-42236-2\/#primaryimage"},"image":{"@id":"https:\/\/www.voustenjeans.com\/fr\/jacob-cohen-j688-bard-4024-c74-42236-2\/#primaryimage"},"thumbnailUrl":"https:\/\/www.voustenjeans.com\/wp-content\/uploads\/2023\/06\/J688-Bard-4024-C74-422361.jpg","datePublished":"2026-01-03T13:22:05+00:00","dateModified":"2026-04-04T09:26:05+00:00","breadcrumb":{"@id":"https:\/\/www.voustenjeans.com\/fr\/jacob-cohen-j688-bard-4024-c74-42236-2\/#breadcrumb"},"inLanguage":"fr-FR","potentialAction":[{"@type":"ReadAction","target":["https:\/\/www.voustenjeans.com\/fr\/jacob-cohen-j688-bard-4024-c74-42236-2\/"]}]},{"@type":"ImageObject","inLanguage":"fr-FR","@id":"https:\/\/www.voustenjeans.com\/fr\/jacob-cohen-j688-bard-4024-c74-42236-2\/#primaryimage","url":"https:\/\/www.voustenjeans.com\/wp-content\/uploads\/2023\/06\/J688-Bard-4024-C74-422361.jpg","contentUrl":"https:\/\/www.voustenjeans.com\/wp-content\/uploads\/2023\/06\/J688-Bard-4024-C74-422361.jpg","width":728,"height":2048},{"@type":"BreadcrumbList","@id":"https:\/\/www.voustenjeans.com\/fr\/jacob-cohen-j688-bard-4024-c74-42236-2\/#breadcrumb","itemListElement":[{"@type":"ListItem","position":1,"name":"Home","item":"https:\/\/www.voustenjeans.com\/fr\/"},{"@type":"ListItem","position":2,"name":"Boutique","item":"https:\/\/www.voustenjeans.com\/fr\/shop\/"},{"@type":"ListItem","position":3,"name":"Jacob Coh\u00ebn &#8211; J688 (Bard Active) 4024 C74 (42236)"}]},{"@type":"WebSite","@id":"https:\/\/www.voustenjeans.com\/en\/#website","url":"https:\/\/www.voustenjeans.com\/en\/","name":"Vousten Jeans","description":"","potentialAction":[{"@type":"SearchAction","target":{"@type":"EntryPoint","urlTemplate":"https:\/\/www.voustenjeans.com\/en\/?s={search_term_string}"},"query-input":"required name=search_term_string"}],"inLanguage":"fr-FR"}]}},"_links":{"self":[{"href":"https:\/\/www.voustenjeans.com\/fr\/wp-json\/wp\/v2\/product\/328917"}],"collection":[{"href":"https:\/\/www.voustenjeans.com\/fr\/wp-json\/wp\/v2\/product"}],"about":[{"href":"https:\/\/www.voustenjeans.com\/fr\/wp-json\/wp\/v2\/types\/product"}],"replies":[{"embeddable":true,"href":"https:\/\/www.voustenjeans.com\/fr\/wp-json\/wp\/v2\/comments?post=328917"}],"wp:featuredmedia":[{"embeddable":true,"href":"https:\/\/www.voustenjeans.com\/fr\/wp-json\/wp\/v2\/media\/328901"}],"wp:attachment":[{"href":"https:\/\/www.voustenjeans.com\/fr\/wp-json\/wp\/v2\/media?parent=328917"}],"wp:term":[{"taxonomy":"product_cat","embeddable":true,"href":"https:\/\/www.voustenjeans.com\/fr\/wp-json\/wp\/v2\/product_cat?post=328917"},{"taxonomy":"product_tag","embeddable":true,"href":"https:\/\/www.voustenjeans.com\/fr\/wp-json\/wp\/v2\/product_tag?post=328917"}],"curies":[{"name":"wp","href":"https:\/\/api.w.org\/{rel}","templated":true}]}}