{"id":324467,"date":"2025-10-21T15:33:50","date_gmt":"2025-10-21T13:33:50","guid":{"rendered":"https:\/\/www.voustenjeans.com\/damico-croco-latte-39174-2\/"},"modified":"2026-01-23T12:07:19","modified_gmt":"2026-01-23T11:07:19","slug":"damico-croco-latte-39174-2","status":"publish","type":"product","link":"https:\/\/www.voustenjeans.com\/fr\/damico-croco-latte-39174-2\/","title":{"rendered":"D&#8217;Amico &#8211; Croco latte (39174)"},"content":{"rendered":"<p>Est une ceinture de croco unique par Andrea D&rsquo;Amico avec une longueur de 115\/130 cm,\u00a0et peut facilement \u00eatre raccourci.<\/p>\n<ul>\n<li>Largeur de la ceinture: 3,5 cm<\/li>\n<li>Mati\u00e8re: 100% cuir de crocodile<\/li>\n<li>Structure tiss\u00e9e<\/li>\n<li>Couleur: latte \/ off white<\/li>\n<li>Boucle \u00e0 d\u00e9gagement rapide<\/li>\n<li>Fabriqu\u00e9 \u00e0 partir de la queue de crocodile<\/li>\n<\/ul>\n<p>Apr\u00e8s la commande, nous vous proposons la ceinture \u00e0 la longueur souhait\u00e9e. Apr\u00e8s la personnalisation, les retours ne sont plus possibles.<\/p>\n","protected":false},"excerpt":{"rendered":"<p>Est une ceinture de croco unique par Andrea D&rsquo;Amico avec une longueur de 115\/130 cm,\u00a0et peut facilement \u00eatre raccourci. Largeur de la ceinture: 3,5 cm Mati\u00e8re: 100% cuir de crocodile Structure tiss\u00e9e Couleur: latte \/ off white Boucle \u00e0 d\u00e9gagement rapide Fabriqu\u00e9 \u00e0 partir de la queue de crocodile Apr\u00e8s la commande, nous vous proposons [&#8230;]\n","protected":false},"featured_media":324485,"comment_status":"open","ping_status":"closed","template":"","meta":[],"product_cat":[1110,1136,1254,1436,1540,1679,1686],"product_tag":[],"acf":[],"yoast_head":"<!-- This site is optimized with the Yoast SEO plugin v22.3 - https:\/\/yoast.com\/wordpress\/plugins\/seo\/ -->\n<title>D&#8217;Amico - Croco latte (39174) - Vousten Jeans<\/title>\n<meta name=\"robots\" content=\"index, follow, max-snippet:-1, max-image-preview:large, max-video-preview:-1\" \/>\n<link rel=\"canonical\" href=\"https:\/\/www.voustenjeans.com\/fr\/damico-croco-latte-39174-2\/\" \/>\n<meta property=\"og:locale\" content=\"fr_FR\" \/>\n<meta property=\"og:type\" content=\"article\" \/>\n<meta property=\"og:title\" content=\"D&#8217;Amico - Croco latte (39174) - Vousten Jeans\" \/>\n<meta property=\"og:description\" content=\"Est une ceinture de croco unique par Andrea D&rsquo;Amico avec une longueur de 115\/130 cm,\u00a0et peut facilement \u00eatre raccourci. Largeur de la ceinture: 3,5 cm Mati\u00e8re: 100% cuir de crocodile Structure tiss\u00e9e Couleur: latte \/ off white Boucle \u00e0 d\u00e9gagement rapide Fabriqu\u00e9 \u00e0 partir de la queue de crocodile Apr\u00e8s la commande, nous vous proposons [...]\" \/>\n<meta property=\"og:url\" content=\"https:\/\/www.voustenjeans.com\/fr\/damico-croco-latte-39174-2\/\" \/>\n<meta property=\"og:site_name\" content=\"Vousten Jeans\" \/>\n<meta property=\"article:modified_time\" content=\"2026-01-23T11:07:19+00:00\" \/>\n<meta property=\"og:image\" content=\"https:\/\/www.voustenjeans.com\/wp-content\/uploads\/2023\/06\/DAmico-Croco-Latte-39174.png\" \/>\n\t<meta property=\"og:image:width\" content=\"1071\" \/>\n\t<meta property=\"og:image:height\" content=\"1071\" \/>\n\t<meta property=\"og:image:type\" content=\"image\/png\" \/>\n<meta name=\"twitter:card\" content=\"summary_large_image\" \/>\n<script type=\"application\/ld+json\" class=\"yoast-schema-graph\">{\"@context\":\"https:\/\/schema.org\",\"@graph\":[{\"@type\":\"WebPage\",\"@id\":\"https:\/\/www.voustenjeans.com\/fr\/damico-croco-latte-39174-2\/\",\"url\":\"https:\/\/www.voustenjeans.com\/fr\/damico-croco-latte-39174-2\/\",\"name\":\"D&#8217;Amico - Croco latte (39174) - Vousten Jeans\",\"isPartOf\":{\"@id\":\"https:\/\/www.voustenjeans.com\/en\/#website\"},\"primaryImageOfPage\":{\"@id\":\"https:\/\/www.voustenjeans.com\/fr\/damico-croco-latte-39174-2\/#primaryimage\"},\"image\":{\"@id\":\"https:\/\/www.voustenjeans.com\/fr\/damico-croco-latte-39174-2\/#primaryimage\"},\"thumbnailUrl\":\"https:\/\/www.voustenjeans.com\/wp-content\/uploads\/2023\/06\/4eb88229-cab9-4657-966a-2ae42a72dc67.png\",\"datePublished\":\"2025-10-21T13:33:50+00:00\",\"dateModified\":\"2026-01-23T11:07:19+00:00\",\"breadcrumb\":{\"@id\":\"https:\/\/www.voustenjeans.com\/fr\/damico-croco-latte-39174-2\/#breadcrumb\"},\"inLanguage\":\"fr-FR\",\"potentialAction\":[{\"@type\":\"ReadAction\",\"target\":[\"https:\/\/www.voustenjeans.com\/fr\/damico-croco-latte-39174-2\/\"]}]},{\"@type\":\"ImageObject\",\"inLanguage\":\"fr-FR\",\"@id\":\"https:\/\/www.voustenjeans.com\/fr\/damico-croco-latte-39174-2\/#primaryimage\",\"url\":\"https:\/\/www.voustenjeans.com\/wp-content\/uploads\/2023\/06\/4eb88229-cab9-4657-966a-2ae42a72dc67.png\",\"contentUrl\":\"https:\/\/www.voustenjeans.com\/wp-content\/uploads\/2023\/06\/4eb88229-cab9-4657-966a-2ae42a72dc67.png\",\"width\":1071,\"height\":1071},{\"@type\":\"BreadcrumbList\",\"@id\":\"https:\/\/www.voustenjeans.com\/fr\/damico-croco-latte-39174-2\/#breadcrumb\",\"itemListElement\":[{\"@type\":\"ListItem\",\"position\":1,\"name\":\"Home\",\"item\":\"https:\/\/www.voustenjeans.com\/fr\/\"},{\"@type\":\"ListItem\",\"position\":2,\"name\":\"Boutique\",\"item\":\"https:\/\/www.voustenjeans.com\/fr\/shop\/\"},{\"@type\":\"ListItem\",\"position\":3,\"name\":\"D&#8217;Amico &#8211; Croco latte (39174)\"}]},{\"@type\":\"WebSite\",\"@id\":\"https:\/\/www.voustenjeans.com\/en\/#website\",\"url\":\"https:\/\/www.voustenjeans.com\/en\/\",\"name\":\"Vousten Jeans\",\"description\":\"\",\"potentialAction\":[{\"@type\":\"SearchAction\",\"target\":{\"@type\":\"EntryPoint\",\"urlTemplate\":\"https:\/\/www.voustenjeans.com\/en\/?s={search_term_string}\"},\"query-input\":\"required name=search_term_string\"}],\"inLanguage\":\"fr-FR\"}]}<\/script>\n<!-- \/ Yoast SEO plugin. -->","yoast_head_json":{"title":"D&#8217;Amico - Croco latte (39174) - Vousten Jeans","robots":{"index":"index","follow":"follow","max-snippet":"max-snippet:-1","max-image-preview":"max-image-preview:large","max-video-preview":"max-video-preview:-1"},"canonical":"https:\/\/www.voustenjeans.com\/fr\/damico-croco-latte-39174-2\/","og_locale":"fr_FR","og_type":"article","og_title":"D&#8217;Amico - Croco latte (39174) - Vousten Jeans","og_description":"Est une ceinture de croco unique par Andrea D&rsquo;Amico avec une longueur de 115\/130 cm,\u00a0et peut facilement \u00eatre raccourci. Largeur de la ceinture: 3,5 cm Mati\u00e8re: 100% cuir de crocodile Structure tiss\u00e9e Couleur: latte \/ off white Boucle \u00e0 d\u00e9gagement rapide Fabriqu\u00e9 \u00e0 partir de la queue de crocodile Apr\u00e8s la commande, nous vous proposons [...]","og_url":"https:\/\/www.voustenjeans.com\/fr\/damico-croco-latte-39174-2\/","og_site_name":"Vousten Jeans","article_modified_time":"2026-01-23T11:07:19+00:00","og_image":[{"width":1071,"height":1071,"url":"https:\/\/www.voustenjeans.com\/wp-content\/uploads\/2023\/06\/DAmico-Croco-Latte-39174.png","type":"image\/png"}],"twitter_card":"summary_large_image","schema":{"@context":"https:\/\/schema.org","@graph":[{"@type":"WebPage","@id":"https:\/\/www.voustenjeans.com\/fr\/damico-croco-latte-39174-2\/","url":"https:\/\/www.voustenjeans.com\/fr\/damico-croco-latte-39174-2\/","name":"D&#8217;Amico - Croco latte (39174) - Vousten Jeans","isPartOf":{"@id":"https:\/\/www.voustenjeans.com\/en\/#website"},"primaryImageOfPage":{"@id":"https:\/\/www.voustenjeans.com\/fr\/damico-croco-latte-39174-2\/#primaryimage"},"image":{"@id":"https:\/\/www.voustenjeans.com\/fr\/damico-croco-latte-39174-2\/#primaryimage"},"thumbnailUrl":"https:\/\/www.voustenjeans.com\/wp-content\/uploads\/2023\/06\/4eb88229-cab9-4657-966a-2ae42a72dc67.png","datePublished":"2025-10-21T13:33:50+00:00","dateModified":"2026-01-23T11:07:19+00:00","breadcrumb":{"@id":"https:\/\/www.voustenjeans.com\/fr\/damico-croco-latte-39174-2\/#breadcrumb"},"inLanguage":"fr-FR","potentialAction":[{"@type":"ReadAction","target":["https:\/\/www.voustenjeans.com\/fr\/damico-croco-latte-39174-2\/"]}]},{"@type":"ImageObject","inLanguage":"fr-FR","@id":"https:\/\/www.voustenjeans.com\/fr\/damico-croco-latte-39174-2\/#primaryimage","url":"https:\/\/www.voustenjeans.com\/wp-content\/uploads\/2023\/06\/4eb88229-cab9-4657-966a-2ae42a72dc67.png","contentUrl":"https:\/\/www.voustenjeans.com\/wp-content\/uploads\/2023\/06\/4eb88229-cab9-4657-966a-2ae42a72dc67.png","width":1071,"height":1071},{"@type":"BreadcrumbList","@id":"https:\/\/www.voustenjeans.com\/fr\/damico-croco-latte-39174-2\/#breadcrumb","itemListElement":[{"@type":"ListItem","position":1,"name":"Home","item":"https:\/\/www.voustenjeans.com\/fr\/"},{"@type":"ListItem","position":2,"name":"Boutique","item":"https:\/\/www.voustenjeans.com\/fr\/shop\/"},{"@type":"ListItem","position":3,"name":"D&#8217;Amico &#8211; Croco latte (39174)"}]},{"@type":"WebSite","@id":"https:\/\/www.voustenjeans.com\/en\/#website","url":"https:\/\/www.voustenjeans.com\/en\/","name":"Vousten Jeans","description":"","potentialAction":[{"@type":"SearchAction","target":{"@type":"EntryPoint","urlTemplate":"https:\/\/www.voustenjeans.com\/en\/?s={search_term_string}"},"query-input":"required name=search_term_string"}],"inLanguage":"fr-FR"}]}},"_links":{"self":[{"href":"https:\/\/www.voustenjeans.com\/fr\/wp-json\/wp\/v2\/product\/324467"}],"collection":[{"href":"https:\/\/www.voustenjeans.com\/fr\/wp-json\/wp\/v2\/product"}],"about":[{"href":"https:\/\/www.voustenjeans.com\/fr\/wp-json\/wp\/v2\/types\/product"}],"replies":[{"embeddable":true,"href":"https:\/\/www.voustenjeans.com\/fr\/wp-json\/wp\/v2\/comments?post=324467"}],"wp:featuredmedia":[{"embeddable":true,"href":"https:\/\/www.voustenjeans.com\/fr\/wp-json\/wp\/v2\/media\/324485"}],"wp:attachment":[{"href":"https:\/\/www.voustenjeans.com\/fr\/wp-json\/wp\/v2\/media?parent=324467"}],"wp:term":[{"taxonomy":"product_cat","embeddable":true,"href":"https:\/\/www.voustenjeans.com\/fr\/wp-json\/wp\/v2\/product_cat?post=324467"},{"taxonomy":"product_tag","embeddable":true,"href":"https:\/\/www.voustenjeans.com\/fr\/wp-json\/wp\/v2\/product_tag?post=324467"}],"curies":[{"name":"wp","href":"https:\/\/api.w.org\/{rel}","templated":true}]}}