{"id":324290,"date":"2025-10-19T19:18:11","date_gmt":"2025-10-19T17:18:11","guid":{"rendered":"https:\/\/www.voustenjeans.com\/jacob-cohen-j622-nick-slim-3838-b75-41395-2\/"},"modified":"2026-01-24T16:58:05","modified_gmt":"2026-01-24T15:58:05","slug":"jacob-cohen-j622-nick-slim-3838-b75-41395-2","status":"publish","type":"product","link":"https:\/\/www.voustenjeans.com\/fr\/jacob-cohen-j622-nick-slim-3838-b75-41395-2\/","title":{"rendered":"Jacob Cohen &#8211; J622 (Nick Slim) 3838 B75 (41395)"},"content":{"rendered":"<p>Ce pantalon en velours c\u00f4tel\u00e9 moderne pr\u00e9sente une coupe slim.<\/p>\n<p><strong>Taille petit, choisissez donc une taille au-dessus !<\/strong><\/p>\n<ul>\n<li>Pantalon en velours c\u00f4tel\u00e9 extensible<\/li>\n<li>Taille standard<\/li>\n<li>Fermeture boutonn\u00e9e<\/li>\n<li>Empi\u00e8cement en daim brun<\/li>\n<li>Mati\u00e8re : 98 % coton, 2 % \u00e9lasthanne<\/li>\n<li>Largeur d\u2019entrejambe : 16,5 cm<\/li>\n<li>Longueur de la base : 89 cm (peut varier l\u00e9g\u00e8rement \u00e0 chaque lavage)<\/li>\n<li>Ce pantalon Jacob Coh\u00ebn est fabriqu\u00e9 \u00e0 la main en V\u00e9n\u00e9tie, dans le nord-est de l\u2019Italie.<\/li>\n<\/ul>\n<p>\u00c9charpe assortie offerte.<\/p>\n","protected":false},"excerpt":{"rendered":"<p>Ce pantalon en velours c\u00f4tel\u00e9 moderne pr\u00e9sente une coupe slim. Taille petit, choisissez donc une taille au-dessus ! Pantalon en velours c\u00f4tel\u00e9 extensible Taille standard Fermeture boutonn\u00e9e Empi\u00e8cement en daim brun Mati\u00e8re : 98 % coton, 2 % \u00e9lasthanne Largeur d\u2019entrejambe : 16,5 cm Longueur de la base : 89 cm (peut varier l\u00e9g\u00e8rement \u00e0 [&#8230;]\n","protected":false},"featured_media":324266,"comment_status":"open","ping_status":"closed","template":"","meta":[],"product_cat":[1580,1642,1650,1749,1136,1420,1452],"product_tag":[],"acf":[],"yoast_head":"<!-- This site is optimized with the Yoast SEO plugin v22.3 - https:\/\/yoast.com\/wordpress\/plugins\/seo\/ -->\n<title>Jacob Cohen - J622 (Nick Slim) 3838 B75 (41395) - Vousten Jeans<\/title>\n<meta name=\"robots\" content=\"index, follow, max-snippet:-1, max-image-preview:large, max-video-preview:-1\" \/>\n<link rel=\"canonical\" href=\"https:\/\/www.voustenjeans.com\/fr\/jacob-cohen-j622-nick-slim-3838-b75-41395-2\/\" \/>\n<meta property=\"og:locale\" content=\"fr_FR\" \/>\n<meta property=\"og:type\" content=\"article\" \/>\n<meta property=\"og:title\" content=\"Jacob Cohen - J622 (Nick Slim) 3838 B75 (41395) - Vousten Jeans\" \/>\n<meta property=\"og:description\" content=\"Ce pantalon en velours c\u00f4tel\u00e9 moderne pr\u00e9sente une coupe slim. Taille petit, choisissez donc une taille au-dessus ! Pantalon en velours c\u00f4tel\u00e9 extensible Taille standard Fermeture boutonn\u00e9e Empi\u00e8cement en daim brun Mati\u00e8re : 98 % coton, 2 % \u00e9lasthanne Largeur d\u2019entrejambe : 16,5 cm Longueur de la base : 89 cm (peut varier l\u00e9g\u00e8rement \u00e0 [...]\" \/>\n<meta property=\"og:url\" content=\"https:\/\/www.voustenjeans.com\/fr\/jacob-cohen-j622-nick-slim-3838-b75-41395-2\/\" \/>\n<meta property=\"og:site_name\" content=\"Vousten Jeans\" \/>\n<meta property=\"article:modified_time\" content=\"2026-01-24T15:58:05+00:00\" \/>\n<meta property=\"og:image\" content=\"https:\/\/www.voustenjeans.com\/wp-content\/uploads\/2023\/06\/jacob_cohen_41409_bruin_front_0-1.jpg\" \/>\n\t<meta property=\"og:image:width\" content=\"800\" \/>\n\t<meta property=\"og:image:height\" content=\"2250\" \/>\n\t<meta property=\"og:image:type\" content=\"image\/jpeg\" \/>\n<meta name=\"twitter:card\" content=\"summary_large_image\" \/>\n<script type=\"application\/ld+json\" class=\"yoast-schema-graph\">{\"@context\":\"https:\/\/schema.org\",\"@graph\":[{\"@type\":\"WebPage\",\"@id\":\"https:\/\/www.voustenjeans.com\/fr\/jacob-cohen-j622-nick-slim-3838-b75-41395-2\/\",\"url\":\"https:\/\/www.voustenjeans.com\/fr\/jacob-cohen-j622-nick-slim-3838-b75-41395-2\/\",\"name\":\"Jacob Cohen - J622 (Nick Slim) 3838 B75 (41395) - Vousten Jeans\",\"isPartOf\":{\"@id\":\"https:\/\/www.voustenjeans.com\/en\/#website\"},\"primaryImageOfPage\":{\"@id\":\"https:\/\/www.voustenjeans.com\/fr\/jacob-cohen-j622-nick-slim-3838-b75-41395-2\/#primaryimage\"},\"image\":{\"@id\":\"https:\/\/www.voustenjeans.com\/fr\/jacob-cohen-j622-nick-slim-3838-b75-41395-2\/#primaryimage\"},\"thumbnailUrl\":\"https:\/\/www.voustenjeans.com\/wp-content\/uploads\/2023\/06\/jacob_cohen_41409_bruin_front_0-1.jpg\",\"datePublished\":\"2025-10-19T17:18:11+00:00\",\"dateModified\":\"2026-01-24T15:58:05+00:00\",\"breadcrumb\":{\"@id\":\"https:\/\/www.voustenjeans.com\/fr\/jacob-cohen-j622-nick-slim-3838-b75-41395-2\/#breadcrumb\"},\"inLanguage\":\"fr-FR\",\"potentialAction\":[{\"@type\":\"ReadAction\",\"target\":[\"https:\/\/www.voustenjeans.com\/fr\/jacob-cohen-j622-nick-slim-3838-b75-41395-2\/\"]}]},{\"@type\":\"ImageObject\",\"inLanguage\":\"fr-FR\",\"@id\":\"https:\/\/www.voustenjeans.com\/fr\/jacob-cohen-j622-nick-slim-3838-b75-41395-2\/#primaryimage\",\"url\":\"https:\/\/www.voustenjeans.com\/wp-content\/uploads\/2023\/06\/jacob_cohen_41409_bruin_front_0-1.jpg\",\"contentUrl\":\"https:\/\/www.voustenjeans.com\/wp-content\/uploads\/2023\/06\/jacob_cohen_41409_bruin_front_0-1.jpg\",\"width\":800,\"height\":2250},{\"@type\":\"BreadcrumbList\",\"@id\":\"https:\/\/www.voustenjeans.com\/fr\/jacob-cohen-j622-nick-slim-3838-b75-41395-2\/#breadcrumb\",\"itemListElement\":[{\"@type\":\"ListItem\",\"position\":1,\"name\":\"Home\",\"item\":\"https:\/\/www.voustenjeans.com\/fr\/\"},{\"@type\":\"ListItem\",\"position\":2,\"name\":\"Boutique\",\"item\":\"https:\/\/www.voustenjeans.com\/fr\/shop\/\"},{\"@type\":\"ListItem\",\"position\":3,\"name\":\"Jacob Cohen &#8211; J622 (Nick Slim) 3838 B75 (41395)\"}]},{\"@type\":\"WebSite\",\"@id\":\"https:\/\/www.voustenjeans.com\/en\/#website\",\"url\":\"https:\/\/www.voustenjeans.com\/en\/\",\"name\":\"Vousten Jeans\",\"description\":\"\",\"potentialAction\":[{\"@type\":\"SearchAction\",\"target\":{\"@type\":\"EntryPoint\",\"urlTemplate\":\"https:\/\/www.voustenjeans.com\/en\/?s={search_term_string}\"},\"query-input\":\"required name=search_term_string\"}],\"inLanguage\":\"fr-FR\"}]}<\/script>\n<!-- \/ Yoast SEO plugin. -->","yoast_head_json":{"title":"Jacob Cohen - J622 (Nick Slim) 3838 B75 (41395) - Vousten Jeans","robots":{"index":"index","follow":"follow","max-snippet":"max-snippet:-1","max-image-preview":"max-image-preview:large","max-video-preview":"max-video-preview:-1"},"canonical":"https:\/\/www.voustenjeans.com\/fr\/jacob-cohen-j622-nick-slim-3838-b75-41395-2\/","og_locale":"fr_FR","og_type":"article","og_title":"Jacob Cohen - J622 (Nick Slim) 3838 B75 (41395) - Vousten Jeans","og_description":"Ce pantalon en velours c\u00f4tel\u00e9 moderne pr\u00e9sente une coupe slim. Taille petit, choisissez donc une taille au-dessus ! Pantalon en velours c\u00f4tel\u00e9 extensible Taille standard Fermeture boutonn\u00e9e Empi\u00e8cement en daim brun Mati\u00e8re : 98 % coton, 2 % \u00e9lasthanne Largeur d\u2019entrejambe : 16,5 cm Longueur de la base : 89 cm (peut varier l\u00e9g\u00e8rement \u00e0 [...]","og_url":"https:\/\/www.voustenjeans.com\/fr\/jacob-cohen-j622-nick-slim-3838-b75-41395-2\/","og_site_name":"Vousten Jeans","article_modified_time":"2026-01-24T15:58:05+00:00","og_image":[{"width":800,"height":2250,"url":"https:\/\/www.voustenjeans.com\/wp-content\/uploads\/2023\/06\/jacob_cohen_41409_bruin_front_0-1.jpg","type":"image\/jpeg"}],"twitter_card":"summary_large_image","schema":{"@context":"https:\/\/schema.org","@graph":[{"@type":"WebPage","@id":"https:\/\/www.voustenjeans.com\/fr\/jacob-cohen-j622-nick-slim-3838-b75-41395-2\/","url":"https:\/\/www.voustenjeans.com\/fr\/jacob-cohen-j622-nick-slim-3838-b75-41395-2\/","name":"Jacob Cohen - J622 (Nick Slim) 3838 B75 (41395) - Vousten Jeans","isPartOf":{"@id":"https:\/\/www.voustenjeans.com\/en\/#website"},"primaryImageOfPage":{"@id":"https:\/\/www.voustenjeans.com\/fr\/jacob-cohen-j622-nick-slim-3838-b75-41395-2\/#primaryimage"},"image":{"@id":"https:\/\/www.voustenjeans.com\/fr\/jacob-cohen-j622-nick-slim-3838-b75-41395-2\/#primaryimage"},"thumbnailUrl":"https:\/\/www.voustenjeans.com\/wp-content\/uploads\/2023\/06\/jacob_cohen_41409_bruin_front_0-1.jpg","datePublished":"2025-10-19T17:18:11+00:00","dateModified":"2026-01-24T15:58:05+00:00","breadcrumb":{"@id":"https:\/\/www.voustenjeans.com\/fr\/jacob-cohen-j622-nick-slim-3838-b75-41395-2\/#breadcrumb"},"inLanguage":"fr-FR","potentialAction":[{"@type":"ReadAction","target":["https:\/\/www.voustenjeans.com\/fr\/jacob-cohen-j622-nick-slim-3838-b75-41395-2\/"]}]},{"@type":"ImageObject","inLanguage":"fr-FR","@id":"https:\/\/www.voustenjeans.com\/fr\/jacob-cohen-j622-nick-slim-3838-b75-41395-2\/#primaryimage","url":"https:\/\/www.voustenjeans.com\/wp-content\/uploads\/2023\/06\/jacob_cohen_41409_bruin_front_0-1.jpg","contentUrl":"https:\/\/www.voustenjeans.com\/wp-content\/uploads\/2023\/06\/jacob_cohen_41409_bruin_front_0-1.jpg","width":800,"height":2250},{"@type":"BreadcrumbList","@id":"https:\/\/www.voustenjeans.com\/fr\/jacob-cohen-j622-nick-slim-3838-b75-41395-2\/#breadcrumb","itemListElement":[{"@type":"ListItem","position":1,"name":"Home","item":"https:\/\/www.voustenjeans.com\/fr\/"},{"@type":"ListItem","position":2,"name":"Boutique","item":"https:\/\/www.voustenjeans.com\/fr\/shop\/"},{"@type":"ListItem","position":3,"name":"Jacob Cohen &#8211; J622 (Nick Slim) 3838 B75 (41395)"}]},{"@type":"WebSite","@id":"https:\/\/www.voustenjeans.com\/en\/#website","url":"https:\/\/www.voustenjeans.com\/en\/","name":"Vousten Jeans","description":"","potentialAction":[{"@type":"SearchAction","target":{"@type":"EntryPoint","urlTemplate":"https:\/\/www.voustenjeans.com\/en\/?s={search_term_string}"},"query-input":"required name=search_term_string"}],"inLanguage":"fr-FR"}]}},"_links":{"self":[{"href":"https:\/\/www.voustenjeans.com\/fr\/wp-json\/wp\/v2\/product\/324290"}],"collection":[{"href":"https:\/\/www.voustenjeans.com\/fr\/wp-json\/wp\/v2\/product"}],"about":[{"href":"https:\/\/www.voustenjeans.com\/fr\/wp-json\/wp\/v2\/types\/product"}],"replies":[{"embeddable":true,"href":"https:\/\/www.voustenjeans.com\/fr\/wp-json\/wp\/v2\/comments?post=324290"}],"wp:featuredmedia":[{"embeddable":true,"href":"https:\/\/www.voustenjeans.com\/fr\/wp-json\/wp\/v2\/media\/324266"}],"wp:attachment":[{"href":"https:\/\/www.voustenjeans.com\/fr\/wp-json\/wp\/v2\/media?parent=324290"}],"wp:term":[{"taxonomy":"product_cat","embeddable":true,"href":"https:\/\/www.voustenjeans.com\/fr\/wp-json\/wp\/v2\/product_cat?post=324290"},{"taxonomy":"product_tag","embeddable":true,"href":"https:\/\/www.voustenjeans.com\/fr\/wp-json\/wp\/v2\/product_tag?post=324290"}],"curies":[{"name":"wp","href":"https:\/\/api.w.org\/{rel}","templated":true}]}}