{"id":324124,"date":"2025-10-18T05:58:12","date_gmt":"2025-10-18T03:58:12","guid":{"rendered":"https:\/\/www.voustenjeans.com\/jacob-cohen-cap-grijs-41187-2\/"},"modified":"2025-11-20T14:22:10","modified_gmt":"2025-11-20T13:22:10","slug":"jacob-cohen-cap-grijs-41187-2","status":"publish","type":"product","link":"https:\/\/www.voustenjeans.com\/fr\/jacob-cohen-cap-grijs-41187-2\/","title":{"rendered":"Jacob Cohen &#8211; Chapeau beige (41187)"},"content":{"rendered":"<p>Le bonnet est compos\u00e9 \u00e0 100 % de laine cachemire.<br \/>\nIl est orn\u00e9 d&rsquo;un logo imprim\u00e9 et enti\u00e8rement tricot\u00e9 en c\u00f4tes avec un point de p\u00eacheur.<\/p>\n<p>Fabriqu\u00e9 en Italie.<\/p>\n<p>&nbsp;<\/p>\n<p>&nbsp;<\/p>\n","protected":false},"excerpt":{"rendered":"<p>Le bonnet est compos\u00e9 \u00e0 100 % de laine cachemire. Il est orn\u00e9 d&rsquo;un logo imprim\u00e9 et enti\u00e8rement tricot\u00e9 en c\u00f4tes avec un point de p\u00eacheur. Fabriqu\u00e9 en Italie. &nbsp; &nbsp;<\/p>\n","protected":false},"featured_media":324594,"comment_status":"open","ping_status":"closed","template":"","meta":[],"product_cat":[1110,1136,1588,1642,1796,1804,1812],"product_tag":[],"acf":[],"yoast_head":"<!-- This site is optimized with the Yoast SEO plugin v22.3 - https:\/\/yoast.com\/wordpress\/plugins\/seo\/ -->\n<title>Jacob Cohen - Chapeau beige (41187) - Vousten Jeans<\/title>\n<meta name=\"robots\" content=\"index, follow, max-snippet:-1, max-image-preview:large, max-video-preview:-1\" \/>\n<link rel=\"canonical\" href=\"https:\/\/www.voustenjeans.com\/fr\/jacob-cohen-cap-grijs-41187-2\/\" \/>\n<meta property=\"og:locale\" content=\"fr_FR\" \/>\n<meta property=\"og:type\" content=\"article\" \/>\n<meta property=\"og:title\" content=\"Jacob Cohen - Chapeau beige (41187) - Vousten Jeans\" \/>\n<meta property=\"og:description\" content=\"Le bonnet est compos\u00e9 \u00e0 100 % de laine cachemire. Il est orn\u00e9 d&rsquo;un logo imprim\u00e9 et enti\u00e8rement tricot\u00e9 en c\u00f4tes avec un point de p\u00eacheur. Fabriqu\u00e9 en Italie. &nbsp; &nbsp;\" \/>\n<meta property=\"og:url\" content=\"https:\/\/www.voustenjeans.com\/fr\/jacob-cohen-cap-grijs-41187-2\/\" \/>\n<meta property=\"og:site_name\" content=\"Vousten Jeans\" \/>\n<meta property=\"article:modified_time\" content=\"2025-11-20T13:22:10+00:00\" \/>\n<meta property=\"og:image\" content=\"https:\/\/www.voustenjeans.com\/wp-content\/uploads\/2023\/06\/JACOB-COHEN-Cap-Grijs-41187.png\" \/>\n\t<meta property=\"og:image:width\" content=\"713\" \/>\n\t<meta property=\"og:image:height\" content=\"713\" \/>\n\t<meta property=\"og:image:type\" content=\"image\/png\" \/>\n<meta name=\"twitter:card\" content=\"summary_large_image\" \/>\n<script type=\"application\/ld+json\" class=\"yoast-schema-graph\">{\"@context\":\"https:\/\/schema.org\",\"@graph\":[{\"@type\":\"WebPage\",\"@id\":\"https:\/\/www.voustenjeans.com\/fr\/jacob-cohen-cap-grijs-41187-2\/\",\"url\":\"https:\/\/www.voustenjeans.com\/fr\/jacob-cohen-cap-grijs-41187-2\/\",\"name\":\"Jacob Cohen - Chapeau beige (41187) - Vousten Jeans\",\"isPartOf\":{\"@id\":\"https:\/\/www.voustenjeans.com\/en\/#website\"},\"primaryImageOfPage\":{\"@id\":\"https:\/\/www.voustenjeans.com\/fr\/jacob-cohen-cap-grijs-41187-2\/#primaryimage\"},\"image\":{\"@id\":\"https:\/\/www.voustenjeans.com\/fr\/jacob-cohen-cap-grijs-41187-2\/#primaryimage\"},\"thumbnailUrl\":\"https:\/\/www.voustenjeans.com\/wp-content\/uploads\/2023\/06\/JACOB-COHEN-Cap-Grijs-41187.png\",\"datePublished\":\"2025-10-18T03:58:12+00:00\",\"dateModified\":\"2025-11-20T13:22:10+00:00\",\"breadcrumb\":{\"@id\":\"https:\/\/www.voustenjeans.com\/fr\/jacob-cohen-cap-grijs-41187-2\/#breadcrumb\"},\"inLanguage\":\"fr-FR\",\"potentialAction\":[{\"@type\":\"ReadAction\",\"target\":[\"https:\/\/www.voustenjeans.com\/fr\/jacob-cohen-cap-grijs-41187-2\/\"]}]},{\"@type\":\"ImageObject\",\"inLanguage\":\"fr-FR\",\"@id\":\"https:\/\/www.voustenjeans.com\/fr\/jacob-cohen-cap-grijs-41187-2\/#primaryimage\",\"url\":\"https:\/\/www.voustenjeans.com\/wp-content\/uploads\/2023\/06\/JACOB-COHEN-Cap-Grijs-41187.png\",\"contentUrl\":\"https:\/\/www.voustenjeans.com\/wp-content\/uploads\/2023\/06\/JACOB-COHEN-Cap-Grijs-41187.png\",\"width\":713,\"height\":713},{\"@type\":\"BreadcrumbList\",\"@id\":\"https:\/\/www.voustenjeans.com\/fr\/jacob-cohen-cap-grijs-41187-2\/#breadcrumb\",\"itemListElement\":[{\"@type\":\"ListItem\",\"position\":1,\"name\":\"Home\",\"item\":\"https:\/\/www.voustenjeans.com\/fr\/\"},{\"@type\":\"ListItem\",\"position\":2,\"name\":\"Boutique\",\"item\":\"https:\/\/www.voustenjeans.com\/fr\/shop\/\"},{\"@type\":\"ListItem\",\"position\":3,\"name\":\"Jacob Cohen &#8211; Chapeau beige (41187)\"}]},{\"@type\":\"WebSite\",\"@id\":\"https:\/\/www.voustenjeans.com\/en\/#website\",\"url\":\"https:\/\/www.voustenjeans.com\/en\/\",\"name\":\"Vousten Jeans\",\"description\":\"\",\"potentialAction\":[{\"@type\":\"SearchAction\",\"target\":{\"@type\":\"EntryPoint\",\"urlTemplate\":\"https:\/\/www.voustenjeans.com\/en\/?s={search_term_string}\"},\"query-input\":\"required name=search_term_string\"}],\"inLanguage\":\"fr-FR\"}]}<\/script>\n<!-- \/ Yoast SEO plugin. -->","yoast_head_json":{"title":"Jacob Cohen - Chapeau beige (41187) - Vousten Jeans","robots":{"index":"index","follow":"follow","max-snippet":"max-snippet:-1","max-image-preview":"max-image-preview:large","max-video-preview":"max-video-preview:-1"},"canonical":"https:\/\/www.voustenjeans.com\/fr\/jacob-cohen-cap-grijs-41187-2\/","og_locale":"fr_FR","og_type":"article","og_title":"Jacob Cohen - Chapeau beige (41187) - Vousten Jeans","og_description":"Le bonnet est compos\u00e9 \u00e0 100 % de laine cachemire. Il est orn\u00e9 d&rsquo;un logo imprim\u00e9 et enti\u00e8rement tricot\u00e9 en c\u00f4tes avec un point de p\u00eacheur. Fabriqu\u00e9 en Italie. &nbsp; &nbsp;","og_url":"https:\/\/www.voustenjeans.com\/fr\/jacob-cohen-cap-grijs-41187-2\/","og_site_name":"Vousten Jeans","article_modified_time":"2025-11-20T13:22:10+00:00","og_image":[{"width":713,"height":713,"url":"https:\/\/www.voustenjeans.com\/wp-content\/uploads\/2023\/06\/JACOB-COHEN-Cap-Grijs-41187.png","type":"image\/png"}],"twitter_card":"summary_large_image","schema":{"@context":"https:\/\/schema.org","@graph":[{"@type":"WebPage","@id":"https:\/\/www.voustenjeans.com\/fr\/jacob-cohen-cap-grijs-41187-2\/","url":"https:\/\/www.voustenjeans.com\/fr\/jacob-cohen-cap-grijs-41187-2\/","name":"Jacob Cohen - Chapeau beige (41187) - Vousten Jeans","isPartOf":{"@id":"https:\/\/www.voustenjeans.com\/en\/#website"},"primaryImageOfPage":{"@id":"https:\/\/www.voustenjeans.com\/fr\/jacob-cohen-cap-grijs-41187-2\/#primaryimage"},"image":{"@id":"https:\/\/www.voustenjeans.com\/fr\/jacob-cohen-cap-grijs-41187-2\/#primaryimage"},"thumbnailUrl":"https:\/\/www.voustenjeans.com\/wp-content\/uploads\/2023\/06\/JACOB-COHEN-Cap-Grijs-41187.png","datePublished":"2025-10-18T03:58:12+00:00","dateModified":"2025-11-20T13:22:10+00:00","breadcrumb":{"@id":"https:\/\/www.voustenjeans.com\/fr\/jacob-cohen-cap-grijs-41187-2\/#breadcrumb"},"inLanguage":"fr-FR","potentialAction":[{"@type":"ReadAction","target":["https:\/\/www.voustenjeans.com\/fr\/jacob-cohen-cap-grijs-41187-2\/"]}]},{"@type":"ImageObject","inLanguage":"fr-FR","@id":"https:\/\/www.voustenjeans.com\/fr\/jacob-cohen-cap-grijs-41187-2\/#primaryimage","url":"https:\/\/www.voustenjeans.com\/wp-content\/uploads\/2023\/06\/JACOB-COHEN-Cap-Grijs-41187.png","contentUrl":"https:\/\/www.voustenjeans.com\/wp-content\/uploads\/2023\/06\/JACOB-COHEN-Cap-Grijs-41187.png","width":713,"height":713},{"@type":"BreadcrumbList","@id":"https:\/\/www.voustenjeans.com\/fr\/jacob-cohen-cap-grijs-41187-2\/#breadcrumb","itemListElement":[{"@type":"ListItem","position":1,"name":"Home","item":"https:\/\/www.voustenjeans.com\/fr\/"},{"@type":"ListItem","position":2,"name":"Boutique","item":"https:\/\/www.voustenjeans.com\/fr\/shop\/"},{"@type":"ListItem","position":3,"name":"Jacob Cohen &#8211; Chapeau beige (41187)"}]},{"@type":"WebSite","@id":"https:\/\/www.voustenjeans.com\/en\/#website","url":"https:\/\/www.voustenjeans.com\/en\/","name":"Vousten Jeans","description":"","potentialAction":[{"@type":"SearchAction","target":{"@type":"EntryPoint","urlTemplate":"https:\/\/www.voustenjeans.com\/en\/?s={search_term_string}"},"query-input":"required name=search_term_string"}],"inLanguage":"fr-FR"}]}},"_links":{"self":[{"href":"https:\/\/www.voustenjeans.com\/fr\/wp-json\/wp\/v2\/product\/324124"}],"collection":[{"href":"https:\/\/www.voustenjeans.com\/fr\/wp-json\/wp\/v2\/product"}],"about":[{"href":"https:\/\/www.voustenjeans.com\/fr\/wp-json\/wp\/v2\/types\/product"}],"replies":[{"embeddable":true,"href":"https:\/\/www.voustenjeans.com\/fr\/wp-json\/wp\/v2\/comments?post=324124"}],"wp:featuredmedia":[{"embeddable":true,"href":"https:\/\/www.voustenjeans.com\/fr\/wp-json\/wp\/v2\/media\/324594"}],"wp:attachment":[{"href":"https:\/\/www.voustenjeans.com\/fr\/wp-json\/wp\/v2\/media?parent=324124"}],"wp:term":[{"taxonomy":"product_cat","embeddable":true,"href":"https:\/\/www.voustenjeans.com\/fr\/wp-json\/wp\/v2\/product_cat?post=324124"},{"taxonomy":"product_tag","embeddable":true,"href":"https:\/\/www.voustenjeans.com\/fr\/wp-json\/wp\/v2\/product_tag?post=324124"}],"curies":[{"name":"wp","href":"https:\/\/api.w.org\/{rel}","templated":true}]}}