{"id":323746,"date":"2025-10-17T02:38:09","date_gmt":"2025-10-17T00:38:09","guid":{"rendered":"https:\/\/www.voustenjeans.com\/jacob-cohen-bobby-corduroy-3653-a83-41568-2\/"},"modified":"2026-03-24T11:20:06","modified_gmt":"2026-03-24T10:20:06","slug":"jacob-cohen-bobby-corduroy-3653-a83-41568-2","status":"publish","type":"product","link":"https:\/\/www.voustenjeans.com\/fr\/jacob-cohen-bobby-corduroy-3653-a83-41568-2\/","title":{"rendered":"Jacob Coh\u00ebn &#8211; Bobby corduroy 3653 A83 (41568)"},"content":{"rendered":"<p><strong>Pantalon semi-d\u00e9contract\u00e9 en velours c\u00f4tel\u00e9, en coton confortable.<\/strong><\/p>\n<ul>\n<li>Chino en velours c\u00f4tel\u00e9 stretch<\/li>\n<li>Coupe slim<\/li>\n<li>Taille normale<\/li>\n<li>Fermeture \u00e0 glissi\u00e8re<\/li>\n<li>Patch beige<\/li>\n<li>Passants de ceinture<\/li>\n<li>Poches lat\u00e9rales<\/li>\n<li>Poche ticket<\/li>\n<li>Poches arri\u00e8re passepoil\u00e9es<\/li>\n<li>Composition : 78 % coton, 2 % \u00e9lasthanne, 20 % modal<\/li>\n<li>Longueur standard<\/li>\n<\/ul>\n<p>Ce pantalon chino Jacob Cohen est fabriqu\u00e9 \u00e0 la main en V\u00e9n\u00e9tie, dans le nord-est de l&rsquo;Italie.<\/p>\n","protected":false},"excerpt":{"rendered":"<p>Pantalon semi-d\u00e9contract\u00e9 en velours c\u00f4tel\u00e9, en coton confortable. Chino en velours c\u00f4tel\u00e9 stretch Coupe slim Taille normale Fermeture \u00e0 glissi\u00e8re Patch beige Passants de ceinture Poches lat\u00e9rales Poche ticket Poches arri\u00e8re passepoil\u00e9es Composition : 78 % coton, 2 % \u00e9lasthanne, 20 % modal Longueur standard Ce pantalon chino Jacob Cohen est fabriqu\u00e9 \u00e0 la main [&#8230;]\n","protected":false},"featured_media":323730,"comment_status":"open","ping_status":"closed","template":"","meta":[],"product_cat":[1136,1452,1580,1642,1650,1663,1749],"product_tag":[],"acf":[],"yoast_head":"<!-- This site is optimized with the Yoast SEO plugin v22.3 - https:\/\/yoast.com\/wordpress\/plugins\/seo\/ -->\n<title>Jacob Coh\u00ebn - Bobby corduroy 3653 A83 (41568) - Vousten Jeans<\/title>\n<meta name=\"robots\" content=\"index, follow, max-snippet:-1, max-image-preview:large, max-video-preview:-1\" \/>\n<link rel=\"canonical\" href=\"https:\/\/www.voustenjeans.com\/fr\/jacob-cohen-bobby-corduroy-3653-a83-41568-2\/\" \/>\n<meta property=\"og:locale\" content=\"fr_FR\" \/>\n<meta property=\"og:type\" content=\"article\" \/>\n<meta property=\"og:title\" content=\"Jacob Coh\u00ebn - Bobby corduroy 3653 A83 (41568) - Vousten Jeans\" \/>\n<meta property=\"og:description\" content=\"Pantalon semi-d\u00e9contract\u00e9 en velours c\u00f4tel\u00e9, en coton confortable. Chino en velours c\u00f4tel\u00e9 stretch Coupe slim Taille normale Fermeture \u00e0 glissi\u00e8re Patch beige Passants de ceinture Poches lat\u00e9rales Poche ticket Poches arri\u00e8re passepoil\u00e9es Composition : 78 % coton, 2 % \u00e9lasthanne, 20 % modal Longueur standard Ce pantalon chino Jacob Cohen est fabriqu\u00e9 \u00e0 la main [...]\" \/>\n<meta property=\"og:url\" content=\"https:\/\/www.voustenjeans.com\/fr\/jacob-cohen-bobby-corduroy-3653-a83-41568-2\/\" \/>\n<meta property=\"og:site_name\" content=\"Vousten Jeans\" \/>\n<meta property=\"article:modified_time\" content=\"2026-03-24T10:20:06+00:00\" \/>\n<meta property=\"og:image\" content=\"https:\/\/www.voustenjeans.com\/wp-content\/uploads\/2023\/06\/Jacob-Cohen-chino-rib-41568_Beige_Front.jpg\" \/>\n\t<meta property=\"og:image:width\" content=\"800\" \/>\n\t<meta property=\"og:image:height\" content=\"2250\" \/>\n\t<meta property=\"og:image:type\" content=\"image\/jpeg\" \/>\n<meta name=\"twitter:card\" content=\"summary_large_image\" \/>\n<script type=\"application\/ld+json\" class=\"yoast-schema-graph\">{\"@context\":\"https:\/\/schema.org\",\"@graph\":[{\"@type\":\"WebPage\",\"@id\":\"https:\/\/www.voustenjeans.com\/fr\/jacob-cohen-bobby-corduroy-3653-a83-41568-2\/\",\"url\":\"https:\/\/www.voustenjeans.com\/fr\/jacob-cohen-bobby-corduroy-3653-a83-41568-2\/\",\"name\":\"Jacob Coh\u00ebn - Bobby corduroy 3653 A83 (41568) - Vousten Jeans\",\"isPartOf\":{\"@id\":\"https:\/\/www.voustenjeans.com\/en\/#website\"},\"primaryImageOfPage\":{\"@id\":\"https:\/\/www.voustenjeans.com\/fr\/jacob-cohen-bobby-corduroy-3653-a83-41568-2\/#primaryimage\"},\"image\":{\"@id\":\"https:\/\/www.voustenjeans.com\/fr\/jacob-cohen-bobby-corduroy-3653-a83-41568-2\/#primaryimage\"},\"thumbnailUrl\":\"https:\/\/www.voustenjeans.com\/wp-content\/uploads\/2023\/06\/Jacob-Cohen-chino-rib-41568_Beige_Front.jpg\",\"datePublished\":\"2025-10-17T00:38:09+00:00\",\"dateModified\":\"2026-03-24T10:20:06+00:00\",\"breadcrumb\":{\"@id\":\"https:\/\/www.voustenjeans.com\/fr\/jacob-cohen-bobby-corduroy-3653-a83-41568-2\/#breadcrumb\"},\"inLanguage\":\"fr-FR\",\"potentialAction\":[{\"@type\":\"ReadAction\",\"target\":[\"https:\/\/www.voustenjeans.com\/fr\/jacob-cohen-bobby-corduroy-3653-a83-41568-2\/\"]}]},{\"@type\":\"ImageObject\",\"inLanguage\":\"fr-FR\",\"@id\":\"https:\/\/www.voustenjeans.com\/fr\/jacob-cohen-bobby-corduroy-3653-a83-41568-2\/#primaryimage\",\"url\":\"https:\/\/www.voustenjeans.com\/wp-content\/uploads\/2023\/06\/Jacob-Cohen-chino-rib-41568_Beige_Front.jpg\",\"contentUrl\":\"https:\/\/www.voustenjeans.com\/wp-content\/uploads\/2023\/06\/Jacob-Cohen-chino-rib-41568_Beige_Front.jpg\",\"width\":800,\"height\":2250},{\"@type\":\"BreadcrumbList\",\"@id\":\"https:\/\/www.voustenjeans.com\/fr\/jacob-cohen-bobby-corduroy-3653-a83-41568-2\/#breadcrumb\",\"itemListElement\":[{\"@type\":\"ListItem\",\"position\":1,\"name\":\"Home\",\"item\":\"https:\/\/www.voustenjeans.com\/fr\/\"},{\"@type\":\"ListItem\",\"position\":2,\"name\":\"Boutique\",\"item\":\"https:\/\/www.voustenjeans.com\/fr\/shop\/\"},{\"@type\":\"ListItem\",\"position\":3,\"name\":\"Jacob Coh\u00ebn &#8211; Bobby corduroy 3653 A83 (41568)\"}]},{\"@type\":\"WebSite\",\"@id\":\"https:\/\/www.voustenjeans.com\/en\/#website\",\"url\":\"https:\/\/www.voustenjeans.com\/en\/\",\"name\":\"Vousten Jeans\",\"description\":\"\",\"potentialAction\":[{\"@type\":\"SearchAction\",\"target\":{\"@type\":\"EntryPoint\",\"urlTemplate\":\"https:\/\/www.voustenjeans.com\/en\/?s={search_term_string}\"},\"query-input\":\"required name=search_term_string\"}],\"inLanguage\":\"fr-FR\"}]}<\/script>\n<!-- \/ Yoast SEO plugin. -->","yoast_head_json":{"title":"Jacob Coh\u00ebn - Bobby corduroy 3653 A83 (41568) - Vousten Jeans","robots":{"index":"index","follow":"follow","max-snippet":"max-snippet:-1","max-image-preview":"max-image-preview:large","max-video-preview":"max-video-preview:-1"},"canonical":"https:\/\/www.voustenjeans.com\/fr\/jacob-cohen-bobby-corduroy-3653-a83-41568-2\/","og_locale":"fr_FR","og_type":"article","og_title":"Jacob Coh\u00ebn - Bobby corduroy 3653 A83 (41568) - Vousten Jeans","og_description":"Pantalon semi-d\u00e9contract\u00e9 en velours c\u00f4tel\u00e9, en coton confortable. Chino en velours c\u00f4tel\u00e9 stretch Coupe slim Taille normale Fermeture \u00e0 glissi\u00e8re Patch beige Passants de ceinture Poches lat\u00e9rales Poche ticket Poches arri\u00e8re passepoil\u00e9es Composition : 78 % coton, 2 % \u00e9lasthanne, 20 % modal Longueur standard Ce pantalon chino Jacob Cohen est fabriqu\u00e9 \u00e0 la main [...]","og_url":"https:\/\/www.voustenjeans.com\/fr\/jacob-cohen-bobby-corduroy-3653-a83-41568-2\/","og_site_name":"Vousten Jeans","article_modified_time":"2026-03-24T10:20:06+00:00","og_image":[{"width":800,"height":2250,"url":"https:\/\/www.voustenjeans.com\/wp-content\/uploads\/2023\/06\/Jacob-Cohen-chino-rib-41568_Beige_Front.jpg","type":"image\/jpeg"}],"twitter_card":"summary_large_image","schema":{"@context":"https:\/\/schema.org","@graph":[{"@type":"WebPage","@id":"https:\/\/www.voustenjeans.com\/fr\/jacob-cohen-bobby-corduroy-3653-a83-41568-2\/","url":"https:\/\/www.voustenjeans.com\/fr\/jacob-cohen-bobby-corduroy-3653-a83-41568-2\/","name":"Jacob Coh\u00ebn - Bobby corduroy 3653 A83 (41568) - Vousten Jeans","isPartOf":{"@id":"https:\/\/www.voustenjeans.com\/en\/#website"},"primaryImageOfPage":{"@id":"https:\/\/www.voustenjeans.com\/fr\/jacob-cohen-bobby-corduroy-3653-a83-41568-2\/#primaryimage"},"image":{"@id":"https:\/\/www.voustenjeans.com\/fr\/jacob-cohen-bobby-corduroy-3653-a83-41568-2\/#primaryimage"},"thumbnailUrl":"https:\/\/www.voustenjeans.com\/wp-content\/uploads\/2023\/06\/Jacob-Cohen-chino-rib-41568_Beige_Front.jpg","datePublished":"2025-10-17T00:38:09+00:00","dateModified":"2026-03-24T10:20:06+00:00","breadcrumb":{"@id":"https:\/\/www.voustenjeans.com\/fr\/jacob-cohen-bobby-corduroy-3653-a83-41568-2\/#breadcrumb"},"inLanguage":"fr-FR","potentialAction":[{"@type":"ReadAction","target":["https:\/\/www.voustenjeans.com\/fr\/jacob-cohen-bobby-corduroy-3653-a83-41568-2\/"]}]},{"@type":"ImageObject","inLanguage":"fr-FR","@id":"https:\/\/www.voustenjeans.com\/fr\/jacob-cohen-bobby-corduroy-3653-a83-41568-2\/#primaryimage","url":"https:\/\/www.voustenjeans.com\/wp-content\/uploads\/2023\/06\/Jacob-Cohen-chino-rib-41568_Beige_Front.jpg","contentUrl":"https:\/\/www.voustenjeans.com\/wp-content\/uploads\/2023\/06\/Jacob-Cohen-chino-rib-41568_Beige_Front.jpg","width":800,"height":2250},{"@type":"BreadcrumbList","@id":"https:\/\/www.voustenjeans.com\/fr\/jacob-cohen-bobby-corduroy-3653-a83-41568-2\/#breadcrumb","itemListElement":[{"@type":"ListItem","position":1,"name":"Home","item":"https:\/\/www.voustenjeans.com\/fr\/"},{"@type":"ListItem","position":2,"name":"Boutique","item":"https:\/\/www.voustenjeans.com\/fr\/shop\/"},{"@type":"ListItem","position":3,"name":"Jacob Coh\u00ebn &#8211; Bobby corduroy 3653 A83 (41568)"}]},{"@type":"WebSite","@id":"https:\/\/www.voustenjeans.com\/en\/#website","url":"https:\/\/www.voustenjeans.com\/en\/","name":"Vousten Jeans","description":"","potentialAction":[{"@type":"SearchAction","target":{"@type":"EntryPoint","urlTemplate":"https:\/\/www.voustenjeans.com\/en\/?s={search_term_string}"},"query-input":"required name=search_term_string"}],"inLanguage":"fr-FR"}]}},"_links":{"self":[{"href":"https:\/\/www.voustenjeans.com\/fr\/wp-json\/wp\/v2\/product\/323746"}],"collection":[{"href":"https:\/\/www.voustenjeans.com\/fr\/wp-json\/wp\/v2\/product"}],"about":[{"href":"https:\/\/www.voustenjeans.com\/fr\/wp-json\/wp\/v2\/types\/product"}],"replies":[{"embeddable":true,"href":"https:\/\/www.voustenjeans.com\/fr\/wp-json\/wp\/v2\/comments?post=323746"}],"wp:featuredmedia":[{"embeddable":true,"href":"https:\/\/www.voustenjeans.com\/fr\/wp-json\/wp\/v2\/media\/323730"}],"wp:attachment":[{"href":"https:\/\/www.voustenjeans.com\/fr\/wp-json\/wp\/v2\/media?parent=323746"}],"wp:term":[{"taxonomy":"product_cat","embeddable":true,"href":"https:\/\/www.voustenjeans.com\/fr\/wp-json\/wp\/v2\/product_cat?post=323746"},{"taxonomy":"product_tag","embeddable":true,"href":"https:\/\/www.voustenjeans.com\/fr\/wp-json\/wp\/v2\/product_tag?post=323746"}],"curies":[{"name":"wp","href":"https:\/\/api.w.org\/{rel}","templated":true}]}}