{"id":323048,"date":"2025-10-12T18:06:08","date_gmt":"2025-10-12T16:06:08","guid":{"rendered":"https:\/\/www.voustenjeans.com\/jacob-cohen-pharrel-active-marron-3961-d84-41504\/"},"modified":"2026-04-03T23:26:05","modified_gmt":"2026-04-03T21:26:05","slug":"jacob-cohen-pharrel-active-marron-3961-d84-41504","status":"publish","type":"product","link":"https:\/\/www.voustenjeans.com\/fr\/jacob-cohen-pharrel-active-marron-3961-d84-41504\/","title":{"rendered":"Jacob Cohen &#8211; Pharrell Active 3961 D84 (41504)"},"content":{"rendered":"<p><strong>Nouveaut\u00e9 chez Jacob Cohen, le Pharrell Active : le nouveau pantalon technique stretch avec cordon de serrage.<br \/>\n<\/strong>Le tissu technique 4-way stretch rend ce pantalon tr\u00e8s confortable. Il est \u00e9galement facile \u00e0 entretenir, id\u00e9al comme pantalon de golf par exemple.<br \/>\nPantalon Pharrell Active \u00e0 la coupe d\u00e9contract\u00e9e avec 5 poches, couleur marron. <em>La coupe est similaire \u00e0 celle du mod\u00e8le Bard.<\/em><\/p>\n<ul>\n<li>Pantalon stretch<\/li>\n<li>Taille confortable et cordon de serrage<\/li>\n<li>Fermeture \u00e0 boutons<\/li>\n<li>Orn\u00e9 d&rsquo;un patch en nubuck marron<\/li>\n<li>Composition : 88 % polyamide, 12 % \u00e9lasthanne<\/li>\n<li>Ce pantalon Jacob Coh\u00ebn est fabriqu\u00e9 \u00e0 la main en V\u00e9n\u00e9tie,<br \/>\ndans le nord-est de l&rsquo;Italie<\/li>\n<\/ul>\n<p>Livr\u00e9 avec une \u00e9charpe assortie gratuite et du fil suppl\u00e9mentaire de la m\u00eame couleur.<\/p>\n","protected":false},"excerpt":{"rendered":"<p>Nouveaut\u00e9 chez Jacob Cohen, le Pharrell Active : le nouveau pantalon technique stretch avec cordon de serrage. Le tissu technique 4-way stretch rend ce pantalon tr\u00e8s confortable. Il est \u00e9galement facile \u00e0 entretenir, id\u00e9al comme pantalon de golf par exemple. Pantalon Pharrell Active \u00e0 la coupe d\u00e9contract\u00e9e avec 5 poches, couleur marron. La coupe est [&#8230;]\n","protected":false},"featured_media":323040,"comment_status":"open","ping_status":"closed","template":"","meta":[],"product_cat":[1136,1452,1580,1642,1650,1749,1788],"product_tag":[],"acf":[],"yoast_head":"<!-- This site is optimized with the Yoast SEO plugin v22.3 - https:\/\/yoast.com\/wordpress\/plugins\/seo\/ -->\n<title>Jacob Cohen - Pharrell Active 3961 D84 (41504) - Vousten Jeans<\/title>\n<meta name=\"robots\" content=\"index, follow, max-snippet:-1, max-image-preview:large, max-video-preview:-1\" \/>\n<link rel=\"canonical\" href=\"https:\/\/www.voustenjeans.com\/fr\/jacob-cohen-pharrel-active-marron-3961-d84-41504\/\" \/>\n<meta property=\"og:locale\" content=\"fr_FR\" \/>\n<meta property=\"og:type\" content=\"article\" \/>\n<meta property=\"og:title\" content=\"Jacob Cohen - Pharrell Active 3961 D84 (41504) - Vousten Jeans\" \/>\n<meta property=\"og:description\" content=\"Nouveaut\u00e9 chez Jacob Cohen, le Pharrell Active : le nouveau pantalon technique stretch avec cordon de serrage. Le tissu technique 4-way stretch rend ce pantalon tr\u00e8s confortable. Il est \u00e9galement facile \u00e0 entretenir, id\u00e9al comme pantalon de golf par exemple. Pantalon Pharrell Active \u00e0 la coupe d\u00e9contract\u00e9e avec 5 poches, couleur marron. La coupe est [...]\" \/>\n<meta property=\"og:url\" content=\"https:\/\/www.voustenjeans.com\/fr\/jacob-cohen-pharrel-active-marron-3961-d84-41504\/\" \/>\n<meta property=\"og:site_name\" content=\"Vousten Jeans\" \/>\n<meta property=\"article:modified_time\" content=\"2026-04-03T21:26:05+00:00\" \/>\n<meta property=\"og:image\" content=\"https:\/\/www.voustenjeans.com\/wp-content\/uploads\/2023\/06\/Jacob-Cohen-Stretch-41504_Taupe_Front.jpg\" \/>\n\t<meta property=\"og:image:width\" content=\"800\" \/>\n\t<meta property=\"og:image:height\" content=\"2250\" \/>\n\t<meta property=\"og:image:type\" content=\"image\/jpeg\" \/>\n<meta name=\"twitter:card\" content=\"summary_large_image\" \/>\n<meta name=\"twitter:label1\" content=\"Est. reading time\" \/>\n\t<meta name=\"twitter:data1\" content=\"1 minute\" \/>\n<script type=\"application\/ld+json\" class=\"yoast-schema-graph\">{\"@context\":\"https:\/\/schema.org\",\"@graph\":[{\"@type\":\"WebPage\",\"@id\":\"https:\/\/www.voustenjeans.com\/fr\/jacob-cohen-pharrel-active-marron-3961-d84-41504\/\",\"url\":\"https:\/\/www.voustenjeans.com\/fr\/jacob-cohen-pharrel-active-marron-3961-d84-41504\/\",\"name\":\"Jacob Cohen - Pharrell Active 3961 D84 (41504) - Vousten Jeans\",\"isPartOf\":{\"@id\":\"https:\/\/www.voustenjeans.com\/en\/#website\"},\"primaryImageOfPage\":{\"@id\":\"https:\/\/www.voustenjeans.com\/fr\/jacob-cohen-pharrel-active-marron-3961-d84-41504\/#primaryimage\"},\"image\":{\"@id\":\"https:\/\/www.voustenjeans.com\/fr\/jacob-cohen-pharrel-active-marron-3961-d84-41504\/#primaryimage\"},\"thumbnailUrl\":\"https:\/\/www.voustenjeans.com\/wp-content\/uploads\/2023\/06\/Jacob-Cohen-Stretch-41504_Taupe_Front.jpg\",\"datePublished\":\"2025-10-12T16:06:08+00:00\",\"dateModified\":\"2026-04-03T21:26:05+00:00\",\"breadcrumb\":{\"@id\":\"https:\/\/www.voustenjeans.com\/fr\/jacob-cohen-pharrel-active-marron-3961-d84-41504\/#breadcrumb\"},\"inLanguage\":\"fr-FR\",\"potentialAction\":[{\"@type\":\"ReadAction\",\"target\":[\"https:\/\/www.voustenjeans.com\/fr\/jacob-cohen-pharrel-active-marron-3961-d84-41504\/\"]}]},{\"@type\":\"ImageObject\",\"inLanguage\":\"fr-FR\",\"@id\":\"https:\/\/www.voustenjeans.com\/fr\/jacob-cohen-pharrel-active-marron-3961-d84-41504\/#primaryimage\",\"url\":\"https:\/\/www.voustenjeans.com\/wp-content\/uploads\/2023\/06\/Jacob-Cohen-Stretch-41504_Taupe_Front.jpg\",\"contentUrl\":\"https:\/\/www.voustenjeans.com\/wp-content\/uploads\/2023\/06\/Jacob-Cohen-Stretch-41504_Taupe_Front.jpg\",\"width\":800,\"height\":2250},{\"@type\":\"BreadcrumbList\",\"@id\":\"https:\/\/www.voustenjeans.com\/fr\/jacob-cohen-pharrel-active-marron-3961-d84-41504\/#breadcrumb\",\"itemListElement\":[{\"@type\":\"ListItem\",\"position\":1,\"name\":\"Home\",\"item\":\"https:\/\/www.voustenjeans.com\/fr\/\"},{\"@type\":\"ListItem\",\"position\":2,\"name\":\"Boutique\",\"item\":\"https:\/\/www.voustenjeans.com\/fr\/shop\/\"},{\"@type\":\"ListItem\",\"position\":3,\"name\":\"Jacob Cohen &#8211; Pharrell Active 3961 D84 (41504)\"}]},{\"@type\":\"WebSite\",\"@id\":\"https:\/\/www.voustenjeans.com\/en\/#website\",\"url\":\"https:\/\/www.voustenjeans.com\/en\/\",\"name\":\"Vousten Jeans\",\"description\":\"\",\"potentialAction\":[{\"@type\":\"SearchAction\",\"target\":{\"@type\":\"EntryPoint\",\"urlTemplate\":\"https:\/\/www.voustenjeans.com\/en\/?s={search_term_string}\"},\"query-input\":\"required name=search_term_string\"}],\"inLanguage\":\"fr-FR\"}]}<\/script>\n<!-- \/ Yoast SEO plugin. -->","yoast_head_json":{"title":"Jacob Cohen - Pharrell Active 3961 D84 (41504) - Vousten Jeans","robots":{"index":"index","follow":"follow","max-snippet":"max-snippet:-1","max-image-preview":"max-image-preview:large","max-video-preview":"max-video-preview:-1"},"canonical":"https:\/\/www.voustenjeans.com\/fr\/jacob-cohen-pharrel-active-marron-3961-d84-41504\/","og_locale":"fr_FR","og_type":"article","og_title":"Jacob Cohen - Pharrell Active 3961 D84 (41504) - Vousten Jeans","og_description":"Nouveaut\u00e9 chez Jacob Cohen, le Pharrell Active : le nouveau pantalon technique stretch avec cordon de serrage. Le tissu technique 4-way stretch rend ce pantalon tr\u00e8s confortable. Il est \u00e9galement facile \u00e0 entretenir, id\u00e9al comme pantalon de golf par exemple. Pantalon Pharrell Active \u00e0 la coupe d\u00e9contract\u00e9e avec 5 poches, couleur marron. La coupe est [...]","og_url":"https:\/\/www.voustenjeans.com\/fr\/jacob-cohen-pharrel-active-marron-3961-d84-41504\/","og_site_name":"Vousten Jeans","article_modified_time":"2026-04-03T21:26:05+00:00","og_image":[{"width":800,"height":2250,"url":"https:\/\/www.voustenjeans.com\/wp-content\/uploads\/2023\/06\/Jacob-Cohen-Stretch-41504_Taupe_Front.jpg","type":"image\/jpeg"}],"twitter_card":"summary_large_image","twitter_misc":{"Est. reading time":"1 minute"},"schema":{"@context":"https:\/\/schema.org","@graph":[{"@type":"WebPage","@id":"https:\/\/www.voustenjeans.com\/fr\/jacob-cohen-pharrel-active-marron-3961-d84-41504\/","url":"https:\/\/www.voustenjeans.com\/fr\/jacob-cohen-pharrel-active-marron-3961-d84-41504\/","name":"Jacob Cohen - Pharrell Active 3961 D84 (41504) - Vousten Jeans","isPartOf":{"@id":"https:\/\/www.voustenjeans.com\/en\/#website"},"primaryImageOfPage":{"@id":"https:\/\/www.voustenjeans.com\/fr\/jacob-cohen-pharrel-active-marron-3961-d84-41504\/#primaryimage"},"image":{"@id":"https:\/\/www.voustenjeans.com\/fr\/jacob-cohen-pharrel-active-marron-3961-d84-41504\/#primaryimage"},"thumbnailUrl":"https:\/\/www.voustenjeans.com\/wp-content\/uploads\/2023\/06\/Jacob-Cohen-Stretch-41504_Taupe_Front.jpg","datePublished":"2025-10-12T16:06:08+00:00","dateModified":"2026-04-03T21:26:05+00:00","breadcrumb":{"@id":"https:\/\/www.voustenjeans.com\/fr\/jacob-cohen-pharrel-active-marron-3961-d84-41504\/#breadcrumb"},"inLanguage":"fr-FR","potentialAction":[{"@type":"ReadAction","target":["https:\/\/www.voustenjeans.com\/fr\/jacob-cohen-pharrel-active-marron-3961-d84-41504\/"]}]},{"@type":"ImageObject","inLanguage":"fr-FR","@id":"https:\/\/www.voustenjeans.com\/fr\/jacob-cohen-pharrel-active-marron-3961-d84-41504\/#primaryimage","url":"https:\/\/www.voustenjeans.com\/wp-content\/uploads\/2023\/06\/Jacob-Cohen-Stretch-41504_Taupe_Front.jpg","contentUrl":"https:\/\/www.voustenjeans.com\/wp-content\/uploads\/2023\/06\/Jacob-Cohen-Stretch-41504_Taupe_Front.jpg","width":800,"height":2250},{"@type":"BreadcrumbList","@id":"https:\/\/www.voustenjeans.com\/fr\/jacob-cohen-pharrel-active-marron-3961-d84-41504\/#breadcrumb","itemListElement":[{"@type":"ListItem","position":1,"name":"Home","item":"https:\/\/www.voustenjeans.com\/fr\/"},{"@type":"ListItem","position":2,"name":"Boutique","item":"https:\/\/www.voustenjeans.com\/fr\/shop\/"},{"@type":"ListItem","position":3,"name":"Jacob Cohen &#8211; Pharrell Active 3961 D84 (41504)"}]},{"@type":"WebSite","@id":"https:\/\/www.voustenjeans.com\/en\/#website","url":"https:\/\/www.voustenjeans.com\/en\/","name":"Vousten Jeans","description":"","potentialAction":[{"@type":"SearchAction","target":{"@type":"EntryPoint","urlTemplate":"https:\/\/www.voustenjeans.com\/en\/?s={search_term_string}"},"query-input":"required name=search_term_string"}],"inLanguage":"fr-FR"}]}},"_links":{"self":[{"href":"https:\/\/www.voustenjeans.com\/fr\/wp-json\/wp\/v2\/product\/323048"}],"collection":[{"href":"https:\/\/www.voustenjeans.com\/fr\/wp-json\/wp\/v2\/product"}],"about":[{"href":"https:\/\/www.voustenjeans.com\/fr\/wp-json\/wp\/v2\/types\/product"}],"replies":[{"embeddable":true,"href":"https:\/\/www.voustenjeans.com\/fr\/wp-json\/wp\/v2\/comments?post=323048"}],"wp:featuredmedia":[{"embeddable":true,"href":"https:\/\/www.voustenjeans.com\/fr\/wp-json\/wp\/v2\/media\/323040"}],"wp:attachment":[{"href":"https:\/\/www.voustenjeans.com\/fr\/wp-json\/wp\/v2\/media?parent=323048"}],"wp:term":[{"taxonomy":"product_cat","embeddable":true,"href":"https:\/\/www.voustenjeans.com\/fr\/wp-json\/wp\/v2\/product_cat?post=323048"},{"taxonomy":"product_tag","embeddable":true,"href":"https:\/\/www.voustenjeans.com\/fr\/wp-json\/wp\/v2\/product_tag?post=323048"}],"curies":[{"name":"wp","href":"https:\/\/api.w.org\/{rel}","templated":true}]}}