{"id":321547,"date":"2025-09-29T06:10:08","date_gmt":"2025-09-29T04:10:08","guid":{"rendered":"https:\/\/www.voustenjeans.com\/jacob-cohen-j688-bard-3651-a83-41493-2\/"},"modified":"2025-12-31T19:22:06","modified_gmt":"2025-12-31T18:22:06","slug":"jacob-cohen-j688-bard-3651-a83-41493-2","status":"publish","type":"product","link":"https:\/\/www.voustenjeans.com\/fr\/jacob-cohen-j688-bard-3651-a83-41493-2\/","title":{"rendered":"Jacob Coh\u00ebn &#8211; J688 (Bard) 3651 A83 (41493)"},"content":{"rendered":"<div>Ce pantalon moderne pr\u00e9sente une coupe slim l\u00e9g\u00e8rement plus ample au niveau des cuisses.<\/div>\n<ul>\n<li>Pantalon extensible<\/li>\n<li>Taille haute<\/li>\n<li>Fermeture boutonn\u00e9e<\/li>\n<li>Orn\u00e9 d&rsquo;un empi\u00e8cement en crin de poney beige avec rayures marron et logo<\/li>\n<li>Mati\u00e8re : 98 % coton, 2 % \u00e9lasthanne<\/li>\n<li>Largeur d&rsquo;entrejambe : 18 cm<\/li>\n<li>Longueur de la base : 89 cm (peut varier l\u00e9g\u00e8rement \u00e0 chaque lavage)<\/li>\n<li>Ce pantalon Jacob Coh\u00ebn est fabriqu\u00e9 \u00e0 la main en V\u00e9n\u00e9tie, dans le nord-est de l&rsquo;Italie.<\/li>\n<\/ul>\n<div>\u00c9charpe assortie offerte.<\/div>\n","protected":false},"excerpt":{"rendered":"<p>Ce pantalon moderne pr\u00e9sente une coupe slim l\u00e9g\u00e8rement plus ample au niveau des cuisses. Pantalon extensible Taille haute Fermeture boutonn\u00e9e Orn\u00e9 d&rsquo;un empi\u00e8cement en crin de poney beige avec rayures marron et logo Mati\u00e8re : 98 % coton, 2 % \u00e9lasthanne Largeur d&rsquo;entrejambe : 18 cm Longueur de la base : 89 cm (peut varier [&#8230;]\n","protected":false},"featured_media":321531,"comment_status":"open","ping_status":"closed","template":"","meta":[],"product_cat":[1136,1428,1452,1580,1642,1650,1749],"product_tag":[],"acf":[],"yoast_head":"<!-- This site is optimized with the Yoast SEO plugin v22.3 - https:\/\/yoast.com\/wordpress\/plugins\/seo\/ -->\n<title>Jacob Coh\u00ebn - J688 (Bard) 3651 A83 (41493) - Vousten Jeans<\/title>\n<meta name=\"robots\" content=\"index, follow, max-snippet:-1, max-image-preview:large, max-video-preview:-1\" \/>\n<link rel=\"canonical\" href=\"https:\/\/www.voustenjeans.com\/fr\/jacob-cohen-j688-bard-3651-a83-41493-2\/\" \/>\n<meta property=\"og:locale\" content=\"fr_FR\" \/>\n<meta property=\"og:type\" content=\"article\" \/>\n<meta property=\"og:title\" content=\"Jacob Coh\u00ebn - J688 (Bard) 3651 A83 (41493) - Vousten Jeans\" \/>\n<meta property=\"og:description\" content=\"Ce pantalon moderne pr\u00e9sente une coupe slim l\u00e9g\u00e8rement plus ample au niveau des cuisses. Pantalon extensible Taille haute Fermeture boutonn\u00e9e Orn\u00e9 d&rsquo;un empi\u00e8cement en crin de poney beige avec rayures marron et logo Mati\u00e8re : 98 % coton, 2 % \u00e9lasthanne Largeur d&rsquo;entrejambe : 18 cm Longueur de la base : 89 cm (peut varier [...]\" \/>\n<meta property=\"og:url\" content=\"https:\/\/www.voustenjeans.com\/fr\/jacob-cohen-j688-bard-3651-a83-41493-2\/\" \/>\n<meta property=\"og:site_name\" content=\"Vousten Jeans\" \/>\n<meta property=\"article:modified_time\" content=\"2025-12-31T18:22:06+00:00\" \/>\n<meta property=\"og:image\" content=\"https:\/\/www.voustenjeans.com\/wp-content\/uploads\/2023\/06\/J688-Bard-3651-A83-414931.jpg\" \/>\n\t<meta property=\"og:image:width\" content=\"728\" \/>\n\t<meta property=\"og:image:height\" content=\"2048\" \/>\n\t<meta property=\"og:image:type\" content=\"image\/jpeg\" \/>\n<meta name=\"twitter:card\" content=\"summary_large_image\" \/>\n<script type=\"application\/ld+json\" class=\"yoast-schema-graph\">{\"@context\":\"https:\/\/schema.org\",\"@graph\":[{\"@type\":\"WebPage\",\"@id\":\"https:\/\/www.voustenjeans.com\/fr\/jacob-cohen-j688-bard-3651-a83-41493-2\/\",\"url\":\"https:\/\/www.voustenjeans.com\/fr\/jacob-cohen-j688-bard-3651-a83-41493-2\/\",\"name\":\"Jacob Coh\u00ebn - J688 (Bard) 3651 A83 (41493) - Vousten Jeans\",\"isPartOf\":{\"@id\":\"https:\/\/www.voustenjeans.com\/en\/#website\"},\"primaryImageOfPage\":{\"@id\":\"https:\/\/www.voustenjeans.com\/fr\/jacob-cohen-j688-bard-3651-a83-41493-2\/#primaryimage\"},\"image\":{\"@id\":\"https:\/\/www.voustenjeans.com\/fr\/jacob-cohen-j688-bard-3651-a83-41493-2\/#primaryimage\"},\"thumbnailUrl\":\"https:\/\/www.voustenjeans.com\/wp-content\/uploads\/2023\/06\/J688-Bard-3651-A83-414931.jpg\",\"datePublished\":\"2025-09-29T04:10:08+00:00\",\"dateModified\":\"2025-12-31T18:22:06+00:00\",\"breadcrumb\":{\"@id\":\"https:\/\/www.voustenjeans.com\/fr\/jacob-cohen-j688-bard-3651-a83-41493-2\/#breadcrumb\"},\"inLanguage\":\"fr-FR\",\"potentialAction\":[{\"@type\":\"ReadAction\",\"target\":[\"https:\/\/www.voustenjeans.com\/fr\/jacob-cohen-j688-bard-3651-a83-41493-2\/\"]}]},{\"@type\":\"ImageObject\",\"inLanguage\":\"fr-FR\",\"@id\":\"https:\/\/www.voustenjeans.com\/fr\/jacob-cohen-j688-bard-3651-a83-41493-2\/#primaryimage\",\"url\":\"https:\/\/www.voustenjeans.com\/wp-content\/uploads\/2023\/06\/J688-Bard-3651-A83-414931.jpg\",\"contentUrl\":\"https:\/\/www.voustenjeans.com\/wp-content\/uploads\/2023\/06\/J688-Bard-3651-A83-414931.jpg\",\"width\":728,\"height\":2048},{\"@type\":\"BreadcrumbList\",\"@id\":\"https:\/\/www.voustenjeans.com\/fr\/jacob-cohen-j688-bard-3651-a83-41493-2\/#breadcrumb\",\"itemListElement\":[{\"@type\":\"ListItem\",\"position\":1,\"name\":\"Home\",\"item\":\"https:\/\/www.voustenjeans.com\/fr\/\"},{\"@type\":\"ListItem\",\"position\":2,\"name\":\"Boutique\",\"item\":\"https:\/\/www.voustenjeans.com\/fr\/shop\/\"},{\"@type\":\"ListItem\",\"position\":3,\"name\":\"Jacob Coh\u00ebn &#8211; J688 (Bard) 3651 A83 (41493)\"}]},{\"@type\":\"WebSite\",\"@id\":\"https:\/\/www.voustenjeans.com\/en\/#website\",\"url\":\"https:\/\/www.voustenjeans.com\/en\/\",\"name\":\"Vousten Jeans\",\"description\":\"\",\"potentialAction\":[{\"@type\":\"SearchAction\",\"target\":{\"@type\":\"EntryPoint\",\"urlTemplate\":\"https:\/\/www.voustenjeans.com\/en\/?s={search_term_string}\"},\"query-input\":\"required name=search_term_string\"}],\"inLanguage\":\"fr-FR\"}]}<\/script>\n<!-- \/ Yoast SEO plugin. -->","yoast_head_json":{"title":"Jacob Coh\u00ebn - J688 (Bard) 3651 A83 (41493) - Vousten Jeans","robots":{"index":"index","follow":"follow","max-snippet":"max-snippet:-1","max-image-preview":"max-image-preview:large","max-video-preview":"max-video-preview:-1"},"canonical":"https:\/\/www.voustenjeans.com\/fr\/jacob-cohen-j688-bard-3651-a83-41493-2\/","og_locale":"fr_FR","og_type":"article","og_title":"Jacob Coh\u00ebn - J688 (Bard) 3651 A83 (41493) - Vousten Jeans","og_description":"Ce pantalon moderne pr\u00e9sente une coupe slim l\u00e9g\u00e8rement plus ample au niveau des cuisses. Pantalon extensible Taille haute Fermeture boutonn\u00e9e Orn\u00e9 d&rsquo;un empi\u00e8cement en crin de poney beige avec rayures marron et logo Mati\u00e8re : 98 % coton, 2 % \u00e9lasthanne Largeur d&rsquo;entrejambe : 18 cm Longueur de la base : 89 cm (peut varier [...]","og_url":"https:\/\/www.voustenjeans.com\/fr\/jacob-cohen-j688-bard-3651-a83-41493-2\/","og_site_name":"Vousten Jeans","article_modified_time":"2025-12-31T18:22:06+00:00","og_image":[{"width":728,"height":2048,"url":"https:\/\/www.voustenjeans.com\/wp-content\/uploads\/2023\/06\/J688-Bard-3651-A83-414931.jpg","type":"image\/jpeg"}],"twitter_card":"summary_large_image","schema":{"@context":"https:\/\/schema.org","@graph":[{"@type":"WebPage","@id":"https:\/\/www.voustenjeans.com\/fr\/jacob-cohen-j688-bard-3651-a83-41493-2\/","url":"https:\/\/www.voustenjeans.com\/fr\/jacob-cohen-j688-bard-3651-a83-41493-2\/","name":"Jacob Coh\u00ebn - J688 (Bard) 3651 A83 (41493) - Vousten Jeans","isPartOf":{"@id":"https:\/\/www.voustenjeans.com\/en\/#website"},"primaryImageOfPage":{"@id":"https:\/\/www.voustenjeans.com\/fr\/jacob-cohen-j688-bard-3651-a83-41493-2\/#primaryimage"},"image":{"@id":"https:\/\/www.voustenjeans.com\/fr\/jacob-cohen-j688-bard-3651-a83-41493-2\/#primaryimage"},"thumbnailUrl":"https:\/\/www.voustenjeans.com\/wp-content\/uploads\/2023\/06\/J688-Bard-3651-A83-414931.jpg","datePublished":"2025-09-29T04:10:08+00:00","dateModified":"2025-12-31T18:22:06+00:00","breadcrumb":{"@id":"https:\/\/www.voustenjeans.com\/fr\/jacob-cohen-j688-bard-3651-a83-41493-2\/#breadcrumb"},"inLanguage":"fr-FR","potentialAction":[{"@type":"ReadAction","target":["https:\/\/www.voustenjeans.com\/fr\/jacob-cohen-j688-bard-3651-a83-41493-2\/"]}]},{"@type":"ImageObject","inLanguage":"fr-FR","@id":"https:\/\/www.voustenjeans.com\/fr\/jacob-cohen-j688-bard-3651-a83-41493-2\/#primaryimage","url":"https:\/\/www.voustenjeans.com\/wp-content\/uploads\/2023\/06\/J688-Bard-3651-A83-414931.jpg","contentUrl":"https:\/\/www.voustenjeans.com\/wp-content\/uploads\/2023\/06\/J688-Bard-3651-A83-414931.jpg","width":728,"height":2048},{"@type":"BreadcrumbList","@id":"https:\/\/www.voustenjeans.com\/fr\/jacob-cohen-j688-bard-3651-a83-41493-2\/#breadcrumb","itemListElement":[{"@type":"ListItem","position":1,"name":"Home","item":"https:\/\/www.voustenjeans.com\/fr\/"},{"@type":"ListItem","position":2,"name":"Boutique","item":"https:\/\/www.voustenjeans.com\/fr\/shop\/"},{"@type":"ListItem","position":3,"name":"Jacob Coh\u00ebn &#8211; J688 (Bard) 3651 A83 (41493)"}]},{"@type":"WebSite","@id":"https:\/\/www.voustenjeans.com\/en\/#website","url":"https:\/\/www.voustenjeans.com\/en\/","name":"Vousten Jeans","description":"","potentialAction":[{"@type":"SearchAction","target":{"@type":"EntryPoint","urlTemplate":"https:\/\/www.voustenjeans.com\/en\/?s={search_term_string}"},"query-input":"required name=search_term_string"}],"inLanguage":"fr-FR"}]}},"_links":{"self":[{"href":"https:\/\/www.voustenjeans.com\/fr\/wp-json\/wp\/v2\/product\/321547"}],"collection":[{"href":"https:\/\/www.voustenjeans.com\/fr\/wp-json\/wp\/v2\/product"}],"about":[{"href":"https:\/\/www.voustenjeans.com\/fr\/wp-json\/wp\/v2\/types\/product"}],"replies":[{"embeddable":true,"href":"https:\/\/www.voustenjeans.com\/fr\/wp-json\/wp\/v2\/comments?post=321547"}],"wp:featuredmedia":[{"embeddable":true,"href":"https:\/\/www.voustenjeans.com\/fr\/wp-json\/wp\/v2\/media\/321531"}],"wp:attachment":[{"href":"https:\/\/www.voustenjeans.com\/fr\/wp-json\/wp\/v2\/media?parent=321547"}],"wp:term":[{"taxonomy":"product_cat","embeddable":true,"href":"https:\/\/www.voustenjeans.com\/fr\/wp-json\/wp\/v2\/product_cat?post=321547"},{"taxonomy":"product_tag","embeddable":true,"href":"https:\/\/www.voustenjeans.com\/fr\/wp-json\/wp\/v2\/product_tag?post=321547"}],"curies":[{"name":"wp","href":"https:\/\/api.w.org\/{rel}","templated":true}]}}