{"id":321451,"date":"2025-09-29T01:54:08","date_gmt":"2025-09-28T23:54:08","guid":{"rendered":"https:\/\/www.voustenjeans.com\/jacob-cohen-j688-bard-corduroy-3653-a83-41189-2\/"},"modified":"2026-01-29T14:18:05","modified_gmt":"2026-01-29T13:18:05","slug":"jacob-cohen-j688-bard-corduroy-3653-a83-41189-2","status":"publish","type":"product","link":"https:\/\/www.voustenjeans.com\/fr\/jacob-cohen-j688-bard-corduroy-3653-a83-41189-2\/","title":{"rendered":"Jacob Coh\u00ebn &#8211; J688 (Bard) corduroy 3653 A83 (41189)"},"content":{"rendered":"<div>Ce pantalon moderne en velours c\u00f4tel\u00e9 pr\u00e9sente une coupe ajust\u00e9e l\u00e9g\u00e8rement plus ample au niveau des cuisses.<\/div>\n<ul>\n<li>Pantalon en velours c\u00f4tel\u00e9 extensible<\/li>\n<li>Taille haute<\/li>\n<li>Fermeture boutonn\u00e9e<\/li>\n<li>Orn\u00e9 d&rsquo;un empi\u00e8cement en poney blanc cass\u00e9<\/li>\n<li>Mati\u00e8re : 78 % coton, 20 % modal, 2 % \u00e9lasthanne<\/li>\n<li>Largeur d&rsquo;entrejambe : 18 cm<\/li>\n<li>Longueur de la base : 89 cm (peut varier l\u00e9g\u00e8rement \u00e0 chaque lavage)<\/li>\n<li>Ce pantalon Jacob Coh\u00ebn est fabriqu\u00e9 \u00e0 la main en V\u00e9n\u00e9tie, dans le nord-est de l&rsquo;Italie.<\/li>\n<\/ul>\n<div>\u00c9charpe assortie offerte.<\/div>\n","protected":false},"excerpt":{"rendered":"<p>Ce pantalon moderne en velours c\u00f4tel\u00e9 pr\u00e9sente une coupe ajust\u00e9e l\u00e9g\u00e8rement plus ample au niveau des cuisses. Pantalon en velours c\u00f4tel\u00e9 extensible Taille haute Fermeture boutonn\u00e9e Orn\u00e9 d&rsquo;un empi\u00e8cement en poney blanc cass\u00e9 Mati\u00e8re : 78 % coton, 20 % modal, 2 % \u00e9lasthanne Largeur d&rsquo;entrejambe : 18 cm Longueur de la base : 89 [&#8230;]\n","protected":false},"featured_media":321435,"comment_status":"open","ping_status":"closed","template":"","meta":[],"product_cat":[1136,1428,1452,1580,1642,1650,1749],"product_tag":[],"acf":[],"yoast_head":"<!-- This site is optimized with the Yoast SEO plugin v22.3 - https:\/\/yoast.com\/wordpress\/plugins\/seo\/ -->\n<title>Jacob Coh\u00ebn - J688 (Bard) corduroy 3653 A83 (41189) - Vousten Jeans<\/title>\n<meta name=\"robots\" content=\"index, follow, max-snippet:-1, max-image-preview:large, max-video-preview:-1\" \/>\n<link rel=\"canonical\" href=\"https:\/\/www.voustenjeans.com\/fr\/jacob-cohen-j688-bard-corduroy-3653-a83-41189-2\/\" \/>\n<meta property=\"og:locale\" content=\"fr_FR\" \/>\n<meta property=\"og:type\" content=\"article\" \/>\n<meta property=\"og:title\" content=\"Jacob Coh\u00ebn - J688 (Bard) corduroy 3653 A83 (41189) - Vousten Jeans\" \/>\n<meta property=\"og:description\" content=\"Ce pantalon moderne en velours c\u00f4tel\u00e9 pr\u00e9sente une coupe ajust\u00e9e l\u00e9g\u00e8rement plus ample au niveau des cuisses. Pantalon en velours c\u00f4tel\u00e9 extensible Taille haute Fermeture boutonn\u00e9e Orn\u00e9 d&rsquo;un empi\u00e8cement en poney blanc cass\u00e9 Mati\u00e8re : 78 % coton, 20 % modal, 2 % \u00e9lasthanne Largeur d&rsquo;entrejambe : 18 cm Longueur de la base : 89 [...]\" \/>\n<meta property=\"og:url\" content=\"https:\/\/www.voustenjeans.com\/fr\/jacob-cohen-j688-bard-corduroy-3653-a83-41189-2\/\" \/>\n<meta property=\"og:site_name\" content=\"Vousten Jeans\" \/>\n<meta property=\"article:modified_time\" content=\"2026-01-29T13:18:05+00:00\" \/>\n<meta property=\"og:image\" content=\"https:\/\/www.voustenjeans.com\/wp-content\/uploads\/2023\/06\/J688-Bard-corduroy-3653-A83-411891.jpg\" \/>\n\t<meta property=\"og:image:width\" content=\"800\" \/>\n\t<meta property=\"og:image:height\" content=\"2250\" \/>\n\t<meta property=\"og:image:type\" content=\"image\/jpeg\" \/>\n<meta name=\"twitter:card\" content=\"summary_large_image\" \/>\n<script type=\"application\/ld+json\" class=\"yoast-schema-graph\">{\"@context\":\"https:\/\/schema.org\",\"@graph\":[{\"@type\":\"WebPage\",\"@id\":\"https:\/\/www.voustenjeans.com\/fr\/jacob-cohen-j688-bard-corduroy-3653-a83-41189-2\/\",\"url\":\"https:\/\/www.voustenjeans.com\/fr\/jacob-cohen-j688-bard-corduroy-3653-a83-41189-2\/\",\"name\":\"Jacob Coh\u00ebn - J688 (Bard) corduroy 3653 A83 (41189) - Vousten Jeans\",\"isPartOf\":{\"@id\":\"https:\/\/www.voustenjeans.com\/en\/#website\"},\"primaryImageOfPage\":{\"@id\":\"https:\/\/www.voustenjeans.com\/fr\/jacob-cohen-j688-bard-corduroy-3653-a83-41189-2\/#primaryimage\"},\"image\":{\"@id\":\"https:\/\/www.voustenjeans.com\/fr\/jacob-cohen-j688-bard-corduroy-3653-a83-41189-2\/#primaryimage\"},\"thumbnailUrl\":\"https:\/\/www.voustenjeans.com\/wp-content\/uploads\/2023\/06\/J688-Bard-corduroy-3653-A83-411891.jpg\",\"datePublished\":\"2025-09-28T23:54:08+00:00\",\"dateModified\":\"2026-01-29T13:18:05+00:00\",\"breadcrumb\":{\"@id\":\"https:\/\/www.voustenjeans.com\/fr\/jacob-cohen-j688-bard-corduroy-3653-a83-41189-2\/#breadcrumb\"},\"inLanguage\":\"fr-FR\",\"potentialAction\":[{\"@type\":\"ReadAction\",\"target\":[\"https:\/\/www.voustenjeans.com\/fr\/jacob-cohen-j688-bard-corduroy-3653-a83-41189-2\/\"]}]},{\"@type\":\"ImageObject\",\"inLanguage\":\"fr-FR\",\"@id\":\"https:\/\/www.voustenjeans.com\/fr\/jacob-cohen-j688-bard-corduroy-3653-a83-41189-2\/#primaryimage\",\"url\":\"https:\/\/www.voustenjeans.com\/wp-content\/uploads\/2023\/06\/J688-Bard-corduroy-3653-A83-411891.jpg\",\"contentUrl\":\"https:\/\/www.voustenjeans.com\/wp-content\/uploads\/2023\/06\/J688-Bard-corduroy-3653-A83-411891.jpg\",\"width\":800,\"height\":2250},{\"@type\":\"BreadcrumbList\",\"@id\":\"https:\/\/www.voustenjeans.com\/fr\/jacob-cohen-j688-bard-corduroy-3653-a83-41189-2\/#breadcrumb\",\"itemListElement\":[{\"@type\":\"ListItem\",\"position\":1,\"name\":\"Home\",\"item\":\"https:\/\/www.voustenjeans.com\/fr\/\"},{\"@type\":\"ListItem\",\"position\":2,\"name\":\"Boutique\",\"item\":\"https:\/\/www.voustenjeans.com\/fr\/shop\/\"},{\"@type\":\"ListItem\",\"position\":3,\"name\":\"Jacob Coh\u00ebn &#8211; J688 (Bard) corduroy 3653 A83 (41189)\"}]},{\"@type\":\"WebSite\",\"@id\":\"https:\/\/www.voustenjeans.com\/en\/#website\",\"url\":\"https:\/\/www.voustenjeans.com\/en\/\",\"name\":\"Vousten Jeans\",\"description\":\"\",\"potentialAction\":[{\"@type\":\"SearchAction\",\"target\":{\"@type\":\"EntryPoint\",\"urlTemplate\":\"https:\/\/www.voustenjeans.com\/en\/?s={search_term_string}\"},\"query-input\":\"required name=search_term_string\"}],\"inLanguage\":\"fr-FR\"}]}<\/script>\n<!-- \/ Yoast SEO plugin. -->","yoast_head_json":{"title":"Jacob Coh\u00ebn - J688 (Bard) corduroy 3653 A83 (41189) - Vousten Jeans","robots":{"index":"index","follow":"follow","max-snippet":"max-snippet:-1","max-image-preview":"max-image-preview:large","max-video-preview":"max-video-preview:-1"},"canonical":"https:\/\/www.voustenjeans.com\/fr\/jacob-cohen-j688-bard-corduroy-3653-a83-41189-2\/","og_locale":"fr_FR","og_type":"article","og_title":"Jacob Coh\u00ebn - J688 (Bard) corduroy 3653 A83 (41189) - Vousten Jeans","og_description":"Ce pantalon moderne en velours c\u00f4tel\u00e9 pr\u00e9sente une coupe ajust\u00e9e l\u00e9g\u00e8rement plus ample au niveau des cuisses. Pantalon en velours c\u00f4tel\u00e9 extensible Taille haute Fermeture boutonn\u00e9e Orn\u00e9 d&rsquo;un empi\u00e8cement en poney blanc cass\u00e9 Mati\u00e8re : 78 % coton, 20 % modal, 2 % \u00e9lasthanne Largeur d&rsquo;entrejambe : 18 cm Longueur de la base : 89 [...]","og_url":"https:\/\/www.voustenjeans.com\/fr\/jacob-cohen-j688-bard-corduroy-3653-a83-41189-2\/","og_site_name":"Vousten Jeans","article_modified_time":"2026-01-29T13:18:05+00:00","og_image":[{"width":800,"height":2250,"url":"https:\/\/www.voustenjeans.com\/wp-content\/uploads\/2023\/06\/J688-Bard-corduroy-3653-A83-411891.jpg","type":"image\/jpeg"}],"twitter_card":"summary_large_image","schema":{"@context":"https:\/\/schema.org","@graph":[{"@type":"WebPage","@id":"https:\/\/www.voustenjeans.com\/fr\/jacob-cohen-j688-bard-corduroy-3653-a83-41189-2\/","url":"https:\/\/www.voustenjeans.com\/fr\/jacob-cohen-j688-bard-corduroy-3653-a83-41189-2\/","name":"Jacob Coh\u00ebn - J688 (Bard) corduroy 3653 A83 (41189) - Vousten Jeans","isPartOf":{"@id":"https:\/\/www.voustenjeans.com\/en\/#website"},"primaryImageOfPage":{"@id":"https:\/\/www.voustenjeans.com\/fr\/jacob-cohen-j688-bard-corduroy-3653-a83-41189-2\/#primaryimage"},"image":{"@id":"https:\/\/www.voustenjeans.com\/fr\/jacob-cohen-j688-bard-corduroy-3653-a83-41189-2\/#primaryimage"},"thumbnailUrl":"https:\/\/www.voustenjeans.com\/wp-content\/uploads\/2023\/06\/J688-Bard-corduroy-3653-A83-411891.jpg","datePublished":"2025-09-28T23:54:08+00:00","dateModified":"2026-01-29T13:18:05+00:00","breadcrumb":{"@id":"https:\/\/www.voustenjeans.com\/fr\/jacob-cohen-j688-bard-corduroy-3653-a83-41189-2\/#breadcrumb"},"inLanguage":"fr-FR","potentialAction":[{"@type":"ReadAction","target":["https:\/\/www.voustenjeans.com\/fr\/jacob-cohen-j688-bard-corduroy-3653-a83-41189-2\/"]}]},{"@type":"ImageObject","inLanguage":"fr-FR","@id":"https:\/\/www.voustenjeans.com\/fr\/jacob-cohen-j688-bard-corduroy-3653-a83-41189-2\/#primaryimage","url":"https:\/\/www.voustenjeans.com\/wp-content\/uploads\/2023\/06\/J688-Bard-corduroy-3653-A83-411891.jpg","contentUrl":"https:\/\/www.voustenjeans.com\/wp-content\/uploads\/2023\/06\/J688-Bard-corduroy-3653-A83-411891.jpg","width":800,"height":2250},{"@type":"BreadcrumbList","@id":"https:\/\/www.voustenjeans.com\/fr\/jacob-cohen-j688-bard-corduroy-3653-a83-41189-2\/#breadcrumb","itemListElement":[{"@type":"ListItem","position":1,"name":"Home","item":"https:\/\/www.voustenjeans.com\/fr\/"},{"@type":"ListItem","position":2,"name":"Boutique","item":"https:\/\/www.voustenjeans.com\/fr\/shop\/"},{"@type":"ListItem","position":3,"name":"Jacob Coh\u00ebn &#8211; J688 (Bard) corduroy 3653 A83 (41189)"}]},{"@type":"WebSite","@id":"https:\/\/www.voustenjeans.com\/en\/#website","url":"https:\/\/www.voustenjeans.com\/en\/","name":"Vousten Jeans","description":"","potentialAction":[{"@type":"SearchAction","target":{"@type":"EntryPoint","urlTemplate":"https:\/\/www.voustenjeans.com\/en\/?s={search_term_string}"},"query-input":"required name=search_term_string"}],"inLanguage":"fr-FR"}]}},"_links":{"self":[{"href":"https:\/\/www.voustenjeans.com\/fr\/wp-json\/wp\/v2\/product\/321451"}],"collection":[{"href":"https:\/\/www.voustenjeans.com\/fr\/wp-json\/wp\/v2\/product"}],"about":[{"href":"https:\/\/www.voustenjeans.com\/fr\/wp-json\/wp\/v2\/types\/product"}],"replies":[{"embeddable":true,"href":"https:\/\/www.voustenjeans.com\/fr\/wp-json\/wp\/v2\/comments?post=321451"}],"wp:featuredmedia":[{"embeddable":true,"href":"https:\/\/www.voustenjeans.com\/fr\/wp-json\/wp\/v2\/media\/321435"}],"wp:attachment":[{"href":"https:\/\/www.voustenjeans.com\/fr\/wp-json\/wp\/v2\/media?parent=321451"}],"wp:term":[{"taxonomy":"product_cat","embeddable":true,"href":"https:\/\/www.voustenjeans.com\/fr\/wp-json\/wp\/v2\/product_cat?post=321451"},{"taxonomy":"product_tag","embeddable":true,"href":"https:\/\/www.voustenjeans.com\/fr\/wp-json\/wp\/v2\/product_tag?post=321451"}],"curies":[{"name":"wp","href":"https:\/\/api.w.org\/{rel}","templated":true}]}}