{"id":320545,"date":"2025-09-26T21:22:09","date_gmt":"2025-09-26T19:22:09","guid":{"rendered":"https:\/\/www.voustenjeans.com\/jacob-cohen-j688-bard-olympic-edition-4231-200d-41497-2\/"},"modified":"2026-04-17T23:28:05","modified_gmt":"2026-04-17T21:28:05","slug":"jacob-cohen-j688-bard-olympic-edition-4231-200d-41497-2","status":"publish","type":"product","link":"https:\/\/www.voustenjeans.com\/fr\/jacob-cohen-j688-bard-olympic-edition-4231-200d-41497-2\/","title":{"rendered":"Jacob Coh\u00ebn &#8211; J688 (Bard) OLYMPIC EDITION 4231 200D (41497)"},"content":{"rendered":"<p><strong>Jacob Coh\u00ebn Olympic Milano Cortina Edition.<\/strong><\/p>\n<p>Ce jean est une \u00e9dition sp\u00e9ciale pour les Jeux olympiques d&rsquo;hiver 2026 \u00e0 Milan Cortina.<br \/>\nLe th\u00e8me des Jeux olympiques est repris dans l&rsquo;\u00e9cusson, le n\u0153ud arbore le Duomo Di Milano et les couleurs des anneaux olympiques.<br \/>\nLes poches int\u00e9rieures repr\u00e9sentent \u00e9galement les voitures classiques.<\/p>\n<p>&nbsp;<\/p>\n<p>Ce jean moderne pr\u00e9sente une coupe slim l\u00e9g\u00e8rement plus ample au niveau des cuisses.<\/p>\n<ul>\n<li>Jean stretch<\/li>\n<li>Taille haute<\/li>\n<li>Fermeture boutonn\u00e9e<\/li>\n<li>Bouton Milano Duomo<\/li>\n<li>Orn\u00e9 d&rsquo;un patch sp\u00e9cial Milano Cortina en poney avec un logo m\u00e9tallique<\/li>\n<li>Mati\u00e8re : 79 % coton, 20 % lyocell, 1 % \u00e9lasthanne<\/li>\n<li>Largeur d&rsquo;entrejambe : 18,5 cm<\/li>\n<li>Longueur de la base : 89 cm (peut varier l\u00e9g\u00e8rement selon le lavage)<\/li>\n<li>Ce jean Jacob Coh\u00ebn est fabriqu\u00e9 \u00e0 la main en V\u00e9n\u00e9tie, dans le nord-est de l&rsquo;Italie.<\/li>\n<\/ul>\n<div>Fourni avec une \u00e9charpe assortie et un fil suppl\u00e9mentaire de la m\u00eame couleur pour raccourcir.<\/div>\n","protected":false},"excerpt":{"rendered":"<p>Jacob Coh\u00ebn Olympic Milano Cortina Edition. Ce jean est une \u00e9dition sp\u00e9ciale pour les Jeux olympiques d&rsquo;hiver 2026 \u00e0 Milan Cortina. Le th\u00e8me des Jeux olympiques est repris dans l&rsquo;\u00e9cusson, le n\u0153ud arbore le Duomo Di Milano et les couleurs des anneaux olympiques. Les poches int\u00e9rieures repr\u00e9sentent \u00e9galement les voitures classiques. &nbsp; Ce jean moderne [&#8230;]\n","protected":false},"featured_media":320529,"comment_status":"open","ping_status":"closed","template":"","meta":[],"product_cat":[1663,1749,1136,1428,1476,1564,1580,1642,1650],"product_tag":[],"acf":[],"yoast_head":"<!-- This site is optimized with the Yoast SEO plugin v22.3 - https:\/\/yoast.com\/wordpress\/plugins\/seo\/ -->\n<title>Jacob Coh\u00ebn - J688 (Bard) OLYMPIC EDITION 4231 200D (41497) - Vousten Jeans<\/title>\n<meta name=\"robots\" content=\"index, follow, max-snippet:-1, max-image-preview:large, max-video-preview:-1\" \/>\n<link rel=\"canonical\" href=\"https:\/\/www.voustenjeans.com\/fr\/jacob-cohen-j688-bard-olympic-edition-4231-200d-41497-2\/\" \/>\n<meta property=\"og:locale\" content=\"fr_FR\" \/>\n<meta property=\"og:type\" content=\"article\" \/>\n<meta property=\"og:title\" content=\"Jacob Coh\u00ebn - J688 (Bard) OLYMPIC EDITION 4231 200D (41497) - Vousten Jeans\" \/>\n<meta property=\"og:description\" content=\"Jacob Coh\u00ebn Olympic Milano Cortina Edition. Ce jean est une \u00e9dition sp\u00e9ciale pour les Jeux olympiques d&rsquo;hiver 2026 \u00e0 Milan Cortina. Le th\u00e8me des Jeux olympiques est repris dans l&rsquo;\u00e9cusson, le n\u0153ud arbore le Duomo Di Milano et les couleurs des anneaux olympiques. Les poches int\u00e9rieures repr\u00e9sentent \u00e9galement les voitures classiques. &nbsp; Ce jean moderne [...]\" \/>\n<meta property=\"og:url\" content=\"https:\/\/www.voustenjeans.com\/fr\/jacob-cohen-j688-bard-olympic-edition-4231-200d-41497-2\/\" \/>\n<meta property=\"og:site_name\" content=\"Vousten Jeans\" \/>\n<meta property=\"article:modified_time\" content=\"2026-04-17T21:28:05+00:00\" \/>\n<meta property=\"og:image\" content=\"https:\/\/www.voustenjeans.com\/wp-content\/uploads\/2023\/06\/J688-Bard-OLYMPIC-EDITION-4231-200D-414971.jpg\" \/>\n\t<meta property=\"og:image:width\" content=\"800\" \/>\n\t<meta property=\"og:image:height\" content=\"2250\" \/>\n\t<meta property=\"og:image:type\" content=\"image\/jpeg\" \/>\n<meta name=\"twitter:card\" content=\"summary_large_image\" \/>\n<meta name=\"twitter:label1\" content=\"Est. reading time\" \/>\n\t<meta name=\"twitter:data1\" content=\"1 minute\" \/>\n<script type=\"application\/ld+json\" class=\"yoast-schema-graph\">{\"@context\":\"https:\/\/schema.org\",\"@graph\":[{\"@type\":\"WebPage\",\"@id\":\"https:\/\/www.voustenjeans.com\/fr\/jacob-cohen-j688-bard-olympic-edition-4231-200d-41497-2\/\",\"url\":\"https:\/\/www.voustenjeans.com\/fr\/jacob-cohen-j688-bard-olympic-edition-4231-200d-41497-2\/\",\"name\":\"Jacob Coh\u00ebn - J688 (Bard) OLYMPIC EDITION 4231 200D (41497) - Vousten Jeans\",\"isPartOf\":{\"@id\":\"https:\/\/www.voustenjeans.com\/en\/#website\"},\"primaryImageOfPage\":{\"@id\":\"https:\/\/www.voustenjeans.com\/fr\/jacob-cohen-j688-bard-olympic-edition-4231-200d-41497-2\/#primaryimage\"},\"image\":{\"@id\":\"https:\/\/www.voustenjeans.com\/fr\/jacob-cohen-j688-bard-olympic-edition-4231-200d-41497-2\/#primaryimage\"},\"thumbnailUrl\":\"https:\/\/www.voustenjeans.com\/wp-content\/uploads\/2023\/06\/J688-Bard-OLYMPIC-EDITION-4231-200D-414971.jpg\",\"datePublished\":\"2025-09-26T19:22:09+00:00\",\"dateModified\":\"2026-04-17T21:28:05+00:00\",\"breadcrumb\":{\"@id\":\"https:\/\/www.voustenjeans.com\/fr\/jacob-cohen-j688-bard-olympic-edition-4231-200d-41497-2\/#breadcrumb\"},\"inLanguage\":\"fr-FR\",\"potentialAction\":[{\"@type\":\"ReadAction\",\"target\":[\"https:\/\/www.voustenjeans.com\/fr\/jacob-cohen-j688-bard-olympic-edition-4231-200d-41497-2\/\"]}]},{\"@type\":\"ImageObject\",\"inLanguage\":\"fr-FR\",\"@id\":\"https:\/\/www.voustenjeans.com\/fr\/jacob-cohen-j688-bard-olympic-edition-4231-200d-41497-2\/#primaryimage\",\"url\":\"https:\/\/www.voustenjeans.com\/wp-content\/uploads\/2023\/06\/J688-Bard-OLYMPIC-EDITION-4231-200D-414971.jpg\",\"contentUrl\":\"https:\/\/www.voustenjeans.com\/wp-content\/uploads\/2023\/06\/J688-Bard-OLYMPIC-EDITION-4231-200D-414971.jpg\",\"width\":800,\"height\":2250},{\"@type\":\"BreadcrumbList\",\"@id\":\"https:\/\/www.voustenjeans.com\/fr\/jacob-cohen-j688-bard-olympic-edition-4231-200d-41497-2\/#breadcrumb\",\"itemListElement\":[{\"@type\":\"ListItem\",\"position\":1,\"name\":\"Home\",\"item\":\"https:\/\/www.voustenjeans.com\/fr\/\"},{\"@type\":\"ListItem\",\"position\":2,\"name\":\"Boutique\",\"item\":\"https:\/\/www.voustenjeans.com\/fr\/shop\/\"},{\"@type\":\"ListItem\",\"position\":3,\"name\":\"Jacob Coh\u00ebn &#8211; J688 (Bard) OLYMPIC EDITION 4231 200D (41497)\"}]},{\"@type\":\"WebSite\",\"@id\":\"https:\/\/www.voustenjeans.com\/en\/#website\",\"url\":\"https:\/\/www.voustenjeans.com\/en\/\",\"name\":\"Vousten Jeans\",\"description\":\"\",\"potentialAction\":[{\"@type\":\"SearchAction\",\"target\":{\"@type\":\"EntryPoint\",\"urlTemplate\":\"https:\/\/www.voustenjeans.com\/en\/?s={search_term_string}\"},\"query-input\":\"required name=search_term_string\"}],\"inLanguage\":\"fr-FR\"}]}<\/script>\n<!-- \/ Yoast SEO plugin. -->","yoast_head_json":{"title":"Jacob Coh\u00ebn - J688 (Bard) OLYMPIC EDITION 4231 200D (41497) - Vousten Jeans","robots":{"index":"index","follow":"follow","max-snippet":"max-snippet:-1","max-image-preview":"max-image-preview:large","max-video-preview":"max-video-preview:-1"},"canonical":"https:\/\/www.voustenjeans.com\/fr\/jacob-cohen-j688-bard-olympic-edition-4231-200d-41497-2\/","og_locale":"fr_FR","og_type":"article","og_title":"Jacob Coh\u00ebn - J688 (Bard) OLYMPIC EDITION 4231 200D (41497) - Vousten Jeans","og_description":"Jacob Coh\u00ebn Olympic Milano Cortina Edition. Ce jean est une \u00e9dition sp\u00e9ciale pour les Jeux olympiques d&rsquo;hiver 2026 \u00e0 Milan Cortina. Le th\u00e8me des Jeux olympiques est repris dans l&rsquo;\u00e9cusson, le n\u0153ud arbore le Duomo Di Milano et les couleurs des anneaux olympiques. Les poches int\u00e9rieures repr\u00e9sentent \u00e9galement les voitures classiques. &nbsp; Ce jean moderne [...]","og_url":"https:\/\/www.voustenjeans.com\/fr\/jacob-cohen-j688-bard-olympic-edition-4231-200d-41497-2\/","og_site_name":"Vousten Jeans","article_modified_time":"2026-04-17T21:28:05+00:00","og_image":[{"width":800,"height":2250,"url":"https:\/\/www.voustenjeans.com\/wp-content\/uploads\/2023\/06\/J688-Bard-OLYMPIC-EDITION-4231-200D-414971.jpg","type":"image\/jpeg"}],"twitter_card":"summary_large_image","twitter_misc":{"Est. reading time":"1 minute"},"schema":{"@context":"https:\/\/schema.org","@graph":[{"@type":"WebPage","@id":"https:\/\/www.voustenjeans.com\/fr\/jacob-cohen-j688-bard-olympic-edition-4231-200d-41497-2\/","url":"https:\/\/www.voustenjeans.com\/fr\/jacob-cohen-j688-bard-olympic-edition-4231-200d-41497-2\/","name":"Jacob Coh\u00ebn - J688 (Bard) OLYMPIC EDITION 4231 200D (41497) - Vousten Jeans","isPartOf":{"@id":"https:\/\/www.voustenjeans.com\/en\/#website"},"primaryImageOfPage":{"@id":"https:\/\/www.voustenjeans.com\/fr\/jacob-cohen-j688-bard-olympic-edition-4231-200d-41497-2\/#primaryimage"},"image":{"@id":"https:\/\/www.voustenjeans.com\/fr\/jacob-cohen-j688-bard-olympic-edition-4231-200d-41497-2\/#primaryimage"},"thumbnailUrl":"https:\/\/www.voustenjeans.com\/wp-content\/uploads\/2023\/06\/J688-Bard-OLYMPIC-EDITION-4231-200D-414971.jpg","datePublished":"2025-09-26T19:22:09+00:00","dateModified":"2026-04-17T21:28:05+00:00","breadcrumb":{"@id":"https:\/\/www.voustenjeans.com\/fr\/jacob-cohen-j688-bard-olympic-edition-4231-200d-41497-2\/#breadcrumb"},"inLanguage":"fr-FR","potentialAction":[{"@type":"ReadAction","target":["https:\/\/www.voustenjeans.com\/fr\/jacob-cohen-j688-bard-olympic-edition-4231-200d-41497-2\/"]}]},{"@type":"ImageObject","inLanguage":"fr-FR","@id":"https:\/\/www.voustenjeans.com\/fr\/jacob-cohen-j688-bard-olympic-edition-4231-200d-41497-2\/#primaryimage","url":"https:\/\/www.voustenjeans.com\/wp-content\/uploads\/2023\/06\/J688-Bard-OLYMPIC-EDITION-4231-200D-414971.jpg","contentUrl":"https:\/\/www.voustenjeans.com\/wp-content\/uploads\/2023\/06\/J688-Bard-OLYMPIC-EDITION-4231-200D-414971.jpg","width":800,"height":2250},{"@type":"BreadcrumbList","@id":"https:\/\/www.voustenjeans.com\/fr\/jacob-cohen-j688-bard-olympic-edition-4231-200d-41497-2\/#breadcrumb","itemListElement":[{"@type":"ListItem","position":1,"name":"Home","item":"https:\/\/www.voustenjeans.com\/fr\/"},{"@type":"ListItem","position":2,"name":"Boutique","item":"https:\/\/www.voustenjeans.com\/fr\/shop\/"},{"@type":"ListItem","position":3,"name":"Jacob Coh\u00ebn &#8211; J688 (Bard) OLYMPIC EDITION 4231 200D (41497)"}]},{"@type":"WebSite","@id":"https:\/\/www.voustenjeans.com\/en\/#website","url":"https:\/\/www.voustenjeans.com\/en\/","name":"Vousten Jeans","description":"","potentialAction":[{"@type":"SearchAction","target":{"@type":"EntryPoint","urlTemplate":"https:\/\/www.voustenjeans.com\/en\/?s={search_term_string}"},"query-input":"required name=search_term_string"}],"inLanguage":"fr-FR"}]}},"_links":{"self":[{"href":"https:\/\/www.voustenjeans.com\/fr\/wp-json\/wp\/v2\/product\/320545"}],"collection":[{"href":"https:\/\/www.voustenjeans.com\/fr\/wp-json\/wp\/v2\/product"}],"about":[{"href":"https:\/\/www.voustenjeans.com\/fr\/wp-json\/wp\/v2\/types\/product"}],"replies":[{"embeddable":true,"href":"https:\/\/www.voustenjeans.com\/fr\/wp-json\/wp\/v2\/comments?post=320545"}],"wp:featuredmedia":[{"embeddable":true,"href":"https:\/\/www.voustenjeans.com\/fr\/wp-json\/wp\/v2\/media\/320529"}],"wp:attachment":[{"href":"https:\/\/www.voustenjeans.com\/fr\/wp-json\/wp\/v2\/media?parent=320545"}],"wp:term":[{"taxonomy":"product_cat","embeddable":true,"href":"https:\/\/www.voustenjeans.com\/fr\/wp-json\/wp\/v2\/product_cat?post=320545"},{"taxonomy":"product_tag","embeddable":true,"href":"https:\/\/www.voustenjeans.com\/fr\/wp-json\/wp\/v2\/product_tag?post=320545"}],"curies":[{"name":"wp","href":"https:\/\/api.w.org\/{rel}","templated":true}]}}