{"id":317955,"date":"2025-08-13T16:32:46","date_gmt":"2025-08-13T14:32:46","guid":{"rendered":"https:\/\/www.voustenjeans.com\/jacob-cohen-622-nick-slim-olympic-edition-41171-2\/"},"modified":"2026-01-20T18:30:06","modified_gmt":"2026-01-20T17:30:06","slug":"jacob-cohen-622-nick-slim-olympic-edition-41171-2","status":"publish","type":"product","link":"https:\/\/www.voustenjeans.com\/fr\/jacob-cohen-622-nick-slim-olympic-edition-41171-2\/","title":{"rendered":"Jacob Coh\u00ebn &#8211; J622 (Nick Slim) OLYMPIC EDITION (41171)"},"content":{"rendered":"<p><strong>Jacob Coh\u00ebn Olympic Wintergames \/ Milano Cortina Edition.<\/strong><br \/>\nCe jean est une \u00e9dition sp\u00e9ciale pour les Jeux olympiques d&rsquo;hiver 2026 \u00e0 Milano Cortina.<br \/>\nLe th\u00e8me des Jeux Olympiques est repris dans l&rsquo;\u00e9cusson o\u00f9 sont repr\u00e9sent\u00e9s les anneaux.<br \/>\nLe n\u0153ud reprend les montagnes de Milano Cortina et les couleurs des anneaux olympiques.<br \/>\nLes poches int\u00e9rieures repr\u00e9sentent les diff\u00e9rents sports, et le foulard est \u00e9galement dans le th\u00e8me.<\/p>\n<p>Il s&rsquo;agit d&rsquo;un jean moderne \u00e0 la coupe slim.<\/p>\n<ul>\n<li>Jean stretch<\/li>\n<li>Taille normale<\/li>\n<li>Fermeture \u00e0 boutons<\/li>\n<li>\u00c9quip\u00e9 d&rsquo;un patch olympique en crin de poney \/ toile<\/li>\n<li>Mat\u00e9riau : 83 % coton, 10 % modal, 4 % \u00e9lastomultiester, 3 % \u00e9lasthanne<\/li>\n<li>Largeur du pied : 17,5 cm<\/li>\n<li>Longueur de base : 35 pouces (peut varier l\u00e9g\u00e8rement selon le lavage)<\/li>\n<li>Ce jean Jacob Coh\u00ebn est fabriqu\u00e9 \u00e0 la main en V\u00e9n\u00e9tie, dans le nord-est de l&rsquo;Italie.<\/li>\n<li>R\u00e9f\u00e9rence : 066 300D<\/li>\n<\/ul>\n<p>Livr\u00e9 avec un foulard assorti gratuit et du fil suppl\u00e9mentaire de la bonne couleur, pour le raccourcir.<\/p>\n","protected":false},"excerpt":{"rendered":"<p>Jacob Coh\u00ebn Olympic Wintergames \/ Milano Cortina Edition. Ce jean est une \u00e9dition sp\u00e9ciale pour les Jeux olympiques d&rsquo;hiver 2026 \u00e0 Milano Cortina. Le th\u00e8me des Jeux Olympiques est repris dans l&rsquo;\u00e9cusson o\u00f9 sont repr\u00e9sent\u00e9s les anneaux. Le n\u0153ud reprend les montagnes de Milano Cortina et les couleurs des anneaux olympiques. Les poches int\u00e9rieures repr\u00e9sentent [&#8230;]\n","protected":false},"featured_media":317899,"comment_status":"open","ping_status":"closed","template":"","meta":[],"product_cat":[1136,1476,1564,1580,1642,1650,1663,1749],"product_tag":[],"acf":[],"yoast_head":"<!-- This site is optimized with the Yoast SEO plugin v22.3 - https:\/\/yoast.com\/wordpress\/plugins\/seo\/ -->\n<title>Jacob Coh\u00ebn - J622 (Nick Slim) OLYMPIC EDITION (41171) - Vousten Jeans<\/title>\n<meta name=\"robots\" content=\"index, follow, max-snippet:-1, max-image-preview:large, max-video-preview:-1\" \/>\n<link rel=\"canonical\" href=\"https:\/\/www.voustenjeans.com\/fr\/jacob-cohen-622-nick-slim-olympic-edition-41171-2\/\" \/>\n<meta property=\"og:locale\" content=\"fr_FR\" \/>\n<meta property=\"og:type\" content=\"article\" \/>\n<meta property=\"og:title\" content=\"Jacob Coh\u00ebn - J622 (Nick Slim) OLYMPIC EDITION (41171) - Vousten Jeans\" \/>\n<meta property=\"og:description\" content=\"Jacob Coh\u00ebn Olympic Wintergames \/ Milano Cortina Edition. Ce jean est une \u00e9dition sp\u00e9ciale pour les Jeux olympiques d&rsquo;hiver 2026 \u00e0 Milano Cortina. Le th\u00e8me des Jeux Olympiques est repris dans l&rsquo;\u00e9cusson o\u00f9 sont repr\u00e9sent\u00e9s les anneaux. Le n\u0153ud reprend les montagnes de Milano Cortina et les couleurs des anneaux olympiques. Les poches int\u00e9rieures repr\u00e9sentent [...]\" \/>\n<meta property=\"og:url\" content=\"https:\/\/www.voustenjeans.com\/fr\/jacob-cohen-622-nick-slim-olympic-edition-41171-2\/\" \/>\n<meta property=\"og:site_name\" content=\"Vousten Jeans\" \/>\n<meta property=\"article:modified_time\" content=\"2026-01-20T17:30:06+00:00\" \/>\n<meta property=\"og:image\" content=\"https:\/\/www.voustenjeans.com\/wp-content\/uploads\/2023\/06\/Jacob-Cohen-622-Nick-Slim-OLYMPIC-EDITION-41171.jpg\" \/>\n\t<meta property=\"og:image:width\" content=\"800\" \/>\n\t<meta property=\"og:image:height\" content=\"2250\" \/>\n\t<meta property=\"og:image:type\" content=\"image\/jpeg\" \/>\n<meta name=\"twitter:card\" content=\"summary_large_image\" \/>\n<meta name=\"twitter:label1\" content=\"Est. reading time\" \/>\n\t<meta name=\"twitter:data1\" content=\"1 minute\" \/>\n<script type=\"application\/ld+json\" class=\"yoast-schema-graph\">{\"@context\":\"https:\/\/schema.org\",\"@graph\":[{\"@type\":\"WebPage\",\"@id\":\"https:\/\/www.voustenjeans.com\/fr\/jacob-cohen-622-nick-slim-olympic-edition-41171-2\/\",\"url\":\"https:\/\/www.voustenjeans.com\/fr\/jacob-cohen-622-nick-slim-olympic-edition-41171-2\/\",\"name\":\"Jacob Coh\u00ebn - J622 (Nick Slim) OLYMPIC EDITION (41171) - Vousten Jeans\",\"isPartOf\":{\"@id\":\"https:\/\/www.voustenjeans.com\/en\/#website\"},\"primaryImageOfPage\":{\"@id\":\"https:\/\/www.voustenjeans.com\/fr\/jacob-cohen-622-nick-slim-olympic-edition-41171-2\/#primaryimage\"},\"image\":{\"@id\":\"https:\/\/www.voustenjeans.com\/fr\/jacob-cohen-622-nick-slim-olympic-edition-41171-2\/#primaryimage\"},\"thumbnailUrl\":\"https:\/\/www.voustenjeans.com\/wp-content\/uploads\/2023\/06\/Jacob-Cohen-622-Nick-Slim-OLYMPIC-EDITION-41171.jpg\",\"datePublished\":\"2025-08-13T14:32:46+00:00\",\"dateModified\":\"2026-01-20T17:30:06+00:00\",\"breadcrumb\":{\"@id\":\"https:\/\/www.voustenjeans.com\/fr\/jacob-cohen-622-nick-slim-olympic-edition-41171-2\/#breadcrumb\"},\"inLanguage\":\"fr-FR\",\"potentialAction\":[{\"@type\":\"ReadAction\",\"target\":[\"https:\/\/www.voustenjeans.com\/fr\/jacob-cohen-622-nick-slim-olympic-edition-41171-2\/\"]}]},{\"@type\":\"ImageObject\",\"inLanguage\":\"fr-FR\",\"@id\":\"https:\/\/www.voustenjeans.com\/fr\/jacob-cohen-622-nick-slim-olympic-edition-41171-2\/#primaryimage\",\"url\":\"https:\/\/www.voustenjeans.com\/wp-content\/uploads\/2023\/06\/Jacob-Cohen-622-Nick-Slim-OLYMPIC-EDITION-41171.jpg\",\"contentUrl\":\"https:\/\/www.voustenjeans.com\/wp-content\/uploads\/2023\/06\/Jacob-Cohen-622-Nick-Slim-OLYMPIC-EDITION-41171.jpg\",\"width\":800,\"height\":2250},{\"@type\":\"BreadcrumbList\",\"@id\":\"https:\/\/www.voustenjeans.com\/fr\/jacob-cohen-622-nick-slim-olympic-edition-41171-2\/#breadcrumb\",\"itemListElement\":[{\"@type\":\"ListItem\",\"position\":1,\"name\":\"Home\",\"item\":\"https:\/\/www.voustenjeans.com\/fr\/\"},{\"@type\":\"ListItem\",\"position\":2,\"name\":\"Boutique\",\"item\":\"https:\/\/www.voustenjeans.com\/fr\/shop\/\"},{\"@type\":\"ListItem\",\"position\":3,\"name\":\"Jacob Coh\u00ebn &#8211; J622 (Nick Slim) OLYMPIC EDITION (41171)\"}]},{\"@type\":\"WebSite\",\"@id\":\"https:\/\/www.voustenjeans.com\/en\/#website\",\"url\":\"https:\/\/www.voustenjeans.com\/en\/\",\"name\":\"Vousten Jeans\",\"description\":\"\",\"potentialAction\":[{\"@type\":\"SearchAction\",\"target\":{\"@type\":\"EntryPoint\",\"urlTemplate\":\"https:\/\/www.voustenjeans.com\/en\/?s={search_term_string}\"},\"query-input\":\"required name=search_term_string\"}],\"inLanguage\":\"fr-FR\"}]}<\/script>\n<!-- \/ Yoast SEO plugin. -->","yoast_head_json":{"title":"Jacob Coh\u00ebn - J622 (Nick Slim) OLYMPIC EDITION (41171) - Vousten Jeans","robots":{"index":"index","follow":"follow","max-snippet":"max-snippet:-1","max-image-preview":"max-image-preview:large","max-video-preview":"max-video-preview:-1"},"canonical":"https:\/\/www.voustenjeans.com\/fr\/jacob-cohen-622-nick-slim-olympic-edition-41171-2\/","og_locale":"fr_FR","og_type":"article","og_title":"Jacob Coh\u00ebn - J622 (Nick Slim) OLYMPIC EDITION (41171) - Vousten Jeans","og_description":"Jacob Coh\u00ebn Olympic Wintergames \/ Milano Cortina Edition. Ce jean est une \u00e9dition sp\u00e9ciale pour les Jeux olympiques d&rsquo;hiver 2026 \u00e0 Milano Cortina. Le th\u00e8me des Jeux Olympiques est repris dans l&rsquo;\u00e9cusson o\u00f9 sont repr\u00e9sent\u00e9s les anneaux. Le n\u0153ud reprend les montagnes de Milano Cortina et les couleurs des anneaux olympiques. Les poches int\u00e9rieures repr\u00e9sentent [...]","og_url":"https:\/\/www.voustenjeans.com\/fr\/jacob-cohen-622-nick-slim-olympic-edition-41171-2\/","og_site_name":"Vousten Jeans","article_modified_time":"2026-01-20T17:30:06+00:00","og_image":[{"width":800,"height":2250,"url":"https:\/\/www.voustenjeans.com\/wp-content\/uploads\/2023\/06\/Jacob-Cohen-622-Nick-Slim-OLYMPIC-EDITION-41171.jpg","type":"image\/jpeg"}],"twitter_card":"summary_large_image","twitter_misc":{"Est. reading time":"1 minute"},"schema":{"@context":"https:\/\/schema.org","@graph":[{"@type":"WebPage","@id":"https:\/\/www.voustenjeans.com\/fr\/jacob-cohen-622-nick-slim-olympic-edition-41171-2\/","url":"https:\/\/www.voustenjeans.com\/fr\/jacob-cohen-622-nick-slim-olympic-edition-41171-2\/","name":"Jacob Coh\u00ebn - J622 (Nick Slim) OLYMPIC EDITION (41171) - Vousten Jeans","isPartOf":{"@id":"https:\/\/www.voustenjeans.com\/en\/#website"},"primaryImageOfPage":{"@id":"https:\/\/www.voustenjeans.com\/fr\/jacob-cohen-622-nick-slim-olympic-edition-41171-2\/#primaryimage"},"image":{"@id":"https:\/\/www.voustenjeans.com\/fr\/jacob-cohen-622-nick-slim-olympic-edition-41171-2\/#primaryimage"},"thumbnailUrl":"https:\/\/www.voustenjeans.com\/wp-content\/uploads\/2023\/06\/Jacob-Cohen-622-Nick-Slim-OLYMPIC-EDITION-41171.jpg","datePublished":"2025-08-13T14:32:46+00:00","dateModified":"2026-01-20T17:30:06+00:00","breadcrumb":{"@id":"https:\/\/www.voustenjeans.com\/fr\/jacob-cohen-622-nick-slim-olympic-edition-41171-2\/#breadcrumb"},"inLanguage":"fr-FR","potentialAction":[{"@type":"ReadAction","target":["https:\/\/www.voustenjeans.com\/fr\/jacob-cohen-622-nick-slim-olympic-edition-41171-2\/"]}]},{"@type":"ImageObject","inLanguage":"fr-FR","@id":"https:\/\/www.voustenjeans.com\/fr\/jacob-cohen-622-nick-slim-olympic-edition-41171-2\/#primaryimage","url":"https:\/\/www.voustenjeans.com\/wp-content\/uploads\/2023\/06\/Jacob-Cohen-622-Nick-Slim-OLYMPIC-EDITION-41171.jpg","contentUrl":"https:\/\/www.voustenjeans.com\/wp-content\/uploads\/2023\/06\/Jacob-Cohen-622-Nick-Slim-OLYMPIC-EDITION-41171.jpg","width":800,"height":2250},{"@type":"BreadcrumbList","@id":"https:\/\/www.voustenjeans.com\/fr\/jacob-cohen-622-nick-slim-olympic-edition-41171-2\/#breadcrumb","itemListElement":[{"@type":"ListItem","position":1,"name":"Home","item":"https:\/\/www.voustenjeans.com\/fr\/"},{"@type":"ListItem","position":2,"name":"Boutique","item":"https:\/\/www.voustenjeans.com\/fr\/shop\/"},{"@type":"ListItem","position":3,"name":"Jacob Coh\u00ebn &#8211; J622 (Nick Slim) OLYMPIC EDITION (41171)"}]},{"@type":"WebSite","@id":"https:\/\/www.voustenjeans.com\/en\/#website","url":"https:\/\/www.voustenjeans.com\/en\/","name":"Vousten Jeans","description":"","potentialAction":[{"@type":"SearchAction","target":{"@type":"EntryPoint","urlTemplate":"https:\/\/www.voustenjeans.com\/en\/?s={search_term_string}"},"query-input":"required name=search_term_string"}],"inLanguage":"fr-FR"}]}},"_links":{"self":[{"href":"https:\/\/www.voustenjeans.com\/fr\/wp-json\/wp\/v2\/product\/317955"}],"collection":[{"href":"https:\/\/www.voustenjeans.com\/fr\/wp-json\/wp\/v2\/product"}],"about":[{"href":"https:\/\/www.voustenjeans.com\/fr\/wp-json\/wp\/v2\/types\/product"}],"replies":[{"embeddable":true,"href":"https:\/\/www.voustenjeans.com\/fr\/wp-json\/wp\/v2\/comments?post=317955"}],"wp:featuredmedia":[{"embeddable":true,"href":"https:\/\/www.voustenjeans.com\/fr\/wp-json\/wp\/v2\/media\/317899"}],"wp:attachment":[{"href":"https:\/\/www.voustenjeans.com\/fr\/wp-json\/wp\/v2\/media?parent=317955"}],"wp:term":[{"taxonomy":"product_cat","embeddable":true,"href":"https:\/\/www.voustenjeans.com\/fr\/wp-json\/wp\/v2\/product_cat?post=317955"},{"taxonomy":"product_tag","embeddable":true,"href":"https:\/\/www.voustenjeans.com\/fr\/wp-json\/wp\/v2\/product_tag?post=317955"}],"curies":[{"name":"wp","href":"https:\/\/api.w.org\/{rel}","templated":true}]}}