{"id":317751,"date":"2025-08-13T16:29:38","date_gmt":"2025-08-13T14:29:38","guid":{"rendered":"https:\/\/www.voustenjeans.com\/brunello-belt-soft-noir-35112\/"},"modified":"2025-09-30T12:54:10","modified_gmt":"2025-09-30T10:54:10","slug":"brunello-belt-soft-noir-35112","status":"publish","type":"product","link":"https:\/\/www.voustenjeans.com\/fr\/brunello-belt-soft-noir-35112\/","title":{"rendered":"Brunello belt soft noir (35112)"},"content":{"rendered":"<p>Brunello belt<\/p>\n<p>Est une ceinture tress\u00e9e unique d&rsquo;une longueur de 115\/130 cm.<\/p>\n<p>Apr\u00e8s avoir command\u00e9 une ceinture, nous vous enverrons un dessin concernant la taille. Nous fabriquons ensuite la ceinture \u00e0 la longueur souhait\u00e9e avant de vous l&rsquo;envoyer.<\/p>\n<ul>\n<li>Largeur ceinture : 3,5\u00a0cm<\/li>\n<li>Mati\u00e8re : cuir de buffle<\/li>\n<li>Structure tress\u00e9e<\/li>\n<li>Couleur : noir<\/li>\n<li>Fabriqu\u00e9 \u00e0 la main \u00e0 Bologne (Italie)<\/li>\n<\/ul>\n","protected":false},"excerpt":{"rendered":"<p>Brunello belt Est une ceinture tress\u00e9e unique d&rsquo;une longueur de 115\/130 cm. Apr\u00e8s avoir command\u00e9 une ceinture, nous vous enverrons un dessin concernant la taille. Nous fabriquons ensuite la ceinture \u00e0 la longueur souhait\u00e9e avant de vous l&rsquo;envoyer. Largeur ceinture : 3,5\u00a0cm Mati\u00e8re : cuir de buffle Structure tress\u00e9e Couleur : noir Fabriqu\u00e9 \u00e0 la [&#8230;]\n","protected":false},"featured_media":317719,"comment_status":"open","ping_status":"closed","template":"","meta":[],"product_cat":[30,1146],"product_tag":[],"acf":[],"yoast_head":"<!-- This site is optimized with the Yoast SEO plugin v22.3 - https:\/\/yoast.com\/wordpress\/plugins\/seo\/ -->\n<title>Brunello belt soft noir (35112) - Vousten Jeans<\/title>\n<meta name=\"robots\" content=\"index, follow, max-snippet:-1, max-image-preview:large, max-video-preview:-1\" \/>\n<link rel=\"canonical\" href=\"https:\/\/www.voustenjeans.com\/fr\/brunello-belt-soft-noir-35112\/\" \/>\n<meta property=\"og:locale\" content=\"fr_FR\" \/>\n<meta property=\"og:type\" content=\"article\" \/>\n<meta property=\"og:title\" content=\"Brunello belt soft noir (35112) - Vousten Jeans\" \/>\n<meta property=\"og:description\" content=\"Brunello belt Est une ceinture tress\u00e9e unique d&rsquo;une longueur de 115\/130 cm. Apr\u00e8s avoir command\u00e9 une ceinture, nous vous enverrons un dessin concernant la taille. Nous fabriquons ensuite la ceinture \u00e0 la longueur souhait\u00e9e avant de vous l&rsquo;envoyer. Largeur ceinture : 3,5\u00a0cm Mati\u00e8re : cuir de buffle Structure tress\u00e9e Couleur : noir Fabriqu\u00e9 \u00e0 la [...]\" \/>\n<meta property=\"og:url\" content=\"https:\/\/www.voustenjeans.com\/fr\/brunello-belt-soft-noir-35112\/\" \/>\n<meta property=\"og:site_name\" content=\"Vousten Jeans\" \/>\n<meta property=\"article:modified_time\" content=\"2025-09-30T10:54:10+00:00\" \/>\n<meta property=\"og:image\" content=\"https:\/\/www.voustenjeans.com\/wp-content\/uploads\/2023\/06\/brunelli_3_extra_3_van_3.jpg\" \/>\n\t<meta property=\"og:image:width\" content=\"1951\" \/>\n\t<meta property=\"og:image:height\" content=\"1951\" \/>\n\t<meta property=\"og:image:type\" content=\"image\/jpeg\" \/>\n<meta name=\"twitter:card\" content=\"summary_large_image\" \/>\n<script type=\"application\/ld+json\" class=\"yoast-schema-graph\">{\"@context\":\"https:\/\/schema.org\",\"@graph\":[{\"@type\":\"WebPage\",\"@id\":\"https:\/\/www.voustenjeans.com\/fr\/brunello-belt-soft-noir-35112\/\",\"url\":\"https:\/\/www.voustenjeans.com\/fr\/brunello-belt-soft-noir-35112\/\",\"name\":\"Brunello belt soft noir (35112) - Vousten Jeans\",\"isPartOf\":{\"@id\":\"https:\/\/www.voustenjeans.com\/en\/#website\"},\"primaryImageOfPage\":{\"@id\":\"https:\/\/www.voustenjeans.com\/fr\/brunello-belt-soft-noir-35112\/#primaryimage\"},\"image\":{\"@id\":\"https:\/\/www.voustenjeans.com\/fr\/brunello-belt-soft-noir-35112\/#primaryimage\"},\"thumbnailUrl\":\"https:\/\/www.voustenjeans.com\/wp-content\/uploads\/2023\/06\/brunelli_3_extra_3_van_3.jpg\",\"datePublished\":\"2025-08-13T14:29:38+00:00\",\"dateModified\":\"2025-09-30T10:54:10+00:00\",\"breadcrumb\":{\"@id\":\"https:\/\/www.voustenjeans.com\/fr\/brunello-belt-soft-noir-35112\/#breadcrumb\"},\"inLanguage\":\"fr-FR\",\"potentialAction\":[{\"@type\":\"ReadAction\",\"target\":[\"https:\/\/www.voustenjeans.com\/fr\/brunello-belt-soft-noir-35112\/\"]}]},{\"@type\":\"ImageObject\",\"inLanguage\":\"fr-FR\",\"@id\":\"https:\/\/www.voustenjeans.com\/fr\/brunello-belt-soft-noir-35112\/#primaryimage\",\"url\":\"https:\/\/www.voustenjeans.com\/wp-content\/uploads\/2023\/06\/brunelli_3_extra_3_van_3.jpg\",\"contentUrl\":\"https:\/\/www.voustenjeans.com\/wp-content\/uploads\/2023\/06\/brunelli_3_extra_3_van_3.jpg\",\"width\":1951,\"height\":1951},{\"@type\":\"BreadcrumbList\",\"@id\":\"https:\/\/www.voustenjeans.com\/fr\/brunello-belt-soft-noir-35112\/#breadcrumb\",\"itemListElement\":[{\"@type\":\"ListItem\",\"position\":1,\"name\":\"Home\",\"item\":\"https:\/\/www.voustenjeans.com\/fr\/\"},{\"@type\":\"ListItem\",\"position\":2,\"name\":\"Boutique\",\"item\":\"https:\/\/www.voustenjeans.com\/fr\/shop\/\"},{\"@type\":\"ListItem\",\"position\":3,\"name\":\"Brunello belt soft noir (35112)\"}]},{\"@type\":\"WebSite\",\"@id\":\"https:\/\/www.voustenjeans.com\/en\/#website\",\"url\":\"https:\/\/www.voustenjeans.com\/en\/\",\"name\":\"Vousten Jeans\",\"description\":\"\",\"potentialAction\":[{\"@type\":\"SearchAction\",\"target\":{\"@type\":\"EntryPoint\",\"urlTemplate\":\"https:\/\/www.voustenjeans.com\/en\/?s={search_term_string}\"},\"query-input\":\"required name=search_term_string\"}],\"inLanguage\":\"fr-FR\"}]}<\/script>\n<!-- \/ Yoast SEO plugin. -->","yoast_head_json":{"title":"Brunello belt soft noir (35112) - Vousten Jeans","robots":{"index":"index","follow":"follow","max-snippet":"max-snippet:-1","max-image-preview":"max-image-preview:large","max-video-preview":"max-video-preview:-1"},"canonical":"https:\/\/www.voustenjeans.com\/fr\/brunello-belt-soft-noir-35112\/","og_locale":"fr_FR","og_type":"article","og_title":"Brunello belt soft noir (35112) - Vousten Jeans","og_description":"Brunello belt Est une ceinture tress\u00e9e unique d&rsquo;une longueur de 115\/130 cm. Apr\u00e8s avoir command\u00e9 une ceinture, nous vous enverrons un dessin concernant la taille. Nous fabriquons ensuite la ceinture \u00e0 la longueur souhait\u00e9e avant de vous l&rsquo;envoyer. Largeur ceinture : 3,5\u00a0cm Mati\u00e8re : cuir de buffle Structure tress\u00e9e Couleur : noir Fabriqu\u00e9 \u00e0 la [...]","og_url":"https:\/\/www.voustenjeans.com\/fr\/brunello-belt-soft-noir-35112\/","og_site_name":"Vousten Jeans","article_modified_time":"2025-09-30T10:54:10+00:00","og_image":[{"width":1951,"height":1951,"url":"https:\/\/www.voustenjeans.com\/wp-content\/uploads\/2023\/06\/brunelli_3_extra_3_van_3.jpg","type":"image\/jpeg"}],"twitter_card":"summary_large_image","schema":{"@context":"https:\/\/schema.org","@graph":[{"@type":"WebPage","@id":"https:\/\/www.voustenjeans.com\/fr\/brunello-belt-soft-noir-35112\/","url":"https:\/\/www.voustenjeans.com\/fr\/brunello-belt-soft-noir-35112\/","name":"Brunello belt soft noir (35112) - Vousten Jeans","isPartOf":{"@id":"https:\/\/www.voustenjeans.com\/en\/#website"},"primaryImageOfPage":{"@id":"https:\/\/www.voustenjeans.com\/fr\/brunello-belt-soft-noir-35112\/#primaryimage"},"image":{"@id":"https:\/\/www.voustenjeans.com\/fr\/brunello-belt-soft-noir-35112\/#primaryimage"},"thumbnailUrl":"https:\/\/www.voustenjeans.com\/wp-content\/uploads\/2023\/06\/brunelli_3_extra_3_van_3.jpg","datePublished":"2025-08-13T14:29:38+00:00","dateModified":"2025-09-30T10:54:10+00:00","breadcrumb":{"@id":"https:\/\/www.voustenjeans.com\/fr\/brunello-belt-soft-noir-35112\/#breadcrumb"},"inLanguage":"fr-FR","potentialAction":[{"@type":"ReadAction","target":["https:\/\/www.voustenjeans.com\/fr\/brunello-belt-soft-noir-35112\/"]}]},{"@type":"ImageObject","inLanguage":"fr-FR","@id":"https:\/\/www.voustenjeans.com\/fr\/brunello-belt-soft-noir-35112\/#primaryimage","url":"https:\/\/www.voustenjeans.com\/wp-content\/uploads\/2023\/06\/brunelli_3_extra_3_van_3.jpg","contentUrl":"https:\/\/www.voustenjeans.com\/wp-content\/uploads\/2023\/06\/brunelli_3_extra_3_van_3.jpg","width":1951,"height":1951},{"@type":"BreadcrumbList","@id":"https:\/\/www.voustenjeans.com\/fr\/brunello-belt-soft-noir-35112\/#breadcrumb","itemListElement":[{"@type":"ListItem","position":1,"name":"Home","item":"https:\/\/www.voustenjeans.com\/fr\/"},{"@type":"ListItem","position":2,"name":"Boutique","item":"https:\/\/www.voustenjeans.com\/fr\/shop\/"},{"@type":"ListItem","position":3,"name":"Brunello belt soft noir (35112)"}]},{"@type":"WebSite","@id":"https:\/\/www.voustenjeans.com\/en\/#website","url":"https:\/\/www.voustenjeans.com\/en\/","name":"Vousten Jeans","description":"","potentialAction":[{"@type":"SearchAction","target":{"@type":"EntryPoint","urlTemplate":"https:\/\/www.voustenjeans.com\/en\/?s={search_term_string}"},"query-input":"required name=search_term_string"}],"inLanguage":"fr-FR"}]}},"_links":{"self":[{"href":"https:\/\/www.voustenjeans.com\/fr\/wp-json\/wp\/v2\/product\/317751"}],"collection":[{"href":"https:\/\/www.voustenjeans.com\/fr\/wp-json\/wp\/v2\/product"}],"about":[{"href":"https:\/\/www.voustenjeans.com\/fr\/wp-json\/wp\/v2\/types\/product"}],"replies":[{"embeddable":true,"href":"https:\/\/www.voustenjeans.com\/fr\/wp-json\/wp\/v2\/comments?post=317751"}],"wp:featuredmedia":[{"embeddable":true,"href":"https:\/\/www.voustenjeans.com\/fr\/wp-json\/wp\/v2\/media\/317719"}],"wp:attachment":[{"href":"https:\/\/www.voustenjeans.com\/fr\/wp-json\/wp\/v2\/media?parent=317751"}],"wp:term":[{"taxonomy":"product_cat","embeddable":true,"href":"https:\/\/www.voustenjeans.com\/fr\/wp-json\/wp\/v2\/product_cat?post=317751"},{"taxonomy":"product_tag","embeddable":true,"href":"https:\/\/www.voustenjeans.com\/fr\/wp-json\/wp\/v2\/product_tag?post=317751"}],"curies":[{"name":"wp","href":"https:\/\/api.w.org\/{rel}","templated":true}]}}