{"id":315173,"date":"2025-08-13T08:07:56","date_gmt":"2025-08-13T06:07:56","guid":{"rendered":"https:\/\/www.voustenjeans.com\/jacob-cohen-j688-33194-2\/"},"modified":"2025-08-13T20:46:09","modified_gmt":"2025-08-13T18:46:09","slug":"jacob-cohen-j688-33194-2","status":"publish","type":"product","link":"https:\/\/www.voustenjeans.com\/fr\/jacob-cohen-j688-33194-2\/","title":{"rendered":"Jacob Cohen J688 (33194)"},"content":{"rendered":"<p>Ce sont des jeans modernes et ont une coupe slim, avec un peu plus de place pour les cuisses.<\/p>\n<ul>\n<li>Jean stretch<\/li>\n<li>Hauteur de taille normale (taille coup\u00e9e)<\/li>\n<li>Fermeture boutonn\u00e9e<\/li>\n<li>Equip\u00e9 d&rsquo;un patch noir<\/li>\n<li>Mat\u00e9riel: 59% coton, 32% laine, 7% polyester, 2% \u00e9lasthanne.<\/li>\n<li>Largeur cheville: 18 cm<\/li>\n<li>Longueur de base: 35 pouces (peut varier l\u00e9g\u00e8rement par lavage)<\/li>\n<li>Ces jeans Jacob Cohen sont fabriqu\u00e9s \u00e0 la main en V\u00e9n\u00e9tie, au nord-est de l&rsquo;Italie<\/li>\n<\/ul>\n<p>Fourni avec une \u00e9charpe assortie gratuite et un fil suppl\u00e9mentaire de la bonne couleur pour le raccourcissement.<\/p>\n","protected":false},"excerpt":{"rendered":"<p>Ce sont des jeans modernes et ont une coupe slim, avec un peu plus de place pour les cuisses. Jean stretch Hauteur de taille normale (taille coup\u00e9e) Fermeture boutonn\u00e9e Equip\u00e9 d&rsquo;un patch noir Mat\u00e9riel: 59% coton, 32% laine, 7% polyester, 2% \u00e9lasthanne. Largeur cheville: 18 cm Longueur de base: 35 pouces (peut varier l\u00e9g\u00e8rement par [&#8230;]\n","protected":false},"featured_media":315146,"comment_status":"open","ping_status":"closed","template":"","meta":[],"product_cat":[1136,1428,1476,1580,1650,1663],"product_tag":[],"acf":[],"yoast_head":"<!-- This site is optimized with the Yoast SEO plugin v22.3 - https:\/\/yoast.com\/wordpress\/plugins\/seo\/ -->\n<title>Jacob Cohen J688 (33194) - Vousten Jeans<\/title>\n<meta name=\"robots\" content=\"index, follow, max-snippet:-1, max-image-preview:large, max-video-preview:-1\" \/>\n<link rel=\"canonical\" href=\"https:\/\/www.voustenjeans.com\/fr\/jacob-cohen-j688-33194-2\/\" \/>\n<meta property=\"og:locale\" content=\"fr_FR\" \/>\n<meta property=\"og:type\" content=\"article\" \/>\n<meta property=\"og:title\" content=\"Jacob Cohen J688 (33194) - Vousten Jeans\" \/>\n<meta property=\"og:description\" content=\"Ce sont des jeans modernes et ont une coupe slim, avec un peu plus de place pour les cuisses. Jean stretch Hauteur de taille normale (taille coup\u00e9e) Fermeture boutonn\u00e9e Equip\u00e9 d&rsquo;un patch noir Mat\u00e9riel: 59% coton, 32% laine, 7% polyester, 2% \u00e9lasthanne. Largeur cheville: 18 cm Longueur de base: 35 pouces (peut varier l\u00e9g\u00e8rement par [...]\" \/>\n<meta property=\"og:url\" content=\"https:\/\/www.voustenjeans.com\/fr\/jacob-cohen-j688-33194-2\/\" \/>\n<meta property=\"og:site_name\" content=\"Vousten Jeans\" \/>\n<meta property=\"article:modified_time\" content=\"2025-08-13T18:46:09+00:00\" \/>\n<meta property=\"og:image\" content=\"https:\/\/www.voustenjeans.com\/wp-content\/uploads\/2023\/06\/33194-33187_1_0.jpg\" \/>\n\t<meta property=\"og:image:width\" content=\"879\" \/>\n\t<meta property=\"og:image:height\" content=\"2000\" \/>\n\t<meta property=\"og:image:type\" content=\"image\/jpeg\" \/>\n<meta name=\"twitter:card\" content=\"summary_large_image\" \/>\n<script type=\"application\/ld+json\" class=\"yoast-schema-graph\">{\"@context\":\"https:\/\/schema.org\",\"@graph\":[{\"@type\":\"WebPage\",\"@id\":\"https:\/\/www.voustenjeans.com\/fr\/jacob-cohen-j688-33194-2\/\",\"url\":\"https:\/\/www.voustenjeans.com\/fr\/jacob-cohen-j688-33194-2\/\",\"name\":\"Jacob Cohen J688 (33194) - Vousten Jeans\",\"isPartOf\":{\"@id\":\"https:\/\/www.voustenjeans.com\/en\/#website\"},\"primaryImageOfPage\":{\"@id\":\"https:\/\/www.voustenjeans.com\/fr\/jacob-cohen-j688-33194-2\/#primaryimage\"},\"image\":{\"@id\":\"https:\/\/www.voustenjeans.com\/fr\/jacob-cohen-j688-33194-2\/#primaryimage\"},\"thumbnailUrl\":\"https:\/\/www.voustenjeans.com\/wp-content\/uploads\/2023\/06\/33194-33187_1_0.jpg\",\"datePublished\":\"2025-08-13T06:07:56+00:00\",\"dateModified\":\"2025-08-13T18:46:09+00:00\",\"breadcrumb\":{\"@id\":\"https:\/\/www.voustenjeans.com\/fr\/jacob-cohen-j688-33194-2\/#breadcrumb\"},\"inLanguage\":\"fr-FR\",\"potentialAction\":[{\"@type\":\"ReadAction\",\"target\":[\"https:\/\/www.voustenjeans.com\/fr\/jacob-cohen-j688-33194-2\/\"]}]},{\"@type\":\"ImageObject\",\"inLanguage\":\"fr-FR\",\"@id\":\"https:\/\/www.voustenjeans.com\/fr\/jacob-cohen-j688-33194-2\/#primaryimage\",\"url\":\"https:\/\/www.voustenjeans.com\/wp-content\/uploads\/2023\/06\/33194-33187_1_0.jpg\",\"contentUrl\":\"https:\/\/www.voustenjeans.com\/wp-content\/uploads\/2023\/06\/33194-33187_1_0.jpg\",\"width\":879,\"height\":2000},{\"@type\":\"BreadcrumbList\",\"@id\":\"https:\/\/www.voustenjeans.com\/fr\/jacob-cohen-j688-33194-2\/#breadcrumb\",\"itemListElement\":[{\"@type\":\"ListItem\",\"position\":1,\"name\":\"Home\",\"item\":\"https:\/\/www.voustenjeans.com\/fr\/\"},{\"@type\":\"ListItem\",\"position\":2,\"name\":\"Boutique\",\"item\":\"https:\/\/www.voustenjeans.com\/fr\/shop\/\"},{\"@type\":\"ListItem\",\"position\":3,\"name\":\"Jacob Cohen J688 (33194)\"}]},{\"@type\":\"WebSite\",\"@id\":\"https:\/\/www.voustenjeans.com\/en\/#website\",\"url\":\"https:\/\/www.voustenjeans.com\/en\/\",\"name\":\"Vousten Jeans\",\"description\":\"\",\"potentialAction\":[{\"@type\":\"SearchAction\",\"target\":{\"@type\":\"EntryPoint\",\"urlTemplate\":\"https:\/\/www.voustenjeans.com\/en\/?s={search_term_string}\"},\"query-input\":\"required name=search_term_string\"}],\"inLanguage\":\"fr-FR\"}]}<\/script>\n<!-- \/ Yoast SEO plugin. -->","yoast_head_json":{"title":"Jacob Cohen J688 (33194) - Vousten Jeans","robots":{"index":"index","follow":"follow","max-snippet":"max-snippet:-1","max-image-preview":"max-image-preview:large","max-video-preview":"max-video-preview:-1"},"canonical":"https:\/\/www.voustenjeans.com\/fr\/jacob-cohen-j688-33194-2\/","og_locale":"fr_FR","og_type":"article","og_title":"Jacob Cohen J688 (33194) - Vousten Jeans","og_description":"Ce sont des jeans modernes et ont une coupe slim, avec un peu plus de place pour les cuisses. Jean stretch Hauteur de taille normale (taille coup\u00e9e) Fermeture boutonn\u00e9e Equip\u00e9 d&rsquo;un patch noir Mat\u00e9riel: 59% coton, 32% laine, 7% polyester, 2% \u00e9lasthanne. Largeur cheville: 18 cm Longueur de base: 35 pouces (peut varier l\u00e9g\u00e8rement par [...]","og_url":"https:\/\/www.voustenjeans.com\/fr\/jacob-cohen-j688-33194-2\/","og_site_name":"Vousten Jeans","article_modified_time":"2025-08-13T18:46:09+00:00","og_image":[{"width":879,"height":2000,"url":"https:\/\/www.voustenjeans.com\/wp-content\/uploads\/2023\/06\/33194-33187_1_0.jpg","type":"image\/jpeg"}],"twitter_card":"summary_large_image","schema":{"@context":"https:\/\/schema.org","@graph":[{"@type":"WebPage","@id":"https:\/\/www.voustenjeans.com\/fr\/jacob-cohen-j688-33194-2\/","url":"https:\/\/www.voustenjeans.com\/fr\/jacob-cohen-j688-33194-2\/","name":"Jacob Cohen J688 (33194) - Vousten Jeans","isPartOf":{"@id":"https:\/\/www.voustenjeans.com\/en\/#website"},"primaryImageOfPage":{"@id":"https:\/\/www.voustenjeans.com\/fr\/jacob-cohen-j688-33194-2\/#primaryimage"},"image":{"@id":"https:\/\/www.voustenjeans.com\/fr\/jacob-cohen-j688-33194-2\/#primaryimage"},"thumbnailUrl":"https:\/\/www.voustenjeans.com\/wp-content\/uploads\/2023\/06\/33194-33187_1_0.jpg","datePublished":"2025-08-13T06:07:56+00:00","dateModified":"2025-08-13T18:46:09+00:00","breadcrumb":{"@id":"https:\/\/www.voustenjeans.com\/fr\/jacob-cohen-j688-33194-2\/#breadcrumb"},"inLanguage":"fr-FR","potentialAction":[{"@type":"ReadAction","target":["https:\/\/www.voustenjeans.com\/fr\/jacob-cohen-j688-33194-2\/"]}]},{"@type":"ImageObject","inLanguage":"fr-FR","@id":"https:\/\/www.voustenjeans.com\/fr\/jacob-cohen-j688-33194-2\/#primaryimage","url":"https:\/\/www.voustenjeans.com\/wp-content\/uploads\/2023\/06\/33194-33187_1_0.jpg","contentUrl":"https:\/\/www.voustenjeans.com\/wp-content\/uploads\/2023\/06\/33194-33187_1_0.jpg","width":879,"height":2000},{"@type":"BreadcrumbList","@id":"https:\/\/www.voustenjeans.com\/fr\/jacob-cohen-j688-33194-2\/#breadcrumb","itemListElement":[{"@type":"ListItem","position":1,"name":"Home","item":"https:\/\/www.voustenjeans.com\/fr\/"},{"@type":"ListItem","position":2,"name":"Boutique","item":"https:\/\/www.voustenjeans.com\/fr\/shop\/"},{"@type":"ListItem","position":3,"name":"Jacob Cohen J688 (33194)"}]},{"@type":"WebSite","@id":"https:\/\/www.voustenjeans.com\/en\/#website","url":"https:\/\/www.voustenjeans.com\/en\/","name":"Vousten Jeans","description":"","potentialAction":[{"@type":"SearchAction","target":{"@type":"EntryPoint","urlTemplate":"https:\/\/www.voustenjeans.com\/en\/?s={search_term_string}"},"query-input":"required name=search_term_string"}],"inLanguage":"fr-FR"}]}},"_links":{"self":[{"href":"https:\/\/www.voustenjeans.com\/fr\/wp-json\/wp\/v2\/product\/315173"}],"collection":[{"href":"https:\/\/www.voustenjeans.com\/fr\/wp-json\/wp\/v2\/product"}],"about":[{"href":"https:\/\/www.voustenjeans.com\/fr\/wp-json\/wp\/v2\/types\/product"}],"replies":[{"embeddable":true,"href":"https:\/\/www.voustenjeans.com\/fr\/wp-json\/wp\/v2\/comments?post=315173"}],"wp:featuredmedia":[{"embeddable":true,"href":"https:\/\/www.voustenjeans.com\/fr\/wp-json\/wp\/v2\/media\/315146"}],"wp:attachment":[{"href":"https:\/\/www.voustenjeans.com\/fr\/wp-json\/wp\/v2\/media?parent=315173"}],"wp:term":[{"taxonomy":"product_cat","embeddable":true,"href":"https:\/\/www.voustenjeans.com\/fr\/wp-json\/wp\/v2\/product_cat?post=315173"},{"taxonomy":"product_tag","embeddable":true,"href":"https:\/\/www.voustenjeans.com\/fr\/wp-json\/wp\/v2\/product_tag?post=315173"}],"curies":[{"name":"wp","href":"https:\/\/api.w.org\/{rel}","templated":true}]}}