{"id":313923,"date":"2025-08-12T14:14:25","date_gmt":"2025-08-12T12:14:25","guid":{"rendered":"https:\/\/www.voustenjeans.com\/jacob-cohen-overshirt-en-cachemire-beige-fonce-41184\/"},"modified":"2026-01-03T07:42:11","modified_gmt":"2026-01-03T06:42:11","slug":"jacob-cohen-overshirt-en-cachemire-beige-fonce-41184","status":"publish","type":"product","link":"https:\/\/www.voustenjeans.com\/fr\/jacob-cohen-overshirt-en-cachemire-beige-fonce-41184\/","title":{"rendered":"Jacob Coh\u00ebn &#8211; Overshirt en cachemire beige fonc\u00e9 (41184)"},"content":{"rendered":"<p>Cette overshirt exclusive Jacob Coh\u00ebn est compos\u00e9e \u00e0 89 % de laine, 10 % de cachemire et 1 % de soie. Elle poss\u00e8de deux poches poitrine et une fermeture int\u00e9grale \u00e0 boutons.<\/p>\n<p>Le mannequin mesure 186 cm, p\u00e8se 80 kg et porte une taille M.<\/p>\n<ul>\n<li>La coupe est regular fit.<\/li>\n<li>Overshirt \u00e0 ourlet droit<\/li>\n<li>Composition : 89 % laine, 10 % cachemire et 1 % soie<\/li>\n<li>Tissu double beige fonc\u00e9 en laine, cachemire et soie, int\u00e9rieur beige clair<\/li>\n<li>Boutons marron en corne v\u00e9ritable \u00e0 quatre trous<\/li>\n<li>Poches \u00e0 rabat<\/li>\n<li>Patch hexagonal en cuir poli avec logo en relief et bords<\/li>\n<li>R\u00e9f\u00e9rence : 809A RW D49<\/li>\n<\/ul>\n","protected":false},"excerpt":{"rendered":"<p>Cette overshirt exclusive Jacob Coh\u00ebn est compos\u00e9e \u00e0 89 % de laine, 10 % de cachemire et 1 % de soie. Elle poss\u00e8de deux poches poitrine et une fermeture int\u00e9grale \u00e0 boutons. Le mannequin mesure 186 cm, p\u00e8se 80 kg et porte une taille M. La coupe est regular fit. Overshirt \u00e0 ourlet droit Composition [&#8230;]\n","protected":false},"featured_media":313855,"comment_status":"open","ping_status":"closed","template":"","meta":[],"product_cat":[1136,1588,1628,1642,1692,1762],"product_tag":[],"acf":[],"yoast_head":"<!-- This site is optimized with the Yoast SEO plugin v22.3 - https:\/\/yoast.com\/wordpress\/plugins\/seo\/ -->\n<title>Jacob Coh\u00ebn - Overshirt en cachemire beige fonc\u00e9 (41184) - Vousten Jeans<\/title>\n<meta name=\"robots\" content=\"index, follow, max-snippet:-1, max-image-preview:large, max-video-preview:-1\" \/>\n<link rel=\"canonical\" href=\"https:\/\/www.voustenjeans.com\/fr\/jacob-cohen-overshirt-en-cachemire-beige-fonce-41184\/\" \/>\n<meta property=\"og:locale\" content=\"fr_FR\" \/>\n<meta property=\"og:type\" content=\"article\" \/>\n<meta property=\"og:title\" content=\"Jacob Coh\u00ebn - Overshirt en cachemire beige fonc\u00e9 (41184) - Vousten Jeans\" \/>\n<meta property=\"og:description\" content=\"Cette overshirt exclusive Jacob Coh\u00ebn est compos\u00e9e \u00e0 89 % de laine, 10 % de cachemire et 1 % de soie. Elle poss\u00e8de deux poches poitrine et une fermeture int\u00e9grale \u00e0 boutons. Le mannequin mesure 186 cm, p\u00e8se 80 kg et porte une taille M. La coupe est regular fit. Overshirt \u00e0 ourlet droit Composition [...]\" \/>\n<meta property=\"og:url\" content=\"https:\/\/www.voustenjeans.com\/fr\/jacob-cohen-overshirt-en-cachemire-beige-fonce-41184\/\" \/>\n<meta property=\"og:site_name\" content=\"Vousten Jeans\" \/>\n<meta property=\"article:modified_time\" content=\"2026-01-03T06:42:11+00:00\" \/>\n<meta property=\"og:image\" content=\"https:\/\/www.voustenjeans.com\/wp-content\/uploads\/2023\/06\/vest-beige_Front.jpg\" \/>\n\t<meta property=\"og:image:width\" content=\"800\" \/>\n\t<meta property=\"og:image:height\" content=\"1020\" \/>\n\t<meta property=\"og:image:type\" content=\"image\/jpeg\" \/>\n<meta name=\"twitter:card\" content=\"summary_large_image\" \/>\n<script type=\"application\/ld+json\" class=\"yoast-schema-graph\">{\"@context\":\"https:\/\/schema.org\",\"@graph\":[{\"@type\":\"WebPage\",\"@id\":\"https:\/\/www.voustenjeans.com\/fr\/jacob-cohen-overshirt-en-cachemire-beige-fonce-41184\/\",\"url\":\"https:\/\/www.voustenjeans.com\/fr\/jacob-cohen-overshirt-en-cachemire-beige-fonce-41184\/\",\"name\":\"Jacob Coh\u00ebn - Overshirt en cachemire beige fonc\u00e9 (41184) - Vousten Jeans\",\"isPartOf\":{\"@id\":\"https:\/\/www.voustenjeans.com\/en\/#website\"},\"primaryImageOfPage\":{\"@id\":\"https:\/\/www.voustenjeans.com\/fr\/jacob-cohen-overshirt-en-cachemire-beige-fonce-41184\/#primaryimage\"},\"image\":{\"@id\":\"https:\/\/www.voustenjeans.com\/fr\/jacob-cohen-overshirt-en-cachemire-beige-fonce-41184\/#primaryimage\"},\"thumbnailUrl\":\"https:\/\/www.voustenjeans.com\/wp-content\/uploads\/2023\/06\/vest-beige_Front.jpg\",\"datePublished\":\"2025-08-12T12:14:25+00:00\",\"dateModified\":\"2026-01-03T06:42:11+00:00\",\"breadcrumb\":{\"@id\":\"https:\/\/www.voustenjeans.com\/fr\/jacob-cohen-overshirt-en-cachemire-beige-fonce-41184\/#breadcrumb\"},\"inLanguage\":\"fr-FR\",\"potentialAction\":[{\"@type\":\"ReadAction\",\"target\":[\"https:\/\/www.voustenjeans.com\/fr\/jacob-cohen-overshirt-en-cachemire-beige-fonce-41184\/\"]}]},{\"@type\":\"ImageObject\",\"inLanguage\":\"fr-FR\",\"@id\":\"https:\/\/www.voustenjeans.com\/fr\/jacob-cohen-overshirt-en-cachemire-beige-fonce-41184\/#primaryimage\",\"url\":\"https:\/\/www.voustenjeans.com\/wp-content\/uploads\/2023\/06\/vest-beige_Front.jpg\",\"contentUrl\":\"https:\/\/www.voustenjeans.com\/wp-content\/uploads\/2023\/06\/vest-beige_Front.jpg\",\"width\":800,\"height\":1020},{\"@type\":\"BreadcrumbList\",\"@id\":\"https:\/\/www.voustenjeans.com\/fr\/jacob-cohen-overshirt-en-cachemire-beige-fonce-41184\/#breadcrumb\",\"itemListElement\":[{\"@type\":\"ListItem\",\"position\":1,\"name\":\"Home\",\"item\":\"https:\/\/www.voustenjeans.com\/fr\/\"},{\"@type\":\"ListItem\",\"position\":2,\"name\":\"Boutique\",\"item\":\"https:\/\/www.voustenjeans.com\/fr\/shop\/\"},{\"@type\":\"ListItem\",\"position\":3,\"name\":\"Jacob Coh\u00ebn &#8211; Overshirt en cachemire beige fonc\u00e9 (41184)\"}]},{\"@type\":\"WebSite\",\"@id\":\"https:\/\/www.voustenjeans.com\/en\/#website\",\"url\":\"https:\/\/www.voustenjeans.com\/en\/\",\"name\":\"Vousten Jeans\",\"description\":\"\",\"potentialAction\":[{\"@type\":\"SearchAction\",\"target\":{\"@type\":\"EntryPoint\",\"urlTemplate\":\"https:\/\/www.voustenjeans.com\/en\/?s={search_term_string}\"},\"query-input\":\"required name=search_term_string\"}],\"inLanguage\":\"fr-FR\"}]}<\/script>\n<!-- \/ Yoast SEO plugin. -->","yoast_head_json":{"title":"Jacob Coh\u00ebn - Overshirt en cachemire beige fonc\u00e9 (41184) - Vousten Jeans","robots":{"index":"index","follow":"follow","max-snippet":"max-snippet:-1","max-image-preview":"max-image-preview:large","max-video-preview":"max-video-preview:-1"},"canonical":"https:\/\/www.voustenjeans.com\/fr\/jacob-cohen-overshirt-en-cachemire-beige-fonce-41184\/","og_locale":"fr_FR","og_type":"article","og_title":"Jacob Coh\u00ebn - Overshirt en cachemire beige fonc\u00e9 (41184) - Vousten Jeans","og_description":"Cette overshirt exclusive Jacob Coh\u00ebn est compos\u00e9e \u00e0 89 % de laine, 10 % de cachemire et 1 % de soie. Elle poss\u00e8de deux poches poitrine et une fermeture int\u00e9grale \u00e0 boutons. Le mannequin mesure 186 cm, p\u00e8se 80 kg et porte une taille M. La coupe est regular fit. Overshirt \u00e0 ourlet droit Composition [...]","og_url":"https:\/\/www.voustenjeans.com\/fr\/jacob-cohen-overshirt-en-cachemire-beige-fonce-41184\/","og_site_name":"Vousten Jeans","article_modified_time":"2026-01-03T06:42:11+00:00","og_image":[{"width":800,"height":1020,"url":"https:\/\/www.voustenjeans.com\/wp-content\/uploads\/2023\/06\/vest-beige_Front.jpg","type":"image\/jpeg"}],"twitter_card":"summary_large_image","schema":{"@context":"https:\/\/schema.org","@graph":[{"@type":"WebPage","@id":"https:\/\/www.voustenjeans.com\/fr\/jacob-cohen-overshirt-en-cachemire-beige-fonce-41184\/","url":"https:\/\/www.voustenjeans.com\/fr\/jacob-cohen-overshirt-en-cachemire-beige-fonce-41184\/","name":"Jacob Coh\u00ebn - Overshirt en cachemire beige fonc\u00e9 (41184) - Vousten Jeans","isPartOf":{"@id":"https:\/\/www.voustenjeans.com\/en\/#website"},"primaryImageOfPage":{"@id":"https:\/\/www.voustenjeans.com\/fr\/jacob-cohen-overshirt-en-cachemire-beige-fonce-41184\/#primaryimage"},"image":{"@id":"https:\/\/www.voustenjeans.com\/fr\/jacob-cohen-overshirt-en-cachemire-beige-fonce-41184\/#primaryimage"},"thumbnailUrl":"https:\/\/www.voustenjeans.com\/wp-content\/uploads\/2023\/06\/vest-beige_Front.jpg","datePublished":"2025-08-12T12:14:25+00:00","dateModified":"2026-01-03T06:42:11+00:00","breadcrumb":{"@id":"https:\/\/www.voustenjeans.com\/fr\/jacob-cohen-overshirt-en-cachemire-beige-fonce-41184\/#breadcrumb"},"inLanguage":"fr-FR","potentialAction":[{"@type":"ReadAction","target":["https:\/\/www.voustenjeans.com\/fr\/jacob-cohen-overshirt-en-cachemire-beige-fonce-41184\/"]}]},{"@type":"ImageObject","inLanguage":"fr-FR","@id":"https:\/\/www.voustenjeans.com\/fr\/jacob-cohen-overshirt-en-cachemire-beige-fonce-41184\/#primaryimage","url":"https:\/\/www.voustenjeans.com\/wp-content\/uploads\/2023\/06\/vest-beige_Front.jpg","contentUrl":"https:\/\/www.voustenjeans.com\/wp-content\/uploads\/2023\/06\/vest-beige_Front.jpg","width":800,"height":1020},{"@type":"BreadcrumbList","@id":"https:\/\/www.voustenjeans.com\/fr\/jacob-cohen-overshirt-en-cachemire-beige-fonce-41184\/#breadcrumb","itemListElement":[{"@type":"ListItem","position":1,"name":"Home","item":"https:\/\/www.voustenjeans.com\/fr\/"},{"@type":"ListItem","position":2,"name":"Boutique","item":"https:\/\/www.voustenjeans.com\/fr\/shop\/"},{"@type":"ListItem","position":3,"name":"Jacob Coh\u00ebn &#8211; Overshirt en cachemire beige fonc\u00e9 (41184)"}]},{"@type":"WebSite","@id":"https:\/\/www.voustenjeans.com\/en\/#website","url":"https:\/\/www.voustenjeans.com\/en\/","name":"Vousten Jeans","description":"","potentialAction":[{"@type":"SearchAction","target":{"@type":"EntryPoint","urlTemplate":"https:\/\/www.voustenjeans.com\/en\/?s={search_term_string}"},"query-input":"required name=search_term_string"}],"inLanguage":"fr-FR"}]}},"_links":{"self":[{"href":"https:\/\/www.voustenjeans.com\/fr\/wp-json\/wp\/v2\/product\/313923"}],"collection":[{"href":"https:\/\/www.voustenjeans.com\/fr\/wp-json\/wp\/v2\/product"}],"about":[{"href":"https:\/\/www.voustenjeans.com\/fr\/wp-json\/wp\/v2\/types\/product"}],"replies":[{"embeddable":true,"href":"https:\/\/www.voustenjeans.com\/fr\/wp-json\/wp\/v2\/comments?post=313923"}],"wp:featuredmedia":[{"embeddable":true,"href":"https:\/\/www.voustenjeans.com\/fr\/wp-json\/wp\/v2\/media\/313855"}],"wp:attachment":[{"href":"https:\/\/www.voustenjeans.com\/fr\/wp-json\/wp\/v2\/media?parent=313923"}],"wp:term":[{"taxonomy":"product_cat","embeddable":true,"href":"https:\/\/www.voustenjeans.com\/fr\/wp-json\/wp\/v2\/product_cat?post=313923"},{"taxonomy":"product_tag","embeddable":true,"href":"https:\/\/www.voustenjeans.com\/fr\/wp-json\/wp\/v2\/product_tag?post=313923"}],"curies":[{"name":"wp","href":"https:\/\/api.w.org\/{rel}","templated":true}]}}