{"id":313267,"date":"2025-07-30T15:16:19","date_gmt":"2025-07-30T13:16:19","guid":{"rendered":"https:\/\/www.voustenjeans.com\/jacob-cohen-maillot-de-bain-tobacco-majolica-print-38606\/"},"modified":"2026-02-20T06:48:04","modified_gmt":"2026-02-20T05:48:04","slug":"jacob-cohen-maillot-de-bain-tobacco-majolica-print-38606","status":"publish","type":"product","link":"https:\/\/www.voustenjeans.com\/fr\/jacob-cohen-maillot-de-bain-tobacco-majolica-print-38606\/","title":{"rendered":"Jacob Cohen &#8211; Maillot De Bain Tobacco Majolica Print (38606)"},"content":{"rendered":"<ul>\n<li>Maillot de bain<\/li>\n<li>Tissu technique imprim\u00e9 majolique tabac, jaune et bleu<\/li>\n<li>Taille moyenne<\/li>\n<li>Taille \u00e9lastiqu\u00e9e et cordon de serrage<\/li>\n<li>Poches passepoil\u00e9es sur les c\u00f4t\u00e9s<\/li>\n<li>Poche plaqu\u00e9e au dos<\/li>\n<li>Patch logo brod\u00e9 au dos<\/li>\n<li>Logo brod\u00e9 sur l&rsquo;ourlet<\/li>\n<\/ul>\n<p>FABRIQU\u00c9 AU PORTUGAL<\/p>\n<p>Composition:<br \/>\n100% Polyester<\/p>\n","protected":false},"excerpt":{"rendered":"<p>Maillot de bain Tissu technique imprim\u00e9 majolique tabac, jaune et bleu Taille moyenne Taille \u00e9lastiqu\u00e9e et cordon de serrage Poches passepoil\u00e9es sur les c\u00f4t\u00e9s Poche plaqu\u00e9e au dos Patch logo brod\u00e9 au dos Logo brod\u00e9 sur l&rsquo;ourlet FABRIQU\u00c9 AU PORTUGAL Composition: 100% Polyester<\/p>\n","protected":false},"featured_media":313229,"comment_status":"open","ping_status":"closed","template":"","meta":[],"product_cat":[1588,1650,1136,1254,1492],"product_tag":[],"acf":[],"yoast_head":"<!-- This site is optimized with the Yoast SEO plugin v22.3 - https:\/\/yoast.com\/wordpress\/plugins\/seo\/ -->\n<title>Jacob Cohen - Maillot De Bain Tobacco Majolica Print (38606) - Vousten Jeans<\/title>\n<meta name=\"robots\" content=\"index, follow, max-snippet:-1, max-image-preview:large, max-video-preview:-1\" \/>\n<link rel=\"canonical\" href=\"https:\/\/www.voustenjeans.com\/fr\/jacob-cohen-maillot-de-bain-tobacco-majolica-print-38606\/\" \/>\n<meta property=\"og:locale\" content=\"fr_FR\" \/>\n<meta property=\"og:type\" content=\"article\" \/>\n<meta property=\"og:title\" content=\"Jacob Cohen - Maillot De Bain Tobacco Majolica Print (38606) - Vousten Jeans\" \/>\n<meta property=\"og:description\" content=\"Maillot de bain Tissu technique imprim\u00e9 majolique tabac, jaune et bleu Taille moyenne Taille \u00e9lastiqu\u00e9e et cordon de serrage Poches passepoil\u00e9es sur les c\u00f4t\u00e9s Poche plaqu\u00e9e au dos Patch logo brod\u00e9 au dos Logo brod\u00e9 sur l&rsquo;ourlet FABRIQU\u00c9 AU PORTUGAL Composition: 100% Polyester\" \/>\n<meta property=\"og:url\" content=\"https:\/\/www.voustenjeans.com\/fr\/jacob-cohen-maillot-de-bain-tobacco-majolica-print-38606\/\" \/>\n<meta property=\"og:site_name\" content=\"Vousten Jeans\" \/>\n<meta property=\"article:modified_time\" content=\"2026-02-20T05:48:04+00:00\" \/>\n<meta property=\"og:image\" content=\"https:\/\/www.voustenjeans.com\/wp-content\/uploads\/2023\/06\/JACOB-COHEN-SWIM-SHORTS-WITH-TOBACCO-MAJOLICA-PRINT-38606-1.jpg\" \/>\n\t<meta property=\"og:image:width\" content=\"1365\" \/>\n\t<meta property=\"og:image:height\" content=\"2048\" \/>\n\t<meta property=\"og:image:type\" content=\"image\/jpeg\" \/>\n<meta name=\"twitter:card\" content=\"summary_large_image\" \/>\n<script type=\"application\/ld+json\" class=\"yoast-schema-graph\">{\"@context\":\"https:\/\/schema.org\",\"@graph\":[{\"@type\":\"WebPage\",\"@id\":\"https:\/\/www.voustenjeans.com\/fr\/jacob-cohen-maillot-de-bain-tobacco-majolica-print-38606\/\",\"url\":\"https:\/\/www.voustenjeans.com\/fr\/jacob-cohen-maillot-de-bain-tobacco-majolica-print-38606\/\",\"name\":\"Jacob Cohen - Maillot De Bain Tobacco Majolica Print (38606) - Vousten Jeans\",\"isPartOf\":{\"@id\":\"https:\/\/www.voustenjeans.com\/en\/#website\"},\"primaryImageOfPage\":{\"@id\":\"https:\/\/www.voustenjeans.com\/fr\/jacob-cohen-maillot-de-bain-tobacco-majolica-print-38606\/#primaryimage\"},\"image\":{\"@id\":\"https:\/\/www.voustenjeans.com\/fr\/jacob-cohen-maillot-de-bain-tobacco-majolica-print-38606\/#primaryimage\"},\"thumbnailUrl\":\"https:\/\/www.voustenjeans.com\/wp-content\/uploads\/2023\/06\/JACOB-COHEN-SWIM-SHORTS-WITH-TOBACCO-MAJOLICA-PRINT-38606-1.jpg\",\"datePublished\":\"2025-07-30T13:16:19+00:00\",\"dateModified\":\"2026-02-20T05:48:04+00:00\",\"breadcrumb\":{\"@id\":\"https:\/\/www.voustenjeans.com\/fr\/jacob-cohen-maillot-de-bain-tobacco-majolica-print-38606\/#breadcrumb\"},\"inLanguage\":\"fr-FR\",\"potentialAction\":[{\"@type\":\"ReadAction\",\"target\":[\"https:\/\/www.voustenjeans.com\/fr\/jacob-cohen-maillot-de-bain-tobacco-majolica-print-38606\/\"]}]},{\"@type\":\"ImageObject\",\"inLanguage\":\"fr-FR\",\"@id\":\"https:\/\/www.voustenjeans.com\/fr\/jacob-cohen-maillot-de-bain-tobacco-majolica-print-38606\/#primaryimage\",\"url\":\"https:\/\/www.voustenjeans.com\/wp-content\/uploads\/2023\/06\/JACOB-COHEN-SWIM-SHORTS-WITH-TOBACCO-MAJOLICA-PRINT-38606-1.jpg\",\"contentUrl\":\"https:\/\/www.voustenjeans.com\/wp-content\/uploads\/2023\/06\/JACOB-COHEN-SWIM-SHORTS-WITH-TOBACCO-MAJOLICA-PRINT-38606-1.jpg\",\"width\":1365,\"height\":2048},{\"@type\":\"BreadcrumbList\",\"@id\":\"https:\/\/www.voustenjeans.com\/fr\/jacob-cohen-maillot-de-bain-tobacco-majolica-print-38606\/#breadcrumb\",\"itemListElement\":[{\"@type\":\"ListItem\",\"position\":1,\"name\":\"Home\",\"item\":\"https:\/\/www.voustenjeans.com\/fr\/\"},{\"@type\":\"ListItem\",\"position\":2,\"name\":\"Boutique\",\"item\":\"https:\/\/www.voustenjeans.com\/fr\/shop\/\"},{\"@type\":\"ListItem\",\"position\":3,\"name\":\"Jacob Cohen &#8211; Maillot De Bain Tobacco Majolica Print (38606)\"}]},{\"@type\":\"WebSite\",\"@id\":\"https:\/\/www.voustenjeans.com\/en\/#website\",\"url\":\"https:\/\/www.voustenjeans.com\/en\/\",\"name\":\"Vousten Jeans\",\"description\":\"\",\"potentialAction\":[{\"@type\":\"SearchAction\",\"target\":{\"@type\":\"EntryPoint\",\"urlTemplate\":\"https:\/\/www.voustenjeans.com\/en\/?s={search_term_string}\"},\"query-input\":\"required name=search_term_string\"}],\"inLanguage\":\"fr-FR\"}]}<\/script>\n<!-- \/ Yoast SEO plugin. -->","yoast_head_json":{"title":"Jacob Cohen - Maillot De Bain Tobacco Majolica Print (38606) - Vousten Jeans","robots":{"index":"index","follow":"follow","max-snippet":"max-snippet:-1","max-image-preview":"max-image-preview:large","max-video-preview":"max-video-preview:-1"},"canonical":"https:\/\/www.voustenjeans.com\/fr\/jacob-cohen-maillot-de-bain-tobacco-majolica-print-38606\/","og_locale":"fr_FR","og_type":"article","og_title":"Jacob Cohen - Maillot De Bain Tobacco Majolica Print (38606) - Vousten Jeans","og_description":"Maillot de bain Tissu technique imprim\u00e9 majolique tabac, jaune et bleu Taille moyenne Taille \u00e9lastiqu\u00e9e et cordon de serrage Poches passepoil\u00e9es sur les c\u00f4t\u00e9s Poche plaqu\u00e9e au dos Patch logo brod\u00e9 au dos Logo brod\u00e9 sur l&rsquo;ourlet FABRIQU\u00c9 AU PORTUGAL Composition: 100% Polyester","og_url":"https:\/\/www.voustenjeans.com\/fr\/jacob-cohen-maillot-de-bain-tobacco-majolica-print-38606\/","og_site_name":"Vousten Jeans","article_modified_time":"2026-02-20T05:48:04+00:00","og_image":[{"width":1365,"height":2048,"url":"https:\/\/www.voustenjeans.com\/wp-content\/uploads\/2023\/06\/JACOB-COHEN-SWIM-SHORTS-WITH-TOBACCO-MAJOLICA-PRINT-38606-1.jpg","type":"image\/jpeg"}],"twitter_card":"summary_large_image","schema":{"@context":"https:\/\/schema.org","@graph":[{"@type":"WebPage","@id":"https:\/\/www.voustenjeans.com\/fr\/jacob-cohen-maillot-de-bain-tobacco-majolica-print-38606\/","url":"https:\/\/www.voustenjeans.com\/fr\/jacob-cohen-maillot-de-bain-tobacco-majolica-print-38606\/","name":"Jacob Cohen - Maillot De Bain Tobacco Majolica Print (38606) - Vousten Jeans","isPartOf":{"@id":"https:\/\/www.voustenjeans.com\/en\/#website"},"primaryImageOfPage":{"@id":"https:\/\/www.voustenjeans.com\/fr\/jacob-cohen-maillot-de-bain-tobacco-majolica-print-38606\/#primaryimage"},"image":{"@id":"https:\/\/www.voustenjeans.com\/fr\/jacob-cohen-maillot-de-bain-tobacco-majolica-print-38606\/#primaryimage"},"thumbnailUrl":"https:\/\/www.voustenjeans.com\/wp-content\/uploads\/2023\/06\/JACOB-COHEN-SWIM-SHORTS-WITH-TOBACCO-MAJOLICA-PRINT-38606-1.jpg","datePublished":"2025-07-30T13:16:19+00:00","dateModified":"2026-02-20T05:48:04+00:00","breadcrumb":{"@id":"https:\/\/www.voustenjeans.com\/fr\/jacob-cohen-maillot-de-bain-tobacco-majolica-print-38606\/#breadcrumb"},"inLanguage":"fr-FR","potentialAction":[{"@type":"ReadAction","target":["https:\/\/www.voustenjeans.com\/fr\/jacob-cohen-maillot-de-bain-tobacco-majolica-print-38606\/"]}]},{"@type":"ImageObject","inLanguage":"fr-FR","@id":"https:\/\/www.voustenjeans.com\/fr\/jacob-cohen-maillot-de-bain-tobacco-majolica-print-38606\/#primaryimage","url":"https:\/\/www.voustenjeans.com\/wp-content\/uploads\/2023\/06\/JACOB-COHEN-SWIM-SHORTS-WITH-TOBACCO-MAJOLICA-PRINT-38606-1.jpg","contentUrl":"https:\/\/www.voustenjeans.com\/wp-content\/uploads\/2023\/06\/JACOB-COHEN-SWIM-SHORTS-WITH-TOBACCO-MAJOLICA-PRINT-38606-1.jpg","width":1365,"height":2048},{"@type":"BreadcrumbList","@id":"https:\/\/www.voustenjeans.com\/fr\/jacob-cohen-maillot-de-bain-tobacco-majolica-print-38606\/#breadcrumb","itemListElement":[{"@type":"ListItem","position":1,"name":"Home","item":"https:\/\/www.voustenjeans.com\/fr\/"},{"@type":"ListItem","position":2,"name":"Boutique","item":"https:\/\/www.voustenjeans.com\/fr\/shop\/"},{"@type":"ListItem","position":3,"name":"Jacob Cohen &#8211; Maillot De Bain Tobacco Majolica Print (38606)"}]},{"@type":"WebSite","@id":"https:\/\/www.voustenjeans.com\/en\/#website","url":"https:\/\/www.voustenjeans.com\/en\/","name":"Vousten Jeans","description":"","potentialAction":[{"@type":"SearchAction","target":{"@type":"EntryPoint","urlTemplate":"https:\/\/www.voustenjeans.com\/en\/?s={search_term_string}"},"query-input":"required name=search_term_string"}],"inLanguage":"fr-FR"}]}},"_links":{"self":[{"href":"https:\/\/www.voustenjeans.com\/fr\/wp-json\/wp\/v2\/product\/313267"}],"collection":[{"href":"https:\/\/www.voustenjeans.com\/fr\/wp-json\/wp\/v2\/product"}],"about":[{"href":"https:\/\/www.voustenjeans.com\/fr\/wp-json\/wp\/v2\/types\/product"}],"replies":[{"embeddable":true,"href":"https:\/\/www.voustenjeans.com\/fr\/wp-json\/wp\/v2\/comments?post=313267"}],"wp:featuredmedia":[{"embeddable":true,"href":"https:\/\/www.voustenjeans.com\/fr\/wp-json\/wp\/v2\/media\/313229"}],"wp:attachment":[{"href":"https:\/\/www.voustenjeans.com\/fr\/wp-json\/wp\/v2\/media?parent=313267"}],"wp:term":[{"taxonomy":"product_cat","embeddable":true,"href":"https:\/\/www.voustenjeans.com\/fr\/wp-json\/wp\/v2\/product_cat?post=313267"},{"taxonomy":"product_tag","embeddable":true,"href":"https:\/\/www.voustenjeans.com\/fr\/wp-json\/wp\/v2\/product_tag?post=313267"}],"curies":[{"name":"wp","href":"https:\/\/api.w.org\/{rel}","templated":true}]}}