{"id":312843,"date":"2025-07-29T15:01:23","date_gmt":"2025-07-29T13:01:24","guid":{"rendered":"https:\/\/www.voustenjeans.com\/jacob-cohen-jeans-luxe-denim-parfum-spray-100-ml-2\/"},"modified":"2026-04-28T12:16:12","modified_gmt":"2026-04-28T10:16:12","slug":"jacob-cohen-jeans-luxe-denim-parfum-spray-100-ml-2","status":"publish","type":"product","link":"https:\/\/www.voustenjeans.com\/fr\/jacob-cohen-jeans-luxe-denim-parfum-spray-100-ml-2\/","title":{"rendered":"Jacob Cohen Jeans Luxe Denim Parfum Spray (100 ml)"},"content":{"rendered":"<p>Parfum textile Jacob Cohen en flacon pulv\u00e9risateur de 100 ml.<\/p>\n<p>L&rsquo;ar\u00f4me de ce parfum \u00e0 base de bois de santal avec des notes florales est familier aux fans de la marque Jacob Cohen, car chaque paire de jeans pour hommes de cette marque en est satur\u00e9e. Le jean Jacob Cohen conserve ce parfum jusqu&rsquo;\u00e0 3 lavages, mais vous pouvez le prolonger ou le renouveler en utilisant ces parfums textiles. De plus, vous pouvez les utiliser sur d&rsquo;autres articles de votre garde-robe, ainsi que dans votre int\u00e9rieur sur des articles en textile.<\/p>\n","protected":false},"excerpt":{"rendered":"<p>Parfum textile Jacob Cohen en flacon pulv\u00e9risateur de 100 ml. L&rsquo;ar\u00f4me de ce parfum \u00e0 base de bois de santal avec des notes florales est familier aux fans de la marque Jacob Cohen, car chaque paire de jeans pour hommes de cette marque en est satur\u00e9e. Le jean Jacob Cohen conserve ce parfum jusqu&rsquo;\u00e0 3 [&#8230;]\n","protected":false},"featured_media":317819,"comment_status":"open","ping_status":"closed","template":"","meta":[],"product_cat":[1136,1460,1524,1642,1707,1715,1722],"product_tag":[],"acf":[],"yoast_head":"<!-- This site is optimized with the Yoast SEO plugin v22.3 - https:\/\/yoast.com\/wordpress\/plugins\/seo\/ -->\n<title>Jacob Cohen Jeans Luxe Denim Parfum Spray (100 ml) - Vousten Jeans<\/title>\n<meta name=\"robots\" content=\"index, follow, max-snippet:-1, max-image-preview:large, max-video-preview:-1\" \/>\n<link rel=\"canonical\" href=\"https:\/\/www.voustenjeans.com\/fr\/jacob-cohen-jeans-luxe-denim-parfum-spray-100-ml-2\/\" \/>\n<meta property=\"og:locale\" content=\"fr_FR\" \/>\n<meta property=\"og:type\" content=\"article\" \/>\n<meta property=\"og:title\" content=\"Jacob Cohen Jeans Luxe Denim Parfum Spray (100 ml) - Vousten Jeans\" \/>\n<meta property=\"og:description\" content=\"Parfum textile Jacob Cohen en flacon pulv\u00e9risateur de 100 ml. L&rsquo;ar\u00f4me de ce parfum \u00e0 base de bois de santal avec des notes florales est familier aux fans de la marque Jacob Cohen, car chaque paire de jeans pour hommes de cette marque en est satur\u00e9e. Le jean Jacob Cohen conserve ce parfum jusqu&rsquo;\u00e0 3 [...]\" \/>\n<meta property=\"og:url\" content=\"https:\/\/www.voustenjeans.com\/fr\/jacob-cohen-jeans-luxe-denim-parfum-spray-100-ml-2\/\" \/>\n<meta property=\"og:site_name\" content=\"Vousten Jeans\" \/>\n<meta property=\"article:modified_time\" content=\"2026-04-28T10:16:12+00:00\" \/>\n<meta property=\"og:image\" content=\"https:\/\/www.voustenjeans.com\/wp-content\/uploads\/2023\/06\/JACOB-COHEN-Luxe-Denim-Parfum-Spray-100-ml-1.png\" \/>\n\t<meta property=\"og:image:width\" content=\"1920\" \/>\n\t<meta property=\"og:image:height\" content=\"1920\" \/>\n\t<meta property=\"og:image:type\" content=\"image\/png\" \/>\n<meta name=\"twitter:card\" content=\"summary_large_image\" \/>\n<script type=\"application\/ld+json\" class=\"yoast-schema-graph\">{\"@context\":\"https:\/\/schema.org\",\"@graph\":[{\"@type\":\"WebPage\",\"@id\":\"https:\/\/www.voustenjeans.com\/fr\/jacob-cohen-jeans-luxe-denim-parfum-spray-100-ml-2\/\",\"url\":\"https:\/\/www.voustenjeans.com\/fr\/jacob-cohen-jeans-luxe-denim-parfum-spray-100-ml-2\/\",\"name\":\"Jacob Cohen Jeans Luxe Denim Parfum Spray (100 ml) - Vousten Jeans\",\"isPartOf\":{\"@id\":\"https:\/\/www.voustenjeans.com\/en\/#website\"},\"primaryImageOfPage\":{\"@id\":\"https:\/\/www.voustenjeans.com\/fr\/jacob-cohen-jeans-luxe-denim-parfum-spray-100-ml-2\/#primaryimage\"},\"image\":{\"@id\":\"https:\/\/www.voustenjeans.com\/fr\/jacob-cohen-jeans-luxe-denim-parfum-spray-100-ml-2\/#primaryimage\"},\"thumbnailUrl\":\"https:\/\/www.voustenjeans.com\/wp-content\/uploads\/2023\/06\/JACOB-COHEN-Luxe-Denim-Parfum-Spray-100-ml-1.png\",\"datePublished\":\"2025-07-29T13:01:24+00:00\",\"dateModified\":\"2026-04-28T10:16:12+00:00\",\"breadcrumb\":{\"@id\":\"https:\/\/www.voustenjeans.com\/fr\/jacob-cohen-jeans-luxe-denim-parfum-spray-100-ml-2\/#breadcrumb\"},\"inLanguage\":\"fr-FR\",\"potentialAction\":[{\"@type\":\"ReadAction\",\"target\":[\"https:\/\/www.voustenjeans.com\/fr\/jacob-cohen-jeans-luxe-denim-parfum-spray-100-ml-2\/\"]}]},{\"@type\":\"ImageObject\",\"inLanguage\":\"fr-FR\",\"@id\":\"https:\/\/www.voustenjeans.com\/fr\/jacob-cohen-jeans-luxe-denim-parfum-spray-100-ml-2\/#primaryimage\",\"url\":\"https:\/\/www.voustenjeans.com\/wp-content\/uploads\/2023\/06\/JACOB-COHEN-Luxe-Denim-Parfum-Spray-100-ml-1.png\",\"contentUrl\":\"https:\/\/www.voustenjeans.com\/wp-content\/uploads\/2023\/06\/JACOB-COHEN-Luxe-Denim-Parfum-Spray-100-ml-1.png\",\"width\":1920,\"height\":1920},{\"@type\":\"BreadcrumbList\",\"@id\":\"https:\/\/www.voustenjeans.com\/fr\/jacob-cohen-jeans-luxe-denim-parfum-spray-100-ml-2\/#breadcrumb\",\"itemListElement\":[{\"@type\":\"ListItem\",\"position\":1,\"name\":\"Home\",\"item\":\"https:\/\/www.voustenjeans.com\/fr\/\"},{\"@type\":\"ListItem\",\"position\":2,\"name\":\"Boutique\",\"item\":\"https:\/\/www.voustenjeans.com\/fr\/shop\/\"},{\"@type\":\"ListItem\",\"position\":3,\"name\":\"Jacob Cohen Jeans Luxe Denim Parfum Spray (100 ml)\"}]},{\"@type\":\"WebSite\",\"@id\":\"https:\/\/www.voustenjeans.com\/en\/#website\",\"url\":\"https:\/\/www.voustenjeans.com\/en\/\",\"name\":\"Vousten Jeans\",\"description\":\"\",\"potentialAction\":[{\"@type\":\"SearchAction\",\"target\":{\"@type\":\"EntryPoint\",\"urlTemplate\":\"https:\/\/www.voustenjeans.com\/en\/?s={search_term_string}\"},\"query-input\":\"required name=search_term_string\"}],\"inLanguage\":\"fr-FR\"}]}<\/script>\n<!-- \/ Yoast SEO plugin. -->","yoast_head_json":{"title":"Jacob Cohen Jeans Luxe Denim Parfum Spray (100 ml) - Vousten Jeans","robots":{"index":"index","follow":"follow","max-snippet":"max-snippet:-1","max-image-preview":"max-image-preview:large","max-video-preview":"max-video-preview:-1"},"canonical":"https:\/\/www.voustenjeans.com\/fr\/jacob-cohen-jeans-luxe-denim-parfum-spray-100-ml-2\/","og_locale":"fr_FR","og_type":"article","og_title":"Jacob Cohen Jeans Luxe Denim Parfum Spray (100 ml) - Vousten Jeans","og_description":"Parfum textile Jacob Cohen en flacon pulv\u00e9risateur de 100 ml. L&rsquo;ar\u00f4me de ce parfum \u00e0 base de bois de santal avec des notes florales est familier aux fans de la marque Jacob Cohen, car chaque paire de jeans pour hommes de cette marque en est satur\u00e9e. Le jean Jacob Cohen conserve ce parfum jusqu&rsquo;\u00e0 3 [...]","og_url":"https:\/\/www.voustenjeans.com\/fr\/jacob-cohen-jeans-luxe-denim-parfum-spray-100-ml-2\/","og_site_name":"Vousten Jeans","article_modified_time":"2026-04-28T10:16:12+00:00","og_image":[{"width":1920,"height":1920,"url":"https:\/\/www.voustenjeans.com\/wp-content\/uploads\/2023\/06\/JACOB-COHEN-Luxe-Denim-Parfum-Spray-100-ml-1.png","type":"image\/png"}],"twitter_card":"summary_large_image","schema":{"@context":"https:\/\/schema.org","@graph":[{"@type":"WebPage","@id":"https:\/\/www.voustenjeans.com\/fr\/jacob-cohen-jeans-luxe-denim-parfum-spray-100-ml-2\/","url":"https:\/\/www.voustenjeans.com\/fr\/jacob-cohen-jeans-luxe-denim-parfum-spray-100-ml-2\/","name":"Jacob Cohen Jeans Luxe Denim Parfum Spray (100 ml) - Vousten Jeans","isPartOf":{"@id":"https:\/\/www.voustenjeans.com\/en\/#website"},"primaryImageOfPage":{"@id":"https:\/\/www.voustenjeans.com\/fr\/jacob-cohen-jeans-luxe-denim-parfum-spray-100-ml-2\/#primaryimage"},"image":{"@id":"https:\/\/www.voustenjeans.com\/fr\/jacob-cohen-jeans-luxe-denim-parfum-spray-100-ml-2\/#primaryimage"},"thumbnailUrl":"https:\/\/www.voustenjeans.com\/wp-content\/uploads\/2023\/06\/JACOB-COHEN-Luxe-Denim-Parfum-Spray-100-ml-1.png","datePublished":"2025-07-29T13:01:24+00:00","dateModified":"2026-04-28T10:16:12+00:00","breadcrumb":{"@id":"https:\/\/www.voustenjeans.com\/fr\/jacob-cohen-jeans-luxe-denim-parfum-spray-100-ml-2\/#breadcrumb"},"inLanguage":"fr-FR","potentialAction":[{"@type":"ReadAction","target":["https:\/\/www.voustenjeans.com\/fr\/jacob-cohen-jeans-luxe-denim-parfum-spray-100-ml-2\/"]}]},{"@type":"ImageObject","inLanguage":"fr-FR","@id":"https:\/\/www.voustenjeans.com\/fr\/jacob-cohen-jeans-luxe-denim-parfum-spray-100-ml-2\/#primaryimage","url":"https:\/\/www.voustenjeans.com\/wp-content\/uploads\/2023\/06\/JACOB-COHEN-Luxe-Denim-Parfum-Spray-100-ml-1.png","contentUrl":"https:\/\/www.voustenjeans.com\/wp-content\/uploads\/2023\/06\/JACOB-COHEN-Luxe-Denim-Parfum-Spray-100-ml-1.png","width":1920,"height":1920},{"@type":"BreadcrumbList","@id":"https:\/\/www.voustenjeans.com\/fr\/jacob-cohen-jeans-luxe-denim-parfum-spray-100-ml-2\/#breadcrumb","itemListElement":[{"@type":"ListItem","position":1,"name":"Home","item":"https:\/\/www.voustenjeans.com\/fr\/"},{"@type":"ListItem","position":2,"name":"Boutique","item":"https:\/\/www.voustenjeans.com\/fr\/shop\/"},{"@type":"ListItem","position":3,"name":"Jacob Cohen Jeans Luxe Denim Parfum Spray (100 ml)"}]},{"@type":"WebSite","@id":"https:\/\/www.voustenjeans.com\/en\/#website","url":"https:\/\/www.voustenjeans.com\/en\/","name":"Vousten Jeans","description":"","potentialAction":[{"@type":"SearchAction","target":{"@type":"EntryPoint","urlTemplate":"https:\/\/www.voustenjeans.com\/en\/?s={search_term_string}"},"query-input":"required name=search_term_string"}],"inLanguage":"fr-FR"}]}},"_links":{"self":[{"href":"https:\/\/www.voustenjeans.com\/fr\/wp-json\/wp\/v2\/product\/312843"}],"collection":[{"href":"https:\/\/www.voustenjeans.com\/fr\/wp-json\/wp\/v2\/product"}],"about":[{"href":"https:\/\/www.voustenjeans.com\/fr\/wp-json\/wp\/v2\/types\/product"}],"replies":[{"embeddable":true,"href":"https:\/\/www.voustenjeans.com\/fr\/wp-json\/wp\/v2\/comments?post=312843"}],"wp:featuredmedia":[{"embeddable":true,"href":"https:\/\/www.voustenjeans.com\/fr\/wp-json\/wp\/v2\/media\/317819"}],"wp:attachment":[{"href":"https:\/\/www.voustenjeans.com\/fr\/wp-json\/wp\/v2\/media?parent=312843"}],"wp:term":[{"taxonomy":"product_cat","embeddable":true,"href":"https:\/\/www.voustenjeans.com\/fr\/wp-json\/wp\/v2\/product_cat?post=312843"},{"taxonomy":"product_tag","embeddable":true,"href":"https:\/\/www.voustenjeans.com\/fr\/wp-json\/wp\/v2\/product_tag?post=312843"}],"curies":[{"name":"wp","href":"https:\/\/api.w.org\/{rel}","templated":true}]}}