{"id":311916,"date":"2025-07-28T23:04:26","date_gmt":"2025-07-28T21:04:26","guid":{"rendered":"https:\/\/www.voustenjeans.com\/jacob-cohen-j688-bard-3848-w00d-41561-2\/"},"modified":"2026-04-01T09:02:07","modified_gmt":"2026-04-01T07:02:07","slug":"jacob-cohen-j688-bard-3848-w00d-41561-2","status":"publish","type":"product","link":"https:\/\/www.voustenjeans.com\/fr\/jacob-cohen-j688-bard-3848-w00d-41561-2\/","title":{"rendered":"Jacob Coh\u00ebn J688 (Bard) 3848 W00D (41561)"},"content":{"rendered":"<p>Ce jean moderne pr\u00e9sente une coupe slim et un peu plus ample au niveau des cuisses.<\/p>\n<ul>\n<li>Jean stretch<\/li>\n<li>Taille haute<\/li>\n<li>Fermeture boutonn\u00e9e<\/li>\n<li>Empi\u00e8cement en daim beige<\/li>\n<li>Mati\u00e8re : 93 % coton, 5 % \u00e9lastomultiester, 2 % \u00e9lasthanne<\/li>\n<li>Largeur d\u2019entrejambe : 18 cm<\/li>\n<li>Longueur de la base : 89 cm (peut varier l\u00e9g\u00e8rement \u00e0 chaque lavage)<\/li>\n<li>Ce jean Jacob Coh\u00ebn est fabriqu\u00e9 \u00e0 la main en V\u00e9n\u00e9tie, dans le nord-est de l\u2019Italie.<\/li>\n<\/ul>\n<p>Fourni avec une \u00e9charpe assortie et un fil suppl\u00e9mentaire de la m\u00eame couleur pour raccourcir le jean.<\/p>\n<p>\u00a0<\/p>\n","protected":false},"excerpt":{"rendered":"<p>Ce jean moderne pr\u00e9sente une coupe slim et un peu plus ample au niveau des cuisses. Jean stretch Taille haute Fermeture boutonn\u00e9e Empi\u00e8cement en daim beige Mati\u00e8re : 93 % coton, 5 % \u00e9lastomultiester, 2 % \u00e9lasthanne Largeur d\u2019entrejambe : 18 cm Longueur de la base : 89 cm (peut varier l\u00e9g\u00e8rement \u00e0 chaque lavage) [&#8230;]\n","protected":false},"featured_media":311901,"comment_status":"open","ping_status":"closed","template":"","meta":[],"product_cat":[1136,1428,1452,1580,1642,1650,1663],"product_tag":[],"acf":[],"yoast_head":"<!-- This site is optimized with the Yoast SEO plugin v22.3 - https:\/\/yoast.com\/wordpress\/plugins\/seo\/ -->\n<title>Jacob Coh\u00ebn J688 (Bard) 3848 W00D (41561) - Vousten Jeans<\/title>\n<meta name=\"robots\" content=\"index, follow, max-snippet:-1, max-image-preview:large, max-video-preview:-1\" \/>\n<link rel=\"canonical\" href=\"https:\/\/www.voustenjeans.com\/fr\/jacob-cohen-j688-bard-3848-w00d-41561-2\/\" \/>\n<meta property=\"og:locale\" content=\"fr_FR\" \/>\n<meta property=\"og:type\" content=\"article\" \/>\n<meta property=\"og:title\" content=\"Jacob Coh\u00ebn J688 (Bard) 3848 W00D (41561) - Vousten Jeans\" \/>\n<meta property=\"og:description\" content=\"Ce jean moderne pr\u00e9sente une coupe slim et un peu plus ample au niveau des cuisses. Jean stretch Taille haute Fermeture boutonn\u00e9e Empi\u00e8cement en daim beige Mati\u00e8re : 93 % coton, 5 % \u00e9lastomultiester, 2 % \u00e9lasthanne Largeur d\u2019entrejambe : 18 cm Longueur de la base : 89 cm (peut varier l\u00e9g\u00e8rement \u00e0 chaque lavage) [...]\" \/>\n<meta property=\"og:url\" content=\"https:\/\/www.voustenjeans.com\/fr\/jacob-cohen-j688-bard-3848-w00d-41561-2\/\" \/>\n<meta property=\"og:site_name\" content=\"Vousten Jeans\" \/>\n<meta property=\"article:modified_time\" content=\"2026-04-01T07:02:07+00:00\" \/>\n<meta property=\"og:image\" content=\"https:\/\/www.voustenjeans.com\/wp-content\/uploads\/2023\/06\/jacob_cohen_41561_front-2.jpg\" \/>\n\t<meta property=\"og:image:width\" content=\"728\" \/>\n\t<meta property=\"og:image:height\" content=\"2048\" \/>\n\t<meta property=\"og:image:type\" content=\"image\/jpeg\" \/>\n<meta name=\"twitter:card\" content=\"summary_large_image\" \/>\n<script type=\"application\/ld+json\" class=\"yoast-schema-graph\">{\"@context\":\"https:\/\/schema.org\",\"@graph\":[{\"@type\":\"WebPage\",\"@id\":\"https:\/\/www.voustenjeans.com\/fr\/jacob-cohen-j688-bard-3848-w00d-41561-2\/\",\"url\":\"https:\/\/www.voustenjeans.com\/fr\/jacob-cohen-j688-bard-3848-w00d-41561-2\/\",\"name\":\"Jacob Coh\u00ebn J688 (Bard) 3848 W00D (41561) - Vousten Jeans\",\"isPartOf\":{\"@id\":\"https:\/\/www.voustenjeans.com\/en\/#website\"},\"primaryImageOfPage\":{\"@id\":\"https:\/\/www.voustenjeans.com\/fr\/jacob-cohen-j688-bard-3848-w00d-41561-2\/#primaryimage\"},\"image\":{\"@id\":\"https:\/\/www.voustenjeans.com\/fr\/jacob-cohen-j688-bard-3848-w00d-41561-2\/#primaryimage\"},\"thumbnailUrl\":\"https:\/\/www.voustenjeans.com\/wp-content\/uploads\/2023\/06\/jacob_cohen_41561_front-2.jpg\",\"datePublished\":\"2025-07-28T21:04:26+00:00\",\"dateModified\":\"2026-04-01T07:02:07+00:00\",\"breadcrumb\":{\"@id\":\"https:\/\/www.voustenjeans.com\/fr\/jacob-cohen-j688-bard-3848-w00d-41561-2\/#breadcrumb\"},\"inLanguage\":\"fr-FR\",\"potentialAction\":[{\"@type\":\"ReadAction\",\"target\":[\"https:\/\/www.voustenjeans.com\/fr\/jacob-cohen-j688-bard-3848-w00d-41561-2\/\"]}]},{\"@type\":\"ImageObject\",\"inLanguage\":\"fr-FR\",\"@id\":\"https:\/\/www.voustenjeans.com\/fr\/jacob-cohen-j688-bard-3848-w00d-41561-2\/#primaryimage\",\"url\":\"https:\/\/www.voustenjeans.com\/wp-content\/uploads\/2023\/06\/jacob_cohen_41561_front-2.jpg\",\"contentUrl\":\"https:\/\/www.voustenjeans.com\/wp-content\/uploads\/2023\/06\/jacob_cohen_41561_front-2.jpg\",\"width\":728,\"height\":2048},{\"@type\":\"BreadcrumbList\",\"@id\":\"https:\/\/www.voustenjeans.com\/fr\/jacob-cohen-j688-bard-3848-w00d-41561-2\/#breadcrumb\",\"itemListElement\":[{\"@type\":\"ListItem\",\"position\":1,\"name\":\"Home\",\"item\":\"https:\/\/www.voustenjeans.com\/fr\/\"},{\"@type\":\"ListItem\",\"position\":2,\"name\":\"Boutique\",\"item\":\"https:\/\/www.voustenjeans.com\/fr\/shop\/\"},{\"@type\":\"ListItem\",\"position\":3,\"name\":\"Jacob Coh\u00ebn J688 (Bard) 3848 W00D (41561)\"}]},{\"@type\":\"WebSite\",\"@id\":\"https:\/\/www.voustenjeans.com\/en\/#website\",\"url\":\"https:\/\/www.voustenjeans.com\/en\/\",\"name\":\"Vousten Jeans\",\"description\":\"\",\"potentialAction\":[{\"@type\":\"SearchAction\",\"target\":{\"@type\":\"EntryPoint\",\"urlTemplate\":\"https:\/\/www.voustenjeans.com\/en\/?s={search_term_string}\"},\"query-input\":\"required name=search_term_string\"}],\"inLanguage\":\"fr-FR\"}]}<\/script>\n<!-- \/ Yoast SEO plugin. -->","yoast_head_json":{"title":"Jacob Coh\u00ebn J688 (Bard) 3848 W00D (41561) - Vousten Jeans","robots":{"index":"index","follow":"follow","max-snippet":"max-snippet:-1","max-image-preview":"max-image-preview:large","max-video-preview":"max-video-preview:-1"},"canonical":"https:\/\/www.voustenjeans.com\/fr\/jacob-cohen-j688-bard-3848-w00d-41561-2\/","og_locale":"fr_FR","og_type":"article","og_title":"Jacob Coh\u00ebn J688 (Bard) 3848 W00D (41561) - Vousten Jeans","og_description":"Ce jean moderne pr\u00e9sente une coupe slim et un peu plus ample au niveau des cuisses. Jean stretch Taille haute Fermeture boutonn\u00e9e Empi\u00e8cement en daim beige Mati\u00e8re : 93 % coton, 5 % \u00e9lastomultiester, 2 % \u00e9lasthanne Largeur d\u2019entrejambe : 18 cm Longueur de la base : 89 cm (peut varier l\u00e9g\u00e8rement \u00e0 chaque lavage) [...]","og_url":"https:\/\/www.voustenjeans.com\/fr\/jacob-cohen-j688-bard-3848-w00d-41561-2\/","og_site_name":"Vousten Jeans","article_modified_time":"2026-04-01T07:02:07+00:00","og_image":[{"width":728,"height":2048,"url":"https:\/\/www.voustenjeans.com\/wp-content\/uploads\/2023\/06\/jacob_cohen_41561_front-2.jpg","type":"image\/jpeg"}],"twitter_card":"summary_large_image","schema":{"@context":"https:\/\/schema.org","@graph":[{"@type":"WebPage","@id":"https:\/\/www.voustenjeans.com\/fr\/jacob-cohen-j688-bard-3848-w00d-41561-2\/","url":"https:\/\/www.voustenjeans.com\/fr\/jacob-cohen-j688-bard-3848-w00d-41561-2\/","name":"Jacob Coh\u00ebn J688 (Bard) 3848 W00D (41561) - Vousten Jeans","isPartOf":{"@id":"https:\/\/www.voustenjeans.com\/en\/#website"},"primaryImageOfPage":{"@id":"https:\/\/www.voustenjeans.com\/fr\/jacob-cohen-j688-bard-3848-w00d-41561-2\/#primaryimage"},"image":{"@id":"https:\/\/www.voustenjeans.com\/fr\/jacob-cohen-j688-bard-3848-w00d-41561-2\/#primaryimage"},"thumbnailUrl":"https:\/\/www.voustenjeans.com\/wp-content\/uploads\/2023\/06\/jacob_cohen_41561_front-2.jpg","datePublished":"2025-07-28T21:04:26+00:00","dateModified":"2026-04-01T07:02:07+00:00","breadcrumb":{"@id":"https:\/\/www.voustenjeans.com\/fr\/jacob-cohen-j688-bard-3848-w00d-41561-2\/#breadcrumb"},"inLanguage":"fr-FR","potentialAction":[{"@type":"ReadAction","target":["https:\/\/www.voustenjeans.com\/fr\/jacob-cohen-j688-bard-3848-w00d-41561-2\/"]}]},{"@type":"ImageObject","inLanguage":"fr-FR","@id":"https:\/\/www.voustenjeans.com\/fr\/jacob-cohen-j688-bard-3848-w00d-41561-2\/#primaryimage","url":"https:\/\/www.voustenjeans.com\/wp-content\/uploads\/2023\/06\/jacob_cohen_41561_front-2.jpg","contentUrl":"https:\/\/www.voustenjeans.com\/wp-content\/uploads\/2023\/06\/jacob_cohen_41561_front-2.jpg","width":728,"height":2048},{"@type":"BreadcrumbList","@id":"https:\/\/www.voustenjeans.com\/fr\/jacob-cohen-j688-bard-3848-w00d-41561-2\/#breadcrumb","itemListElement":[{"@type":"ListItem","position":1,"name":"Home","item":"https:\/\/www.voustenjeans.com\/fr\/"},{"@type":"ListItem","position":2,"name":"Boutique","item":"https:\/\/www.voustenjeans.com\/fr\/shop\/"},{"@type":"ListItem","position":3,"name":"Jacob Coh\u00ebn J688 (Bard) 3848 W00D (41561)"}]},{"@type":"WebSite","@id":"https:\/\/www.voustenjeans.com\/en\/#website","url":"https:\/\/www.voustenjeans.com\/en\/","name":"Vousten Jeans","description":"","potentialAction":[{"@type":"SearchAction","target":{"@type":"EntryPoint","urlTemplate":"https:\/\/www.voustenjeans.com\/en\/?s={search_term_string}"},"query-input":"required name=search_term_string"}],"inLanguage":"fr-FR"}]}},"_links":{"self":[{"href":"https:\/\/www.voustenjeans.com\/fr\/wp-json\/wp\/v2\/product\/311916"}],"collection":[{"href":"https:\/\/www.voustenjeans.com\/fr\/wp-json\/wp\/v2\/product"}],"about":[{"href":"https:\/\/www.voustenjeans.com\/fr\/wp-json\/wp\/v2\/types\/product"}],"replies":[{"embeddable":true,"href":"https:\/\/www.voustenjeans.com\/fr\/wp-json\/wp\/v2\/comments?post=311916"}],"wp:featuredmedia":[{"embeddable":true,"href":"https:\/\/www.voustenjeans.com\/fr\/wp-json\/wp\/v2\/media\/311901"}],"wp:attachment":[{"href":"https:\/\/www.voustenjeans.com\/fr\/wp-json\/wp\/v2\/media?parent=311916"}],"wp:term":[{"taxonomy":"product_cat","embeddable":true,"href":"https:\/\/www.voustenjeans.com\/fr\/wp-json\/wp\/v2\/product_cat?post=311916"},{"taxonomy":"product_tag","embeddable":true,"href":"https:\/\/www.voustenjeans.com\/fr\/wp-json\/wp\/v2\/product_tag?post=311916"}],"curies":[{"name":"wp","href":"https:\/\/api.w.org\/{rel}","templated":true}]}}