{"id":307268,"date":"2025-07-28T22:42:07","date_gmt":"2025-07-28T20:42:07","guid":{"rendered":"https:\/\/www.voustenjeans.com\/jacob-cohen-j688-bard-limited-rolex-3619-200d-41192-2\/"},"modified":"2026-04-13T02:04:04","modified_gmt":"2026-04-13T00:04:04","slug":"jacob-cohen-j688-bard-limited-rolex-3619-200d-41192-2","status":"publish","type":"product","link":"https:\/\/www.voustenjeans.com\/fr\/jacob-cohen-j688-bard-limited-rolex-3619-200d-41192-2\/","title":{"rendered":"Jacob Coh\u00ebn J688 (Bard) LIMITED Rolex 3619 200D (41192)"},"content":{"rendered":"<p>Cette \u00e9dition limit\u00e9e s&rsquo;inspire de la Rolex Datejust. Les boutons reprennent la structure de la lunette de la montre, et la pochette est \u00e9galement inspir\u00e9e du th\u00e8me Rolex.<\/p>\n<p>Ce jean moderne pr\u00e9sente une coupe slim l\u00e9g\u00e8rement plus ample au niveau du haut des jambes.<\/p>\n<ul>\n<li>Jean stretch<\/li>\n<li>Taille haute<\/li>\n<li>Fermeture boutonn\u00e9e<\/li>\n<li>Orn\u00e9 d&rsquo;un patch couleur sable en crin de poney et toile avec logo<\/li>\n<li>Mati\u00e8re : 92 % coton, 6 % \u00e9lastomultiester, 2 % \u00e9lasthanne<\/li>\n<li>Largeur du pied : 18,5 cm<\/li>\n<li>Longueur de base : 89 cm (peut varier l\u00e9g\u00e8rement selon le lavage)<\/li>\n<li>Ce jean Jacob Coh\u00ebn est fabriqu\u00e9 \u00e0 la main en V\u00e9n\u00e9tie, dans le nord-est de l&rsquo;Italie.<\/li>\n<\/ul>\n<p>Livr\u00e9 avec une \u00e9charpe assortie et un fil suppl\u00e9mentaire de la couleur correspondante pour raccourcir le jean.<\/p>\n<p>\u00a0<\/p>\n<p>\u00a0<\/p>\n","protected":false},"excerpt":{"rendered":"<p>Cette \u00e9dition limit\u00e9e s&rsquo;inspire de la Rolex Datejust. Les boutons reprennent la structure de la lunette de la montre, et la pochette est \u00e9galement inspir\u00e9e du th\u00e8me Rolex. Ce jean moderne pr\u00e9sente une coupe slim l\u00e9g\u00e8rement plus ample au niveau du haut des jambes. Jean stretch Taille haute Fermeture boutonn\u00e9e Orn\u00e9 d&rsquo;un patch couleur sable [&#8230;]\n","protected":false},"featured_media":307221,"comment_status":"open","ping_status":"closed","template":"","meta":[],"product_cat":[1516,1580,1642,1650,1663,1136,1428,1476],"product_tag":[],"acf":[],"yoast_head":"<!-- This site is optimized with the Yoast SEO plugin v22.3 - https:\/\/yoast.com\/wordpress\/plugins\/seo\/ -->\n<title>Jacob Coh\u00ebn J688 (Bard) LIMITED Rolex 3619 200D (41192) - Vousten Jeans<\/title>\n<meta name=\"robots\" content=\"index, follow, max-snippet:-1, max-image-preview:large, max-video-preview:-1\" \/>\n<link rel=\"canonical\" href=\"https:\/\/www.voustenjeans.com\/fr\/jacob-cohen-j688-bard-limited-rolex-3619-200d-41192-2\/\" \/>\n<meta property=\"og:locale\" content=\"fr_FR\" \/>\n<meta property=\"og:type\" content=\"article\" \/>\n<meta property=\"og:title\" content=\"Jacob Coh\u00ebn J688 (Bard) LIMITED Rolex 3619 200D (41192) - Vousten Jeans\" \/>\n<meta property=\"og:description\" content=\"Cette \u00e9dition limit\u00e9e s&rsquo;inspire de la Rolex Datejust. Les boutons reprennent la structure de la lunette de la montre, et la pochette est \u00e9galement inspir\u00e9e du th\u00e8me Rolex. Ce jean moderne pr\u00e9sente une coupe slim l\u00e9g\u00e8rement plus ample au niveau du haut des jambes. Jean stretch Taille haute Fermeture boutonn\u00e9e Orn\u00e9 d&rsquo;un patch couleur sable [...]\" \/>\n<meta property=\"og:url\" content=\"https:\/\/www.voustenjeans.com\/fr\/jacob-cohen-j688-bard-limited-rolex-3619-200d-41192-2\/\" \/>\n<meta property=\"og:site_name\" content=\"Vousten Jeans\" \/>\n<meta property=\"article:modified_time\" content=\"2026-04-13T00:04:04+00:00\" \/>\n<meta property=\"og:image\" content=\"https:\/\/www.voustenjeans.com\/wp-content\/uploads\/2023\/06\/jeans_10_side_0.jpg\" \/>\n\t<meta property=\"og:image:width\" content=\"800\" \/>\n\t<meta property=\"og:image:height\" content=\"2250\" \/>\n\t<meta property=\"og:image:type\" content=\"image\/jpeg\" \/>\n<meta name=\"twitter:card\" content=\"summary_large_image\" \/>\n<meta name=\"twitter:label1\" content=\"Est. reading time\" \/>\n\t<meta name=\"twitter:data1\" content=\"1 minute\" \/>\n<script type=\"application\/ld+json\" class=\"yoast-schema-graph\">{\"@context\":\"https:\/\/schema.org\",\"@graph\":[{\"@type\":\"WebPage\",\"@id\":\"https:\/\/www.voustenjeans.com\/fr\/jacob-cohen-j688-bard-limited-rolex-3619-200d-41192-2\/\",\"url\":\"https:\/\/www.voustenjeans.com\/fr\/jacob-cohen-j688-bard-limited-rolex-3619-200d-41192-2\/\",\"name\":\"Jacob Coh\u00ebn J688 (Bard) LIMITED Rolex 3619 200D (41192) - Vousten Jeans\",\"isPartOf\":{\"@id\":\"https:\/\/www.voustenjeans.com\/en\/#website\"},\"primaryImageOfPage\":{\"@id\":\"https:\/\/www.voustenjeans.com\/fr\/jacob-cohen-j688-bard-limited-rolex-3619-200d-41192-2\/#primaryimage\"},\"image\":{\"@id\":\"https:\/\/www.voustenjeans.com\/fr\/jacob-cohen-j688-bard-limited-rolex-3619-200d-41192-2\/#primaryimage\"},\"thumbnailUrl\":\"https:\/\/www.voustenjeans.com\/wp-content\/uploads\/2023\/06\/jeans_10_side_0.jpg\",\"datePublished\":\"2025-07-28T20:42:07+00:00\",\"dateModified\":\"2026-04-13T00:04:04+00:00\",\"breadcrumb\":{\"@id\":\"https:\/\/www.voustenjeans.com\/fr\/jacob-cohen-j688-bard-limited-rolex-3619-200d-41192-2\/#breadcrumb\"},\"inLanguage\":\"fr-FR\",\"potentialAction\":[{\"@type\":\"ReadAction\",\"target\":[\"https:\/\/www.voustenjeans.com\/fr\/jacob-cohen-j688-bard-limited-rolex-3619-200d-41192-2\/\"]}]},{\"@type\":\"ImageObject\",\"inLanguage\":\"fr-FR\",\"@id\":\"https:\/\/www.voustenjeans.com\/fr\/jacob-cohen-j688-bard-limited-rolex-3619-200d-41192-2\/#primaryimage\",\"url\":\"https:\/\/www.voustenjeans.com\/wp-content\/uploads\/2023\/06\/jeans_10_side_0.jpg\",\"contentUrl\":\"https:\/\/www.voustenjeans.com\/wp-content\/uploads\/2023\/06\/jeans_10_side_0.jpg\",\"width\":800,\"height\":2250},{\"@type\":\"BreadcrumbList\",\"@id\":\"https:\/\/www.voustenjeans.com\/fr\/jacob-cohen-j688-bard-limited-rolex-3619-200d-41192-2\/#breadcrumb\",\"itemListElement\":[{\"@type\":\"ListItem\",\"position\":1,\"name\":\"Home\",\"item\":\"https:\/\/www.voustenjeans.com\/fr\/\"},{\"@type\":\"ListItem\",\"position\":2,\"name\":\"Boutique\",\"item\":\"https:\/\/www.voustenjeans.com\/fr\/shop\/\"},{\"@type\":\"ListItem\",\"position\":3,\"name\":\"Jacob Coh\u00ebn J688 (Bard) LIMITED Rolex 3619 200D (41192)\"}]},{\"@type\":\"WebSite\",\"@id\":\"https:\/\/www.voustenjeans.com\/en\/#website\",\"url\":\"https:\/\/www.voustenjeans.com\/en\/\",\"name\":\"Vousten Jeans\",\"description\":\"\",\"potentialAction\":[{\"@type\":\"SearchAction\",\"target\":{\"@type\":\"EntryPoint\",\"urlTemplate\":\"https:\/\/www.voustenjeans.com\/en\/?s={search_term_string}\"},\"query-input\":\"required name=search_term_string\"}],\"inLanguage\":\"fr-FR\"}]}<\/script>\n<!-- \/ Yoast SEO plugin. -->","yoast_head_json":{"title":"Jacob Coh\u00ebn J688 (Bard) LIMITED Rolex 3619 200D (41192) - Vousten Jeans","robots":{"index":"index","follow":"follow","max-snippet":"max-snippet:-1","max-image-preview":"max-image-preview:large","max-video-preview":"max-video-preview:-1"},"canonical":"https:\/\/www.voustenjeans.com\/fr\/jacob-cohen-j688-bard-limited-rolex-3619-200d-41192-2\/","og_locale":"fr_FR","og_type":"article","og_title":"Jacob Coh\u00ebn J688 (Bard) LIMITED Rolex 3619 200D (41192) - Vousten Jeans","og_description":"Cette \u00e9dition limit\u00e9e s&rsquo;inspire de la Rolex Datejust. Les boutons reprennent la structure de la lunette de la montre, et la pochette est \u00e9galement inspir\u00e9e du th\u00e8me Rolex. Ce jean moderne pr\u00e9sente une coupe slim l\u00e9g\u00e8rement plus ample au niveau du haut des jambes. Jean stretch Taille haute Fermeture boutonn\u00e9e Orn\u00e9 d&rsquo;un patch couleur sable [...]","og_url":"https:\/\/www.voustenjeans.com\/fr\/jacob-cohen-j688-bard-limited-rolex-3619-200d-41192-2\/","og_site_name":"Vousten Jeans","article_modified_time":"2026-04-13T00:04:04+00:00","og_image":[{"width":800,"height":2250,"url":"https:\/\/www.voustenjeans.com\/wp-content\/uploads\/2023\/06\/jeans_10_side_0.jpg","type":"image\/jpeg"}],"twitter_card":"summary_large_image","twitter_misc":{"Est. reading time":"1 minute"},"schema":{"@context":"https:\/\/schema.org","@graph":[{"@type":"WebPage","@id":"https:\/\/www.voustenjeans.com\/fr\/jacob-cohen-j688-bard-limited-rolex-3619-200d-41192-2\/","url":"https:\/\/www.voustenjeans.com\/fr\/jacob-cohen-j688-bard-limited-rolex-3619-200d-41192-2\/","name":"Jacob Coh\u00ebn J688 (Bard) LIMITED Rolex 3619 200D (41192) - Vousten Jeans","isPartOf":{"@id":"https:\/\/www.voustenjeans.com\/en\/#website"},"primaryImageOfPage":{"@id":"https:\/\/www.voustenjeans.com\/fr\/jacob-cohen-j688-bard-limited-rolex-3619-200d-41192-2\/#primaryimage"},"image":{"@id":"https:\/\/www.voustenjeans.com\/fr\/jacob-cohen-j688-bard-limited-rolex-3619-200d-41192-2\/#primaryimage"},"thumbnailUrl":"https:\/\/www.voustenjeans.com\/wp-content\/uploads\/2023\/06\/jeans_10_side_0.jpg","datePublished":"2025-07-28T20:42:07+00:00","dateModified":"2026-04-13T00:04:04+00:00","breadcrumb":{"@id":"https:\/\/www.voustenjeans.com\/fr\/jacob-cohen-j688-bard-limited-rolex-3619-200d-41192-2\/#breadcrumb"},"inLanguage":"fr-FR","potentialAction":[{"@type":"ReadAction","target":["https:\/\/www.voustenjeans.com\/fr\/jacob-cohen-j688-bard-limited-rolex-3619-200d-41192-2\/"]}]},{"@type":"ImageObject","inLanguage":"fr-FR","@id":"https:\/\/www.voustenjeans.com\/fr\/jacob-cohen-j688-bard-limited-rolex-3619-200d-41192-2\/#primaryimage","url":"https:\/\/www.voustenjeans.com\/wp-content\/uploads\/2023\/06\/jeans_10_side_0.jpg","contentUrl":"https:\/\/www.voustenjeans.com\/wp-content\/uploads\/2023\/06\/jeans_10_side_0.jpg","width":800,"height":2250},{"@type":"BreadcrumbList","@id":"https:\/\/www.voustenjeans.com\/fr\/jacob-cohen-j688-bard-limited-rolex-3619-200d-41192-2\/#breadcrumb","itemListElement":[{"@type":"ListItem","position":1,"name":"Home","item":"https:\/\/www.voustenjeans.com\/fr\/"},{"@type":"ListItem","position":2,"name":"Boutique","item":"https:\/\/www.voustenjeans.com\/fr\/shop\/"},{"@type":"ListItem","position":3,"name":"Jacob Coh\u00ebn J688 (Bard) LIMITED Rolex 3619 200D (41192)"}]},{"@type":"WebSite","@id":"https:\/\/www.voustenjeans.com\/en\/#website","url":"https:\/\/www.voustenjeans.com\/en\/","name":"Vousten Jeans","description":"","potentialAction":[{"@type":"SearchAction","target":{"@type":"EntryPoint","urlTemplate":"https:\/\/www.voustenjeans.com\/en\/?s={search_term_string}"},"query-input":"required name=search_term_string"}],"inLanguage":"fr-FR"}]}},"_links":{"self":[{"href":"https:\/\/www.voustenjeans.com\/fr\/wp-json\/wp\/v2\/product\/307268"}],"collection":[{"href":"https:\/\/www.voustenjeans.com\/fr\/wp-json\/wp\/v2\/product"}],"about":[{"href":"https:\/\/www.voustenjeans.com\/fr\/wp-json\/wp\/v2\/types\/product"}],"replies":[{"embeddable":true,"href":"https:\/\/www.voustenjeans.com\/fr\/wp-json\/wp\/v2\/comments?post=307268"}],"wp:featuredmedia":[{"embeddable":true,"href":"https:\/\/www.voustenjeans.com\/fr\/wp-json\/wp\/v2\/media\/307221"}],"wp:attachment":[{"href":"https:\/\/www.voustenjeans.com\/fr\/wp-json\/wp\/v2\/media?parent=307268"}],"wp:term":[{"taxonomy":"product_cat","embeddable":true,"href":"https:\/\/www.voustenjeans.com\/fr\/wp-json\/wp\/v2\/product_cat?post=307268"},{"taxonomy":"product_tag","embeddable":true,"href":"https:\/\/www.voustenjeans.com\/fr\/wp-json\/wp\/v2\/product_tag?post=307268"}],"curies":[{"name":"wp","href":"https:\/\/api.w.org\/{rel}","templated":true}]}}