{"id":306993,"date":"2025-07-26T20:52:55","date_gmt":"2025-07-26T18:52:55","guid":{"rendered":"https:\/\/www.voustenjeans.com\/jacob-cohen-bobby-3756-x98-40426-2\/"},"modified":"2026-02-05T13:51:16","modified_gmt":"2026-02-05T12:51:16","slug":"jacob-cohen-bobby-3756-x98-40426-2","status":"publish","type":"product","link":"https:\/\/www.voustenjeans.com\/fr\/jacob-cohen-bobby-3756-x98-40426-2\/","title":{"rendered":"Jacob Cohen Bobby 3756 X98 (40426)"},"content":{"rendered":"<p>Ce sont des pantalons semi-d\u00e9contract\u00e9s, en coton confortable.<\/p>\n<ul>\n<li>Pantalon chino stretch<\/li>\n<li>Coupe ajust\u00e9e<\/li>\n<li>Hauteur de taille normale<\/li>\n<li>Fermeture \u00e9clair<\/li>\n<li>Equip\u00e9 d&rsquo;un patch bleu fonc\u00e9<\/li>\n<li>Passants de ceinture<\/li>\n<li>Poches lat\u00e9rales<\/li>\n<li>Pochette pour billets<\/li>\n<li>Poches arri\u00e8re passepoil\u00e9es<\/li>\n<li>Mati\u00e8re : 55% coton, 42% lyocell, 3% \u00e9lasthanne<\/li>\n<li>Longueur de base standard<\/li>\n<\/ul>\n<p>Ce chino Jacob Cohen est fabriqu\u00e9 \u00e0 la main en V\u00e9n\u00e9tie, dans le nord-est de l&rsquo;Italie.<\/p>\n<p>\u00a0<\/p>\n<p>\u00a0<\/p>\n","protected":false},"excerpt":{"rendered":"<p>Ce sont des pantalons semi-d\u00e9contract\u00e9s, en coton confortable. Pantalon chino stretch Coupe ajust\u00e9e Hauteur de taille normale Fermeture \u00e9clair Equip\u00e9 d&rsquo;un patch bleu fonc\u00e9 Passants de ceinture Poches lat\u00e9rales Pochette pour billets Poches arri\u00e8re passepoil\u00e9es Mati\u00e8re : 55% coton, 42% lyocell, 3% \u00e9lasthanne Longueur de base standard Ce chino Jacob Cohen est fabriqu\u00e9 \u00e0 la [&#8230;]\n","protected":false},"featured_media":307037,"comment_status":"open","ping_status":"closed","template":"","meta":[],"product_cat":[1136,1452,1580,1642,1650,1663],"product_tag":[],"acf":[],"yoast_head":"<!-- This site is optimized with the Yoast SEO plugin v22.3 - https:\/\/yoast.com\/wordpress\/plugins\/seo\/ -->\n<title>Jacob Cohen Bobby 3756 X98 (40426) - Vousten Jeans<\/title>\n<meta name=\"robots\" content=\"index, follow, max-snippet:-1, max-image-preview:large, max-video-preview:-1\" \/>\n<link rel=\"canonical\" href=\"https:\/\/www.voustenjeans.com\/fr\/jacob-cohen-bobby-3756-x98-40426-2\/\" \/>\n<meta property=\"og:locale\" content=\"fr_FR\" \/>\n<meta property=\"og:type\" content=\"article\" \/>\n<meta property=\"og:title\" content=\"Jacob Cohen Bobby 3756 X98 (40426) - Vousten Jeans\" \/>\n<meta property=\"og:description\" content=\"Ce sont des pantalons semi-d\u00e9contract\u00e9s, en coton confortable. Pantalon chino stretch Coupe ajust\u00e9e Hauteur de taille normale Fermeture \u00e9clair Equip\u00e9 d&rsquo;un patch bleu fonc\u00e9 Passants de ceinture Poches lat\u00e9rales Pochette pour billets Poches arri\u00e8re passepoil\u00e9es Mati\u00e8re : 55% coton, 42% lyocell, 3% \u00e9lasthanne Longueur de base standard Ce chino Jacob Cohen est fabriqu\u00e9 \u00e0 la [...]\" \/>\n<meta property=\"og:url\" content=\"https:\/\/www.voustenjeans.com\/fr\/jacob-cohen-bobby-3756-x98-40426-2\/\" \/>\n<meta property=\"og:site_name\" content=\"Vousten Jeans\" \/>\n<meta property=\"article:modified_time\" content=\"2026-02-05T12:51:16+00:00\" \/>\n<meta property=\"og:image\" content=\"https:\/\/www.voustenjeans.com\/wp-content\/uploads\/2023\/06\/40426.png\" \/>\n\t<meta property=\"og:image:width\" content=\"885\" \/>\n\t<meta property=\"og:image:height\" content=\"2048\" \/>\n\t<meta property=\"og:image:type\" content=\"image\/png\" \/>\n<meta name=\"twitter:card\" content=\"summary_large_image\" \/>\n<script type=\"application\/ld+json\" class=\"yoast-schema-graph\">{\"@context\":\"https:\/\/schema.org\",\"@graph\":[{\"@type\":\"WebPage\",\"@id\":\"https:\/\/www.voustenjeans.com\/fr\/jacob-cohen-bobby-3756-x98-40426-2\/\",\"url\":\"https:\/\/www.voustenjeans.com\/fr\/jacob-cohen-bobby-3756-x98-40426-2\/\",\"name\":\"Jacob Cohen Bobby 3756 X98 (40426) - Vousten Jeans\",\"isPartOf\":{\"@id\":\"https:\/\/www.voustenjeans.com\/en\/#website\"},\"primaryImageOfPage\":{\"@id\":\"https:\/\/www.voustenjeans.com\/fr\/jacob-cohen-bobby-3756-x98-40426-2\/#primaryimage\"},\"image\":{\"@id\":\"https:\/\/www.voustenjeans.com\/fr\/jacob-cohen-bobby-3756-x98-40426-2\/#primaryimage\"},\"thumbnailUrl\":\"https:\/\/www.voustenjeans.com\/wp-content\/uploads\/2023\/06\/40426.png\",\"datePublished\":\"2025-07-26T18:52:55+00:00\",\"dateModified\":\"2026-02-05T12:51:16+00:00\",\"breadcrumb\":{\"@id\":\"https:\/\/www.voustenjeans.com\/fr\/jacob-cohen-bobby-3756-x98-40426-2\/#breadcrumb\"},\"inLanguage\":\"fr-FR\",\"potentialAction\":[{\"@type\":\"ReadAction\",\"target\":[\"https:\/\/www.voustenjeans.com\/fr\/jacob-cohen-bobby-3756-x98-40426-2\/\"]}]},{\"@type\":\"ImageObject\",\"inLanguage\":\"fr-FR\",\"@id\":\"https:\/\/www.voustenjeans.com\/fr\/jacob-cohen-bobby-3756-x98-40426-2\/#primaryimage\",\"url\":\"https:\/\/www.voustenjeans.com\/wp-content\/uploads\/2023\/06\/40426.png\",\"contentUrl\":\"https:\/\/www.voustenjeans.com\/wp-content\/uploads\/2023\/06\/40426.png\",\"width\":885,\"height\":2048},{\"@type\":\"BreadcrumbList\",\"@id\":\"https:\/\/www.voustenjeans.com\/fr\/jacob-cohen-bobby-3756-x98-40426-2\/#breadcrumb\",\"itemListElement\":[{\"@type\":\"ListItem\",\"position\":1,\"name\":\"Home\",\"item\":\"https:\/\/www.voustenjeans.com\/fr\/\"},{\"@type\":\"ListItem\",\"position\":2,\"name\":\"Boutique\",\"item\":\"https:\/\/www.voustenjeans.com\/fr\/shop\/\"},{\"@type\":\"ListItem\",\"position\":3,\"name\":\"Jacob Cohen Bobby 3756 X98 (40426)\"}]},{\"@type\":\"WebSite\",\"@id\":\"https:\/\/www.voustenjeans.com\/en\/#website\",\"url\":\"https:\/\/www.voustenjeans.com\/en\/\",\"name\":\"Vousten Jeans\",\"description\":\"\",\"potentialAction\":[{\"@type\":\"SearchAction\",\"target\":{\"@type\":\"EntryPoint\",\"urlTemplate\":\"https:\/\/www.voustenjeans.com\/en\/?s={search_term_string}\"},\"query-input\":\"required name=search_term_string\"}],\"inLanguage\":\"fr-FR\"}]}<\/script>\n<!-- \/ Yoast SEO plugin. -->","yoast_head_json":{"title":"Jacob Cohen Bobby 3756 X98 (40426) - Vousten Jeans","robots":{"index":"index","follow":"follow","max-snippet":"max-snippet:-1","max-image-preview":"max-image-preview:large","max-video-preview":"max-video-preview:-1"},"canonical":"https:\/\/www.voustenjeans.com\/fr\/jacob-cohen-bobby-3756-x98-40426-2\/","og_locale":"fr_FR","og_type":"article","og_title":"Jacob Cohen Bobby 3756 X98 (40426) - Vousten Jeans","og_description":"Ce sont des pantalons semi-d\u00e9contract\u00e9s, en coton confortable. Pantalon chino stretch Coupe ajust\u00e9e Hauteur de taille normale Fermeture \u00e9clair Equip\u00e9 d&rsquo;un patch bleu fonc\u00e9 Passants de ceinture Poches lat\u00e9rales Pochette pour billets Poches arri\u00e8re passepoil\u00e9es Mati\u00e8re : 55% coton, 42% lyocell, 3% \u00e9lasthanne Longueur de base standard Ce chino Jacob Cohen est fabriqu\u00e9 \u00e0 la [...]","og_url":"https:\/\/www.voustenjeans.com\/fr\/jacob-cohen-bobby-3756-x98-40426-2\/","og_site_name":"Vousten Jeans","article_modified_time":"2026-02-05T12:51:16+00:00","og_image":[{"width":885,"height":2048,"url":"https:\/\/www.voustenjeans.com\/wp-content\/uploads\/2023\/06\/40426.png","type":"image\/png"}],"twitter_card":"summary_large_image","schema":{"@context":"https:\/\/schema.org","@graph":[{"@type":"WebPage","@id":"https:\/\/www.voustenjeans.com\/fr\/jacob-cohen-bobby-3756-x98-40426-2\/","url":"https:\/\/www.voustenjeans.com\/fr\/jacob-cohen-bobby-3756-x98-40426-2\/","name":"Jacob Cohen Bobby 3756 X98 (40426) - Vousten Jeans","isPartOf":{"@id":"https:\/\/www.voustenjeans.com\/en\/#website"},"primaryImageOfPage":{"@id":"https:\/\/www.voustenjeans.com\/fr\/jacob-cohen-bobby-3756-x98-40426-2\/#primaryimage"},"image":{"@id":"https:\/\/www.voustenjeans.com\/fr\/jacob-cohen-bobby-3756-x98-40426-2\/#primaryimage"},"thumbnailUrl":"https:\/\/www.voustenjeans.com\/wp-content\/uploads\/2023\/06\/40426.png","datePublished":"2025-07-26T18:52:55+00:00","dateModified":"2026-02-05T12:51:16+00:00","breadcrumb":{"@id":"https:\/\/www.voustenjeans.com\/fr\/jacob-cohen-bobby-3756-x98-40426-2\/#breadcrumb"},"inLanguage":"fr-FR","potentialAction":[{"@type":"ReadAction","target":["https:\/\/www.voustenjeans.com\/fr\/jacob-cohen-bobby-3756-x98-40426-2\/"]}]},{"@type":"ImageObject","inLanguage":"fr-FR","@id":"https:\/\/www.voustenjeans.com\/fr\/jacob-cohen-bobby-3756-x98-40426-2\/#primaryimage","url":"https:\/\/www.voustenjeans.com\/wp-content\/uploads\/2023\/06\/40426.png","contentUrl":"https:\/\/www.voustenjeans.com\/wp-content\/uploads\/2023\/06\/40426.png","width":885,"height":2048},{"@type":"BreadcrumbList","@id":"https:\/\/www.voustenjeans.com\/fr\/jacob-cohen-bobby-3756-x98-40426-2\/#breadcrumb","itemListElement":[{"@type":"ListItem","position":1,"name":"Home","item":"https:\/\/www.voustenjeans.com\/fr\/"},{"@type":"ListItem","position":2,"name":"Boutique","item":"https:\/\/www.voustenjeans.com\/fr\/shop\/"},{"@type":"ListItem","position":3,"name":"Jacob Cohen Bobby 3756 X98 (40426)"}]},{"@type":"WebSite","@id":"https:\/\/www.voustenjeans.com\/en\/#website","url":"https:\/\/www.voustenjeans.com\/en\/","name":"Vousten Jeans","description":"","potentialAction":[{"@type":"SearchAction","target":{"@type":"EntryPoint","urlTemplate":"https:\/\/www.voustenjeans.com\/en\/?s={search_term_string}"},"query-input":"required name=search_term_string"}],"inLanguage":"fr-FR"}]}},"_links":{"self":[{"href":"https:\/\/www.voustenjeans.com\/fr\/wp-json\/wp\/v2\/product\/306993"}],"collection":[{"href":"https:\/\/www.voustenjeans.com\/fr\/wp-json\/wp\/v2\/product"}],"about":[{"href":"https:\/\/www.voustenjeans.com\/fr\/wp-json\/wp\/v2\/types\/product"}],"replies":[{"embeddable":true,"href":"https:\/\/www.voustenjeans.com\/fr\/wp-json\/wp\/v2\/comments?post=306993"}],"wp:featuredmedia":[{"embeddable":true,"href":"https:\/\/www.voustenjeans.com\/fr\/wp-json\/wp\/v2\/media\/307037"}],"wp:attachment":[{"href":"https:\/\/www.voustenjeans.com\/fr\/wp-json\/wp\/v2\/media?parent=306993"}],"wp:term":[{"taxonomy":"product_cat","embeddable":true,"href":"https:\/\/www.voustenjeans.com\/fr\/wp-json\/wp\/v2\/product_cat?post=306993"},{"taxonomy":"product_tag","embeddable":true,"href":"https:\/\/www.voustenjeans.com\/fr\/wp-json\/wp\/v2\/product_tag?post=306993"}],"curies":[{"name":"wp","href":"https:\/\/api.w.org\/{rel}","templated":true}]}}