{"id":305331,"date":"2025-06-09T16:38:39","date_gmt":"2025-06-09T14:38:39","guid":{"rendered":"https:\/\/www.voustenjeans.com\/jacob-cohen-andrea-38485-2\/"},"modified":"2025-10-04T23:42:11","modified_gmt":"2025-10-04T21:42:11","slug":"jacob-cohen-andrea-38485-2","status":"publish","type":"product","link":"https:\/\/www.voustenjeans.com\/fr\/jacob-cohen-andrea-38485-2\/","title":{"rendered":"Jacob Cohen Andrea (38485)"},"content":{"rendered":"<p>D\u00c9TAILS<\/p>\n<ul>\n<li>Pantalon d\u00e9contract\u00e9 Andrea<\/li>\n<li>denim de coton confort bleu clair<\/li>\n<li>Passants de ceinture<\/li>\n<li>jambe large<\/li>\n<li>Pli de jambe repass\u00e9<\/li>\n<li>Poches en biais sur les c\u00f4t\u00e9s<\/li>\n<li>Une poche arri\u00e8re passepoil\u00e9e<\/li>\n<li>Fermeture boutonn\u00e9e et zipp\u00e9e<\/li>\n<li>Bouton logo de forme sp\u00e9ciale et finition argent\u00e9e<\/li>\n<li>Brod\u00e9 du nom du style et de la citation du fondateur sur la patte int\u00e9rieure<\/li>\n<li>patch blanc au dos avec logo en m\u00e9tal<\/li>\n<li>Parfum\u00e9 avec le parfum signature Jacob Coh\u00ebn<\/li>\n<\/ul>\n<p>FABRIQU\u00c9 EN ITALIE<\/p>\n<p>Composition:<br \/>\n100% Coton<\/p>\n<p>\u00a0<\/p>\n","protected":false},"excerpt":{"rendered":"<p>D\u00c9TAILS Pantalon d\u00e9contract\u00e9 Andrea denim de coton confort bleu clair Passants de ceinture jambe large Pli de jambe repass\u00e9 Poches en biais sur les c\u00f4t\u00e9s Une poche arri\u00e8re passepoil\u00e9e Fermeture boutonn\u00e9e et zipp\u00e9e Bouton logo de forme sp\u00e9ciale et finition argent\u00e9e Brod\u00e9 du nom du style et de la citation du fondateur sur la patte [&#8230;]\n","protected":false},"featured_media":305293,"comment_status":"open","ping_status":"closed","template":"","meta":[],"product_cat":[1580,1642,1650,1136,1460,1476],"product_tag":[],"acf":[],"yoast_head":"<!-- This site is optimized with the Yoast SEO plugin v22.3 - https:\/\/yoast.com\/wordpress\/plugins\/seo\/ -->\n<title>Jacob Cohen Andrea (38485) - Vousten Jeans<\/title>\n<meta name=\"robots\" content=\"index, follow, max-snippet:-1, max-image-preview:large, max-video-preview:-1\" \/>\n<link rel=\"canonical\" href=\"https:\/\/www.voustenjeans.com\/fr\/jacob-cohen-andrea-38485-2\/\" \/>\n<meta property=\"og:locale\" content=\"fr_FR\" \/>\n<meta property=\"og:type\" content=\"article\" \/>\n<meta property=\"og:title\" content=\"Jacob Cohen Andrea (38485) - Vousten Jeans\" \/>\n<meta property=\"og:description\" content=\"D\u00c9TAILS Pantalon d\u00e9contract\u00e9 Andrea denim de coton confort bleu clair Passants de ceinture jambe large Pli de jambe repass\u00e9 Poches en biais sur les c\u00f4t\u00e9s Une poche arri\u00e8re passepoil\u00e9e Fermeture boutonn\u00e9e et zipp\u00e9e Bouton logo de forme sp\u00e9ciale et finition argent\u00e9e Brod\u00e9 du nom du style et de la citation du fondateur sur la patte [...]\" \/>\n<meta property=\"og:url\" content=\"https:\/\/www.voustenjeans.com\/fr\/jacob-cohen-andrea-38485-2\/\" \/>\n<meta property=\"og:site_name\" content=\"Vousten Jeans\" \/>\n<meta property=\"article:modified_time\" content=\"2025-10-04T21:42:11+00:00\" \/>\n<meta property=\"og:image\" content=\"https:\/\/www.voustenjeans.com\/wp-content\/uploads\/2023\/06\/jacob_cohen_andrea_38485_1.jpg\" \/>\n\t<meta property=\"og:image:width\" content=\"1365\" \/>\n\t<meta property=\"og:image:height\" content=\"2048\" \/>\n\t<meta property=\"og:image:type\" content=\"image\/jpeg\" \/>\n<meta name=\"twitter:card\" content=\"summary_large_image\" \/>\n<script type=\"application\/ld+json\" class=\"yoast-schema-graph\">{\"@context\":\"https:\/\/schema.org\",\"@graph\":[{\"@type\":\"WebPage\",\"@id\":\"https:\/\/www.voustenjeans.com\/fr\/jacob-cohen-andrea-38485-2\/\",\"url\":\"https:\/\/www.voustenjeans.com\/fr\/jacob-cohen-andrea-38485-2\/\",\"name\":\"Jacob Cohen Andrea (38485) - Vousten Jeans\",\"isPartOf\":{\"@id\":\"https:\/\/www.voustenjeans.com\/en\/#website\"},\"primaryImageOfPage\":{\"@id\":\"https:\/\/www.voustenjeans.com\/fr\/jacob-cohen-andrea-38485-2\/#primaryimage\"},\"image\":{\"@id\":\"https:\/\/www.voustenjeans.com\/fr\/jacob-cohen-andrea-38485-2\/#primaryimage\"},\"thumbnailUrl\":\"https:\/\/www.voustenjeans.com\/wp-content\/uploads\/2023\/06\/jacob_cohen_andrea_38485_1.jpg\",\"datePublished\":\"2025-06-09T14:38:39+00:00\",\"dateModified\":\"2025-10-04T21:42:11+00:00\",\"breadcrumb\":{\"@id\":\"https:\/\/www.voustenjeans.com\/fr\/jacob-cohen-andrea-38485-2\/#breadcrumb\"},\"inLanguage\":\"fr-FR\",\"potentialAction\":[{\"@type\":\"ReadAction\",\"target\":[\"https:\/\/www.voustenjeans.com\/fr\/jacob-cohen-andrea-38485-2\/\"]}]},{\"@type\":\"ImageObject\",\"inLanguage\":\"fr-FR\",\"@id\":\"https:\/\/www.voustenjeans.com\/fr\/jacob-cohen-andrea-38485-2\/#primaryimage\",\"url\":\"https:\/\/www.voustenjeans.com\/wp-content\/uploads\/2023\/06\/jacob_cohen_andrea_38485_1.jpg\",\"contentUrl\":\"https:\/\/www.voustenjeans.com\/wp-content\/uploads\/2023\/06\/jacob_cohen_andrea_38485_1.jpg\",\"width\":1365,\"height\":2048},{\"@type\":\"BreadcrumbList\",\"@id\":\"https:\/\/www.voustenjeans.com\/fr\/jacob-cohen-andrea-38485-2\/#breadcrumb\",\"itemListElement\":[{\"@type\":\"ListItem\",\"position\":1,\"name\":\"Home\",\"item\":\"https:\/\/www.voustenjeans.com\/fr\/\"},{\"@type\":\"ListItem\",\"position\":2,\"name\":\"Boutique\",\"item\":\"https:\/\/www.voustenjeans.com\/fr\/shop\/\"},{\"@type\":\"ListItem\",\"position\":3,\"name\":\"Jacob Cohen Andrea (38485)\"}]},{\"@type\":\"WebSite\",\"@id\":\"https:\/\/www.voustenjeans.com\/en\/#website\",\"url\":\"https:\/\/www.voustenjeans.com\/en\/\",\"name\":\"Vousten Jeans\",\"description\":\"\",\"potentialAction\":[{\"@type\":\"SearchAction\",\"target\":{\"@type\":\"EntryPoint\",\"urlTemplate\":\"https:\/\/www.voustenjeans.com\/en\/?s={search_term_string}\"},\"query-input\":\"required name=search_term_string\"}],\"inLanguage\":\"fr-FR\"}]}<\/script>\n<!-- \/ Yoast SEO plugin. -->","yoast_head_json":{"title":"Jacob Cohen Andrea (38485) - Vousten Jeans","robots":{"index":"index","follow":"follow","max-snippet":"max-snippet:-1","max-image-preview":"max-image-preview:large","max-video-preview":"max-video-preview:-1"},"canonical":"https:\/\/www.voustenjeans.com\/fr\/jacob-cohen-andrea-38485-2\/","og_locale":"fr_FR","og_type":"article","og_title":"Jacob Cohen Andrea (38485) - Vousten Jeans","og_description":"D\u00c9TAILS Pantalon d\u00e9contract\u00e9 Andrea denim de coton confort bleu clair Passants de ceinture jambe large Pli de jambe repass\u00e9 Poches en biais sur les c\u00f4t\u00e9s Une poche arri\u00e8re passepoil\u00e9e Fermeture boutonn\u00e9e et zipp\u00e9e Bouton logo de forme sp\u00e9ciale et finition argent\u00e9e Brod\u00e9 du nom du style et de la citation du fondateur sur la patte [...]","og_url":"https:\/\/www.voustenjeans.com\/fr\/jacob-cohen-andrea-38485-2\/","og_site_name":"Vousten Jeans","article_modified_time":"2025-10-04T21:42:11+00:00","og_image":[{"width":1365,"height":2048,"url":"https:\/\/www.voustenjeans.com\/wp-content\/uploads\/2023\/06\/jacob_cohen_andrea_38485_1.jpg","type":"image\/jpeg"}],"twitter_card":"summary_large_image","schema":{"@context":"https:\/\/schema.org","@graph":[{"@type":"WebPage","@id":"https:\/\/www.voustenjeans.com\/fr\/jacob-cohen-andrea-38485-2\/","url":"https:\/\/www.voustenjeans.com\/fr\/jacob-cohen-andrea-38485-2\/","name":"Jacob Cohen Andrea (38485) - Vousten Jeans","isPartOf":{"@id":"https:\/\/www.voustenjeans.com\/en\/#website"},"primaryImageOfPage":{"@id":"https:\/\/www.voustenjeans.com\/fr\/jacob-cohen-andrea-38485-2\/#primaryimage"},"image":{"@id":"https:\/\/www.voustenjeans.com\/fr\/jacob-cohen-andrea-38485-2\/#primaryimage"},"thumbnailUrl":"https:\/\/www.voustenjeans.com\/wp-content\/uploads\/2023\/06\/jacob_cohen_andrea_38485_1.jpg","datePublished":"2025-06-09T14:38:39+00:00","dateModified":"2025-10-04T21:42:11+00:00","breadcrumb":{"@id":"https:\/\/www.voustenjeans.com\/fr\/jacob-cohen-andrea-38485-2\/#breadcrumb"},"inLanguage":"fr-FR","potentialAction":[{"@type":"ReadAction","target":["https:\/\/www.voustenjeans.com\/fr\/jacob-cohen-andrea-38485-2\/"]}]},{"@type":"ImageObject","inLanguage":"fr-FR","@id":"https:\/\/www.voustenjeans.com\/fr\/jacob-cohen-andrea-38485-2\/#primaryimage","url":"https:\/\/www.voustenjeans.com\/wp-content\/uploads\/2023\/06\/jacob_cohen_andrea_38485_1.jpg","contentUrl":"https:\/\/www.voustenjeans.com\/wp-content\/uploads\/2023\/06\/jacob_cohen_andrea_38485_1.jpg","width":1365,"height":2048},{"@type":"BreadcrumbList","@id":"https:\/\/www.voustenjeans.com\/fr\/jacob-cohen-andrea-38485-2\/#breadcrumb","itemListElement":[{"@type":"ListItem","position":1,"name":"Home","item":"https:\/\/www.voustenjeans.com\/fr\/"},{"@type":"ListItem","position":2,"name":"Boutique","item":"https:\/\/www.voustenjeans.com\/fr\/shop\/"},{"@type":"ListItem","position":3,"name":"Jacob Cohen Andrea (38485)"}]},{"@type":"WebSite","@id":"https:\/\/www.voustenjeans.com\/en\/#website","url":"https:\/\/www.voustenjeans.com\/en\/","name":"Vousten Jeans","description":"","potentialAction":[{"@type":"SearchAction","target":{"@type":"EntryPoint","urlTemplate":"https:\/\/www.voustenjeans.com\/en\/?s={search_term_string}"},"query-input":"required name=search_term_string"}],"inLanguage":"fr-FR"}]}},"_links":{"self":[{"href":"https:\/\/www.voustenjeans.com\/fr\/wp-json\/wp\/v2\/product\/305331"}],"collection":[{"href":"https:\/\/www.voustenjeans.com\/fr\/wp-json\/wp\/v2\/product"}],"about":[{"href":"https:\/\/www.voustenjeans.com\/fr\/wp-json\/wp\/v2\/types\/product"}],"replies":[{"embeddable":true,"href":"https:\/\/www.voustenjeans.com\/fr\/wp-json\/wp\/v2\/comments?post=305331"}],"wp:featuredmedia":[{"embeddable":true,"href":"https:\/\/www.voustenjeans.com\/fr\/wp-json\/wp\/v2\/media\/305293"}],"wp:attachment":[{"href":"https:\/\/www.voustenjeans.com\/fr\/wp-json\/wp\/v2\/media?parent=305331"}],"wp:term":[{"taxonomy":"product_cat","embeddable":true,"href":"https:\/\/www.voustenjeans.com\/fr\/wp-json\/wp\/v2\/product_cat?post=305331"},{"taxonomy":"product_tag","embeddable":true,"href":"https:\/\/www.voustenjeans.com\/fr\/wp-json\/wp\/v2\/product_tag?post=305331"}],"curies":[{"name":"wp","href":"https:\/\/api.w.org\/{rel}","templated":true}]}}