{"id":305187,"date":"2025-06-09T16:37:54","date_gmt":"2025-06-09T14:37:54","guid":{"rendered":"https:\/\/www.voustenjeans.com\/jacob-cohen-light-blue-sleeveless-poplin-shirt-38483-2\/"},"modified":"2026-02-05T13:44:53","modified_gmt":"2026-02-05T12:44:53","slug":"jacob-cohen-light-blue-sleeveless-poplin-shirt-38483-2","status":"publish","type":"product","link":"https:\/\/www.voustenjeans.com\/fr\/jacob-cohen-light-blue-sleeveless-poplin-shirt-38483-2\/","title":{"rendered":"jacob cohen LIGHT BLUE SLEEVELESS POPLIN SHIRT (38483)"},"content":{"rendered":"<p>D\u00c9TAILS<\/p>\n<ul>\n<li>Chemise sans manches coupe classique<\/li>\n<li>Popeline de coton stretch bleu clair<\/li>\n<li>Col chemise classique<\/li>\n<li>Poche poitrine<\/li>\n<li>Empi\u00e8cement dos droit<\/li>\n<li>Fl\u00e9chettes arri\u00e8re<\/li>\n<li>Fermeture boutonn\u00e9e en nacre sur le devant<\/li>\n<li>Logo JC brod\u00e9 sur le c\u00f4t\u00e9<\/li>\n<\/ul>\n<p>FABRIQU\u00c9 EN ITALIE<\/p>\n<p>Composition:<br \/>\n79% coton, 17% polyamide, 4% \u00e9lasthanne<\/p>\n","protected":false},"excerpt":{"rendered":"<p>D\u00c9TAILS Chemise sans manches coupe classique Popeline de coton stretch bleu clair Col chemise classique Poche poitrine Empi\u00e8cement dos droit Fl\u00e9chettes arri\u00e8re Fermeture boutonn\u00e9e en nacre sur le devant Logo JC brod\u00e9 sur le c\u00f4t\u00e9 FABRIQU\u00c9 EN ITALIE Composition: 79% coton, 17% polyamide, 4% \u00e9lasthanne<\/p>\n","protected":false},"featured_media":305141,"comment_status":"open","ping_status":"closed","template":"","meta":[],"product_cat":[1460,1476,1580,1642,1650],"product_tag":[],"acf":[],"yoast_head":"<!-- This site is optimized with the Yoast SEO plugin v22.3 - https:\/\/yoast.com\/wordpress\/plugins\/seo\/ -->\n<title>jacob cohen LIGHT BLUE SLEEVELESS POPLIN SHIRT (38483) - Vousten Jeans<\/title>\n<meta name=\"robots\" content=\"index, follow, max-snippet:-1, max-image-preview:large, max-video-preview:-1\" \/>\n<link rel=\"canonical\" href=\"https:\/\/www.voustenjeans.com\/fr\/jacob-cohen-light-blue-sleeveless-poplin-shirt-38483-2\/\" \/>\n<meta property=\"og:locale\" content=\"fr_FR\" \/>\n<meta property=\"og:type\" content=\"article\" \/>\n<meta property=\"og:title\" content=\"jacob cohen LIGHT BLUE SLEEVELESS POPLIN SHIRT (38483) - Vousten Jeans\" \/>\n<meta property=\"og:description\" content=\"D\u00c9TAILS Chemise sans manches coupe classique Popeline de coton stretch bleu clair Col chemise classique Poche poitrine Empi\u00e8cement dos droit Fl\u00e9chettes arri\u00e8re Fermeture boutonn\u00e9e en nacre sur le devant Logo JC brod\u00e9 sur le c\u00f4t\u00e9 FABRIQU\u00c9 EN ITALIE Composition: 79% coton, 17% polyamide, 4% \u00e9lasthanne\" \/>\n<meta property=\"og:url\" content=\"https:\/\/www.voustenjeans.com\/fr\/jacob-cohen-light-blue-sleeveless-poplin-shirt-38483-2\/\" \/>\n<meta property=\"og:site_name\" content=\"Vousten Jeans\" \/>\n<meta property=\"article:modified_time\" content=\"2026-02-05T12:44:53+00:00\" \/>\n<meta property=\"og:image\" content=\"https:\/\/www.voustenjeans.com\/wp-content\/uploads\/2023\/06\/jacob_cohen_light_blue_sleeveless_poplin_shirt_38483_1.jpg\" \/>\n\t<meta property=\"og:image:width\" content=\"1365\" \/>\n\t<meta property=\"og:image:height\" content=\"2048\" \/>\n\t<meta property=\"og:image:type\" content=\"image\/jpeg\" \/>\n<meta name=\"twitter:card\" content=\"summary_large_image\" \/>\n<script type=\"application\/ld+json\" class=\"yoast-schema-graph\">{\"@context\":\"https:\/\/schema.org\",\"@graph\":[{\"@type\":\"WebPage\",\"@id\":\"https:\/\/www.voustenjeans.com\/fr\/jacob-cohen-light-blue-sleeveless-poplin-shirt-38483-2\/\",\"url\":\"https:\/\/www.voustenjeans.com\/fr\/jacob-cohen-light-blue-sleeveless-poplin-shirt-38483-2\/\",\"name\":\"jacob cohen LIGHT BLUE SLEEVELESS POPLIN SHIRT (38483) - Vousten Jeans\",\"isPartOf\":{\"@id\":\"https:\/\/www.voustenjeans.com\/en\/#website\"},\"primaryImageOfPage\":{\"@id\":\"https:\/\/www.voustenjeans.com\/fr\/jacob-cohen-light-blue-sleeveless-poplin-shirt-38483-2\/#primaryimage\"},\"image\":{\"@id\":\"https:\/\/www.voustenjeans.com\/fr\/jacob-cohen-light-blue-sleeveless-poplin-shirt-38483-2\/#primaryimage\"},\"thumbnailUrl\":\"https:\/\/www.voustenjeans.com\/wp-content\/uploads\/2023\/06\/jacob_cohen_light_blue_sleeveless_poplin_shirt_38483_1.jpg\",\"datePublished\":\"2025-06-09T14:37:54+00:00\",\"dateModified\":\"2026-02-05T12:44:53+00:00\",\"breadcrumb\":{\"@id\":\"https:\/\/www.voustenjeans.com\/fr\/jacob-cohen-light-blue-sleeveless-poplin-shirt-38483-2\/#breadcrumb\"},\"inLanguage\":\"fr-FR\",\"potentialAction\":[{\"@type\":\"ReadAction\",\"target\":[\"https:\/\/www.voustenjeans.com\/fr\/jacob-cohen-light-blue-sleeveless-poplin-shirt-38483-2\/\"]}]},{\"@type\":\"ImageObject\",\"inLanguage\":\"fr-FR\",\"@id\":\"https:\/\/www.voustenjeans.com\/fr\/jacob-cohen-light-blue-sleeveless-poplin-shirt-38483-2\/#primaryimage\",\"url\":\"https:\/\/www.voustenjeans.com\/wp-content\/uploads\/2023\/06\/jacob_cohen_light_blue_sleeveless_poplin_shirt_38483_1.jpg\",\"contentUrl\":\"https:\/\/www.voustenjeans.com\/wp-content\/uploads\/2023\/06\/jacob_cohen_light_blue_sleeveless_poplin_shirt_38483_1.jpg\",\"width\":1365,\"height\":2048},{\"@type\":\"BreadcrumbList\",\"@id\":\"https:\/\/www.voustenjeans.com\/fr\/jacob-cohen-light-blue-sleeveless-poplin-shirt-38483-2\/#breadcrumb\",\"itemListElement\":[{\"@type\":\"ListItem\",\"position\":1,\"name\":\"Home\",\"item\":\"https:\/\/www.voustenjeans.com\/fr\/\"},{\"@type\":\"ListItem\",\"position\":2,\"name\":\"Boutique\",\"item\":\"https:\/\/www.voustenjeans.com\/fr\/shop\/\"},{\"@type\":\"ListItem\",\"position\":3,\"name\":\"jacob cohen LIGHT BLUE SLEEVELESS POPLIN SHIRT (38483)\"}]},{\"@type\":\"WebSite\",\"@id\":\"https:\/\/www.voustenjeans.com\/en\/#website\",\"url\":\"https:\/\/www.voustenjeans.com\/en\/\",\"name\":\"Vousten Jeans\",\"description\":\"\",\"potentialAction\":[{\"@type\":\"SearchAction\",\"target\":{\"@type\":\"EntryPoint\",\"urlTemplate\":\"https:\/\/www.voustenjeans.com\/en\/?s={search_term_string}\"},\"query-input\":\"required name=search_term_string\"}],\"inLanguage\":\"fr-FR\"}]}<\/script>\n<!-- \/ Yoast SEO plugin. -->","yoast_head_json":{"title":"jacob cohen LIGHT BLUE SLEEVELESS POPLIN SHIRT (38483) - Vousten Jeans","robots":{"index":"index","follow":"follow","max-snippet":"max-snippet:-1","max-image-preview":"max-image-preview:large","max-video-preview":"max-video-preview:-1"},"canonical":"https:\/\/www.voustenjeans.com\/fr\/jacob-cohen-light-blue-sleeveless-poplin-shirt-38483-2\/","og_locale":"fr_FR","og_type":"article","og_title":"jacob cohen LIGHT BLUE SLEEVELESS POPLIN SHIRT (38483) - Vousten Jeans","og_description":"D\u00c9TAILS Chemise sans manches coupe classique Popeline de coton stretch bleu clair Col chemise classique Poche poitrine Empi\u00e8cement dos droit Fl\u00e9chettes arri\u00e8re Fermeture boutonn\u00e9e en nacre sur le devant Logo JC brod\u00e9 sur le c\u00f4t\u00e9 FABRIQU\u00c9 EN ITALIE Composition: 79% coton, 17% polyamide, 4% \u00e9lasthanne","og_url":"https:\/\/www.voustenjeans.com\/fr\/jacob-cohen-light-blue-sleeveless-poplin-shirt-38483-2\/","og_site_name":"Vousten Jeans","article_modified_time":"2026-02-05T12:44:53+00:00","og_image":[{"width":1365,"height":2048,"url":"https:\/\/www.voustenjeans.com\/wp-content\/uploads\/2023\/06\/jacob_cohen_light_blue_sleeveless_poplin_shirt_38483_1.jpg","type":"image\/jpeg"}],"twitter_card":"summary_large_image","schema":{"@context":"https:\/\/schema.org","@graph":[{"@type":"WebPage","@id":"https:\/\/www.voustenjeans.com\/fr\/jacob-cohen-light-blue-sleeveless-poplin-shirt-38483-2\/","url":"https:\/\/www.voustenjeans.com\/fr\/jacob-cohen-light-blue-sleeveless-poplin-shirt-38483-2\/","name":"jacob cohen LIGHT BLUE SLEEVELESS POPLIN SHIRT (38483) - Vousten Jeans","isPartOf":{"@id":"https:\/\/www.voustenjeans.com\/en\/#website"},"primaryImageOfPage":{"@id":"https:\/\/www.voustenjeans.com\/fr\/jacob-cohen-light-blue-sleeveless-poplin-shirt-38483-2\/#primaryimage"},"image":{"@id":"https:\/\/www.voustenjeans.com\/fr\/jacob-cohen-light-blue-sleeveless-poplin-shirt-38483-2\/#primaryimage"},"thumbnailUrl":"https:\/\/www.voustenjeans.com\/wp-content\/uploads\/2023\/06\/jacob_cohen_light_blue_sleeveless_poplin_shirt_38483_1.jpg","datePublished":"2025-06-09T14:37:54+00:00","dateModified":"2026-02-05T12:44:53+00:00","breadcrumb":{"@id":"https:\/\/www.voustenjeans.com\/fr\/jacob-cohen-light-blue-sleeveless-poplin-shirt-38483-2\/#breadcrumb"},"inLanguage":"fr-FR","potentialAction":[{"@type":"ReadAction","target":["https:\/\/www.voustenjeans.com\/fr\/jacob-cohen-light-blue-sleeveless-poplin-shirt-38483-2\/"]}]},{"@type":"ImageObject","inLanguage":"fr-FR","@id":"https:\/\/www.voustenjeans.com\/fr\/jacob-cohen-light-blue-sleeveless-poplin-shirt-38483-2\/#primaryimage","url":"https:\/\/www.voustenjeans.com\/wp-content\/uploads\/2023\/06\/jacob_cohen_light_blue_sleeveless_poplin_shirt_38483_1.jpg","contentUrl":"https:\/\/www.voustenjeans.com\/wp-content\/uploads\/2023\/06\/jacob_cohen_light_blue_sleeveless_poplin_shirt_38483_1.jpg","width":1365,"height":2048},{"@type":"BreadcrumbList","@id":"https:\/\/www.voustenjeans.com\/fr\/jacob-cohen-light-blue-sleeveless-poplin-shirt-38483-2\/#breadcrumb","itemListElement":[{"@type":"ListItem","position":1,"name":"Home","item":"https:\/\/www.voustenjeans.com\/fr\/"},{"@type":"ListItem","position":2,"name":"Boutique","item":"https:\/\/www.voustenjeans.com\/fr\/shop\/"},{"@type":"ListItem","position":3,"name":"jacob cohen LIGHT BLUE SLEEVELESS POPLIN SHIRT (38483)"}]},{"@type":"WebSite","@id":"https:\/\/www.voustenjeans.com\/en\/#website","url":"https:\/\/www.voustenjeans.com\/en\/","name":"Vousten Jeans","description":"","potentialAction":[{"@type":"SearchAction","target":{"@type":"EntryPoint","urlTemplate":"https:\/\/www.voustenjeans.com\/en\/?s={search_term_string}"},"query-input":"required name=search_term_string"}],"inLanguage":"fr-FR"}]}},"_links":{"self":[{"href":"https:\/\/www.voustenjeans.com\/fr\/wp-json\/wp\/v2\/product\/305187"}],"collection":[{"href":"https:\/\/www.voustenjeans.com\/fr\/wp-json\/wp\/v2\/product"}],"about":[{"href":"https:\/\/www.voustenjeans.com\/fr\/wp-json\/wp\/v2\/types\/product"}],"replies":[{"embeddable":true,"href":"https:\/\/www.voustenjeans.com\/fr\/wp-json\/wp\/v2\/comments?post=305187"}],"wp:featuredmedia":[{"embeddable":true,"href":"https:\/\/www.voustenjeans.com\/fr\/wp-json\/wp\/v2\/media\/305141"}],"wp:attachment":[{"href":"https:\/\/www.voustenjeans.com\/fr\/wp-json\/wp\/v2\/media?parent=305187"}],"wp:term":[{"taxonomy":"product_cat","embeddable":true,"href":"https:\/\/www.voustenjeans.com\/fr\/wp-json\/wp\/v2\/product_cat?post=305187"},{"taxonomy":"product_tag","embeddable":true,"href":"https:\/\/www.voustenjeans.com\/fr\/wp-json\/wp\/v2\/product_tag?post=305187"}],"curies":[{"name":"wp","href":"https:\/\/api.w.org\/{rel}","templated":true}]}}