{"id":303788,"date":"2025-06-04T15:08:25","date_gmt":"2025-06-04T13:08:25","guid":{"rendered":"https:\/\/www.voustenjeans.com\/pull-col-montant-en-laine-beige-37954\/"},"modified":"2026-02-05T13:43:41","modified_gmt":"2026-02-05T12:43:41","slug":"pull-col-montant-en-laine-beige-37954","status":"publish","type":"product","link":"https:\/\/www.voustenjeans.com\/fr\/pull-col-montant-en-laine-beige-37954\/","title":{"rendered":"Pull col montant en laine beige (37954)"},"content":{"rendered":"<ul>\n<li>Pull \u00e0 col roul\u00e9<\/li>\n<li>pure laine vierge beige<\/li>\n<li>Jauge de point de cha\u00eenette 7<\/li>\n<li>Manches longues<\/li>\n<li>Bordures c\u00f4tel\u00e9es<\/li>\n<li>FABRIQU\u00c9 EN ITALIE<\/li>\n<\/ul>\n<p>Composition:<br \/>\n100% laine vierge<\/p>\n<p>ID : USD2510X0185B433<\/p>\n","protected":false},"excerpt":{"rendered":"<p>Pull \u00e0 col roul\u00e9 pure laine vierge beige Jauge de point de cha\u00eenette 7 Manches longues Bordures c\u00f4tel\u00e9es FABRIQU\u00c9 EN ITALIE Composition: 100% laine vierge ID : USD2510X0185B433<\/p>\n","protected":false},"featured_media":303749,"comment_status":"open","ping_status":"closed","template":"","meta":[],"product_cat":[1588,1642,1650,1663,1136,1572,1580],"product_tag":[],"acf":[],"yoast_head":"<!-- This site is optimized with the Yoast SEO plugin v22.3 - https:\/\/yoast.com\/wordpress\/plugins\/seo\/ -->\n<title>Pull col montant en laine beige (37954) - Vousten Jeans<\/title>\n<meta name=\"robots\" content=\"index, follow, max-snippet:-1, max-image-preview:large, max-video-preview:-1\" \/>\n<link rel=\"canonical\" href=\"https:\/\/www.voustenjeans.com\/fr\/pull-col-montant-en-laine-beige-37954\/\" \/>\n<meta property=\"og:locale\" content=\"fr_FR\" \/>\n<meta property=\"og:type\" content=\"article\" \/>\n<meta property=\"og:title\" content=\"Pull col montant en laine beige (37954) - Vousten Jeans\" \/>\n<meta property=\"og:description\" content=\"Pull \u00e0 col roul\u00e9 pure laine vierge beige Jauge de point de cha\u00eenette 7 Manches longues Bordures c\u00f4tel\u00e9es FABRIQU\u00c9 EN ITALIE Composition: 100% laine vierge ID : USD2510X0185B433\" \/>\n<meta property=\"og:url\" content=\"https:\/\/www.voustenjeans.com\/fr\/pull-col-montant-en-laine-beige-37954\/\" \/>\n<meta property=\"og:site_name\" content=\"Vousten Jeans\" \/>\n<meta property=\"article:modified_time\" content=\"2026-02-05T12:43:41+00:00\" \/>\n<meta property=\"og:image\" content=\"https:\/\/www.voustenjeans.com\/wp-content\/uploads\/2023\/06\/dscf4648-removebg_1-683x1024.png\" \/>\n\t<meta property=\"og:image:width\" content=\"683\" \/>\n\t<meta property=\"og:image:height\" content=\"1024\" \/>\n\t<meta property=\"og:image:type\" content=\"image\/png\" \/>\n<meta name=\"twitter:card\" content=\"summary_large_image\" \/>\n<script type=\"application\/ld+json\" class=\"yoast-schema-graph\">{\"@context\":\"https:\/\/schema.org\",\"@graph\":[{\"@type\":\"WebPage\",\"@id\":\"https:\/\/www.voustenjeans.com\/fr\/pull-col-montant-en-laine-beige-37954\/\",\"url\":\"https:\/\/www.voustenjeans.com\/fr\/pull-col-montant-en-laine-beige-37954\/\",\"name\":\"Pull col montant en laine beige (37954) - Vousten Jeans\",\"isPartOf\":{\"@id\":\"https:\/\/www.voustenjeans.com\/en\/#website\"},\"primaryImageOfPage\":{\"@id\":\"https:\/\/www.voustenjeans.com\/fr\/pull-col-montant-en-laine-beige-37954\/#primaryimage\"},\"image\":{\"@id\":\"https:\/\/www.voustenjeans.com\/fr\/pull-col-montant-en-laine-beige-37954\/#primaryimage\"},\"thumbnailUrl\":\"https:\/\/www.voustenjeans.com\/wp-content\/uploads\/2023\/06\/dscf4648-removebg_1.png\",\"datePublished\":\"2025-06-04T13:08:25+00:00\",\"dateModified\":\"2026-02-05T12:43:41+00:00\",\"breadcrumb\":{\"@id\":\"https:\/\/www.voustenjeans.com\/fr\/pull-col-montant-en-laine-beige-37954\/#breadcrumb\"},\"inLanguage\":\"fr-FR\",\"potentialAction\":[{\"@type\":\"ReadAction\",\"target\":[\"https:\/\/www.voustenjeans.com\/fr\/pull-col-montant-en-laine-beige-37954\/\"]}]},{\"@type\":\"ImageObject\",\"inLanguage\":\"fr-FR\",\"@id\":\"https:\/\/www.voustenjeans.com\/fr\/pull-col-montant-en-laine-beige-37954\/#primaryimage\",\"url\":\"https:\/\/www.voustenjeans.com\/wp-content\/uploads\/2023\/06\/dscf4648-removebg_1.png\",\"contentUrl\":\"https:\/\/www.voustenjeans.com\/wp-content\/uploads\/2023\/06\/dscf4648-removebg_1.png\",\"width\":1365,\"height\":2048},{\"@type\":\"BreadcrumbList\",\"@id\":\"https:\/\/www.voustenjeans.com\/fr\/pull-col-montant-en-laine-beige-37954\/#breadcrumb\",\"itemListElement\":[{\"@type\":\"ListItem\",\"position\":1,\"name\":\"Home\",\"item\":\"https:\/\/www.voustenjeans.com\/fr\/\"},{\"@type\":\"ListItem\",\"position\":2,\"name\":\"Boutique\",\"item\":\"https:\/\/www.voustenjeans.com\/fr\/shop\/\"},{\"@type\":\"ListItem\",\"position\":3,\"name\":\"Pull col montant en laine beige (37954)\"}]},{\"@type\":\"WebSite\",\"@id\":\"https:\/\/www.voustenjeans.com\/en\/#website\",\"url\":\"https:\/\/www.voustenjeans.com\/en\/\",\"name\":\"Vousten Jeans\",\"description\":\"\",\"potentialAction\":[{\"@type\":\"SearchAction\",\"target\":{\"@type\":\"EntryPoint\",\"urlTemplate\":\"https:\/\/www.voustenjeans.com\/en\/?s={search_term_string}\"},\"query-input\":\"required name=search_term_string\"}],\"inLanguage\":\"fr-FR\"}]}<\/script>\n<!-- \/ Yoast SEO plugin. -->","yoast_head_json":{"title":"Pull col montant en laine beige (37954) - Vousten Jeans","robots":{"index":"index","follow":"follow","max-snippet":"max-snippet:-1","max-image-preview":"max-image-preview:large","max-video-preview":"max-video-preview:-1"},"canonical":"https:\/\/www.voustenjeans.com\/fr\/pull-col-montant-en-laine-beige-37954\/","og_locale":"fr_FR","og_type":"article","og_title":"Pull col montant en laine beige (37954) - Vousten Jeans","og_description":"Pull \u00e0 col roul\u00e9 pure laine vierge beige Jauge de point de cha\u00eenette 7 Manches longues Bordures c\u00f4tel\u00e9es FABRIQU\u00c9 EN ITALIE Composition: 100% laine vierge ID : USD2510X0185B433","og_url":"https:\/\/www.voustenjeans.com\/fr\/pull-col-montant-en-laine-beige-37954\/","og_site_name":"Vousten Jeans","article_modified_time":"2026-02-05T12:43:41+00:00","og_image":[{"width":683,"height":1024,"url":"https:\/\/www.voustenjeans.com\/wp-content\/uploads\/2023\/06\/dscf4648-removebg_1-683x1024.png","type":"image\/png"}],"twitter_card":"summary_large_image","schema":{"@context":"https:\/\/schema.org","@graph":[{"@type":"WebPage","@id":"https:\/\/www.voustenjeans.com\/fr\/pull-col-montant-en-laine-beige-37954\/","url":"https:\/\/www.voustenjeans.com\/fr\/pull-col-montant-en-laine-beige-37954\/","name":"Pull col montant en laine beige (37954) - Vousten Jeans","isPartOf":{"@id":"https:\/\/www.voustenjeans.com\/en\/#website"},"primaryImageOfPage":{"@id":"https:\/\/www.voustenjeans.com\/fr\/pull-col-montant-en-laine-beige-37954\/#primaryimage"},"image":{"@id":"https:\/\/www.voustenjeans.com\/fr\/pull-col-montant-en-laine-beige-37954\/#primaryimage"},"thumbnailUrl":"https:\/\/www.voustenjeans.com\/wp-content\/uploads\/2023\/06\/dscf4648-removebg_1.png","datePublished":"2025-06-04T13:08:25+00:00","dateModified":"2026-02-05T12:43:41+00:00","breadcrumb":{"@id":"https:\/\/www.voustenjeans.com\/fr\/pull-col-montant-en-laine-beige-37954\/#breadcrumb"},"inLanguage":"fr-FR","potentialAction":[{"@type":"ReadAction","target":["https:\/\/www.voustenjeans.com\/fr\/pull-col-montant-en-laine-beige-37954\/"]}]},{"@type":"ImageObject","inLanguage":"fr-FR","@id":"https:\/\/www.voustenjeans.com\/fr\/pull-col-montant-en-laine-beige-37954\/#primaryimage","url":"https:\/\/www.voustenjeans.com\/wp-content\/uploads\/2023\/06\/dscf4648-removebg_1.png","contentUrl":"https:\/\/www.voustenjeans.com\/wp-content\/uploads\/2023\/06\/dscf4648-removebg_1.png","width":1365,"height":2048},{"@type":"BreadcrumbList","@id":"https:\/\/www.voustenjeans.com\/fr\/pull-col-montant-en-laine-beige-37954\/#breadcrumb","itemListElement":[{"@type":"ListItem","position":1,"name":"Home","item":"https:\/\/www.voustenjeans.com\/fr\/"},{"@type":"ListItem","position":2,"name":"Boutique","item":"https:\/\/www.voustenjeans.com\/fr\/shop\/"},{"@type":"ListItem","position":3,"name":"Pull col montant en laine beige (37954)"}]},{"@type":"WebSite","@id":"https:\/\/www.voustenjeans.com\/en\/#website","url":"https:\/\/www.voustenjeans.com\/en\/","name":"Vousten Jeans","description":"","potentialAction":[{"@type":"SearchAction","target":{"@type":"EntryPoint","urlTemplate":"https:\/\/www.voustenjeans.com\/en\/?s={search_term_string}"},"query-input":"required name=search_term_string"}],"inLanguage":"fr-FR"}]}},"_links":{"self":[{"href":"https:\/\/www.voustenjeans.com\/fr\/wp-json\/wp\/v2\/product\/303788"}],"collection":[{"href":"https:\/\/www.voustenjeans.com\/fr\/wp-json\/wp\/v2\/product"}],"about":[{"href":"https:\/\/www.voustenjeans.com\/fr\/wp-json\/wp\/v2\/types\/product"}],"replies":[{"embeddable":true,"href":"https:\/\/www.voustenjeans.com\/fr\/wp-json\/wp\/v2\/comments?post=303788"}],"wp:featuredmedia":[{"embeddable":true,"href":"https:\/\/www.voustenjeans.com\/fr\/wp-json\/wp\/v2\/media\/303749"}],"wp:attachment":[{"href":"https:\/\/www.voustenjeans.com\/fr\/wp-json\/wp\/v2\/media?parent=303788"}],"wp:term":[{"taxonomy":"product_cat","embeddable":true,"href":"https:\/\/www.voustenjeans.com\/fr\/wp-json\/wp\/v2\/product_cat?post=303788"},{"taxonomy":"product_tag","embeddable":true,"href":"https:\/\/www.voustenjeans.com\/fr\/wp-json\/wp\/v2\/product_tag?post=303788"}],"curies":[{"name":"wp","href":"https:\/\/api.w.org\/{rel}","templated":true}]}}