{"id":303465,"date":"2025-06-04T11:48:36","date_gmt":"2025-06-04T09:48:36","guid":{"rendered":"https:\/\/www.voustenjeans.com\/jacob-cohen-poloshirt-bleu-glacier-38893\/"},"modified":"2026-03-17T02:50:03","modified_gmt":"2026-03-17T01:50:03","slug":"jacob-cohen-poloshirt-bleu-glacier-38893","status":"publish","type":"product","link":"https:\/\/www.voustenjeans.com\/fr\/jacob-cohen-poloshirt-bleu-glacier-38893\/","title":{"rendered":"Jacob Cohen &#8211; Poloshirt bleu glacier (38893)"},"content":{"rendered":"<p>Avec les polos de Jacob Coh\u00ebn, vous vous assurez un look styl\u00e9 et \u00e9l\u00e9gant en \u00e9t\u00e9. Ce polo bleu glacier a une fermeture classique \u00e0 trois boutons avec col et manches courtes. Les fentes dans l&rsquo;ourlet conf\u00e8rent \u00e0 cette chemise un caract\u00e8re ludique et assurent un confort optimal.<br \/>\nLa petite broderie sur la poitrine gauche et le contraste sur le col compl\u00e8tent ce polo et apportent un compl\u00e9ment subtil au style par ailleurs minimaliste.<\/p>\n<ul>\n<li>Coton 96%, \u00c9lasthanne 4%<\/li>\n<li>Manches courtes<\/li>\n<li>Col polo<\/li>\n<li>Logo brod\u00e9 sur la poitrine<\/li>\n<li>Coupe ajust\u00e9e<\/li>\n<li>Convient normalement<\/li>\n<\/ul>\n","protected":false},"excerpt":{"rendered":"<p>Avec les polos de Jacob Coh\u00ebn, vous vous assurez un look styl\u00e9 et \u00e9l\u00e9gant en \u00e9t\u00e9. Ce polo bleu glacier a une fermeture classique \u00e0 trois boutons avec col et manches courtes. Les fentes dans l&rsquo;ourlet conf\u00e8rent \u00e0 cette chemise un caract\u00e8re ludique et assurent un confort optimal. La petite broderie sur la poitrine gauche [&#8230;]\n","protected":false},"featured_media":303443,"comment_status":"open","ping_status":"closed","template":"","meta":[],"product_cat":[1136,1254,1588,1620,1650],"product_tag":[],"acf":[],"yoast_head":"<!-- This site is optimized with the Yoast SEO plugin v22.3 - https:\/\/yoast.com\/wordpress\/plugins\/seo\/ -->\n<title>Jacob Cohen - Poloshirt bleu glacier (38893) - Vousten Jeans<\/title>\n<meta name=\"robots\" content=\"index, follow, max-snippet:-1, max-image-preview:large, max-video-preview:-1\" \/>\n<link rel=\"canonical\" href=\"https:\/\/www.voustenjeans.com\/fr\/jacob-cohen-poloshirt-bleu-glacier-38893\/\" \/>\n<meta property=\"og:locale\" content=\"fr_FR\" \/>\n<meta property=\"og:type\" content=\"article\" \/>\n<meta property=\"og:title\" content=\"Jacob Cohen - Poloshirt bleu glacier (38893) - Vousten Jeans\" \/>\n<meta property=\"og:description\" content=\"Avec les polos de Jacob Coh\u00ebn, vous vous assurez un look styl\u00e9 et \u00e9l\u00e9gant en \u00e9t\u00e9. Ce polo bleu glacier a une fermeture classique \u00e0 trois boutons avec col et manches courtes. Les fentes dans l&rsquo;ourlet conf\u00e8rent \u00e0 cette chemise un caract\u00e8re ludique et assurent un confort optimal. La petite broderie sur la poitrine gauche [...]\" \/>\n<meta property=\"og:url\" content=\"https:\/\/www.voustenjeans.com\/fr\/jacob-cohen-poloshirt-bleu-glacier-38893\/\" \/>\n<meta property=\"og:site_name\" content=\"Vousten Jeans\" \/>\n<meta property=\"article:modified_time\" content=\"2026-03-17T01:50:03+00:00\" \/>\n<meta property=\"og:image\" content=\"https:\/\/www.voustenjeans.com\/wp-content\/uploads\/2023\/06\/Jacob-Cohen-Polo-ijsblauw-2464-X81-38893-1.jpg\" \/>\n\t<meta property=\"og:image:width\" content=\"1365\" \/>\n\t<meta property=\"og:image:height\" content=\"2048\" \/>\n\t<meta property=\"og:image:type\" content=\"image\/jpeg\" \/>\n<meta name=\"twitter:card\" content=\"summary_large_image\" \/>\n<script type=\"application\/ld+json\" class=\"yoast-schema-graph\">{\"@context\":\"https:\/\/schema.org\",\"@graph\":[{\"@type\":\"WebPage\",\"@id\":\"https:\/\/www.voustenjeans.com\/fr\/jacob-cohen-poloshirt-bleu-glacier-38893\/\",\"url\":\"https:\/\/www.voustenjeans.com\/fr\/jacob-cohen-poloshirt-bleu-glacier-38893\/\",\"name\":\"Jacob Cohen - Poloshirt bleu glacier (38893) - Vousten Jeans\",\"isPartOf\":{\"@id\":\"https:\/\/www.voustenjeans.com\/en\/#website\"},\"primaryImageOfPage\":{\"@id\":\"https:\/\/www.voustenjeans.com\/fr\/jacob-cohen-poloshirt-bleu-glacier-38893\/#primaryimage\"},\"image\":{\"@id\":\"https:\/\/www.voustenjeans.com\/fr\/jacob-cohen-poloshirt-bleu-glacier-38893\/#primaryimage\"},\"thumbnailUrl\":\"https:\/\/www.voustenjeans.com\/wp-content\/uploads\/2023\/06\/Jacob-Cohen-Polo-ijsblauw-2464-X81-38893-1.jpg\",\"datePublished\":\"2025-06-04T09:48:36+00:00\",\"dateModified\":\"2026-03-17T01:50:03+00:00\",\"breadcrumb\":{\"@id\":\"https:\/\/www.voustenjeans.com\/fr\/jacob-cohen-poloshirt-bleu-glacier-38893\/#breadcrumb\"},\"inLanguage\":\"fr-FR\",\"potentialAction\":[{\"@type\":\"ReadAction\",\"target\":[\"https:\/\/www.voustenjeans.com\/fr\/jacob-cohen-poloshirt-bleu-glacier-38893\/\"]}]},{\"@type\":\"ImageObject\",\"inLanguage\":\"fr-FR\",\"@id\":\"https:\/\/www.voustenjeans.com\/fr\/jacob-cohen-poloshirt-bleu-glacier-38893\/#primaryimage\",\"url\":\"https:\/\/www.voustenjeans.com\/wp-content\/uploads\/2023\/06\/Jacob-Cohen-Polo-ijsblauw-2464-X81-38893-1.jpg\",\"contentUrl\":\"https:\/\/www.voustenjeans.com\/wp-content\/uploads\/2023\/06\/Jacob-Cohen-Polo-ijsblauw-2464-X81-38893-1.jpg\",\"width\":1365,\"height\":2048},{\"@type\":\"BreadcrumbList\",\"@id\":\"https:\/\/www.voustenjeans.com\/fr\/jacob-cohen-poloshirt-bleu-glacier-38893\/#breadcrumb\",\"itemListElement\":[{\"@type\":\"ListItem\",\"position\":1,\"name\":\"Home\",\"item\":\"https:\/\/www.voustenjeans.com\/fr\/\"},{\"@type\":\"ListItem\",\"position\":2,\"name\":\"Boutique\",\"item\":\"https:\/\/www.voustenjeans.com\/fr\/shop\/\"},{\"@type\":\"ListItem\",\"position\":3,\"name\":\"Jacob Cohen &#8211; Poloshirt bleu glacier (38893)\"}]},{\"@type\":\"WebSite\",\"@id\":\"https:\/\/www.voustenjeans.com\/en\/#website\",\"url\":\"https:\/\/www.voustenjeans.com\/en\/\",\"name\":\"Vousten Jeans\",\"description\":\"\",\"potentialAction\":[{\"@type\":\"SearchAction\",\"target\":{\"@type\":\"EntryPoint\",\"urlTemplate\":\"https:\/\/www.voustenjeans.com\/en\/?s={search_term_string}\"},\"query-input\":\"required name=search_term_string\"}],\"inLanguage\":\"fr-FR\"}]}<\/script>\n<!-- \/ Yoast SEO plugin. -->","yoast_head_json":{"title":"Jacob Cohen - Poloshirt bleu glacier (38893) - Vousten Jeans","robots":{"index":"index","follow":"follow","max-snippet":"max-snippet:-1","max-image-preview":"max-image-preview:large","max-video-preview":"max-video-preview:-1"},"canonical":"https:\/\/www.voustenjeans.com\/fr\/jacob-cohen-poloshirt-bleu-glacier-38893\/","og_locale":"fr_FR","og_type":"article","og_title":"Jacob Cohen - Poloshirt bleu glacier (38893) - Vousten Jeans","og_description":"Avec les polos de Jacob Coh\u00ebn, vous vous assurez un look styl\u00e9 et \u00e9l\u00e9gant en \u00e9t\u00e9. Ce polo bleu glacier a une fermeture classique \u00e0 trois boutons avec col et manches courtes. Les fentes dans l&rsquo;ourlet conf\u00e8rent \u00e0 cette chemise un caract\u00e8re ludique et assurent un confort optimal. La petite broderie sur la poitrine gauche [...]","og_url":"https:\/\/www.voustenjeans.com\/fr\/jacob-cohen-poloshirt-bleu-glacier-38893\/","og_site_name":"Vousten Jeans","article_modified_time":"2026-03-17T01:50:03+00:00","og_image":[{"width":1365,"height":2048,"url":"https:\/\/www.voustenjeans.com\/wp-content\/uploads\/2023\/06\/Jacob-Cohen-Polo-ijsblauw-2464-X81-38893-1.jpg","type":"image\/jpeg"}],"twitter_card":"summary_large_image","schema":{"@context":"https:\/\/schema.org","@graph":[{"@type":"WebPage","@id":"https:\/\/www.voustenjeans.com\/fr\/jacob-cohen-poloshirt-bleu-glacier-38893\/","url":"https:\/\/www.voustenjeans.com\/fr\/jacob-cohen-poloshirt-bleu-glacier-38893\/","name":"Jacob Cohen - Poloshirt bleu glacier (38893) - Vousten Jeans","isPartOf":{"@id":"https:\/\/www.voustenjeans.com\/en\/#website"},"primaryImageOfPage":{"@id":"https:\/\/www.voustenjeans.com\/fr\/jacob-cohen-poloshirt-bleu-glacier-38893\/#primaryimage"},"image":{"@id":"https:\/\/www.voustenjeans.com\/fr\/jacob-cohen-poloshirt-bleu-glacier-38893\/#primaryimage"},"thumbnailUrl":"https:\/\/www.voustenjeans.com\/wp-content\/uploads\/2023\/06\/Jacob-Cohen-Polo-ijsblauw-2464-X81-38893-1.jpg","datePublished":"2025-06-04T09:48:36+00:00","dateModified":"2026-03-17T01:50:03+00:00","breadcrumb":{"@id":"https:\/\/www.voustenjeans.com\/fr\/jacob-cohen-poloshirt-bleu-glacier-38893\/#breadcrumb"},"inLanguage":"fr-FR","potentialAction":[{"@type":"ReadAction","target":["https:\/\/www.voustenjeans.com\/fr\/jacob-cohen-poloshirt-bleu-glacier-38893\/"]}]},{"@type":"ImageObject","inLanguage":"fr-FR","@id":"https:\/\/www.voustenjeans.com\/fr\/jacob-cohen-poloshirt-bleu-glacier-38893\/#primaryimage","url":"https:\/\/www.voustenjeans.com\/wp-content\/uploads\/2023\/06\/Jacob-Cohen-Polo-ijsblauw-2464-X81-38893-1.jpg","contentUrl":"https:\/\/www.voustenjeans.com\/wp-content\/uploads\/2023\/06\/Jacob-Cohen-Polo-ijsblauw-2464-X81-38893-1.jpg","width":1365,"height":2048},{"@type":"BreadcrumbList","@id":"https:\/\/www.voustenjeans.com\/fr\/jacob-cohen-poloshirt-bleu-glacier-38893\/#breadcrumb","itemListElement":[{"@type":"ListItem","position":1,"name":"Home","item":"https:\/\/www.voustenjeans.com\/fr\/"},{"@type":"ListItem","position":2,"name":"Boutique","item":"https:\/\/www.voustenjeans.com\/fr\/shop\/"},{"@type":"ListItem","position":3,"name":"Jacob Cohen &#8211; Poloshirt bleu glacier (38893)"}]},{"@type":"WebSite","@id":"https:\/\/www.voustenjeans.com\/en\/#website","url":"https:\/\/www.voustenjeans.com\/en\/","name":"Vousten Jeans","description":"","potentialAction":[{"@type":"SearchAction","target":{"@type":"EntryPoint","urlTemplate":"https:\/\/www.voustenjeans.com\/en\/?s={search_term_string}"},"query-input":"required name=search_term_string"}],"inLanguage":"fr-FR"}]}},"_links":{"self":[{"href":"https:\/\/www.voustenjeans.com\/fr\/wp-json\/wp\/v2\/product\/303465"}],"collection":[{"href":"https:\/\/www.voustenjeans.com\/fr\/wp-json\/wp\/v2\/product"}],"about":[{"href":"https:\/\/www.voustenjeans.com\/fr\/wp-json\/wp\/v2\/types\/product"}],"replies":[{"embeddable":true,"href":"https:\/\/www.voustenjeans.com\/fr\/wp-json\/wp\/v2\/comments?post=303465"}],"wp:featuredmedia":[{"embeddable":true,"href":"https:\/\/www.voustenjeans.com\/fr\/wp-json\/wp\/v2\/media\/303443"}],"wp:attachment":[{"href":"https:\/\/www.voustenjeans.com\/fr\/wp-json\/wp\/v2\/media?parent=303465"}],"wp:term":[{"taxonomy":"product_cat","embeddable":true,"href":"https:\/\/www.voustenjeans.com\/fr\/wp-json\/wp\/v2\/product_cat?post=303465"},{"taxonomy":"product_tag","embeddable":true,"href":"https:\/\/www.voustenjeans.com\/fr\/wp-json\/wp\/v2\/product_tag?post=303465"}],"curies":[{"name":"wp","href":"https:\/\/api.w.org\/{rel}","templated":true}]}}