{"id":298757,"date":"2025-06-03T16:54:46","date_gmt":"2025-06-03T14:54:46","guid":{"rendered":"https:\/\/www.voustenjeans.com\/jacob-cohen-j688-bard-duomo-di-milano-3621-200d-40349-2\/"},"modified":"2026-02-05T13:49:08","modified_gmt":"2026-02-05T12:49:08","slug":"jacob-cohen-j688-bard-duomo-di-milano-3621-200d-40349-2","status":"publish","type":"product","link":"https:\/\/www.voustenjeans.com\/fr\/jacob-cohen-j688-bard-duomo-di-milano-3621-200d-40349-2\/","title":{"rendered":"Jacob Coh\u00ebn J688 (Bard) Duomo di Milano 3621 200D (40349)"},"content":{"rendered":"<p>L&rsquo;\u00e9dition Jacob Coh\u00ebn Duomo Di Milano vous emm\u00e8ne dans la ville de Milan, o\u00f9 la cath\u00e9drale Duomo joue un r\u00f4le de premier plan. Le motif du Duomo se refl\u00e8te dans cet \u00e9cusson sp\u00e9cial en 3D. Le bouton plaqu\u00e9 or repr\u00e9sente lui aussi magnifiquement la cath\u00e9drale. L&rsquo;int\u00e9rieur et l&rsquo;\u00e9charpe de ce jean sont \u00e9galement \u00e0 th\u00e8me.<\/p>\n<p>Ce sont des jeans modernes et ont une coupe slim avec un peu plus d&rsquo;espace pour les cuisses.<\/p>\n<ul>\n<li>Jean extensible<\/li>\n<li>Taille plus haute<\/li>\n<li>Fermeture boutonn\u00e9e<\/li>\n<li>Equip\u00e9 d&rsquo;un patch Duomo di Milano avec logo jaune<\/li>\n<li>Mati\u00e8re : 81 % coton, 11 % lyocell, 6 % \u00e9lastomultiester, 2 % \u00e9lasthanne<\/li>\n<li>Largeur du pied : 18,5 cm<\/li>\n<li>Longueur de base : 35 pouces (peut varier l\u00e9g\u00e8rement selon le lavage)<\/li>\n<li>Ce jean Jacob Coh\u00ebn est fabriqu\u00e9 \u00e0 la main en V\u00e9n\u00e9tie, dans le nord-est de l&rsquo;Italie<\/li>\n<\/ul>\n<p>Fourni avec une \u00e9charpe assortie gratuite et du fil suppl\u00e9mentaire de la bonne couleur pour le raccourcissement.<\/p>\n","protected":false},"excerpt":{"rendered":"<p>L&rsquo;\u00e9dition Jacob Coh\u00ebn Duomo Di Milano vous emm\u00e8ne dans la ville de Milan, o\u00f9 la cath\u00e9drale Duomo joue un r\u00f4le de premier plan. Le motif du Duomo se refl\u00e8te dans cet \u00e9cusson sp\u00e9cial en 3D. Le bouton plaqu\u00e9 or repr\u00e9sente lui aussi magnifiquement la cath\u00e9drale. L&rsquo;int\u00e9rieur et l&rsquo;\u00e9charpe de ce jean sont \u00e9galement \u00e0 th\u00e8me. [&#8230;]\n","protected":false},"featured_media":217861,"comment_status":"open","ping_status":"closed","template":"","meta":[],"product_cat":[1136,1428,1476,1580,1642,1650,1663],"product_tag":[],"acf":[],"yoast_head":"<!-- This site is optimized with the Yoast SEO plugin v22.3 - https:\/\/yoast.com\/wordpress\/plugins\/seo\/ -->\n<title>Jacob Coh\u00ebn J688 (Bard) Duomo di Milano 3621 200D (40349) - Vousten Jeans<\/title>\n<meta name=\"robots\" content=\"index, follow, max-snippet:-1, max-image-preview:large, max-video-preview:-1\" \/>\n<link rel=\"canonical\" href=\"https:\/\/www.voustenjeans.com\/fr\/jacob-cohen-j688-bard-duomo-di-milano-3621-200d-40349-2\/\" \/>\n<meta property=\"og:locale\" content=\"fr_FR\" \/>\n<meta property=\"og:type\" content=\"article\" \/>\n<meta property=\"og:title\" content=\"Jacob Coh\u00ebn J688 (Bard) Duomo di Milano 3621 200D (40349) - Vousten Jeans\" \/>\n<meta property=\"og:description\" content=\"L&rsquo;\u00e9dition Jacob Coh\u00ebn Duomo Di Milano vous emm\u00e8ne dans la ville de Milan, o\u00f9 la cath\u00e9drale Duomo joue un r\u00f4le de premier plan. Le motif du Duomo se refl\u00e8te dans cet \u00e9cusson sp\u00e9cial en 3D. Le bouton plaqu\u00e9 or repr\u00e9sente lui aussi magnifiquement la cath\u00e9drale. L&rsquo;int\u00e9rieur et l&rsquo;\u00e9charpe de ce jean sont \u00e9galement \u00e0 th\u00e8me. [...]\" \/>\n<meta property=\"og:url\" content=\"https:\/\/www.voustenjeans.com\/fr\/jacob-cohen-j688-bard-duomo-di-milano-3621-200d-40349-2\/\" \/>\n<meta property=\"og:site_name\" content=\"Vousten Jeans\" \/>\n<meta property=\"article:modified_time\" content=\"2026-02-05T12:49:08+00:00\" \/>\n<meta property=\"og:image\" content=\"https:\/\/www.voustenjeans.com\/wp-content\/uploads\/2023\/06\/250005268_front_0.jpg\" \/>\n\t<meta property=\"og:image:width\" content=\"800\" \/>\n\t<meta property=\"og:image:height\" content=\"2250\" \/>\n\t<meta property=\"og:image:type\" content=\"image\/jpeg\" \/>\n<meta name=\"twitter:card\" content=\"summary_large_image\" \/>\n<meta name=\"twitter:label1\" content=\"Est. reading time\" \/>\n\t<meta name=\"twitter:data1\" content=\"1 minute\" \/>\n<script type=\"application\/ld+json\" class=\"yoast-schema-graph\">{\"@context\":\"https:\/\/schema.org\",\"@graph\":[{\"@type\":\"WebPage\",\"@id\":\"https:\/\/www.voustenjeans.com\/fr\/jacob-cohen-j688-bard-duomo-di-milano-3621-200d-40349-2\/\",\"url\":\"https:\/\/www.voustenjeans.com\/fr\/jacob-cohen-j688-bard-duomo-di-milano-3621-200d-40349-2\/\",\"name\":\"Jacob Coh\u00ebn J688 (Bard) Duomo di Milano 3621 200D (40349) - Vousten Jeans\",\"isPartOf\":{\"@id\":\"https:\/\/www.voustenjeans.com\/en\/#website\"},\"primaryImageOfPage\":{\"@id\":\"https:\/\/www.voustenjeans.com\/fr\/jacob-cohen-j688-bard-duomo-di-milano-3621-200d-40349-2\/#primaryimage\"},\"image\":{\"@id\":\"https:\/\/www.voustenjeans.com\/fr\/jacob-cohen-j688-bard-duomo-di-milano-3621-200d-40349-2\/#primaryimage\"},\"thumbnailUrl\":\"https:\/\/www.voustenjeans.com\/wp-content\/uploads\/2023\/06\/250005268_front_0.jpg\",\"datePublished\":\"2025-06-03T14:54:46+00:00\",\"dateModified\":\"2026-02-05T12:49:08+00:00\",\"breadcrumb\":{\"@id\":\"https:\/\/www.voustenjeans.com\/fr\/jacob-cohen-j688-bard-duomo-di-milano-3621-200d-40349-2\/#breadcrumb\"},\"inLanguage\":\"fr-FR\",\"potentialAction\":[{\"@type\":\"ReadAction\",\"target\":[\"https:\/\/www.voustenjeans.com\/fr\/jacob-cohen-j688-bard-duomo-di-milano-3621-200d-40349-2\/\"]}]},{\"@type\":\"ImageObject\",\"inLanguage\":\"fr-FR\",\"@id\":\"https:\/\/www.voustenjeans.com\/fr\/jacob-cohen-j688-bard-duomo-di-milano-3621-200d-40349-2\/#primaryimage\",\"url\":\"https:\/\/www.voustenjeans.com\/wp-content\/uploads\/2023\/06\/250005268_front_0.jpg\",\"contentUrl\":\"https:\/\/www.voustenjeans.com\/wp-content\/uploads\/2023\/06\/250005268_front_0.jpg\",\"width\":800,\"height\":2250},{\"@type\":\"BreadcrumbList\",\"@id\":\"https:\/\/www.voustenjeans.com\/fr\/jacob-cohen-j688-bard-duomo-di-milano-3621-200d-40349-2\/#breadcrumb\",\"itemListElement\":[{\"@type\":\"ListItem\",\"position\":1,\"name\":\"Home\",\"item\":\"https:\/\/www.voustenjeans.com\/fr\/\"},{\"@type\":\"ListItem\",\"position\":2,\"name\":\"Boutique\",\"item\":\"https:\/\/www.voustenjeans.com\/fr\/shop\/\"},{\"@type\":\"ListItem\",\"position\":3,\"name\":\"Jacob Coh\u00ebn J688 (Bard) Duomo di Milano 3621 200D (40349)\"}]},{\"@type\":\"WebSite\",\"@id\":\"https:\/\/www.voustenjeans.com\/en\/#website\",\"url\":\"https:\/\/www.voustenjeans.com\/en\/\",\"name\":\"Vousten Jeans\",\"description\":\"\",\"potentialAction\":[{\"@type\":\"SearchAction\",\"target\":{\"@type\":\"EntryPoint\",\"urlTemplate\":\"https:\/\/www.voustenjeans.com\/en\/?s={search_term_string}\"},\"query-input\":\"required name=search_term_string\"}],\"inLanguage\":\"fr-FR\"}]}<\/script>\n<!-- \/ Yoast SEO plugin. -->","yoast_head_json":{"title":"Jacob Coh\u00ebn J688 (Bard) Duomo di Milano 3621 200D (40349) - Vousten Jeans","robots":{"index":"index","follow":"follow","max-snippet":"max-snippet:-1","max-image-preview":"max-image-preview:large","max-video-preview":"max-video-preview:-1"},"canonical":"https:\/\/www.voustenjeans.com\/fr\/jacob-cohen-j688-bard-duomo-di-milano-3621-200d-40349-2\/","og_locale":"fr_FR","og_type":"article","og_title":"Jacob Coh\u00ebn J688 (Bard) Duomo di Milano 3621 200D (40349) - Vousten Jeans","og_description":"L&rsquo;\u00e9dition Jacob Coh\u00ebn Duomo Di Milano vous emm\u00e8ne dans la ville de Milan, o\u00f9 la cath\u00e9drale Duomo joue un r\u00f4le de premier plan. Le motif du Duomo se refl\u00e8te dans cet \u00e9cusson sp\u00e9cial en 3D. Le bouton plaqu\u00e9 or repr\u00e9sente lui aussi magnifiquement la cath\u00e9drale. L&rsquo;int\u00e9rieur et l&rsquo;\u00e9charpe de ce jean sont \u00e9galement \u00e0 th\u00e8me. [...]","og_url":"https:\/\/www.voustenjeans.com\/fr\/jacob-cohen-j688-bard-duomo-di-milano-3621-200d-40349-2\/","og_site_name":"Vousten Jeans","article_modified_time":"2026-02-05T12:49:08+00:00","og_image":[{"width":800,"height":2250,"url":"https:\/\/www.voustenjeans.com\/wp-content\/uploads\/2023\/06\/250005268_front_0.jpg","type":"image\/jpeg"}],"twitter_card":"summary_large_image","twitter_misc":{"Est. reading time":"1 minute"},"schema":{"@context":"https:\/\/schema.org","@graph":[{"@type":"WebPage","@id":"https:\/\/www.voustenjeans.com\/fr\/jacob-cohen-j688-bard-duomo-di-milano-3621-200d-40349-2\/","url":"https:\/\/www.voustenjeans.com\/fr\/jacob-cohen-j688-bard-duomo-di-milano-3621-200d-40349-2\/","name":"Jacob Coh\u00ebn J688 (Bard) Duomo di Milano 3621 200D (40349) - Vousten Jeans","isPartOf":{"@id":"https:\/\/www.voustenjeans.com\/en\/#website"},"primaryImageOfPage":{"@id":"https:\/\/www.voustenjeans.com\/fr\/jacob-cohen-j688-bard-duomo-di-milano-3621-200d-40349-2\/#primaryimage"},"image":{"@id":"https:\/\/www.voustenjeans.com\/fr\/jacob-cohen-j688-bard-duomo-di-milano-3621-200d-40349-2\/#primaryimage"},"thumbnailUrl":"https:\/\/www.voustenjeans.com\/wp-content\/uploads\/2023\/06\/250005268_front_0.jpg","datePublished":"2025-06-03T14:54:46+00:00","dateModified":"2026-02-05T12:49:08+00:00","breadcrumb":{"@id":"https:\/\/www.voustenjeans.com\/fr\/jacob-cohen-j688-bard-duomo-di-milano-3621-200d-40349-2\/#breadcrumb"},"inLanguage":"fr-FR","potentialAction":[{"@type":"ReadAction","target":["https:\/\/www.voustenjeans.com\/fr\/jacob-cohen-j688-bard-duomo-di-milano-3621-200d-40349-2\/"]}]},{"@type":"ImageObject","inLanguage":"fr-FR","@id":"https:\/\/www.voustenjeans.com\/fr\/jacob-cohen-j688-bard-duomo-di-milano-3621-200d-40349-2\/#primaryimage","url":"https:\/\/www.voustenjeans.com\/wp-content\/uploads\/2023\/06\/250005268_front_0.jpg","contentUrl":"https:\/\/www.voustenjeans.com\/wp-content\/uploads\/2023\/06\/250005268_front_0.jpg","width":800,"height":2250},{"@type":"BreadcrumbList","@id":"https:\/\/www.voustenjeans.com\/fr\/jacob-cohen-j688-bard-duomo-di-milano-3621-200d-40349-2\/#breadcrumb","itemListElement":[{"@type":"ListItem","position":1,"name":"Home","item":"https:\/\/www.voustenjeans.com\/fr\/"},{"@type":"ListItem","position":2,"name":"Boutique","item":"https:\/\/www.voustenjeans.com\/fr\/shop\/"},{"@type":"ListItem","position":3,"name":"Jacob Coh\u00ebn J688 (Bard) Duomo di Milano 3621 200D (40349)"}]},{"@type":"WebSite","@id":"https:\/\/www.voustenjeans.com\/en\/#website","url":"https:\/\/www.voustenjeans.com\/en\/","name":"Vousten Jeans","description":"","potentialAction":[{"@type":"SearchAction","target":{"@type":"EntryPoint","urlTemplate":"https:\/\/www.voustenjeans.com\/en\/?s={search_term_string}"},"query-input":"required name=search_term_string"}],"inLanguage":"fr-FR"}]}},"_links":{"self":[{"href":"https:\/\/www.voustenjeans.com\/fr\/wp-json\/wp\/v2\/product\/298757"}],"collection":[{"href":"https:\/\/www.voustenjeans.com\/fr\/wp-json\/wp\/v2\/product"}],"about":[{"href":"https:\/\/www.voustenjeans.com\/fr\/wp-json\/wp\/v2\/types\/product"}],"replies":[{"embeddable":true,"href":"https:\/\/www.voustenjeans.com\/fr\/wp-json\/wp\/v2\/comments?post=298757"}],"wp:featuredmedia":[{"embeddable":true,"href":"https:\/\/www.voustenjeans.com\/fr\/wp-json\/wp\/v2\/media\/217861"}],"wp:attachment":[{"href":"https:\/\/www.voustenjeans.com\/fr\/wp-json\/wp\/v2\/media?parent=298757"}],"wp:term":[{"taxonomy":"product_cat","embeddable":true,"href":"https:\/\/www.voustenjeans.com\/fr\/wp-json\/wp\/v2\/product_cat?post=298757"},{"taxonomy":"product_tag","embeddable":true,"href":"https:\/\/www.voustenjeans.com\/fr\/wp-json\/wp\/v2\/product_tag?post=298757"}],"curies":[{"name":"wp","href":"https:\/\/api.w.org\/{rel}","templated":true}]}}