{"id":294848,"date":"2025-06-03T16:30:22","date_gmt":"2025-06-03T14:30:22","guid":{"rendered":"https:\/\/www.voustenjeans.com\/jacob-cohen-j622-nick-slim-3756-a00-38587-2\/"},"modified":"2025-10-03T07:02:14","modified_gmt":"2025-10-03T05:02:14","slug":"jacob-cohen-j622-nick-slim-3756-a00-38587-2","status":"publish","type":"product","link":"https:\/\/www.voustenjeans.com\/fr\/jacob-cohen-j622-nick-slim-3756-a00-38587-2\/","title":{"rendered":"Jacob Cohen J622 (Nick Slim) 3756 A00 (38587)"},"content":{"rendered":"<p>Il s&rsquo;agit d&rsquo;un pantalon en coton moderne et de coupe slim.<\/p>\n<ul>\n<li>Pantalon\u00a0extensiblen<\/li>\n<li>Hauteur de taille normale<\/li>\n<li>Fermeture boutonn\u00e9e<\/li>\n<li>Equip\u00e9 d&rsquo;un patch beige<\/li>\n<li>Mati\u00e8re : 55% coton, 42% lyocell, 3% \u00e9lasthanne<\/li>\n<li>Largeur du pied : 17 cm<\/li>\n<li>Longueur de base : 35 pouces (peut varier l\u00e9g\u00e8rement selon le lavage)<\/li>\n<li>Ces jeans Jacob Cohen sont fabriqu\u00e9s \u00e0 la main en V\u00e9n\u00e9tie, dans le nord-est de l&rsquo;Italie.<\/li>\n<\/ul>\n<p>Fourni avec une \u00e9charpe assortie gratuite.<br \/>\n\u00a0<\/p>\n<p>\u00a0<\/p>\n","protected":false},"excerpt":{"rendered":"<p>Il s&rsquo;agit d&rsquo;un pantalon en coton moderne et de coupe slim. Pantalon\u00a0extensiblen Hauteur de taille normale Fermeture boutonn\u00e9e Equip\u00e9 d&rsquo;un patch beige Mati\u00e8re : 55% coton, 42% lyocell, 3% \u00e9lasthanne Largeur du pied : 17 cm Longueur de base : 35 pouces (peut varier l\u00e9g\u00e8rement selon le lavage) Ces jeans Jacob Cohen sont fabriqu\u00e9s \u00e0 [&#8230;]\n","protected":false},"featured_media":285411,"comment_status":"open","ping_status":"closed","template":"","meta":[],"product_cat":[1136,1420,1452,1580,1642,1650,1663],"product_tag":[],"acf":[],"yoast_head":"<!-- This site is optimized with the Yoast SEO plugin v22.3 - https:\/\/yoast.com\/wordpress\/plugins\/seo\/ -->\n<title>Jacob Cohen J622 (Nick Slim) 3756 A00 (38587) - Vousten Jeans<\/title>\n<meta name=\"robots\" content=\"index, follow, max-snippet:-1, max-image-preview:large, max-video-preview:-1\" \/>\n<link rel=\"canonical\" href=\"https:\/\/www.voustenjeans.com\/fr\/jacob-cohen-j622-nick-slim-3756-a00-38587-2\/\" \/>\n<meta property=\"og:locale\" content=\"fr_FR\" \/>\n<meta property=\"og:type\" content=\"article\" \/>\n<meta property=\"og:title\" content=\"Jacob Cohen J622 (Nick Slim) 3756 A00 (38587) - Vousten Jeans\" \/>\n<meta property=\"og:description\" content=\"Il s&rsquo;agit d&rsquo;un pantalon en coton moderne et de coupe slim. Pantalon\u00a0extensiblen Hauteur de taille normale Fermeture boutonn\u00e9e Equip\u00e9 d&rsquo;un patch beige Mati\u00e8re : 55% coton, 42% lyocell, 3% \u00e9lasthanne Largeur du pied : 17 cm Longueur de base : 35 pouces (peut varier l\u00e9g\u00e8rement selon le lavage) Ces jeans Jacob Cohen sont fabriqu\u00e9s \u00e0 [...]\" \/>\n<meta property=\"og:url\" content=\"https:\/\/www.voustenjeans.com\/fr\/jacob-cohen-j622-nick-slim-3756-a00-38587-2\/\" \/>\n<meta property=\"og:site_name\" content=\"Vousten Jeans\" \/>\n<meta property=\"article:modified_time\" content=\"2025-10-03T05:02:14+00:00\" \/>\n<meta property=\"og:image\" content=\"https:\/\/www.voustenjeans.com\/wp-content\/uploads\/2023\/06\/jacob_cohen_j622_nick_slim_3756_a00_38587.jpg\" \/>\n\t<meta property=\"og:image:width\" content=\"800\" \/>\n\t<meta property=\"og:image:height\" content=\"2250\" \/>\n\t<meta property=\"og:image:type\" content=\"image\/jpeg\" \/>\n<meta name=\"twitter:card\" content=\"summary_large_image\" \/>\n<script type=\"application\/ld+json\" class=\"yoast-schema-graph\">{\"@context\":\"https:\/\/schema.org\",\"@graph\":[{\"@type\":\"WebPage\",\"@id\":\"https:\/\/www.voustenjeans.com\/fr\/jacob-cohen-j622-nick-slim-3756-a00-38587-2\/\",\"url\":\"https:\/\/www.voustenjeans.com\/fr\/jacob-cohen-j622-nick-slim-3756-a00-38587-2\/\",\"name\":\"Jacob Cohen J622 (Nick Slim) 3756 A00 (38587) - Vousten Jeans\",\"isPartOf\":{\"@id\":\"https:\/\/www.voustenjeans.com\/en\/#website\"},\"primaryImageOfPage\":{\"@id\":\"https:\/\/www.voustenjeans.com\/fr\/jacob-cohen-j622-nick-slim-3756-a00-38587-2\/#primaryimage\"},\"image\":{\"@id\":\"https:\/\/www.voustenjeans.com\/fr\/jacob-cohen-j622-nick-slim-3756-a00-38587-2\/#primaryimage\"},\"thumbnailUrl\":\"https:\/\/www.voustenjeans.com\/wp-content\/uploads\/2023\/06\/jacob_cohen_j622_nick_slim_3756_a00_38587.jpg\",\"datePublished\":\"2025-06-03T14:30:22+00:00\",\"dateModified\":\"2025-10-03T05:02:14+00:00\",\"breadcrumb\":{\"@id\":\"https:\/\/www.voustenjeans.com\/fr\/jacob-cohen-j622-nick-slim-3756-a00-38587-2\/#breadcrumb\"},\"inLanguage\":\"fr-FR\",\"potentialAction\":[{\"@type\":\"ReadAction\",\"target\":[\"https:\/\/www.voustenjeans.com\/fr\/jacob-cohen-j622-nick-slim-3756-a00-38587-2\/\"]}]},{\"@type\":\"ImageObject\",\"inLanguage\":\"fr-FR\",\"@id\":\"https:\/\/www.voustenjeans.com\/fr\/jacob-cohen-j622-nick-slim-3756-a00-38587-2\/#primaryimage\",\"url\":\"https:\/\/www.voustenjeans.com\/wp-content\/uploads\/2023\/06\/jacob_cohen_j622_nick_slim_3756_a00_38587.jpg\",\"contentUrl\":\"https:\/\/www.voustenjeans.com\/wp-content\/uploads\/2023\/06\/jacob_cohen_j622_nick_slim_3756_a00_38587.jpg\",\"width\":800,\"height\":2250},{\"@type\":\"BreadcrumbList\",\"@id\":\"https:\/\/www.voustenjeans.com\/fr\/jacob-cohen-j622-nick-slim-3756-a00-38587-2\/#breadcrumb\",\"itemListElement\":[{\"@type\":\"ListItem\",\"position\":1,\"name\":\"Home\",\"item\":\"https:\/\/www.voustenjeans.com\/fr\/\"},{\"@type\":\"ListItem\",\"position\":2,\"name\":\"Boutique\",\"item\":\"https:\/\/www.voustenjeans.com\/fr\/shop\/\"},{\"@type\":\"ListItem\",\"position\":3,\"name\":\"Jacob Cohen J622 (Nick Slim) 3756 A00 (38587)\"}]},{\"@type\":\"WebSite\",\"@id\":\"https:\/\/www.voustenjeans.com\/en\/#website\",\"url\":\"https:\/\/www.voustenjeans.com\/en\/\",\"name\":\"Vousten Jeans\",\"description\":\"\",\"potentialAction\":[{\"@type\":\"SearchAction\",\"target\":{\"@type\":\"EntryPoint\",\"urlTemplate\":\"https:\/\/www.voustenjeans.com\/en\/?s={search_term_string}\"},\"query-input\":\"required name=search_term_string\"}],\"inLanguage\":\"fr-FR\"}]}<\/script>\n<!-- \/ Yoast SEO plugin. -->","yoast_head_json":{"title":"Jacob Cohen J622 (Nick Slim) 3756 A00 (38587) - Vousten Jeans","robots":{"index":"index","follow":"follow","max-snippet":"max-snippet:-1","max-image-preview":"max-image-preview:large","max-video-preview":"max-video-preview:-1"},"canonical":"https:\/\/www.voustenjeans.com\/fr\/jacob-cohen-j622-nick-slim-3756-a00-38587-2\/","og_locale":"fr_FR","og_type":"article","og_title":"Jacob Cohen J622 (Nick Slim) 3756 A00 (38587) - Vousten Jeans","og_description":"Il s&rsquo;agit d&rsquo;un pantalon en coton moderne et de coupe slim. Pantalon\u00a0extensiblen Hauteur de taille normale Fermeture boutonn\u00e9e Equip\u00e9 d&rsquo;un patch beige Mati\u00e8re : 55% coton, 42% lyocell, 3% \u00e9lasthanne Largeur du pied : 17 cm Longueur de base : 35 pouces (peut varier l\u00e9g\u00e8rement selon le lavage) Ces jeans Jacob Cohen sont fabriqu\u00e9s \u00e0 [...]","og_url":"https:\/\/www.voustenjeans.com\/fr\/jacob-cohen-j622-nick-slim-3756-a00-38587-2\/","og_site_name":"Vousten Jeans","article_modified_time":"2025-10-03T05:02:14+00:00","og_image":[{"width":800,"height":2250,"url":"https:\/\/www.voustenjeans.com\/wp-content\/uploads\/2023\/06\/jacob_cohen_j622_nick_slim_3756_a00_38587.jpg","type":"image\/jpeg"}],"twitter_card":"summary_large_image","schema":{"@context":"https:\/\/schema.org","@graph":[{"@type":"WebPage","@id":"https:\/\/www.voustenjeans.com\/fr\/jacob-cohen-j622-nick-slim-3756-a00-38587-2\/","url":"https:\/\/www.voustenjeans.com\/fr\/jacob-cohen-j622-nick-slim-3756-a00-38587-2\/","name":"Jacob Cohen J622 (Nick Slim) 3756 A00 (38587) - Vousten Jeans","isPartOf":{"@id":"https:\/\/www.voustenjeans.com\/en\/#website"},"primaryImageOfPage":{"@id":"https:\/\/www.voustenjeans.com\/fr\/jacob-cohen-j622-nick-slim-3756-a00-38587-2\/#primaryimage"},"image":{"@id":"https:\/\/www.voustenjeans.com\/fr\/jacob-cohen-j622-nick-slim-3756-a00-38587-2\/#primaryimage"},"thumbnailUrl":"https:\/\/www.voustenjeans.com\/wp-content\/uploads\/2023\/06\/jacob_cohen_j622_nick_slim_3756_a00_38587.jpg","datePublished":"2025-06-03T14:30:22+00:00","dateModified":"2025-10-03T05:02:14+00:00","breadcrumb":{"@id":"https:\/\/www.voustenjeans.com\/fr\/jacob-cohen-j622-nick-slim-3756-a00-38587-2\/#breadcrumb"},"inLanguage":"fr-FR","potentialAction":[{"@type":"ReadAction","target":["https:\/\/www.voustenjeans.com\/fr\/jacob-cohen-j622-nick-slim-3756-a00-38587-2\/"]}]},{"@type":"ImageObject","inLanguage":"fr-FR","@id":"https:\/\/www.voustenjeans.com\/fr\/jacob-cohen-j622-nick-slim-3756-a00-38587-2\/#primaryimage","url":"https:\/\/www.voustenjeans.com\/wp-content\/uploads\/2023\/06\/jacob_cohen_j622_nick_slim_3756_a00_38587.jpg","contentUrl":"https:\/\/www.voustenjeans.com\/wp-content\/uploads\/2023\/06\/jacob_cohen_j622_nick_slim_3756_a00_38587.jpg","width":800,"height":2250},{"@type":"BreadcrumbList","@id":"https:\/\/www.voustenjeans.com\/fr\/jacob-cohen-j622-nick-slim-3756-a00-38587-2\/#breadcrumb","itemListElement":[{"@type":"ListItem","position":1,"name":"Home","item":"https:\/\/www.voustenjeans.com\/fr\/"},{"@type":"ListItem","position":2,"name":"Boutique","item":"https:\/\/www.voustenjeans.com\/fr\/shop\/"},{"@type":"ListItem","position":3,"name":"Jacob Cohen J622 (Nick Slim) 3756 A00 (38587)"}]},{"@type":"WebSite","@id":"https:\/\/www.voustenjeans.com\/en\/#website","url":"https:\/\/www.voustenjeans.com\/en\/","name":"Vousten Jeans","description":"","potentialAction":[{"@type":"SearchAction","target":{"@type":"EntryPoint","urlTemplate":"https:\/\/www.voustenjeans.com\/en\/?s={search_term_string}"},"query-input":"required name=search_term_string"}],"inLanguage":"fr-FR"}]}},"_links":{"self":[{"href":"https:\/\/www.voustenjeans.com\/fr\/wp-json\/wp\/v2\/product\/294848"}],"collection":[{"href":"https:\/\/www.voustenjeans.com\/fr\/wp-json\/wp\/v2\/product"}],"about":[{"href":"https:\/\/www.voustenjeans.com\/fr\/wp-json\/wp\/v2\/types\/product"}],"replies":[{"embeddable":true,"href":"https:\/\/www.voustenjeans.com\/fr\/wp-json\/wp\/v2\/comments?post=294848"}],"wp:featuredmedia":[{"embeddable":true,"href":"https:\/\/www.voustenjeans.com\/fr\/wp-json\/wp\/v2\/media\/285411"}],"wp:attachment":[{"href":"https:\/\/www.voustenjeans.com\/fr\/wp-json\/wp\/v2\/media?parent=294848"}],"wp:term":[{"taxonomy":"product_cat","embeddable":true,"href":"https:\/\/www.voustenjeans.com\/fr\/wp-json\/wp\/v2\/product_cat?post=294848"},{"taxonomy":"product_tag","embeddable":true,"href":"https:\/\/www.voustenjeans.com\/fr\/wp-json\/wp\/v2\/product_tag?post=294848"}],"curies":[{"name":"wp","href":"https:\/\/api.w.org\/{rel}","templated":true}]}}