{"id":292964,"date":"2025-06-03T16:17:12","date_gmt":"2025-06-03T14:17:12","guid":{"rendered":"https:\/\/www.voustenjeans.com\/jacob-cohen-j622-nick-diamond-3623-494d-37278-2\/"},"modified":"2026-02-05T13:42:42","modified_gmt":"2026-02-05T12:42:42","slug":"jacob-cohen-j622-nick-diamond-3623-494d-37278-2","status":"publish","type":"product","link":"https:\/\/www.voustenjeans.com\/fr\/jacob-cohen-j622-nick-diamond-3623-494d-37278-2\/","title":{"rendered":"Jacob Cohen J622 (Nick Slim) DIAMOND 3623 494D (37278)"},"content":{"rendered":"<p>Est un jean moderne et a une coupe slim.<\/p>\n<ul>\n<li><strong>Est le jeans le plus exclusif de la collection Diamond. Le logo sur l&rsquo;ecusson et le boutton est serti de vrais diamants. Chaque micro diamant est serti \u00e1 la main. Ces diamants proviennent de zones exemptes de conflicts et de sources l\u00e9gitimes.<\/strong><\/li>\n<li>jean extensible<\/li>\n<li>Ceinture inf\u00e9rieure (mod\u00e8le hanche)<\/li>\n<li>Fermeture boutonn\u00e9e<\/li>\n<li>\u00c9quip\u00e9 d&rsquo;un patch vert<\/li>\n<li>Composition : 92 % coton, 2 % \u00e9lasthanne, 6 % \u00e9lastomultiester<\/li>\n<li>Largeur pied : 17,5 cm<\/li>\n<li>Longueur de la base : 35 pouces (peut varier l\u00e9g\u00e8rement par lavage)<\/li>\n<li>Ce jean Jacob Cohen est fabriqu\u00e9 \u00e0 la main en V\u00e9n\u00e9tie, dans le nord-est de l&rsquo;Italie<\/li>\n<\/ul>\n<p>Fourni avec une \u00e9charpe assortie gratuite et un fil suppl\u00e9mentaire de la bonne couleur pour le raccourcissement.<\/p>\n","protected":false},"excerpt":{"rendered":"<p>Est un jean moderne et a une coupe slim. Est le jeans le plus exclusif de la collection Diamond. Le logo sur l&rsquo;ecusson et le boutton est serti de vrais diamants. Chaque micro diamant est serti \u00e1 la main. Ces diamants proviennent de zones exemptes de conflicts et de sources l\u00e9gitimes. jean extensible Ceinture inf\u00e9rieure [&#8230;]\n","protected":false},"featured_media":276363,"comment_status":"open","ping_status":"closed","template":"","meta":[],"product_cat":[1516,1564,1580,1642,1650,1663,1136,1420,1476],"product_tag":[],"acf":[],"yoast_head":"<!-- This site is optimized with the Yoast SEO plugin v22.3 - https:\/\/yoast.com\/wordpress\/plugins\/seo\/ -->\n<title>Jacob Cohen J622 (Nick Slim) DIAMOND 3623 494D (37278) - Vousten Jeans<\/title>\n<meta name=\"robots\" content=\"index, follow, max-snippet:-1, max-image-preview:large, max-video-preview:-1\" \/>\n<link rel=\"canonical\" href=\"https:\/\/www.voustenjeans.com\/fr\/jacob-cohen-j622-nick-diamond-3623-494d-37278-2\/\" \/>\n<meta property=\"og:locale\" content=\"fr_FR\" \/>\n<meta property=\"og:type\" content=\"article\" \/>\n<meta property=\"og:title\" content=\"Jacob Cohen J622 (Nick Slim) DIAMOND 3623 494D (37278) - Vousten Jeans\" \/>\n<meta property=\"og:description\" content=\"Est un jean moderne et a une coupe slim. Est le jeans le plus exclusif de la collection Diamond. Le logo sur l&rsquo;ecusson et le boutton est serti de vrais diamants. Chaque micro diamant est serti \u00e1 la main. Ces diamants proviennent de zones exemptes de conflicts et de sources l\u00e9gitimes. jean extensible Ceinture inf\u00e9rieure [...]\" \/>\n<meta property=\"og:url\" content=\"https:\/\/www.voustenjeans.com\/fr\/jacob-cohen-j622-nick-diamond-3623-494d-37278-2\/\" \/>\n<meta property=\"og:site_name\" content=\"Vousten Jeans\" \/>\n<meta property=\"article:modified_time\" content=\"2026-02-05T12:42:42+00:00\" \/>\n<meta property=\"og:image\" content=\"https:\/\/www.voustenjeans.com\/wp-content\/uploads\/2023\/06\/jacob_cohen_37278_front.jpg\" \/>\n\t<meta property=\"og:image:width\" content=\"800\" \/>\n\t<meta property=\"og:image:height\" content=\"2250\" \/>\n\t<meta property=\"og:image:type\" content=\"image\/jpeg\" \/>\n<meta name=\"twitter:card\" content=\"summary_large_image\" \/>\n<meta name=\"twitter:label1\" content=\"Est. reading time\" \/>\n\t<meta name=\"twitter:data1\" content=\"1 minute\" \/>\n<script type=\"application\/ld+json\" class=\"yoast-schema-graph\">{\"@context\":\"https:\/\/schema.org\",\"@graph\":[{\"@type\":\"WebPage\",\"@id\":\"https:\/\/www.voustenjeans.com\/fr\/jacob-cohen-j622-nick-diamond-3623-494d-37278-2\/\",\"url\":\"https:\/\/www.voustenjeans.com\/fr\/jacob-cohen-j622-nick-diamond-3623-494d-37278-2\/\",\"name\":\"Jacob Cohen J622 (Nick Slim) DIAMOND 3623 494D (37278) - Vousten Jeans\",\"isPartOf\":{\"@id\":\"https:\/\/www.voustenjeans.com\/en\/#website\"},\"primaryImageOfPage\":{\"@id\":\"https:\/\/www.voustenjeans.com\/fr\/jacob-cohen-j622-nick-diamond-3623-494d-37278-2\/#primaryimage\"},\"image\":{\"@id\":\"https:\/\/www.voustenjeans.com\/fr\/jacob-cohen-j622-nick-diamond-3623-494d-37278-2\/#primaryimage\"},\"thumbnailUrl\":\"https:\/\/www.voustenjeans.com\/wp-content\/uploads\/2023\/06\/jacob_cohen_37278_front.jpg\",\"datePublished\":\"2025-06-03T14:17:12+00:00\",\"dateModified\":\"2026-02-05T12:42:42+00:00\",\"breadcrumb\":{\"@id\":\"https:\/\/www.voustenjeans.com\/fr\/jacob-cohen-j622-nick-diamond-3623-494d-37278-2\/#breadcrumb\"},\"inLanguage\":\"fr-FR\",\"potentialAction\":[{\"@type\":\"ReadAction\",\"target\":[\"https:\/\/www.voustenjeans.com\/fr\/jacob-cohen-j622-nick-diamond-3623-494d-37278-2\/\"]}]},{\"@type\":\"ImageObject\",\"inLanguage\":\"fr-FR\",\"@id\":\"https:\/\/www.voustenjeans.com\/fr\/jacob-cohen-j622-nick-diamond-3623-494d-37278-2\/#primaryimage\",\"url\":\"https:\/\/www.voustenjeans.com\/wp-content\/uploads\/2023\/06\/jacob_cohen_37278_front.jpg\",\"contentUrl\":\"https:\/\/www.voustenjeans.com\/wp-content\/uploads\/2023\/06\/jacob_cohen_37278_front.jpg\",\"width\":800,\"height\":2250},{\"@type\":\"BreadcrumbList\",\"@id\":\"https:\/\/www.voustenjeans.com\/fr\/jacob-cohen-j622-nick-diamond-3623-494d-37278-2\/#breadcrumb\",\"itemListElement\":[{\"@type\":\"ListItem\",\"position\":1,\"name\":\"Home\",\"item\":\"https:\/\/www.voustenjeans.com\/fr\/\"},{\"@type\":\"ListItem\",\"position\":2,\"name\":\"Boutique\",\"item\":\"https:\/\/www.voustenjeans.com\/fr\/shop\/\"},{\"@type\":\"ListItem\",\"position\":3,\"name\":\"Jacob Cohen J622 (Nick Slim) DIAMOND 3623 494D (37278)\"}]},{\"@type\":\"WebSite\",\"@id\":\"https:\/\/www.voustenjeans.com\/en\/#website\",\"url\":\"https:\/\/www.voustenjeans.com\/en\/\",\"name\":\"Vousten Jeans\",\"description\":\"\",\"potentialAction\":[{\"@type\":\"SearchAction\",\"target\":{\"@type\":\"EntryPoint\",\"urlTemplate\":\"https:\/\/www.voustenjeans.com\/en\/?s={search_term_string}\"},\"query-input\":\"required name=search_term_string\"}],\"inLanguage\":\"fr-FR\"}]}<\/script>\n<!-- \/ Yoast SEO plugin. -->","yoast_head_json":{"title":"Jacob Cohen J622 (Nick Slim) DIAMOND 3623 494D (37278) - Vousten Jeans","robots":{"index":"index","follow":"follow","max-snippet":"max-snippet:-1","max-image-preview":"max-image-preview:large","max-video-preview":"max-video-preview:-1"},"canonical":"https:\/\/www.voustenjeans.com\/fr\/jacob-cohen-j622-nick-diamond-3623-494d-37278-2\/","og_locale":"fr_FR","og_type":"article","og_title":"Jacob Cohen J622 (Nick Slim) DIAMOND 3623 494D (37278) - Vousten Jeans","og_description":"Est un jean moderne et a une coupe slim. Est le jeans le plus exclusif de la collection Diamond. Le logo sur l&rsquo;ecusson et le boutton est serti de vrais diamants. Chaque micro diamant est serti \u00e1 la main. Ces diamants proviennent de zones exemptes de conflicts et de sources l\u00e9gitimes. jean extensible Ceinture inf\u00e9rieure [...]","og_url":"https:\/\/www.voustenjeans.com\/fr\/jacob-cohen-j622-nick-diamond-3623-494d-37278-2\/","og_site_name":"Vousten Jeans","article_modified_time":"2026-02-05T12:42:42+00:00","og_image":[{"width":800,"height":2250,"url":"https:\/\/www.voustenjeans.com\/wp-content\/uploads\/2023\/06\/jacob_cohen_37278_front.jpg","type":"image\/jpeg"}],"twitter_card":"summary_large_image","twitter_misc":{"Est. reading time":"1 minute"},"schema":{"@context":"https:\/\/schema.org","@graph":[{"@type":"WebPage","@id":"https:\/\/www.voustenjeans.com\/fr\/jacob-cohen-j622-nick-diamond-3623-494d-37278-2\/","url":"https:\/\/www.voustenjeans.com\/fr\/jacob-cohen-j622-nick-diamond-3623-494d-37278-2\/","name":"Jacob Cohen J622 (Nick Slim) DIAMOND 3623 494D (37278) - Vousten Jeans","isPartOf":{"@id":"https:\/\/www.voustenjeans.com\/en\/#website"},"primaryImageOfPage":{"@id":"https:\/\/www.voustenjeans.com\/fr\/jacob-cohen-j622-nick-diamond-3623-494d-37278-2\/#primaryimage"},"image":{"@id":"https:\/\/www.voustenjeans.com\/fr\/jacob-cohen-j622-nick-diamond-3623-494d-37278-2\/#primaryimage"},"thumbnailUrl":"https:\/\/www.voustenjeans.com\/wp-content\/uploads\/2023\/06\/jacob_cohen_37278_front.jpg","datePublished":"2025-06-03T14:17:12+00:00","dateModified":"2026-02-05T12:42:42+00:00","breadcrumb":{"@id":"https:\/\/www.voustenjeans.com\/fr\/jacob-cohen-j622-nick-diamond-3623-494d-37278-2\/#breadcrumb"},"inLanguage":"fr-FR","potentialAction":[{"@type":"ReadAction","target":["https:\/\/www.voustenjeans.com\/fr\/jacob-cohen-j622-nick-diamond-3623-494d-37278-2\/"]}]},{"@type":"ImageObject","inLanguage":"fr-FR","@id":"https:\/\/www.voustenjeans.com\/fr\/jacob-cohen-j622-nick-diamond-3623-494d-37278-2\/#primaryimage","url":"https:\/\/www.voustenjeans.com\/wp-content\/uploads\/2023\/06\/jacob_cohen_37278_front.jpg","contentUrl":"https:\/\/www.voustenjeans.com\/wp-content\/uploads\/2023\/06\/jacob_cohen_37278_front.jpg","width":800,"height":2250},{"@type":"BreadcrumbList","@id":"https:\/\/www.voustenjeans.com\/fr\/jacob-cohen-j622-nick-diamond-3623-494d-37278-2\/#breadcrumb","itemListElement":[{"@type":"ListItem","position":1,"name":"Home","item":"https:\/\/www.voustenjeans.com\/fr\/"},{"@type":"ListItem","position":2,"name":"Boutique","item":"https:\/\/www.voustenjeans.com\/fr\/shop\/"},{"@type":"ListItem","position":3,"name":"Jacob Cohen J622 (Nick Slim) DIAMOND 3623 494D (37278)"}]},{"@type":"WebSite","@id":"https:\/\/www.voustenjeans.com\/en\/#website","url":"https:\/\/www.voustenjeans.com\/en\/","name":"Vousten Jeans","description":"","potentialAction":[{"@type":"SearchAction","target":{"@type":"EntryPoint","urlTemplate":"https:\/\/www.voustenjeans.com\/en\/?s={search_term_string}"},"query-input":"required name=search_term_string"}],"inLanguage":"fr-FR"}]}},"_links":{"self":[{"href":"https:\/\/www.voustenjeans.com\/fr\/wp-json\/wp\/v2\/product\/292964"}],"collection":[{"href":"https:\/\/www.voustenjeans.com\/fr\/wp-json\/wp\/v2\/product"}],"about":[{"href":"https:\/\/www.voustenjeans.com\/fr\/wp-json\/wp\/v2\/types\/product"}],"replies":[{"embeddable":true,"href":"https:\/\/www.voustenjeans.com\/fr\/wp-json\/wp\/v2\/comments?post=292964"}],"wp:featuredmedia":[{"embeddable":true,"href":"https:\/\/www.voustenjeans.com\/fr\/wp-json\/wp\/v2\/media\/276363"}],"wp:attachment":[{"href":"https:\/\/www.voustenjeans.com\/fr\/wp-json\/wp\/v2\/media?parent=292964"}],"wp:term":[{"taxonomy":"product_cat","embeddable":true,"href":"https:\/\/www.voustenjeans.com\/fr\/wp-json\/wp\/v2\/product_cat?post=292964"},{"taxonomy":"product_tag","embeddable":true,"href":"https:\/\/www.voustenjeans.com\/fr\/wp-json\/wp\/v2\/product_tag?post=292964"}],"curies":[{"name":"wp","href":"https:\/\/api.w.org\/{rel}","templated":true}]}}