{"id":291842,"date":"2025-06-03T16:08:15","date_gmt":"2025-06-03T14:08:15","guid":{"rendered":"https:\/\/www.voustenjeans.com\/jacob-cohen-j622-nick-slim-36277\/"},"modified":"2025-10-01T22:46:13","modified_gmt":"2025-10-01T20:46:13","slug":"jacob-cohen-j622-nick-slim-36277","status":"publish","type":"product","link":"https:\/\/www.voustenjeans.com\/fr\/jacob-cohen-j622-nick-slim-36277\/","title":{"rendered":"Jacob Coh\u00ebn J622 (Nick Slim) (36277)"},"content":{"rendered":"<div>\n<div>Est un jean moderne et a une coupe mince.\u00a0<\/div>\n<ul>\n<li>Jeans stretch<\/li>\n<li>Ceinture inf\u00e9rieure (mod\u00e8le de hanche)<\/li>\n<li>Fermeture du bouton<\/li>\n<li>Equip\u00e9 d\u2019une tache bleu fonc\u00e9<\/li>\n<li>Mat\u00e9riel: 98% coton, 2% \u00e9lasthanne<\/li>\n<li>Largeur du pied: 17\u00a0cm<\/li>\n<li>Longueur de base: 35 pouces (peut varier l\u00e9g\u00e8rement selon le lavage)<\/li>\n<li>Ces jeans Jacob Cohen sont fabriqu\u00e9s \u00e0 la main en V\u00e9n\u00e9tie, dans le nord-est de l\u2019Italie<\/li>\n<\/ul>\n<div>Fourni avec une \u00e9charpe assortie gratuite et du fil suppl\u00e9mentaire dans la bonne couleur, pour le raccourcissement.<\/div>\n<\/div>\n","protected":false},"excerpt":{"rendered":"<p>Est un jean moderne et a une coupe mince.\u00a0 Jeans stretch Ceinture inf\u00e9rieure (mod\u00e8le de hanche) Fermeture du bouton Equip\u00e9 d\u2019une tache bleu fonc\u00e9 Mat\u00e9riel: 98% coton, 2% \u00e9lasthanne Largeur du pied: 17\u00a0cm Longueur de base: 35 pouces (peut varier l\u00e9g\u00e8rement selon le lavage) Ces jeans Jacob Cohen sont fabriqu\u00e9s \u00e0 la main en V\u00e9n\u00e9tie, [&#8230;]\n","protected":false},"featured_media":270059,"comment_status":"open","ping_status":"closed","template":"","meta":[],"product_cat":[1580,1642,1650,1663,1136,1420,1476],"product_tag":[],"acf":[],"yoast_head":"<!-- This site is optimized with the Yoast SEO plugin v22.3 - https:\/\/yoast.com\/wordpress\/plugins\/seo\/ -->\n<title>Jacob Coh\u00ebn J622 (Nick Slim) (36277) - Vousten Jeans<\/title>\n<meta name=\"robots\" content=\"index, follow, max-snippet:-1, max-image-preview:large, max-video-preview:-1\" \/>\n<link rel=\"canonical\" href=\"https:\/\/www.voustenjeans.com\/fr\/jacob-cohen-j622-nick-slim-36277\/\" \/>\n<meta property=\"og:locale\" content=\"fr_FR\" \/>\n<meta property=\"og:type\" content=\"article\" \/>\n<meta property=\"og:title\" content=\"Jacob Coh\u00ebn J622 (Nick Slim) (36277) - Vousten Jeans\" \/>\n<meta property=\"og:description\" content=\"Est un jean moderne et a une coupe mince.\u00a0 Jeans stretch Ceinture inf\u00e9rieure (mod\u00e8le de hanche) Fermeture du bouton Equip\u00e9 d\u2019une tache bleu fonc\u00e9 Mat\u00e9riel: 98% coton, 2% \u00e9lasthanne Largeur du pied: 17\u00a0cm Longueur de base: 35 pouces (peut varier l\u00e9g\u00e8rement selon le lavage) Ces jeans Jacob Cohen sont fabriqu\u00e9s \u00e0 la main en V\u00e9n\u00e9tie, [...]\" \/>\n<meta property=\"og:url\" content=\"https:\/\/www.voustenjeans.com\/fr\/jacob-cohen-j622-nick-slim-36277\/\" \/>\n<meta property=\"og:site_name\" content=\"Vousten Jeans\" \/>\n<meta property=\"article:modified_time\" content=\"2025-10-01T20:46:13+00:00\" \/>\n<meta property=\"og:image\" content=\"https:\/\/www.voustenjeans.com\/wp-content\/uploads\/2023\/06\/36277_1_0.jpg\" \/>\n\t<meta property=\"og:image:width\" content=\"1363\" \/>\n\t<meta property=\"og:image:height\" content=\"2048\" \/>\n\t<meta property=\"og:image:type\" content=\"image\/jpeg\" \/>\n<meta name=\"twitter:card\" content=\"summary_large_image\" \/>\n<script type=\"application\/ld+json\" class=\"yoast-schema-graph\">{\"@context\":\"https:\/\/schema.org\",\"@graph\":[{\"@type\":\"WebPage\",\"@id\":\"https:\/\/www.voustenjeans.com\/fr\/jacob-cohen-j622-nick-slim-36277\/\",\"url\":\"https:\/\/www.voustenjeans.com\/fr\/jacob-cohen-j622-nick-slim-36277\/\",\"name\":\"Jacob Coh\u00ebn J622 (Nick Slim) (36277) - Vousten Jeans\",\"isPartOf\":{\"@id\":\"https:\/\/www.voustenjeans.com\/en\/#website\"},\"primaryImageOfPage\":{\"@id\":\"https:\/\/www.voustenjeans.com\/fr\/jacob-cohen-j622-nick-slim-36277\/#primaryimage\"},\"image\":{\"@id\":\"https:\/\/www.voustenjeans.com\/fr\/jacob-cohen-j622-nick-slim-36277\/#primaryimage\"},\"thumbnailUrl\":\"https:\/\/www.voustenjeans.com\/wp-content\/uploads\/2023\/06\/36277_1_0.jpg\",\"datePublished\":\"2025-06-03T14:08:15+00:00\",\"dateModified\":\"2025-10-01T20:46:13+00:00\",\"breadcrumb\":{\"@id\":\"https:\/\/www.voustenjeans.com\/fr\/jacob-cohen-j622-nick-slim-36277\/#breadcrumb\"},\"inLanguage\":\"fr-FR\",\"potentialAction\":[{\"@type\":\"ReadAction\",\"target\":[\"https:\/\/www.voustenjeans.com\/fr\/jacob-cohen-j622-nick-slim-36277\/\"]}]},{\"@type\":\"ImageObject\",\"inLanguage\":\"fr-FR\",\"@id\":\"https:\/\/www.voustenjeans.com\/fr\/jacob-cohen-j622-nick-slim-36277\/#primaryimage\",\"url\":\"https:\/\/www.voustenjeans.com\/wp-content\/uploads\/2023\/06\/36277_1_0.jpg\",\"contentUrl\":\"https:\/\/www.voustenjeans.com\/wp-content\/uploads\/2023\/06\/36277_1_0.jpg\",\"width\":1363,\"height\":2048},{\"@type\":\"BreadcrumbList\",\"@id\":\"https:\/\/www.voustenjeans.com\/fr\/jacob-cohen-j622-nick-slim-36277\/#breadcrumb\",\"itemListElement\":[{\"@type\":\"ListItem\",\"position\":1,\"name\":\"Home\",\"item\":\"https:\/\/www.voustenjeans.com\/fr\/\"},{\"@type\":\"ListItem\",\"position\":2,\"name\":\"Boutique\",\"item\":\"https:\/\/www.voustenjeans.com\/fr\/shop\/\"},{\"@type\":\"ListItem\",\"position\":3,\"name\":\"Jacob Coh\u00ebn J622 (Nick Slim) (36277)\"}]},{\"@type\":\"WebSite\",\"@id\":\"https:\/\/www.voustenjeans.com\/en\/#website\",\"url\":\"https:\/\/www.voustenjeans.com\/en\/\",\"name\":\"Vousten Jeans\",\"description\":\"\",\"potentialAction\":[{\"@type\":\"SearchAction\",\"target\":{\"@type\":\"EntryPoint\",\"urlTemplate\":\"https:\/\/www.voustenjeans.com\/en\/?s={search_term_string}\"},\"query-input\":\"required name=search_term_string\"}],\"inLanguage\":\"fr-FR\"}]}<\/script>\n<!-- \/ Yoast SEO plugin. -->","yoast_head_json":{"title":"Jacob Coh\u00ebn J622 (Nick Slim) (36277) - Vousten Jeans","robots":{"index":"index","follow":"follow","max-snippet":"max-snippet:-1","max-image-preview":"max-image-preview:large","max-video-preview":"max-video-preview:-1"},"canonical":"https:\/\/www.voustenjeans.com\/fr\/jacob-cohen-j622-nick-slim-36277\/","og_locale":"fr_FR","og_type":"article","og_title":"Jacob Coh\u00ebn J622 (Nick Slim) (36277) - Vousten Jeans","og_description":"Est un jean moderne et a une coupe mince.\u00a0 Jeans stretch Ceinture inf\u00e9rieure (mod\u00e8le de hanche) Fermeture du bouton Equip\u00e9 d\u2019une tache bleu fonc\u00e9 Mat\u00e9riel: 98% coton, 2% \u00e9lasthanne Largeur du pied: 17\u00a0cm Longueur de base: 35 pouces (peut varier l\u00e9g\u00e8rement selon le lavage) Ces jeans Jacob Cohen sont fabriqu\u00e9s \u00e0 la main en V\u00e9n\u00e9tie, [...]","og_url":"https:\/\/www.voustenjeans.com\/fr\/jacob-cohen-j622-nick-slim-36277\/","og_site_name":"Vousten Jeans","article_modified_time":"2025-10-01T20:46:13+00:00","og_image":[{"width":1363,"height":2048,"url":"https:\/\/www.voustenjeans.com\/wp-content\/uploads\/2023\/06\/36277_1_0.jpg","type":"image\/jpeg"}],"twitter_card":"summary_large_image","schema":{"@context":"https:\/\/schema.org","@graph":[{"@type":"WebPage","@id":"https:\/\/www.voustenjeans.com\/fr\/jacob-cohen-j622-nick-slim-36277\/","url":"https:\/\/www.voustenjeans.com\/fr\/jacob-cohen-j622-nick-slim-36277\/","name":"Jacob Coh\u00ebn J622 (Nick Slim) (36277) - Vousten Jeans","isPartOf":{"@id":"https:\/\/www.voustenjeans.com\/en\/#website"},"primaryImageOfPage":{"@id":"https:\/\/www.voustenjeans.com\/fr\/jacob-cohen-j622-nick-slim-36277\/#primaryimage"},"image":{"@id":"https:\/\/www.voustenjeans.com\/fr\/jacob-cohen-j622-nick-slim-36277\/#primaryimage"},"thumbnailUrl":"https:\/\/www.voustenjeans.com\/wp-content\/uploads\/2023\/06\/36277_1_0.jpg","datePublished":"2025-06-03T14:08:15+00:00","dateModified":"2025-10-01T20:46:13+00:00","breadcrumb":{"@id":"https:\/\/www.voustenjeans.com\/fr\/jacob-cohen-j622-nick-slim-36277\/#breadcrumb"},"inLanguage":"fr-FR","potentialAction":[{"@type":"ReadAction","target":["https:\/\/www.voustenjeans.com\/fr\/jacob-cohen-j622-nick-slim-36277\/"]}]},{"@type":"ImageObject","inLanguage":"fr-FR","@id":"https:\/\/www.voustenjeans.com\/fr\/jacob-cohen-j622-nick-slim-36277\/#primaryimage","url":"https:\/\/www.voustenjeans.com\/wp-content\/uploads\/2023\/06\/36277_1_0.jpg","contentUrl":"https:\/\/www.voustenjeans.com\/wp-content\/uploads\/2023\/06\/36277_1_0.jpg","width":1363,"height":2048},{"@type":"BreadcrumbList","@id":"https:\/\/www.voustenjeans.com\/fr\/jacob-cohen-j622-nick-slim-36277\/#breadcrumb","itemListElement":[{"@type":"ListItem","position":1,"name":"Home","item":"https:\/\/www.voustenjeans.com\/fr\/"},{"@type":"ListItem","position":2,"name":"Boutique","item":"https:\/\/www.voustenjeans.com\/fr\/shop\/"},{"@type":"ListItem","position":3,"name":"Jacob Coh\u00ebn J622 (Nick Slim) (36277)"}]},{"@type":"WebSite","@id":"https:\/\/www.voustenjeans.com\/en\/#website","url":"https:\/\/www.voustenjeans.com\/en\/","name":"Vousten Jeans","description":"","potentialAction":[{"@type":"SearchAction","target":{"@type":"EntryPoint","urlTemplate":"https:\/\/www.voustenjeans.com\/en\/?s={search_term_string}"},"query-input":"required name=search_term_string"}],"inLanguage":"fr-FR"}]}},"_links":{"self":[{"href":"https:\/\/www.voustenjeans.com\/fr\/wp-json\/wp\/v2\/product\/291842"}],"collection":[{"href":"https:\/\/www.voustenjeans.com\/fr\/wp-json\/wp\/v2\/product"}],"about":[{"href":"https:\/\/www.voustenjeans.com\/fr\/wp-json\/wp\/v2\/types\/product"}],"replies":[{"embeddable":true,"href":"https:\/\/www.voustenjeans.com\/fr\/wp-json\/wp\/v2\/comments?post=291842"}],"wp:featuredmedia":[{"embeddable":true,"href":"https:\/\/www.voustenjeans.com\/fr\/wp-json\/wp\/v2\/media\/270059"}],"wp:attachment":[{"href":"https:\/\/www.voustenjeans.com\/fr\/wp-json\/wp\/v2\/media?parent=291842"}],"wp:term":[{"taxonomy":"product_cat","embeddable":true,"href":"https:\/\/www.voustenjeans.com\/fr\/wp-json\/wp\/v2\/product_cat?post=291842"},{"taxonomy":"product_tag","embeddable":true,"href":"https:\/\/www.voustenjeans.com\/fr\/wp-json\/wp\/v2\/product_tag?post=291842"}],"curies":[{"name":"wp","href":"https:\/\/api.w.org\/{rel}","templated":true}]}}