{"id":291500,"date":"2025-06-03T16:05:31","date_gmt":"2025-06-03T14:05:31","guid":{"rendered":"https:\/\/www.voustenjeans.com\/jacob-cohen-j622-nick-slim-special-35673-2\/"},"modified":"2025-10-01T19:50:10","modified_gmt":"2025-10-01T17:50:10","slug":"jacob-cohen-j622-nick-slim-special-35673-2","status":"publish","type":"product","link":"https:\/\/www.voustenjeans.com\/fr\/jacob-cohen-j622-nick-slim-special-35673-2\/","title":{"rendered":"Jacob Coh\u00ebn J622 (Nick Slim) Special (35673)"},"content":{"rendered":"<p>Est un jean moderne et a une coupe slim.<\/p>\n<ul>\n<li>Est un jeans exclusif\u00a0<strong>(Sp\u00e9cial)<\/strong><\/li>\n<li><strong>\u200bEst un jeans plus luxueux que l&rsquo;\u00c9diton Limit\u00e9e<\/strong><\/li>\n<li>Jean extensible<\/li>\n<li>Hauteur de taille normale (style taille)<\/li>\n<li>Fermeture boutonn\u00e9e<\/li>\n<li>\u00c9quip\u00e9 d&rsquo;un patch cuir de galuchat bleu (amovible)<\/li>\n<li>Composition : 92 % coton, 6 % \u00e9lastomultiester, 2 % \u00e9lasthanne<\/li>\n<li>Largeur pied : 17-18\u00a0cm<\/li>\n<li>Longueur de la base : 35 pouces (peut varier l\u00e9g\u00e8rement par lavage)<\/li>\n<li>Ce jean Jacob Cohen est fabriqu\u00e9 \u00e0 la main en V\u00e9n\u00e9tie, dans le nord-est de l&rsquo;Italie<\/li>\n<\/ul>\n<p>Les patchs des pantalons Special sont compos\u00e9s, entre autres, de cuir de galuchat, de cuir de crocodile ou de cuir d&rsquo;iguane. Le patch amovible rend le pantalon facile \u00e0 laver et il est possible de changer les patchs. Les jeans qui entrent dans la cat\u00e9gorie sp\u00e9ciale sont dans une gamme de prix plus \u00e9lev\u00e9e que les \u00e9ditions limit\u00e9es car ils sont plus luxueux dans leur ex\u00e9cution.<\/p>\n<p>Fourni avec une \u00e9charpe assortie gratuite et un fil suppl\u00e9mentaire de la bonne couleur pour le raccourcissement<\/p>\n","protected":false},"excerpt":{"rendered":"<p>Est un jean moderne et a une coupe slim. Est un jeans exclusif\u00a0(Sp\u00e9cial) \u200bEst un jeans plus luxueux que l&rsquo;\u00c9diton Limit\u00e9e Jean extensible Hauteur de taille normale (style taille) Fermeture boutonn\u00e9e \u00c9quip\u00e9 d&rsquo;un patch cuir de galuchat bleu (amovible) Composition : 92 % coton, 6 % \u00e9lastomultiester, 2 % \u00e9lasthanne Largeur pied : 17-18\u00a0cm Longueur [&#8230;]\n","protected":false},"featured_media":266931,"comment_status":"open","ping_status":"closed","template":"","meta":[],"product_cat":[1663,1136,1420,1476,1564,1580,1642,1650],"product_tag":[],"acf":[],"yoast_head":"<!-- This site is optimized with the Yoast SEO plugin v22.3 - https:\/\/yoast.com\/wordpress\/plugins\/seo\/ -->\n<title>Jacob Coh\u00ebn J622 (Nick Slim) Special (35673) - Vousten Jeans<\/title>\n<meta name=\"robots\" content=\"index, follow, max-snippet:-1, max-image-preview:large, max-video-preview:-1\" \/>\n<link rel=\"canonical\" href=\"https:\/\/www.voustenjeans.com\/fr\/jacob-cohen-j622-nick-slim-special-35673-2\/\" \/>\n<meta property=\"og:locale\" content=\"fr_FR\" \/>\n<meta property=\"og:type\" content=\"article\" \/>\n<meta property=\"og:title\" content=\"Jacob Coh\u00ebn J622 (Nick Slim) Special (35673) - Vousten Jeans\" \/>\n<meta property=\"og:description\" content=\"Est un jean moderne et a une coupe slim. Est un jeans exclusif\u00a0(Sp\u00e9cial) \u200bEst un jeans plus luxueux que l&rsquo;\u00c9diton Limit\u00e9e Jean extensible Hauteur de taille normale (style taille) Fermeture boutonn\u00e9e \u00c9quip\u00e9 d&rsquo;un patch cuir de galuchat bleu (amovible) Composition : 92 % coton, 6 % \u00e9lastomultiester, 2 % \u00e9lasthanne Largeur pied : 17-18\u00a0cm Longueur [...]\" \/>\n<meta property=\"og:url\" content=\"https:\/\/www.voustenjeans.com\/fr\/jacob-cohen-j622-nick-slim-special-35673-2\/\" \/>\n<meta property=\"og:site_name\" content=\"Vousten Jeans\" \/>\n<meta property=\"article:modified_time\" content=\"2025-10-01T17:50:10+00:00\" \/>\n<meta property=\"og:image\" content=\"https:\/\/www.voustenjeans.com\/wp-content\/uploads\/2023\/06\/dsc_0343-2_0.jpg\" \/>\n\t<meta property=\"og:image:width\" content=\"1365\" \/>\n\t<meta property=\"og:image:height\" content=\"2048\" \/>\n\t<meta property=\"og:image:type\" content=\"image\/jpeg\" \/>\n<meta name=\"twitter:card\" content=\"summary_large_image\" \/>\n<meta name=\"twitter:label1\" content=\"Est. reading time\" \/>\n\t<meta name=\"twitter:data1\" content=\"1 minute\" \/>\n<script type=\"application\/ld+json\" class=\"yoast-schema-graph\">{\"@context\":\"https:\/\/schema.org\",\"@graph\":[{\"@type\":\"WebPage\",\"@id\":\"https:\/\/www.voustenjeans.com\/fr\/jacob-cohen-j622-nick-slim-special-35673-2\/\",\"url\":\"https:\/\/www.voustenjeans.com\/fr\/jacob-cohen-j622-nick-slim-special-35673-2\/\",\"name\":\"Jacob Coh\u00ebn J622 (Nick Slim) Special (35673) - Vousten Jeans\",\"isPartOf\":{\"@id\":\"https:\/\/www.voustenjeans.com\/en\/#website\"},\"primaryImageOfPage\":{\"@id\":\"https:\/\/www.voustenjeans.com\/fr\/jacob-cohen-j622-nick-slim-special-35673-2\/#primaryimage\"},\"image\":{\"@id\":\"https:\/\/www.voustenjeans.com\/fr\/jacob-cohen-j622-nick-slim-special-35673-2\/#primaryimage\"},\"thumbnailUrl\":\"https:\/\/www.voustenjeans.com\/wp-content\/uploads\/2023\/06\/dsc_0343-2_0.jpg\",\"datePublished\":\"2025-06-03T14:05:31+00:00\",\"dateModified\":\"2025-10-01T17:50:10+00:00\",\"breadcrumb\":{\"@id\":\"https:\/\/www.voustenjeans.com\/fr\/jacob-cohen-j622-nick-slim-special-35673-2\/#breadcrumb\"},\"inLanguage\":\"fr-FR\",\"potentialAction\":[{\"@type\":\"ReadAction\",\"target\":[\"https:\/\/www.voustenjeans.com\/fr\/jacob-cohen-j622-nick-slim-special-35673-2\/\"]}]},{\"@type\":\"ImageObject\",\"inLanguage\":\"fr-FR\",\"@id\":\"https:\/\/www.voustenjeans.com\/fr\/jacob-cohen-j622-nick-slim-special-35673-2\/#primaryimage\",\"url\":\"https:\/\/www.voustenjeans.com\/wp-content\/uploads\/2023\/06\/dsc_0343-2_0.jpg\",\"contentUrl\":\"https:\/\/www.voustenjeans.com\/wp-content\/uploads\/2023\/06\/dsc_0343-2_0.jpg\",\"width\":1365,\"height\":2048},{\"@type\":\"BreadcrumbList\",\"@id\":\"https:\/\/www.voustenjeans.com\/fr\/jacob-cohen-j622-nick-slim-special-35673-2\/#breadcrumb\",\"itemListElement\":[{\"@type\":\"ListItem\",\"position\":1,\"name\":\"Home\",\"item\":\"https:\/\/www.voustenjeans.com\/fr\/\"},{\"@type\":\"ListItem\",\"position\":2,\"name\":\"Boutique\",\"item\":\"https:\/\/www.voustenjeans.com\/fr\/shop\/\"},{\"@type\":\"ListItem\",\"position\":3,\"name\":\"Jacob Coh\u00ebn J622 (Nick Slim) Special (35673)\"}]},{\"@type\":\"WebSite\",\"@id\":\"https:\/\/www.voustenjeans.com\/en\/#website\",\"url\":\"https:\/\/www.voustenjeans.com\/en\/\",\"name\":\"Vousten Jeans\",\"description\":\"\",\"potentialAction\":[{\"@type\":\"SearchAction\",\"target\":{\"@type\":\"EntryPoint\",\"urlTemplate\":\"https:\/\/www.voustenjeans.com\/en\/?s={search_term_string}\"},\"query-input\":\"required name=search_term_string\"}],\"inLanguage\":\"fr-FR\"}]}<\/script>\n<!-- \/ Yoast SEO plugin. -->","yoast_head_json":{"title":"Jacob Coh\u00ebn J622 (Nick Slim) Special (35673) - Vousten Jeans","robots":{"index":"index","follow":"follow","max-snippet":"max-snippet:-1","max-image-preview":"max-image-preview:large","max-video-preview":"max-video-preview:-1"},"canonical":"https:\/\/www.voustenjeans.com\/fr\/jacob-cohen-j622-nick-slim-special-35673-2\/","og_locale":"fr_FR","og_type":"article","og_title":"Jacob Coh\u00ebn J622 (Nick Slim) Special (35673) - Vousten Jeans","og_description":"Est un jean moderne et a une coupe slim. Est un jeans exclusif\u00a0(Sp\u00e9cial) \u200bEst un jeans plus luxueux que l&rsquo;\u00c9diton Limit\u00e9e Jean extensible Hauteur de taille normale (style taille) Fermeture boutonn\u00e9e \u00c9quip\u00e9 d&rsquo;un patch cuir de galuchat bleu (amovible) Composition : 92 % coton, 6 % \u00e9lastomultiester, 2 % \u00e9lasthanne Largeur pied : 17-18\u00a0cm Longueur [...]","og_url":"https:\/\/www.voustenjeans.com\/fr\/jacob-cohen-j622-nick-slim-special-35673-2\/","og_site_name":"Vousten Jeans","article_modified_time":"2025-10-01T17:50:10+00:00","og_image":[{"width":1365,"height":2048,"url":"https:\/\/www.voustenjeans.com\/wp-content\/uploads\/2023\/06\/dsc_0343-2_0.jpg","type":"image\/jpeg"}],"twitter_card":"summary_large_image","twitter_misc":{"Est. reading time":"1 minute"},"schema":{"@context":"https:\/\/schema.org","@graph":[{"@type":"WebPage","@id":"https:\/\/www.voustenjeans.com\/fr\/jacob-cohen-j622-nick-slim-special-35673-2\/","url":"https:\/\/www.voustenjeans.com\/fr\/jacob-cohen-j622-nick-slim-special-35673-2\/","name":"Jacob Coh\u00ebn J622 (Nick Slim) Special (35673) - Vousten Jeans","isPartOf":{"@id":"https:\/\/www.voustenjeans.com\/en\/#website"},"primaryImageOfPage":{"@id":"https:\/\/www.voustenjeans.com\/fr\/jacob-cohen-j622-nick-slim-special-35673-2\/#primaryimage"},"image":{"@id":"https:\/\/www.voustenjeans.com\/fr\/jacob-cohen-j622-nick-slim-special-35673-2\/#primaryimage"},"thumbnailUrl":"https:\/\/www.voustenjeans.com\/wp-content\/uploads\/2023\/06\/dsc_0343-2_0.jpg","datePublished":"2025-06-03T14:05:31+00:00","dateModified":"2025-10-01T17:50:10+00:00","breadcrumb":{"@id":"https:\/\/www.voustenjeans.com\/fr\/jacob-cohen-j622-nick-slim-special-35673-2\/#breadcrumb"},"inLanguage":"fr-FR","potentialAction":[{"@type":"ReadAction","target":["https:\/\/www.voustenjeans.com\/fr\/jacob-cohen-j622-nick-slim-special-35673-2\/"]}]},{"@type":"ImageObject","inLanguage":"fr-FR","@id":"https:\/\/www.voustenjeans.com\/fr\/jacob-cohen-j622-nick-slim-special-35673-2\/#primaryimage","url":"https:\/\/www.voustenjeans.com\/wp-content\/uploads\/2023\/06\/dsc_0343-2_0.jpg","contentUrl":"https:\/\/www.voustenjeans.com\/wp-content\/uploads\/2023\/06\/dsc_0343-2_0.jpg","width":1365,"height":2048},{"@type":"BreadcrumbList","@id":"https:\/\/www.voustenjeans.com\/fr\/jacob-cohen-j622-nick-slim-special-35673-2\/#breadcrumb","itemListElement":[{"@type":"ListItem","position":1,"name":"Home","item":"https:\/\/www.voustenjeans.com\/fr\/"},{"@type":"ListItem","position":2,"name":"Boutique","item":"https:\/\/www.voustenjeans.com\/fr\/shop\/"},{"@type":"ListItem","position":3,"name":"Jacob Coh\u00ebn J622 (Nick Slim) Special (35673)"}]},{"@type":"WebSite","@id":"https:\/\/www.voustenjeans.com\/en\/#website","url":"https:\/\/www.voustenjeans.com\/en\/","name":"Vousten Jeans","description":"","potentialAction":[{"@type":"SearchAction","target":{"@type":"EntryPoint","urlTemplate":"https:\/\/www.voustenjeans.com\/en\/?s={search_term_string}"},"query-input":"required name=search_term_string"}],"inLanguage":"fr-FR"}]}},"_links":{"self":[{"href":"https:\/\/www.voustenjeans.com\/fr\/wp-json\/wp\/v2\/product\/291500"}],"collection":[{"href":"https:\/\/www.voustenjeans.com\/fr\/wp-json\/wp\/v2\/product"}],"about":[{"href":"https:\/\/www.voustenjeans.com\/fr\/wp-json\/wp\/v2\/types\/product"}],"replies":[{"embeddable":true,"href":"https:\/\/www.voustenjeans.com\/fr\/wp-json\/wp\/v2\/comments?post=291500"}],"wp:featuredmedia":[{"embeddable":true,"href":"https:\/\/www.voustenjeans.com\/fr\/wp-json\/wp\/v2\/media\/266931"}],"wp:attachment":[{"href":"https:\/\/www.voustenjeans.com\/fr\/wp-json\/wp\/v2\/media?parent=291500"}],"wp:term":[{"taxonomy":"product_cat","embeddable":true,"href":"https:\/\/www.voustenjeans.com\/fr\/wp-json\/wp\/v2\/product_cat?post=291500"},{"taxonomy":"product_tag","embeddable":true,"href":"https:\/\/www.voustenjeans.com\/fr\/wp-json\/wp\/v2\/product_tag?post=291500"}],"curies":[{"name":"wp","href":"https:\/\/api.w.org\/{rel}","templated":true}]}}