{"id":291242,"date":"2025-06-03T16:03:16","date_gmt":"2025-06-03T14:03:16","guid":{"rendered":"https:\/\/www.voustenjeans.com\/jacob-cohen-bobby-bleu-clair-gris-35631\/"},"modified":"2026-03-27T01:00:07","modified_gmt":"2026-03-27T00:00:07","slug":"jacob-cohen-bobby-bleu-clair-gris-35631","status":"publish","type":"product","link":"https:\/\/www.voustenjeans.com\/fr\/jacob-cohen-bobby-bleu-clair-gris-35631\/","title":{"rendered":"Jacob Coh\u00ebn Bobby bleu clair\/gris (35631)"},"content":{"rendered":"<div>\n<div>Est un pantalon semi-d\u00e9contract\u00e9, en coton confortable.<\/div>\n<ul>\n<li>chino stretch<\/li>\n<li>coupe slim<\/li>\n<li>Hauteur de taille normale<\/li>\n<li>Fermeture \u00e9clair<\/li>\n<li>\u00c9quip\u00e9 d&rsquo;un patch de couleur grise<\/li>\n<li>Passants de ceinture<\/li>\n<li>poches lat\u00e9rales<\/li>\n<li>poche ticket<\/li>\n<li>Poches arri\u00e8re passepoil\u00e9es<\/li>\n<li>Composition : 55 % coton, 42 % lyocell, 3 % \u00e9lasthanne<\/li>\n<li>Longueur de base standard<\/li>\n<\/ul>\n<div>Ce chino Jacob Cohen est fabriqu\u00e9 \u00e0 la main en V\u00e9n\u00e9tie, dans le nord-est de l&rsquo;Italie.<\/div>\n<\/div>\n","protected":false},"excerpt":{"rendered":"<p>Est un pantalon semi-d\u00e9contract\u00e9, en coton confortable. chino stretch coupe slim Hauteur de taille normale Fermeture \u00e9clair \u00c9quip\u00e9 d&rsquo;un patch de couleur grise Passants de ceinture poches lat\u00e9rales poche ticket Poches arri\u00e8re passepoil\u00e9es Composition : 55 % coton, 42 % lyocell, 3 % \u00e9lasthanne Longueur de base standard Ce chino Jacob Cohen est fabriqu\u00e9 \u00e0 [&#8230;]\n","protected":false},"featured_media":265435,"comment_status":"open","ping_status":"closed","template":"","meta":[],"product_cat":[1136,1452,1580,1642,1650,1663],"product_tag":[],"acf":[],"yoast_head":"<!-- This site is optimized with the Yoast SEO plugin v22.3 - https:\/\/yoast.com\/wordpress\/plugins\/seo\/ -->\n<title>Jacob Coh\u00ebn Bobby bleu clair\/gris (35631) - Vousten Jeans<\/title>\n<meta name=\"robots\" content=\"index, follow, max-snippet:-1, max-image-preview:large, max-video-preview:-1\" \/>\n<link rel=\"canonical\" href=\"https:\/\/www.voustenjeans.com\/fr\/jacob-cohen-bobby-bleu-clair-gris-35631\/\" \/>\n<meta property=\"og:locale\" content=\"fr_FR\" \/>\n<meta property=\"og:type\" content=\"article\" \/>\n<meta property=\"og:title\" content=\"Jacob Coh\u00ebn Bobby bleu clair\/gris (35631) - Vousten Jeans\" \/>\n<meta property=\"og:description\" content=\"Est un pantalon semi-d\u00e9contract\u00e9, en coton confortable. chino stretch coupe slim Hauteur de taille normale Fermeture \u00e9clair \u00c9quip\u00e9 d&rsquo;un patch de couleur grise Passants de ceinture poches lat\u00e9rales poche ticket Poches arri\u00e8re passepoil\u00e9es Composition : 55 % coton, 42 % lyocell, 3 % \u00e9lasthanne Longueur de base standard Ce chino Jacob Cohen est fabriqu\u00e9 \u00e0 [...]\" \/>\n<meta property=\"og:url\" content=\"https:\/\/www.voustenjeans.com\/fr\/jacob-cohen-bobby-bleu-clair-gris-35631\/\" \/>\n<meta property=\"og:site_name\" content=\"Vousten Jeans\" \/>\n<meta property=\"article:modified_time\" content=\"2026-03-27T00:00:07+00:00\" \/>\n<meta property=\"og:image\" content=\"https:\/\/www.voustenjeans.com\/wp-content\/uploads\/2023\/06\/35631_1-2.jpg\" \/>\n\t<meta property=\"og:image:width\" content=\"1365\" \/>\n\t<meta property=\"og:image:height\" content=\"2048\" \/>\n\t<meta property=\"og:image:type\" content=\"image\/jpeg\" \/>\n<meta name=\"twitter:card\" content=\"summary_large_image\" \/>\n<script type=\"application\/ld+json\" class=\"yoast-schema-graph\">{\"@context\":\"https:\/\/schema.org\",\"@graph\":[{\"@type\":\"WebPage\",\"@id\":\"https:\/\/www.voustenjeans.com\/fr\/jacob-cohen-bobby-bleu-clair-gris-35631\/\",\"url\":\"https:\/\/www.voustenjeans.com\/fr\/jacob-cohen-bobby-bleu-clair-gris-35631\/\",\"name\":\"Jacob Coh\u00ebn Bobby bleu clair\/gris (35631) - Vousten Jeans\",\"isPartOf\":{\"@id\":\"https:\/\/www.voustenjeans.com\/en\/#website\"},\"primaryImageOfPage\":{\"@id\":\"https:\/\/www.voustenjeans.com\/fr\/jacob-cohen-bobby-bleu-clair-gris-35631\/#primaryimage\"},\"image\":{\"@id\":\"https:\/\/www.voustenjeans.com\/fr\/jacob-cohen-bobby-bleu-clair-gris-35631\/#primaryimage\"},\"thumbnailUrl\":\"https:\/\/www.voustenjeans.com\/wp-content\/uploads\/2023\/06\/35631_1-2.jpg\",\"datePublished\":\"2025-06-03T14:03:16+00:00\",\"dateModified\":\"2026-03-27T00:00:07+00:00\",\"breadcrumb\":{\"@id\":\"https:\/\/www.voustenjeans.com\/fr\/jacob-cohen-bobby-bleu-clair-gris-35631\/#breadcrumb\"},\"inLanguage\":\"fr-FR\",\"potentialAction\":[{\"@type\":\"ReadAction\",\"target\":[\"https:\/\/www.voustenjeans.com\/fr\/jacob-cohen-bobby-bleu-clair-gris-35631\/\"]}]},{\"@type\":\"ImageObject\",\"inLanguage\":\"fr-FR\",\"@id\":\"https:\/\/www.voustenjeans.com\/fr\/jacob-cohen-bobby-bleu-clair-gris-35631\/#primaryimage\",\"url\":\"https:\/\/www.voustenjeans.com\/wp-content\/uploads\/2023\/06\/35631_1-2.jpg\",\"contentUrl\":\"https:\/\/www.voustenjeans.com\/wp-content\/uploads\/2023\/06\/35631_1-2.jpg\",\"width\":1365,\"height\":2048},{\"@type\":\"BreadcrumbList\",\"@id\":\"https:\/\/www.voustenjeans.com\/fr\/jacob-cohen-bobby-bleu-clair-gris-35631\/#breadcrumb\",\"itemListElement\":[{\"@type\":\"ListItem\",\"position\":1,\"name\":\"Home\",\"item\":\"https:\/\/www.voustenjeans.com\/fr\/\"},{\"@type\":\"ListItem\",\"position\":2,\"name\":\"Boutique\",\"item\":\"https:\/\/www.voustenjeans.com\/fr\/shop\/\"},{\"@type\":\"ListItem\",\"position\":3,\"name\":\"Jacob Coh\u00ebn Bobby bleu clair\/gris (35631)\"}]},{\"@type\":\"WebSite\",\"@id\":\"https:\/\/www.voustenjeans.com\/en\/#website\",\"url\":\"https:\/\/www.voustenjeans.com\/en\/\",\"name\":\"Vousten Jeans\",\"description\":\"\",\"potentialAction\":[{\"@type\":\"SearchAction\",\"target\":{\"@type\":\"EntryPoint\",\"urlTemplate\":\"https:\/\/www.voustenjeans.com\/en\/?s={search_term_string}\"},\"query-input\":\"required name=search_term_string\"}],\"inLanguage\":\"fr-FR\"}]}<\/script>\n<!-- \/ Yoast SEO plugin. -->","yoast_head_json":{"title":"Jacob Coh\u00ebn Bobby bleu clair\/gris (35631) - Vousten Jeans","robots":{"index":"index","follow":"follow","max-snippet":"max-snippet:-1","max-image-preview":"max-image-preview:large","max-video-preview":"max-video-preview:-1"},"canonical":"https:\/\/www.voustenjeans.com\/fr\/jacob-cohen-bobby-bleu-clair-gris-35631\/","og_locale":"fr_FR","og_type":"article","og_title":"Jacob Coh\u00ebn Bobby bleu clair\/gris (35631) - Vousten Jeans","og_description":"Est un pantalon semi-d\u00e9contract\u00e9, en coton confortable. chino stretch coupe slim Hauteur de taille normale Fermeture \u00e9clair \u00c9quip\u00e9 d&rsquo;un patch de couleur grise Passants de ceinture poches lat\u00e9rales poche ticket Poches arri\u00e8re passepoil\u00e9es Composition : 55 % coton, 42 % lyocell, 3 % \u00e9lasthanne Longueur de base standard Ce chino Jacob Cohen est fabriqu\u00e9 \u00e0 [...]","og_url":"https:\/\/www.voustenjeans.com\/fr\/jacob-cohen-bobby-bleu-clair-gris-35631\/","og_site_name":"Vousten Jeans","article_modified_time":"2026-03-27T00:00:07+00:00","og_image":[{"width":1365,"height":2048,"url":"https:\/\/www.voustenjeans.com\/wp-content\/uploads\/2023\/06\/35631_1-2.jpg","type":"image\/jpeg"}],"twitter_card":"summary_large_image","schema":{"@context":"https:\/\/schema.org","@graph":[{"@type":"WebPage","@id":"https:\/\/www.voustenjeans.com\/fr\/jacob-cohen-bobby-bleu-clair-gris-35631\/","url":"https:\/\/www.voustenjeans.com\/fr\/jacob-cohen-bobby-bleu-clair-gris-35631\/","name":"Jacob Coh\u00ebn Bobby bleu clair\/gris (35631) - Vousten Jeans","isPartOf":{"@id":"https:\/\/www.voustenjeans.com\/en\/#website"},"primaryImageOfPage":{"@id":"https:\/\/www.voustenjeans.com\/fr\/jacob-cohen-bobby-bleu-clair-gris-35631\/#primaryimage"},"image":{"@id":"https:\/\/www.voustenjeans.com\/fr\/jacob-cohen-bobby-bleu-clair-gris-35631\/#primaryimage"},"thumbnailUrl":"https:\/\/www.voustenjeans.com\/wp-content\/uploads\/2023\/06\/35631_1-2.jpg","datePublished":"2025-06-03T14:03:16+00:00","dateModified":"2026-03-27T00:00:07+00:00","breadcrumb":{"@id":"https:\/\/www.voustenjeans.com\/fr\/jacob-cohen-bobby-bleu-clair-gris-35631\/#breadcrumb"},"inLanguage":"fr-FR","potentialAction":[{"@type":"ReadAction","target":["https:\/\/www.voustenjeans.com\/fr\/jacob-cohen-bobby-bleu-clair-gris-35631\/"]}]},{"@type":"ImageObject","inLanguage":"fr-FR","@id":"https:\/\/www.voustenjeans.com\/fr\/jacob-cohen-bobby-bleu-clair-gris-35631\/#primaryimage","url":"https:\/\/www.voustenjeans.com\/wp-content\/uploads\/2023\/06\/35631_1-2.jpg","contentUrl":"https:\/\/www.voustenjeans.com\/wp-content\/uploads\/2023\/06\/35631_1-2.jpg","width":1365,"height":2048},{"@type":"BreadcrumbList","@id":"https:\/\/www.voustenjeans.com\/fr\/jacob-cohen-bobby-bleu-clair-gris-35631\/#breadcrumb","itemListElement":[{"@type":"ListItem","position":1,"name":"Home","item":"https:\/\/www.voustenjeans.com\/fr\/"},{"@type":"ListItem","position":2,"name":"Boutique","item":"https:\/\/www.voustenjeans.com\/fr\/shop\/"},{"@type":"ListItem","position":3,"name":"Jacob Coh\u00ebn Bobby bleu clair\/gris (35631)"}]},{"@type":"WebSite","@id":"https:\/\/www.voustenjeans.com\/en\/#website","url":"https:\/\/www.voustenjeans.com\/en\/","name":"Vousten Jeans","description":"","potentialAction":[{"@type":"SearchAction","target":{"@type":"EntryPoint","urlTemplate":"https:\/\/www.voustenjeans.com\/en\/?s={search_term_string}"},"query-input":"required name=search_term_string"}],"inLanguage":"fr-FR"}]}},"_links":{"self":[{"href":"https:\/\/www.voustenjeans.com\/fr\/wp-json\/wp\/v2\/product\/291242"}],"collection":[{"href":"https:\/\/www.voustenjeans.com\/fr\/wp-json\/wp\/v2\/product"}],"about":[{"href":"https:\/\/www.voustenjeans.com\/fr\/wp-json\/wp\/v2\/types\/product"}],"replies":[{"embeddable":true,"href":"https:\/\/www.voustenjeans.com\/fr\/wp-json\/wp\/v2\/comments?post=291242"}],"wp:featuredmedia":[{"embeddable":true,"href":"https:\/\/www.voustenjeans.com\/fr\/wp-json\/wp\/v2\/media\/265435"}],"wp:attachment":[{"href":"https:\/\/www.voustenjeans.com\/fr\/wp-json\/wp\/v2\/media?parent=291242"}],"wp:term":[{"taxonomy":"product_cat","embeddable":true,"href":"https:\/\/www.voustenjeans.com\/fr\/wp-json\/wp\/v2\/product_cat?post=291242"},{"taxonomy":"product_tag","embeddable":true,"href":"https:\/\/www.voustenjeans.com\/fr\/wp-json\/wp\/v2\/product_tag?post=291242"}],"curies":[{"name":"wp","href":"https:\/\/api.w.org\/{rel}","templated":true}]}}