{"id":290972,"date":"2025-06-03T16:01:16","date_gmt":"2025-06-03T14:01:16","guid":{"rendered":"https:\/\/www.voustenjeans.com\/jacob-cohen-j620-eduard-special-34825-2\/"},"modified":"2026-02-05T13:39:35","modified_gmt":"2026-02-05T12:39:35","slug":"jacob-cohen-j620-eduard-special-34825-2","status":"publish","type":"product","link":"https:\/\/www.voustenjeans.com\/fr\/jacob-cohen-j620-eduard-special-34825-2\/","title":{"rendered":"Jacob Coh\u00ebn J620 (Eduard) Special (34825)"},"content":{"rendered":"<div>\n<div>\n<div>\n<p>A un ajustement r\u00e9gulier et est normal.<\/p>\n<ul>\n<li>Est un jeans exclusif\u00a0<strong>(Sp\u00e9cial)<\/strong><\/li>\n<li><strong>\u200bEst un jeans plus luxueux que l&rsquo;\u00c9diton Limit\u00e9e<\/strong><\/li>\n<li>Jean extensible<\/li>\n<li>Hauteur de taille standard<\/li>\n<li>Convient aux jambes fermes<\/li>\n<li>Fermeture boutonn\u00e9e<\/li>\n<li>\u00c9quip\u00e9 d&rsquo;un patch cuir de crocodile rouge-marron (amovible)<\/li>\n<li>Mati\u00e8res principales : 96% coton, 3% polyester, 1% \u00e9lasthanne<\/li>\n<li>Largeur pied : 21.5\u00a0cm<\/li>\n<li>Longueur de la base : 35 pouces (peut varier l\u00e9g\u00e8rement par lavage)<\/li>\n<li>Ce jean Jacob Cohen est fabriqu\u00e9 \u00e0 la main en V\u00e9n\u00e9tie, dans le nord-est de l&rsquo;Italie<\/li>\n<\/ul>\n<p>Les patchs des pantalons Special sont compos\u00e9s, entre autres, de cuir de galuchat, de cuir de crocodile ou de cuir d&rsquo;iguane. Le patch amovible rend le pantalon facile \u00e0 laver et il est possible de changer les patchs. Les jeans qui entrent dans la cat\u00e9gorie sp\u00e9ciale sont dans une gamme de prix plus \u00e9lev\u00e9e que les \u00e9ditions limit\u00e9es car ils sont plus luxueux dans leur ex\u00e9cution.<\/p>\n<p>Fourni avec une \u00e9charpe assortie gratuite et un fil suppl\u00e9mentaire de la bonne couleur pour le raccourcissement<\/p>\n<\/div>\n<\/div>\n<\/div>\n","protected":false},"excerpt":{"rendered":"<p>A un ajustement r\u00e9gulier et est normal. Est un jeans exclusif\u00a0(Sp\u00e9cial) \u200bEst un jeans plus luxueux que l&rsquo;\u00c9diton Limit\u00e9e Jean extensible Hauteur de taille standard Convient aux jambes fermes Fermeture boutonn\u00e9e \u00c9quip\u00e9 d&rsquo;un patch cuir de crocodile rouge-marron (amovible) Mati\u00e8res principales : 96% coton, 3% polyester, 1% \u00e9lasthanne Largeur pied : 21.5\u00a0cm Longueur de la [&#8230;]\n","protected":false},"featured_media":263995,"comment_status":"open","ping_status":"closed","template":"","meta":[],"product_cat":[1136,1404,1476,1564,1580,1642,1650,1663],"product_tag":[],"acf":[],"yoast_head":"<!-- This site is optimized with the Yoast SEO plugin v22.3 - https:\/\/yoast.com\/wordpress\/plugins\/seo\/ -->\n<title>Jacob Coh\u00ebn J620 (Eduard) Special (34825) - Vousten Jeans<\/title>\n<meta name=\"robots\" content=\"index, follow, max-snippet:-1, max-image-preview:large, max-video-preview:-1\" \/>\n<link rel=\"canonical\" href=\"https:\/\/www.voustenjeans.com\/fr\/jacob-cohen-j620-eduard-special-34825-2\/\" \/>\n<meta property=\"og:locale\" content=\"fr_FR\" \/>\n<meta property=\"og:type\" content=\"article\" \/>\n<meta property=\"og:title\" content=\"Jacob Coh\u00ebn J620 (Eduard) Special (34825) - Vousten Jeans\" \/>\n<meta property=\"og:description\" content=\"A un ajustement r\u00e9gulier et est normal. Est un jeans exclusif\u00a0(Sp\u00e9cial) \u200bEst un jeans plus luxueux que l&rsquo;\u00c9diton Limit\u00e9e Jean extensible Hauteur de taille standard Convient aux jambes fermes Fermeture boutonn\u00e9e \u00c9quip\u00e9 d&rsquo;un patch cuir de crocodile rouge-marron (amovible) Mati\u00e8res principales : 96% coton, 3% polyester, 1% \u00e9lasthanne Largeur pied : 21.5\u00a0cm Longueur de la [...]\" \/>\n<meta property=\"og:url\" content=\"https:\/\/www.voustenjeans.com\/fr\/jacob-cohen-j620-eduard-special-34825-2\/\" \/>\n<meta property=\"og:site_name\" content=\"Vousten Jeans\" \/>\n<meta property=\"article:modified_time\" content=\"2026-02-05T12:39:35+00:00\" \/>\n<meta property=\"og:image\" content=\"https:\/\/www.voustenjeans.com\/wp-content\/uploads\/2023\/06\/34825_1-3.jpg\" \/>\n\t<meta property=\"og:image:width\" content=\"1365\" \/>\n\t<meta property=\"og:image:height\" content=\"2047\" \/>\n\t<meta property=\"og:image:type\" content=\"image\/jpeg\" \/>\n<meta name=\"twitter:card\" content=\"summary_large_image\" \/>\n<meta name=\"twitter:label1\" content=\"Est. reading time\" \/>\n\t<meta name=\"twitter:data1\" content=\"1 minute\" \/>\n<script type=\"application\/ld+json\" class=\"yoast-schema-graph\">{\"@context\":\"https:\/\/schema.org\",\"@graph\":[{\"@type\":\"WebPage\",\"@id\":\"https:\/\/www.voustenjeans.com\/fr\/jacob-cohen-j620-eduard-special-34825-2\/\",\"url\":\"https:\/\/www.voustenjeans.com\/fr\/jacob-cohen-j620-eduard-special-34825-2\/\",\"name\":\"Jacob Coh\u00ebn J620 (Eduard) Special (34825) - Vousten Jeans\",\"isPartOf\":{\"@id\":\"https:\/\/www.voustenjeans.com\/en\/#website\"},\"primaryImageOfPage\":{\"@id\":\"https:\/\/www.voustenjeans.com\/fr\/jacob-cohen-j620-eduard-special-34825-2\/#primaryimage\"},\"image\":{\"@id\":\"https:\/\/www.voustenjeans.com\/fr\/jacob-cohen-j620-eduard-special-34825-2\/#primaryimage\"},\"thumbnailUrl\":\"https:\/\/www.voustenjeans.com\/wp-content\/uploads\/2023\/06\/34825_1-3.jpg\",\"datePublished\":\"2025-06-03T14:01:16+00:00\",\"dateModified\":\"2026-02-05T12:39:35+00:00\",\"breadcrumb\":{\"@id\":\"https:\/\/www.voustenjeans.com\/fr\/jacob-cohen-j620-eduard-special-34825-2\/#breadcrumb\"},\"inLanguage\":\"fr-FR\",\"potentialAction\":[{\"@type\":\"ReadAction\",\"target\":[\"https:\/\/www.voustenjeans.com\/fr\/jacob-cohen-j620-eduard-special-34825-2\/\"]}]},{\"@type\":\"ImageObject\",\"inLanguage\":\"fr-FR\",\"@id\":\"https:\/\/www.voustenjeans.com\/fr\/jacob-cohen-j620-eduard-special-34825-2\/#primaryimage\",\"url\":\"https:\/\/www.voustenjeans.com\/wp-content\/uploads\/2023\/06\/34825_1-3.jpg\",\"contentUrl\":\"https:\/\/www.voustenjeans.com\/wp-content\/uploads\/2023\/06\/34825_1-3.jpg\",\"width\":1365,\"height\":2047},{\"@type\":\"BreadcrumbList\",\"@id\":\"https:\/\/www.voustenjeans.com\/fr\/jacob-cohen-j620-eduard-special-34825-2\/#breadcrumb\",\"itemListElement\":[{\"@type\":\"ListItem\",\"position\":1,\"name\":\"Home\",\"item\":\"https:\/\/www.voustenjeans.com\/fr\/\"},{\"@type\":\"ListItem\",\"position\":2,\"name\":\"Boutique\",\"item\":\"https:\/\/www.voustenjeans.com\/fr\/shop\/\"},{\"@type\":\"ListItem\",\"position\":3,\"name\":\"Jacob Coh\u00ebn J620 (Eduard) Special (34825)\"}]},{\"@type\":\"WebSite\",\"@id\":\"https:\/\/www.voustenjeans.com\/en\/#website\",\"url\":\"https:\/\/www.voustenjeans.com\/en\/\",\"name\":\"Vousten Jeans\",\"description\":\"\",\"potentialAction\":[{\"@type\":\"SearchAction\",\"target\":{\"@type\":\"EntryPoint\",\"urlTemplate\":\"https:\/\/www.voustenjeans.com\/en\/?s={search_term_string}\"},\"query-input\":\"required name=search_term_string\"}],\"inLanguage\":\"fr-FR\"}]}<\/script>\n<!-- \/ Yoast SEO plugin. -->","yoast_head_json":{"title":"Jacob Coh\u00ebn J620 (Eduard) Special (34825) - Vousten Jeans","robots":{"index":"index","follow":"follow","max-snippet":"max-snippet:-1","max-image-preview":"max-image-preview:large","max-video-preview":"max-video-preview:-1"},"canonical":"https:\/\/www.voustenjeans.com\/fr\/jacob-cohen-j620-eduard-special-34825-2\/","og_locale":"fr_FR","og_type":"article","og_title":"Jacob Coh\u00ebn J620 (Eduard) Special (34825) - Vousten Jeans","og_description":"A un ajustement r\u00e9gulier et est normal. Est un jeans exclusif\u00a0(Sp\u00e9cial) \u200bEst un jeans plus luxueux que l&rsquo;\u00c9diton Limit\u00e9e Jean extensible Hauteur de taille standard Convient aux jambes fermes Fermeture boutonn\u00e9e \u00c9quip\u00e9 d&rsquo;un patch cuir de crocodile rouge-marron (amovible) Mati\u00e8res principales : 96% coton, 3% polyester, 1% \u00e9lasthanne Largeur pied : 21.5\u00a0cm Longueur de la [...]","og_url":"https:\/\/www.voustenjeans.com\/fr\/jacob-cohen-j620-eduard-special-34825-2\/","og_site_name":"Vousten Jeans","article_modified_time":"2026-02-05T12:39:35+00:00","og_image":[{"width":1365,"height":2047,"url":"https:\/\/www.voustenjeans.com\/wp-content\/uploads\/2023\/06\/34825_1-3.jpg","type":"image\/jpeg"}],"twitter_card":"summary_large_image","twitter_misc":{"Est. reading time":"1 minute"},"schema":{"@context":"https:\/\/schema.org","@graph":[{"@type":"WebPage","@id":"https:\/\/www.voustenjeans.com\/fr\/jacob-cohen-j620-eduard-special-34825-2\/","url":"https:\/\/www.voustenjeans.com\/fr\/jacob-cohen-j620-eduard-special-34825-2\/","name":"Jacob Coh\u00ebn J620 (Eduard) Special (34825) - Vousten Jeans","isPartOf":{"@id":"https:\/\/www.voustenjeans.com\/en\/#website"},"primaryImageOfPage":{"@id":"https:\/\/www.voustenjeans.com\/fr\/jacob-cohen-j620-eduard-special-34825-2\/#primaryimage"},"image":{"@id":"https:\/\/www.voustenjeans.com\/fr\/jacob-cohen-j620-eduard-special-34825-2\/#primaryimage"},"thumbnailUrl":"https:\/\/www.voustenjeans.com\/wp-content\/uploads\/2023\/06\/34825_1-3.jpg","datePublished":"2025-06-03T14:01:16+00:00","dateModified":"2026-02-05T12:39:35+00:00","breadcrumb":{"@id":"https:\/\/www.voustenjeans.com\/fr\/jacob-cohen-j620-eduard-special-34825-2\/#breadcrumb"},"inLanguage":"fr-FR","potentialAction":[{"@type":"ReadAction","target":["https:\/\/www.voustenjeans.com\/fr\/jacob-cohen-j620-eduard-special-34825-2\/"]}]},{"@type":"ImageObject","inLanguage":"fr-FR","@id":"https:\/\/www.voustenjeans.com\/fr\/jacob-cohen-j620-eduard-special-34825-2\/#primaryimage","url":"https:\/\/www.voustenjeans.com\/wp-content\/uploads\/2023\/06\/34825_1-3.jpg","contentUrl":"https:\/\/www.voustenjeans.com\/wp-content\/uploads\/2023\/06\/34825_1-3.jpg","width":1365,"height":2047},{"@type":"BreadcrumbList","@id":"https:\/\/www.voustenjeans.com\/fr\/jacob-cohen-j620-eduard-special-34825-2\/#breadcrumb","itemListElement":[{"@type":"ListItem","position":1,"name":"Home","item":"https:\/\/www.voustenjeans.com\/fr\/"},{"@type":"ListItem","position":2,"name":"Boutique","item":"https:\/\/www.voustenjeans.com\/fr\/shop\/"},{"@type":"ListItem","position":3,"name":"Jacob Coh\u00ebn J620 (Eduard) Special (34825)"}]},{"@type":"WebSite","@id":"https:\/\/www.voustenjeans.com\/en\/#website","url":"https:\/\/www.voustenjeans.com\/en\/","name":"Vousten Jeans","description":"","potentialAction":[{"@type":"SearchAction","target":{"@type":"EntryPoint","urlTemplate":"https:\/\/www.voustenjeans.com\/en\/?s={search_term_string}"},"query-input":"required name=search_term_string"}],"inLanguage":"fr-FR"}]}},"_links":{"self":[{"href":"https:\/\/www.voustenjeans.com\/fr\/wp-json\/wp\/v2\/product\/290972"}],"collection":[{"href":"https:\/\/www.voustenjeans.com\/fr\/wp-json\/wp\/v2\/product"}],"about":[{"href":"https:\/\/www.voustenjeans.com\/fr\/wp-json\/wp\/v2\/types\/product"}],"replies":[{"embeddable":true,"href":"https:\/\/www.voustenjeans.com\/fr\/wp-json\/wp\/v2\/comments?post=290972"}],"wp:featuredmedia":[{"embeddable":true,"href":"https:\/\/www.voustenjeans.com\/fr\/wp-json\/wp\/v2\/media\/263995"}],"wp:attachment":[{"href":"https:\/\/www.voustenjeans.com\/fr\/wp-json\/wp\/v2\/media?parent=290972"}],"wp:term":[{"taxonomy":"product_cat","embeddable":true,"href":"https:\/\/www.voustenjeans.com\/fr\/wp-json\/wp\/v2\/product_cat?post=290972"},{"taxonomy":"product_tag","embeddable":true,"href":"https:\/\/www.voustenjeans.com\/fr\/wp-json\/wp\/v2\/product_tag?post=290972"}],"curies":[{"name":"wp","href":"https:\/\/api.w.org\/{rel}","templated":true}]}}