{"id":290740,"date":"2025-06-03T15:58:38","date_gmt":"2025-06-03T13:58:38","guid":{"rendered":"https:\/\/www.voustenjeans.com\/cardigan-col-chale-en-laine-bleu-37961\/"},"modified":"2026-02-05T13:43:55","modified_gmt":"2026-02-05T12:43:55","slug":"cardigan-col-chale-en-laine-bleu-37961","status":"publish","type":"product","link":"https:\/\/www.voustenjeans.com\/fr\/cardigan-col-chale-en-laine-bleu-37961\/","title":{"rendered":"CARDIGAN COL CH\u00c2LE EN LAINE BLEU (37961)"},"content":{"rendered":"<ul>\n<li>Cardigan \u00e0 col ch\u00e2le<\/li>\n<li>Pure laine extrafine bleue<\/li>\n<li>Jauge de point de p\u00eacheur 3<\/li>\n<li>Manches longues<\/li>\n<li>Poches plaqu\u00e9es<\/li>\n<li>Fermeture boutonn\u00e9e sur le devant<\/li>\n<li>FABRIQU\u00c9 EN ITALIE<\/li>\n<\/ul>\n<p>Composition:<br \/>\n100% laine vierge<\/p>\n<p>ID : USH0810X1558Y93<\/p>\n","protected":false},"excerpt":{"rendered":"<p>Cardigan \u00e0 col ch\u00e2le Pure laine extrafine bleue Jauge de point de p\u00eacheur 3 Manches longues Poches plaqu\u00e9es Fermeture boutonn\u00e9e sur le devant FABRIQU\u00c9 EN ITALIE Composition: 100% laine vierge ID : USH0810X1558Y93<\/p>\n","protected":false},"featured_media":286220,"comment_status":"open","ping_status":"closed","template":"","meta":[],"product_cat":[1136,1572,1588,1642,1650,1663],"product_tag":[],"acf":[],"yoast_head":"<!-- This site is optimized with the Yoast SEO plugin v22.3 - https:\/\/yoast.com\/wordpress\/plugins\/seo\/ -->\n<title>CARDIGAN COL CH\u00c2LE EN LAINE BLEU (37961) - Vousten Jeans<\/title>\n<meta name=\"robots\" content=\"index, follow, max-snippet:-1, max-image-preview:large, max-video-preview:-1\" \/>\n<link rel=\"canonical\" href=\"https:\/\/www.voustenjeans.com\/fr\/cardigan-col-chale-en-laine-bleu-37961\/\" \/>\n<meta property=\"og:locale\" content=\"fr_FR\" \/>\n<meta property=\"og:type\" content=\"article\" \/>\n<meta property=\"og:title\" content=\"CARDIGAN COL CH\u00c2LE EN LAINE BLEU (37961) - Vousten Jeans\" \/>\n<meta property=\"og:description\" content=\"Cardigan \u00e0 col ch\u00e2le Pure laine extrafine bleue Jauge de point de p\u00eacheur 3 Manches longues Poches plaqu\u00e9es Fermeture boutonn\u00e9e sur le devant FABRIQU\u00c9 EN ITALIE Composition: 100% laine vierge ID : USH0810X1558Y93\" \/>\n<meta property=\"og:url\" content=\"https:\/\/www.voustenjeans.com\/fr\/cardigan-col-chale-en-laine-bleu-37961\/\" \/>\n<meta property=\"og:site_name\" content=\"Vousten Jeans\" \/>\n<meta property=\"article:modified_time\" content=\"2026-02-05T12:43:55+00:00\" \/>\n<meta property=\"og:image\" content=\"https:\/\/www.voustenjeans.com\/wp-content\/uploads\/2023\/06\/cohen_knitwear-removebg.jpg\" \/>\n\t<meta property=\"og:image:width\" content=\"1365\" \/>\n\t<meta property=\"og:image:height\" content=\"2048\" \/>\n\t<meta property=\"og:image:type\" content=\"image\/jpeg\" \/>\n<meta name=\"twitter:card\" content=\"summary_large_image\" \/>\n<script type=\"application\/ld+json\" class=\"yoast-schema-graph\">{\"@context\":\"https:\/\/schema.org\",\"@graph\":[{\"@type\":\"WebPage\",\"@id\":\"https:\/\/www.voustenjeans.com\/fr\/cardigan-col-chale-en-laine-bleu-37961\/\",\"url\":\"https:\/\/www.voustenjeans.com\/fr\/cardigan-col-chale-en-laine-bleu-37961\/\",\"name\":\"CARDIGAN COL CH\u00c2LE EN LAINE BLEU (37961) - Vousten Jeans\",\"isPartOf\":{\"@id\":\"https:\/\/www.voustenjeans.com\/en\/#website\"},\"primaryImageOfPage\":{\"@id\":\"https:\/\/www.voustenjeans.com\/fr\/cardigan-col-chale-en-laine-bleu-37961\/#primaryimage\"},\"image\":{\"@id\":\"https:\/\/www.voustenjeans.com\/fr\/cardigan-col-chale-en-laine-bleu-37961\/#primaryimage\"},\"thumbnailUrl\":\"https:\/\/www.voustenjeans.com\/wp-content\/uploads\/2023\/06\/cohen_knitwear-removebg.jpg\",\"datePublished\":\"2025-06-03T13:58:38+00:00\",\"dateModified\":\"2026-02-05T12:43:55+00:00\",\"breadcrumb\":{\"@id\":\"https:\/\/www.voustenjeans.com\/fr\/cardigan-col-chale-en-laine-bleu-37961\/#breadcrumb\"},\"inLanguage\":\"fr-FR\",\"potentialAction\":[{\"@type\":\"ReadAction\",\"target\":[\"https:\/\/www.voustenjeans.com\/fr\/cardigan-col-chale-en-laine-bleu-37961\/\"]}]},{\"@type\":\"ImageObject\",\"inLanguage\":\"fr-FR\",\"@id\":\"https:\/\/www.voustenjeans.com\/fr\/cardigan-col-chale-en-laine-bleu-37961\/#primaryimage\",\"url\":\"https:\/\/www.voustenjeans.com\/wp-content\/uploads\/2023\/06\/cohen_knitwear-removebg.jpg\",\"contentUrl\":\"https:\/\/www.voustenjeans.com\/wp-content\/uploads\/2023\/06\/cohen_knitwear-removebg.jpg\",\"width\":1365,\"height\":2048},{\"@type\":\"BreadcrumbList\",\"@id\":\"https:\/\/www.voustenjeans.com\/fr\/cardigan-col-chale-en-laine-bleu-37961\/#breadcrumb\",\"itemListElement\":[{\"@type\":\"ListItem\",\"position\":1,\"name\":\"Home\",\"item\":\"https:\/\/www.voustenjeans.com\/fr\/\"},{\"@type\":\"ListItem\",\"position\":2,\"name\":\"Boutique\",\"item\":\"https:\/\/www.voustenjeans.com\/fr\/shop\/\"},{\"@type\":\"ListItem\",\"position\":3,\"name\":\"CARDIGAN COL CH\u00c2LE EN LAINE BLEU (37961)\"}]},{\"@type\":\"WebSite\",\"@id\":\"https:\/\/www.voustenjeans.com\/en\/#website\",\"url\":\"https:\/\/www.voustenjeans.com\/en\/\",\"name\":\"Vousten Jeans\",\"description\":\"\",\"potentialAction\":[{\"@type\":\"SearchAction\",\"target\":{\"@type\":\"EntryPoint\",\"urlTemplate\":\"https:\/\/www.voustenjeans.com\/en\/?s={search_term_string}\"},\"query-input\":\"required name=search_term_string\"}],\"inLanguage\":\"fr-FR\"}]}<\/script>\n<!-- \/ Yoast SEO plugin. -->","yoast_head_json":{"title":"CARDIGAN COL CH\u00c2LE EN LAINE BLEU (37961) - Vousten Jeans","robots":{"index":"index","follow":"follow","max-snippet":"max-snippet:-1","max-image-preview":"max-image-preview:large","max-video-preview":"max-video-preview:-1"},"canonical":"https:\/\/www.voustenjeans.com\/fr\/cardigan-col-chale-en-laine-bleu-37961\/","og_locale":"fr_FR","og_type":"article","og_title":"CARDIGAN COL CH\u00c2LE EN LAINE BLEU (37961) - Vousten Jeans","og_description":"Cardigan \u00e0 col ch\u00e2le Pure laine extrafine bleue Jauge de point de p\u00eacheur 3 Manches longues Poches plaqu\u00e9es Fermeture boutonn\u00e9e sur le devant FABRIQU\u00c9 EN ITALIE Composition: 100% laine vierge ID : USH0810X1558Y93","og_url":"https:\/\/www.voustenjeans.com\/fr\/cardigan-col-chale-en-laine-bleu-37961\/","og_site_name":"Vousten Jeans","article_modified_time":"2026-02-05T12:43:55+00:00","og_image":[{"width":1365,"height":2048,"url":"https:\/\/www.voustenjeans.com\/wp-content\/uploads\/2023\/06\/cohen_knitwear-removebg.jpg","type":"image\/jpeg"}],"twitter_card":"summary_large_image","schema":{"@context":"https:\/\/schema.org","@graph":[{"@type":"WebPage","@id":"https:\/\/www.voustenjeans.com\/fr\/cardigan-col-chale-en-laine-bleu-37961\/","url":"https:\/\/www.voustenjeans.com\/fr\/cardigan-col-chale-en-laine-bleu-37961\/","name":"CARDIGAN COL CH\u00c2LE EN LAINE BLEU (37961) - Vousten Jeans","isPartOf":{"@id":"https:\/\/www.voustenjeans.com\/en\/#website"},"primaryImageOfPage":{"@id":"https:\/\/www.voustenjeans.com\/fr\/cardigan-col-chale-en-laine-bleu-37961\/#primaryimage"},"image":{"@id":"https:\/\/www.voustenjeans.com\/fr\/cardigan-col-chale-en-laine-bleu-37961\/#primaryimage"},"thumbnailUrl":"https:\/\/www.voustenjeans.com\/wp-content\/uploads\/2023\/06\/cohen_knitwear-removebg.jpg","datePublished":"2025-06-03T13:58:38+00:00","dateModified":"2026-02-05T12:43:55+00:00","breadcrumb":{"@id":"https:\/\/www.voustenjeans.com\/fr\/cardigan-col-chale-en-laine-bleu-37961\/#breadcrumb"},"inLanguage":"fr-FR","potentialAction":[{"@type":"ReadAction","target":["https:\/\/www.voustenjeans.com\/fr\/cardigan-col-chale-en-laine-bleu-37961\/"]}]},{"@type":"ImageObject","inLanguage":"fr-FR","@id":"https:\/\/www.voustenjeans.com\/fr\/cardigan-col-chale-en-laine-bleu-37961\/#primaryimage","url":"https:\/\/www.voustenjeans.com\/wp-content\/uploads\/2023\/06\/cohen_knitwear-removebg.jpg","contentUrl":"https:\/\/www.voustenjeans.com\/wp-content\/uploads\/2023\/06\/cohen_knitwear-removebg.jpg","width":1365,"height":2048},{"@type":"BreadcrumbList","@id":"https:\/\/www.voustenjeans.com\/fr\/cardigan-col-chale-en-laine-bleu-37961\/#breadcrumb","itemListElement":[{"@type":"ListItem","position":1,"name":"Home","item":"https:\/\/www.voustenjeans.com\/fr\/"},{"@type":"ListItem","position":2,"name":"Boutique","item":"https:\/\/www.voustenjeans.com\/fr\/shop\/"},{"@type":"ListItem","position":3,"name":"CARDIGAN COL CH\u00c2LE EN LAINE BLEU (37961)"}]},{"@type":"WebSite","@id":"https:\/\/www.voustenjeans.com\/en\/#website","url":"https:\/\/www.voustenjeans.com\/en\/","name":"Vousten Jeans","description":"","potentialAction":[{"@type":"SearchAction","target":{"@type":"EntryPoint","urlTemplate":"https:\/\/www.voustenjeans.com\/en\/?s={search_term_string}"},"query-input":"required name=search_term_string"}],"inLanguage":"fr-FR"}]}},"_links":{"self":[{"href":"https:\/\/www.voustenjeans.com\/fr\/wp-json\/wp\/v2\/product\/290740"}],"collection":[{"href":"https:\/\/www.voustenjeans.com\/fr\/wp-json\/wp\/v2\/product"}],"about":[{"href":"https:\/\/www.voustenjeans.com\/fr\/wp-json\/wp\/v2\/types\/product"}],"replies":[{"embeddable":true,"href":"https:\/\/www.voustenjeans.com\/fr\/wp-json\/wp\/v2\/comments?post=290740"}],"wp:featuredmedia":[{"embeddable":true,"href":"https:\/\/www.voustenjeans.com\/fr\/wp-json\/wp\/v2\/media\/286220"}],"wp:attachment":[{"href":"https:\/\/www.voustenjeans.com\/fr\/wp-json\/wp\/v2\/media?parent=290740"}],"wp:term":[{"taxonomy":"product_cat","embeddable":true,"href":"https:\/\/www.voustenjeans.com\/fr\/wp-json\/wp\/v2\/product_cat?post=290740"},{"taxonomy":"product_tag","embeddable":true,"href":"https:\/\/www.voustenjeans.com\/fr\/wp-json\/wp\/v2\/product_tag?post=290740"}],"curies":[{"name":"wp","href":"https:\/\/api.w.org\/{rel}","templated":true}]}}