{"id":290698,"date":"2025-06-03T15:58:04","date_gmt":"2025-06-03T13:58:04","guid":{"rendered":"https:\/\/www.voustenjeans.com\/pull-col-montant-en-laine-gris-clair-37952\/"},"modified":"2026-02-05T13:43:37","modified_gmt":"2026-02-05T12:43:37","slug":"pull-col-montant-en-laine-gris-clair-37952","status":"publish","type":"product","link":"https:\/\/www.voustenjeans.com\/fr\/pull-col-montant-en-laine-gris-clair-37952\/","title":{"rendered":"PULL COL MONTANT EN LAINE gris clair (37952)"},"content":{"rendered":"<p>C&rsquo;est un pull tricot\u00e9 confortable, avec une coupe normale.<\/p>\n<ul>\n<li>Equip\u00e9 d&rsquo;un col roul\u00e9<\/li>\n<li>Mat\u00e9riau : 100 % laine v\u00e9g\u00e9talienne<\/li>\n<\/ul>\n<p>Ce pull Jacob Cohen est fabriqu\u00e9 \u00e0 la main en V\u00e9n\u00e9tie, dans le nord-est de l&rsquo;Italie.<\/p>\n","protected":false},"excerpt":{"rendered":"<p>C&rsquo;est un pull tricot\u00e9 confortable, avec une coupe normale. Equip\u00e9 d&rsquo;un col roul\u00e9 Mat\u00e9riau : 100 % laine v\u00e9g\u00e9talienne Ce pull Jacob Cohen est fabriqu\u00e9 \u00e0 la main en V\u00e9n\u00e9tie, dans le nord-est de l&rsquo;Italie.<\/p>\n","protected":false},"featured_media":286190,"comment_status":"open","ping_status":"closed","template":"","meta":[],"product_cat":[1136,1572,1588,1642,1650,1663],"product_tag":[],"acf":[],"yoast_head":"<!-- This site is optimized with the Yoast SEO plugin v22.3 - https:\/\/yoast.com\/wordpress\/plugins\/seo\/ -->\n<title>PULL COL MONTANT EN LAINE gris clair (37952) - Vousten Jeans<\/title>\n<meta name=\"robots\" content=\"index, follow, max-snippet:-1, max-image-preview:large, max-video-preview:-1\" \/>\n<link rel=\"canonical\" href=\"https:\/\/www.voustenjeans.com\/fr\/pull-col-montant-en-laine-gris-clair-37952\/\" \/>\n<meta property=\"og:locale\" content=\"fr_FR\" \/>\n<meta property=\"og:type\" content=\"article\" \/>\n<meta property=\"og:title\" content=\"PULL COL MONTANT EN LAINE gris clair (37952) - Vousten Jeans\" \/>\n<meta property=\"og:description\" content=\"C&rsquo;est un pull tricot\u00e9 confortable, avec une coupe normale. Equip\u00e9 d&rsquo;un col roul\u00e9 Mat\u00e9riau : 100 % laine v\u00e9g\u00e9talienne Ce pull Jacob Cohen est fabriqu\u00e9 \u00e0 la main en V\u00e9n\u00e9tie, dans le nord-est de l&rsquo;Italie.\" \/>\n<meta property=\"og:url\" content=\"https:\/\/www.voustenjeans.com\/fr\/pull-col-montant-en-laine-gris-clair-37952\/\" \/>\n<meta property=\"og:site_name\" content=\"Vousten Jeans\" \/>\n<meta property=\"article:modified_time\" content=\"2026-02-05T12:43:37+00:00\" \/>\n<meta property=\"og:image\" content=\"https:\/\/www.voustenjeans.com\/wp-content\/uploads\/2023\/06\/dscf4654-removebg_0-683x1024.png\" \/>\n\t<meta property=\"og:image:width\" content=\"683\" \/>\n\t<meta property=\"og:image:height\" content=\"1024\" \/>\n\t<meta property=\"og:image:type\" content=\"image\/png\" \/>\n<meta name=\"twitter:card\" content=\"summary_large_image\" \/>\n<script type=\"application\/ld+json\" class=\"yoast-schema-graph\">{\"@context\":\"https:\/\/schema.org\",\"@graph\":[{\"@type\":\"WebPage\",\"@id\":\"https:\/\/www.voustenjeans.com\/fr\/pull-col-montant-en-laine-gris-clair-37952\/\",\"url\":\"https:\/\/www.voustenjeans.com\/fr\/pull-col-montant-en-laine-gris-clair-37952\/\",\"name\":\"PULL COL MONTANT EN LAINE gris clair (37952) - Vousten Jeans\",\"isPartOf\":{\"@id\":\"https:\/\/www.voustenjeans.com\/en\/#website\"},\"primaryImageOfPage\":{\"@id\":\"https:\/\/www.voustenjeans.com\/fr\/pull-col-montant-en-laine-gris-clair-37952\/#primaryimage\"},\"image\":{\"@id\":\"https:\/\/www.voustenjeans.com\/fr\/pull-col-montant-en-laine-gris-clair-37952\/#primaryimage\"},\"thumbnailUrl\":\"https:\/\/www.voustenjeans.com\/wp-content\/uploads\/2023\/06\/dscf4654-removebg_0.png\",\"datePublished\":\"2025-06-03T13:58:04+00:00\",\"dateModified\":\"2026-02-05T12:43:37+00:00\",\"breadcrumb\":{\"@id\":\"https:\/\/www.voustenjeans.com\/fr\/pull-col-montant-en-laine-gris-clair-37952\/#breadcrumb\"},\"inLanguage\":\"fr-FR\",\"potentialAction\":[{\"@type\":\"ReadAction\",\"target\":[\"https:\/\/www.voustenjeans.com\/fr\/pull-col-montant-en-laine-gris-clair-37952\/\"]}]},{\"@type\":\"ImageObject\",\"inLanguage\":\"fr-FR\",\"@id\":\"https:\/\/www.voustenjeans.com\/fr\/pull-col-montant-en-laine-gris-clair-37952\/#primaryimage\",\"url\":\"https:\/\/www.voustenjeans.com\/wp-content\/uploads\/2023\/06\/dscf4654-removebg_0.png\",\"contentUrl\":\"https:\/\/www.voustenjeans.com\/wp-content\/uploads\/2023\/06\/dscf4654-removebg_0.png\",\"width\":1365,\"height\":2048},{\"@type\":\"BreadcrumbList\",\"@id\":\"https:\/\/www.voustenjeans.com\/fr\/pull-col-montant-en-laine-gris-clair-37952\/#breadcrumb\",\"itemListElement\":[{\"@type\":\"ListItem\",\"position\":1,\"name\":\"Home\",\"item\":\"https:\/\/www.voustenjeans.com\/fr\/\"},{\"@type\":\"ListItem\",\"position\":2,\"name\":\"Boutique\",\"item\":\"https:\/\/www.voustenjeans.com\/fr\/shop\/\"},{\"@type\":\"ListItem\",\"position\":3,\"name\":\"PULL COL MONTANT EN LAINE gris clair (37952)\"}]},{\"@type\":\"WebSite\",\"@id\":\"https:\/\/www.voustenjeans.com\/en\/#website\",\"url\":\"https:\/\/www.voustenjeans.com\/en\/\",\"name\":\"Vousten Jeans\",\"description\":\"\",\"potentialAction\":[{\"@type\":\"SearchAction\",\"target\":{\"@type\":\"EntryPoint\",\"urlTemplate\":\"https:\/\/www.voustenjeans.com\/en\/?s={search_term_string}\"},\"query-input\":\"required name=search_term_string\"}],\"inLanguage\":\"fr-FR\"}]}<\/script>\n<!-- \/ Yoast SEO plugin. -->","yoast_head_json":{"title":"PULL COL MONTANT EN LAINE gris clair (37952) - Vousten Jeans","robots":{"index":"index","follow":"follow","max-snippet":"max-snippet:-1","max-image-preview":"max-image-preview:large","max-video-preview":"max-video-preview:-1"},"canonical":"https:\/\/www.voustenjeans.com\/fr\/pull-col-montant-en-laine-gris-clair-37952\/","og_locale":"fr_FR","og_type":"article","og_title":"PULL COL MONTANT EN LAINE gris clair (37952) - Vousten Jeans","og_description":"C&rsquo;est un pull tricot\u00e9 confortable, avec une coupe normale. Equip\u00e9 d&rsquo;un col roul\u00e9 Mat\u00e9riau : 100 % laine v\u00e9g\u00e9talienne Ce pull Jacob Cohen est fabriqu\u00e9 \u00e0 la main en V\u00e9n\u00e9tie, dans le nord-est de l&rsquo;Italie.","og_url":"https:\/\/www.voustenjeans.com\/fr\/pull-col-montant-en-laine-gris-clair-37952\/","og_site_name":"Vousten Jeans","article_modified_time":"2026-02-05T12:43:37+00:00","og_image":[{"width":683,"height":1024,"url":"https:\/\/www.voustenjeans.com\/wp-content\/uploads\/2023\/06\/dscf4654-removebg_0-683x1024.png","type":"image\/png"}],"twitter_card":"summary_large_image","schema":{"@context":"https:\/\/schema.org","@graph":[{"@type":"WebPage","@id":"https:\/\/www.voustenjeans.com\/fr\/pull-col-montant-en-laine-gris-clair-37952\/","url":"https:\/\/www.voustenjeans.com\/fr\/pull-col-montant-en-laine-gris-clair-37952\/","name":"PULL COL MONTANT EN LAINE gris clair (37952) - Vousten Jeans","isPartOf":{"@id":"https:\/\/www.voustenjeans.com\/en\/#website"},"primaryImageOfPage":{"@id":"https:\/\/www.voustenjeans.com\/fr\/pull-col-montant-en-laine-gris-clair-37952\/#primaryimage"},"image":{"@id":"https:\/\/www.voustenjeans.com\/fr\/pull-col-montant-en-laine-gris-clair-37952\/#primaryimage"},"thumbnailUrl":"https:\/\/www.voustenjeans.com\/wp-content\/uploads\/2023\/06\/dscf4654-removebg_0.png","datePublished":"2025-06-03T13:58:04+00:00","dateModified":"2026-02-05T12:43:37+00:00","breadcrumb":{"@id":"https:\/\/www.voustenjeans.com\/fr\/pull-col-montant-en-laine-gris-clair-37952\/#breadcrumb"},"inLanguage":"fr-FR","potentialAction":[{"@type":"ReadAction","target":["https:\/\/www.voustenjeans.com\/fr\/pull-col-montant-en-laine-gris-clair-37952\/"]}]},{"@type":"ImageObject","inLanguage":"fr-FR","@id":"https:\/\/www.voustenjeans.com\/fr\/pull-col-montant-en-laine-gris-clair-37952\/#primaryimage","url":"https:\/\/www.voustenjeans.com\/wp-content\/uploads\/2023\/06\/dscf4654-removebg_0.png","contentUrl":"https:\/\/www.voustenjeans.com\/wp-content\/uploads\/2023\/06\/dscf4654-removebg_0.png","width":1365,"height":2048},{"@type":"BreadcrumbList","@id":"https:\/\/www.voustenjeans.com\/fr\/pull-col-montant-en-laine-gris-clair-37952\/#breadcrumb","itemListElement":[{"@type":"ListItem","position":1,"name":"Home","item":"https:\/\/www.voustenjeans.com\/fr\/"},{"@type":"ListItem","position":2,"name":"Boutique","item":"https:\/\/www.voustenjeans.com\/fr\/shop\/"},{"@type":"ListItem","position":3,"name":"PULL COL MONTANT EN LAINE gris clair (37952)"}]},{"@type":"WebSite","@id":"https:\/\/www.voustenjeans.com\/en\/#website","url":"https:\/\/www.voustenjeans.com\/en\/","name":"Vousten Jeans","description":"","potentialAction":[{"@type":"SearchAction","target":{"@type":"EntryPoint","urlTemplate":"https:\/\/www.voustenjeans.com\/en\/?s={search_term_string}"},"query-input":"required name=search_term_string"}],"inLanguage":"fr-FR"}]}},"_links":{"self":[{"href":"https:\/\/www.voustenjeans.com\/fr\/wp-json\/wp\/v2\/product\/290698"}],"collection":[{"href":"https:\/\/www.voustenjeans.com\/fr\/wp-json\/wp\/v2\/product"}],"about":[{"href":"https:\/\/www.voustenjeans.com\/fr\/wp-json\/wp\/v2\/types\/product"}],"replies":[{"embeddable":true,"href":"https:\/\/www.voustenjeans.com\/fr\/wp-json\/wp\/v2\/comments?post=290698"}],"wp:featuredmedia":[{"embeddable":true,"href":"https:\/\/www.voustenjeans.com\/fr\/wp-json\/wp\/v2\/media\/286190"}],"wp:attachment":[{"href":"https:\/\/www.voustenjeans.com\/fr\/wp-json\/wp\/v2\/media?parent=290698"}],"wp:term":[{"taxonomy":"product_cat","embeddable":true,"href":"https:\/\/www.voustenjeans.com\/fr\/wp-json\/wp\/v2\/product_cat?post=290698"},{"taxonomy":"product_tag","embeddable":true,"href":"https:\/\/www.voustenjeans.com\/fr\/wp-json\/wp\/v2\/product_tag?post=290698"}],"curies":[{"name":"wp","href":"https:\/\/api.w.org\/{rel}","templated":true}]}}