{"id":289847,"date":"2025-06-02T13:58:35","date_gmt":"2025-06-02T11:58:35","guid":{"rendered":"https:\/\/www.voustenjeans.com\/jacob-cohen-j620-eduard-limited-3619-300d-40299-2\/"},"modified":"2026-03-17T08:00:10","modified_gmt":"2026-03-17T07:00:10","slug":"jacob-cohen-j620-eduard-limited-3619-300d-40299-2","status":"publish","type":"product","link":"https:\/\/www.voustenjeans.com\/fr\/jacob-cohen-j620-eduard-limited-3619-300d-40299-2\/","title":{"rendered":"Jacob Coh\u00ebn J620 (Eduard) LIMITED 3619 300D (40299)"},"content":{"rendered":"<p>Il a une coupe r\u00e9guli\u00e8re et tombe normalement.<\/p>\n<ul>\n<li>Est un jean exclusif, produit en \u00e9dition limit\u00e9e (Limited Edition)<\/li>\n<li>Jean extensible<\/li>\n<li>Taille standard<\/li>\n<li>Fermeture \u00e0 boutons<\/li>\n<li>Convient aux jambes fortes<\/li>\n<li>Patch en poils de poney rouges et beiges avec logo en m\u00e9tal<\/li>\n<li>Mati\u00e8re : 92% coton, 6% \u00e9lastomultiester, 2% \u00e9lasthanne\u00a0<\/li>\n<li>Largeur du pied : 21 cm<\/li>\n<li>Longueur de la base : 35 pouces (peut varier l\u00e9g\u00e8rement selon le lavage)<\/li>\n<\/ul>\n<p>\nCe jean Jacob Coh\u00ebn est fabriqu\u00e9 \u00e0 la main en V\u00e9n\u00e9tie, dans le nord-est de l&rsquo;Italie. Il est livr\u00e9 avec une \u00e9charpe assortie, un flacon de parfum textile et un fil suppl\u00e9mentaire de la bonne couleur, pour le raccourcissement.<\/p>\n","protected":false},"excerpt":{"rendered":"<p>Il a une coupe r\u00e9guli\u00e8re et tombe normalement. Est un jean exclusif, produit en \u00e9dition limit\u00e9e (Limited Edition) Jean extensible Taille standard Fermeture \u00e0 boutons Convient aux jambes fortes Patch en poils de poney rouges et beiges avec logo en m\u00e9tal Mati\u00e8re : 92% coton, 6% \u00e9lastomultiester, 2% \u00e9lasthanne\u00a0 Largeur du pied : 21 cm [&#8230;]\n","protected":false},"featured_media":215705,"comment_status":"open","ping_status":"closed","template":"","meta":[],"product_cat":[1663,1136,1404,1476,1516,1580,1642,1650],"product_tag":[],"acf":[],"yoast_head":"<!-- This site is optimized with the Yoast SEO plugin v22.3 - https:\/\/yoast.com\/wordpress\/plugins\/seo\/ -->\n<title>Jacob Coh\u00ebn J620 (Eduard) LIMITED 3619 300D (40299) - Vousten Jeans<\/title>\n<meta name=\"robots\" content=\"index, follow, max-snippet:-1, max-image-preview:large, max-video-preview:-1\" \/>\n<link rel=\"canonical\" href=\"https:\/\/www.voustenjeans.com\/fr\/jacob-cohen-j620-eduard-limited-3619-300d-40299-2\/\" \/>\n<meta property=\"og:locale\" content=\"fr_FR\" \/>\n<meta property=\"og:type\" content=\"article\" \/>\n<meta property=\"og:title\" content=\"Jacob Coh\u00ebn J620 (Eduard) LIMITED 3619 300D (40299) - Vousten Jeans\" \/>\n<meta property=\"og:description\" content=\"Il a une coupe r\u00e9guli\u00e8re et tombe normalement. Est un jean exclusif, produit en \u00e9dition limit\u00e9e (Limited Edition) Jean extensible Taille standard Fermeture \u00e0 boutons Convient aux jambes fortes Patch en poils de poney rouges et beiges avec logo en m\u00e9tal Mati\u00e8re : 92% coton, 6% \u00e9lastomultiester, 2% \u00e9lasthanne\u00a0 Largeur du pied : 21 cm [...]\" \/>\n<meta property=\"og:url\" content=\"https:\/\/www.voustenjeans.com\/fr\/jacob-cohen-j620-eduard-limited-3619-300d-40299-2\/\" \/>\n<meta property=\"og:site_name\" content=\"Vousten Jeans\" \/>\n<meta property=\"article:modified_time\" content=\"2026-03-17T07:00:10+00:00\" \/>\n<meta property=\"og:image\" content=\"https:\/\/www.voustenjeans.com\/wp-content\/uploads\/2023\/06\/250001063_front.jpg\" \/>\n\t<meta property=\"og:image:width\" content=\"800\" \/>\n\t<meta property=\"og:image:height\" content=\"2250\" \/>\n\t<meta property=\"og:image:type\" content=\"image\/jpeg\" \/>\n<meta name=\"twitter:card\" content=\"summary_large_image\" \/>\n<meta name=\"twitter:label1\" content=\"Est. reading time\" \/>\n\t<meta name=\"twitter:data1\" content=\"1 minute\" \/>\n<script type=\"application\/ld+json\" class=\"yoast-schema-graph\">{\"@context\":\"https:\/\/schema.org\",\"@graph\":[{\"@type\":\"WebPage\",\"@id\":\"https:\/\/www.voustenjeans.com\/fr\/jacob-cohen-j620-eduard-limited-3619-300d-40299-2\/\",\"url\":\"https:\/\/www.voustenjeans.com\/fr\/jacob-cohen-j620-eduard-limited-3619-300d-40299-2\/\",\"name\":\"Jacob Coh\u00ebn J620 (Eduard) LIMITED 3619 300D (40299) - Vousten Jeans\",\"isPartOf\":{\"@id\":\"https:\/\/www.voustenjeans.com\/en\/#website\"},\"primaryImageOfPage\":{\"@id\":\"https:\/\/www.voustenjeans.com\/fr\/jacob-cohen-j620-eduard-limited-3619-300d-40299-2\/#primaryimage\"},\"image\":{\"@id\":\"https:\/\/www.voustenjeans.com\/fr\/jacob-cohen-j620-eduard-limited-3619-300d-40299-2\/#primaryimage\"},\"thumbnailUrl\":\"https:\/\/www.voustenjeans.com\/wp-content\/uploads\/2023\/06\/250001063_front.jpg\",\"datePublished\":\"2025-06-02T11:58:35+00:00\",\"dateModified\":\"2026-03-17T07:00:10+00:00\",\"breadcrumb\":{\"@id\":\"https:\/\/www.voustenjeans.com\/fr\/jacob-cohen-j620-eduard-limited-3619-300d-40299-2\/#breadcrumb\"},\"inLanguage\":\"fr-FR\",\"potentialAction\":[{\"@type\":\"ReadAction\",\"target\":[\"https:\/\/www.voustenjeans.com\/fr\/jacob-cohen-j620-eduard-limited-3619-300d-40299-2\/\"]}]},{\"@type\":\"ImageObject\",\"inLanguage\":\"fr-FR\",\"@id\":\"https:\/\/www.voustenjeans.com\/fr\/jacob-cohen-j620-eduard-limited-3619-300d-40299-2\/#primaryimage\",\"url\":\"https:\/\/www.voustenjeans.com\/wp-content\/uploads\/2023\/06\/250001063_front.jpg\",\"contentUrl\":\"https:\/\/www.voustenjeans.com\/wp-content\/uploads\/2023\/06\/250001063_front.jpg\",\"width\":800,\"height\":2250},{\"@type\":\"BreadcrumbList\",\"@id\":\"https:\/\/www.voustenjeans.com\/fr\/jacob-cohen-j620-eduard-limited-3619-300d-40299-2\/#breadcrumb\",\"itemListElement\":[{\"@type\":\"ListItem\",\"position\":1,\"name\":\"Home\",\"item\":\"https:\/\/www.voustenjeans.com\/fr\/\"},{\"@type\":\"ListItem\",\"position\":2,\"name\":\"Boutique\",\"item\":\"https:\/\/www.voustenjeans.com\/fr\/shop\/\"},{\"@type\":\"ListItem\",\"position\":3,\"name\":\"Jacob Coh\u00ebn J620 (Eduard) LIMITED 3619 300D (40299)\"}]},{\"@type\":\"WebSite\",\"@id\":\"https:\/\/www.voustenjeans.com\/en\/#website\",\"url\":\"https:\/\/www.voustenjeans.com\/en\/\",\"name\":\"Vousten Jeans\",\"description\":\"\",\"potentialAction\":[{\"@type\":\"SearchAction\",\"target\":{\"@type\":\"EntryPoint\",\"urlTemplate\":\"https:\/\/www.voustenjeans.com\/en\/?s={search_term_string}\"},\"query-input\":\"required name=search_term_string\"}],\"inLanguage\":\"fr-FR\"}]}<\/script>\n<!-- \/ Yoast SEO plugin. -->","yoast_head_json":{"title":"Jacob Coh\u00ebn J620 (Eduard) LIMITED 3619 300D (40299) - Vousten Jeans","robots":{"index":"index","follow":"follow","max-snippet":"max-snippet:-1","max-image-preview":"max-image-preview:large","max-video-preview":"max-video-preview:-1"},"canonical":"https:\/\/www.voustenjeans.com\/fr\/jacob-cohen-j620-eduard-limited-3619-300d-40299-2\/","og_locale":"fr_FR","og_type":"article","og_title":"Jacob Coh\u00ebn J620 (Eduard) LIMITED 3619 300D (40299) - Vousten Jeans","og_description":"Il a une coupe r\u00e9guli\u00e8re et tombe normalement. Est un jean exclusif, produit en \u00e9dition limit\u00e9e (Limited Edition) Jean extensible Taille standard Fermeture \u00e0 boutons Convient aux jambes fortes Patch en poils de poney rouges et beiges avec logo en m\u00e9tal Mati\u00e8re : 92% coton, 6% \u00e9lastomultiester, 2% \u00e9lasthanne\u00a0 Largeur du pied : 21 cm [...]","og_url":"https:\/\/www.voustenjeans.com\/fr\/jacob-cohen-j620-eduard-limited-3619-300d-40299-2\/","og_site_name":"Vousten Jeans","article_modified_time":"2026-03-17T07:00:10+00:00","og_image":[{"width":800,"height":2250,"url":"https:\/\/www.voustenjeans.com\/wp-content\/uploads\/2023\/06\/250001063_front.jpg","type":"image\/jpeg"}],"twitter_card":"summary_large_image","twitter_misc":{"Est. reading time":"1 minute"},"schema":{"@context":"https:\/\/schema.org","@graph":[{"@type":"WebPage","@id":"https:\/\/www.voustenjeans.com\/fr\/jacob-cohen-j620-eduard-limited-3619-300d-40299-2\/","url":"https:\/\/www.voustenjeans.com\/fr\/jacob-cohen-j620-eduard-limited-3619-300d-40299-2\/","name":"Jacob Coh\u00ebn J620 (Eduard) LIMITED 3619 300D (40299) - Vousten Jeans","isPartOf":{"@id":"https:\/\/www.voustenjeans.com\/en\/#website"},"primaryImageOfPage":{"@id":"https:\/\/www.voustenjeans.com\/fr\/jacob-cohen-j620-eduard-limited-3619-300d-40299-2\/#primaryimage"},"image":{"@id":"https:\/\/www.voustenjeans.com\/fr\/jacob-cohen-j620-eduard-limited-3619-300d-40299-2\/#primaryimage"},"thumbnailUrl":"https:\/\/www.voustenjeans.com\/wp-content\/uploads\/2023\/06\/250001063_front.jpg","datePublished":"2025-06-02T11:58:35+00:00","dateModified":"2026-03-17T07:00:10+00:00","breadcrumb":{"@id":"https:\/\/www.voustenjeans.com\/fr\/jacob-cohen-j620-eduard-limited-3619-300d-40299-2\/#breadcrumb"},"inLanguage":"fr-FR","potentialAction":[{"@type":"ReadAction","target":["https:\/\/www.voustenjeans.com\/fr\/jacob-cohen-j620-eduard-limited-3619-300d-40299-2\/"]}]},{"@type":"ImageObject","inLanguage":"fr-FR","@id":"https:\/\/www.voustenjeans.com\/fr\/jacob-cohen-j620-eduard-limited-3619-300d-40299-2\/#primaryimage","url":"https:\/\/www.voustenjeans.com\/wp-content\/uploads\/2023\/06\/250001063_front.jpg","contentUrl":"https:\/\/www.voustenjeans.com\/wp-content\/uploads\/2023\/06\/250001063_front.jpg","width":800,"height":2250},{"@type":"BreadcrumbList","@id":"https:\/\/www.voustenjeans.com\/fr\/jacob-cohen-j620-eduard-limited-3619-300d-40299-2\/#breadcrumb","itemListElement":[{"@type":"ListItem","position":1,"name":"Home","item":"https:\/\/www.voustenjeans.com\/fr\/"},{"@type":"ListItem","position":2,"name":"Boutique","item":"https:\/\/www.voustenjeans.com\/fr\/shop\/"},{"@type":"ListItem","position":3,"name":"Jacob Coh\u00ebn J620 (Eduard) LIMITED 3619 300D (40299)"}]},{"@type":"WebSite","@id":"https:\/\/www.voustenjeans.com\/en\/#website","url":"https:\/\/www.voustenjeans.com\/en\/","name":"Vousten Jeans","description":"","potentialAction":[{"@type":"SearchAction","target":{"@type":"EntryPoint","urlTemplate":"https:\/\/www.voustenjeans.com\/en\/?s={search_term_string}"},"query-input":"required name=search_term_string"}],"inLanguage":"fr-FR"}]}},"_links":{"self":[{"href":"https:\/\/www.voustenjeans.com\/fr\/wp-json\/wp\/v2\/product\/289847"}],"collection":[{"href":"https:\/\/www.voustenjeans.com\/fr\/wp-json\/wp\/v2\/product"}],"about":[{"href":"https:\/\/www.voustenjeans.com\/fr\/wp-json\/wp\/v2\/types\/product"}],"replies":[{"embeddable":true,"href":"https:\/\/www.voustenjeans.com\/fr\/wp-json\/wp\/v2\/comments?post=289847"}],"wp:featuredmedia":[{"embeddable":true,"href":"https:\/\/www.voustenjeans.com\/fr\/wp-json\/wp\/v2\/media\/215705"}],"wp:attachment":[{"href":"https:\/\/www.voustenjeans.com\/fr\/wp-json\/wp\/v2\/media?parent=289847"}],"wp:term":[{"taxonomy":"product_cat","embeddable":true,"href":"https:\/\/www.voustenjeans.com\/fr\/wp-json\/wp\/v2\/product_cat?post=289847"},{"taxonomy":"product_tag","embeddable":true,"href":"https:\/\/www.voustenjeans.com\/fr\/wp-json\/wp\/v2\/product_tag?post=289847"}],"curies":[{"name":"wp","href":"https:\/\/api.w.org\/{rel}","templated":true}]}}