{"id":667,"date":"2023-04-06T12:45:56","date_gmt":"2023-04-06T12:45:56","guid":{"rendered":"https:\/\/www.voustenjeans.com\/information-de-contact\/"},"modified":"2026-01-13T02:38:05","modified_gmt":"2026-01-13T01:38:05","slug":"contact","status":"publish","type":"page","link":"https:\/\/www.voustenjeans.com\/fr\/contact\/","title":{"rendered":"Contact"},"content":{"rendered":"<div class=\"lazyblock-header-image-ZgAduA wp-block-lazyblock-header-image\"><div class=\"lazyblocks-header-image vi-header-image--hoogte--klein vi-header-image--overlay-gradient--1\" style=\"\">\n<!--    <div class=\"img img-desktop vi-img--load-bg-img\" style=\"background-color: #333;--><!--\" vi-img-url=\"--><!--\"><\/div>-->\n<!--    <div class=\"img img-mobile vi-img--load-bg-img\" style=\"background-color: #333;--><!--\" vi-img-url=\"--><!--\"><\/div>-->\n    <img decoding=\"async\" src=\"https:\/\/www.voustenjeans.com\/wp-content\/uploads\/2025\/07\/Header-woo-900-x-600-px-3-320x240.png\" srcset=\"https:\/\/www.voustenjeans.com\/wp-content\/uploads\/2025\/07\/Header-woo-900-x-600-px-3-320x240.png 320w, https:\/\/www.voustenjeans.com\/wp-content\/uploads\/2025\/07\/Header-woo-900-x-600-px-3-768x576.png 768w, https:\/\/www.voustenjeans.com\/wp-content\/uploads\/2025\/07\/AW25-Header-desktop-3-1280x427.png 1280w, https:\/\/www.voustenjeans.com\/wp-content\/uploads\/2025\/07\/AW25-Header-desktop-3.png 1920w\" class=\"img\" style=\"object-position:center center;object-fit:cover; width:100%; height:100%;\" \/>    <div class=\"overlay-gradient\"><\/div>\n    <div class=\"inner\">\n        <div class=\"txt\">\n            <div class=\"kop\"><h1 class=\"inner\">Contact<\/h1><\/div>\n                    <\/div>\n    <\/div>\n    <\/div>\n<\/div>\n\n<h1>Contact<\/h1>\n<p><p style=\"white-space: normal\">Chez Vousten Mode, nous sommes toujours pr\u00eats \u00e0 vous aider et \u00e0 vous conseiller. Que vous ayez des questions sur nos produits, besoin d&rsquo;aide pour passer une commande ou souhaitiez des conseils en mati\u00e8re de style, notre \u00e9quipe d&rsquo;experts est l\u00e0 pour vous.<\/p><p style=\"white-space: normal\"><\/p><p style=\"white-space: normal\"><\/p><\/p>\n<h4 class=\"wp-block-heading\">\n<p style=\"white-space: normal\">Service client\u00e8le<\/p>\n<p style=\"white-space: normal\">\n<\/h4>\n<p style=\"white-space: normal\">\n<p style=\"white-space: normal\">Notre \u00e9quipe du service client\u00e8le est disponible pendant les heures d&rsquo;ouverture et se fera un plaisir de r\u00e9pondre \u00e0 toutes vos questions. Contactez-nous par t\u00e9l\u00e9phone ou envoyez-nous un e-mail et vous recevrez une r\u00e9ponse rapide.<\/p>\n<p style=\"white-space: normal\">\n<p style=\"white-space: normal\"><\/p>\n<h4 class=\"wp-block-heading\">\n<p style=\"white-space: normal\">Questions et commandes en ligne<\/p>\n<p style=\"white-space: normal\">\n<\/h4>\n<p style=\"white-space: normal\">\n<p style=\"white-space: normal\">Si vous avez des questions concernant votre commande en ligne, les retours ou notre gamme de produits, vous pouvez \u00e9galement remplir le formulaire de contact ci-dessous. Veuillez fournir autant de d\u00e9tails que possible afin que nous puissions vous aider rapidement et efficacement. Vous pouvez \u00e9galement nous contacter via <strong>Whatsapp<\/strong> au 0031-735492303.<\/p>\n<p style=\"white-space: normal\">\n<p style=\"white-space: normal\"><\/p>\n<h4 class=\"wp-block-heading\">\n<p style=\"white-space: normal\">Parking<\/p>\n<p style=\"white-space: normal\">\n<p style=\"white-space: normal\">\n<\/h4>\n<p style=\"white-space: normal\">\n<p style=\"white-space: normal\">Vous pr\u00e9voyez de nous rendre visite en voiture ? Derri\u00e8re notre magasin se trouve le parking couvert gratuit <strong>Lochtenburg<\/strong>. Deux \u00e9tages avec 150 places de stationnement. Un parking gratuit et illimit\u00e9, o\u00f9 trouver mieux ?<\/p><\/p>\n<div class=\"wp-block-columns is-layout-flex wp-container-core-columns-is-layout-1 wp-block-columns-is-layout-flex\">\n<div class=\"wp-block-column is-layout-flow wp-block-column-is-layout-flow\"><\/div>\n<\/div>\n<div class=\"wp-block-columns vi-boxed is-layout-flex wp-container-core-columns-is-layout-2 wp-block-columns-is-layout-flex\">\n<div class=\"wp-block-column is-layout-flow wp-block-column-is-layout-flow\"><strong>Vousten Fashion Nederland<\/strong><br \/>\nHoofdstraat 81<br \/>\n5481 AC Schijndel<br \/>\nThe Netherlands<\/p>\n<p>T: <a href=\"tel:+310735492303\">+31(0) 73 549 2303<\/a><\/p>\n<p>E: <a href=\"mailto:info@voustenmode.nl\">info@voustenmode.nl<\/a><\/p>\n<p><\/p>\n<\/div>\n<div class=\"wp-block-column is-layout-flow wp-block-column-is-layout-flow\"><iframe src=\"https:\/\/www.google.com\/maps\/embed?pb=!1m18!1m12!1m3!1d2477.243058764775!2d5.4315726513360225!3d51.61875661027624!2m3!1f0!2f0!3f0!3m2!1i1024!2i768!4f13.1!3m3!1m2!1s0x47c6e6ec86e70e5f%3A0xbdcd4ba535ef6b7e!2sHoofdstraat%2081%2C%205481%20AC%20Schijndel!5e0!3m2!1snl!2snl!4v1637003186541!5m2!1snl!2snl\" width=\"100%\" height=\"300\" style=\"border:0;\" allowfullscreen=\"\" loading=\"lazy\"><\/iframe>\n<\/div>\n<\/div>\n<div class=\"wp-block-columns vi-boxed is-layout-flex wp-container-core-columns-is-layout-3 wp-block-columns-is-layout-flex\">\n<div class=\"wp-block-column vi-boxed is-layout-flow wp-block-column-is-layout-flow\" style=\"flex-basis:100%\"><\/div>\n<\/div>\n<\/p>\n<div class=\"wp-block-columns vi-boxed is-layout-flex wp-container-core-columns-is-layout-4 wp-block-columns-is-layout-flex\">\n<div class=\"wp-block-column is-layout-flow wp-block-column-is-layout-flow\">\n<div class=\"wpcf7 no-js\" id=\"wpcf7-f30970-o1\" lang=\"fr-FR\" dir=\"ltr\">\n<div class=\"screen-reader-response\">\n<p role=\"status\" aria-live=\"polite\" aria-atomic=\"true\">\n<ul><\/ul>\n<\/div>\n<form action=\"\/fr\/wp-json\/wp\/v2\/pages\/667#wpcf7-f30970-o1\" method=\"post\" class=\"wpcf7-form init\" aria-label=\"Formulaire de contact\" novalidate=\"novalidate\" data-status=\"init\">\n<div style=\"display: none;\">\n<input type=\"hidden\" name=\"_wpcf7\" value=\"30970\" \/><br \/>\n<input type=\"hidden\" name=\"_wpcf7_version\" value=\"5.9.2\" \/><br \/>\n<input type=\"hidden\" name=\"_wpcf7_locale\" value=\"fr_FR\" \/><br \/>\n<input type=\"hidden\" name=\"_wpcf7_unit_tag\" value=\"wpcf7-f30970-o1\" \/><br \/>\n<input type=\"hidden\" name=\"_wpcf7_container_post\" value=\"0\" \/><br \/>\n<input type=\"hidden\" name=\"_wpcf7_posted_data_hash\" value=\"\" \/><br \/>\n<input type=\"hidden\" name=\"_wpcf7_recaptcha_response\" value=\"\" \/>\n<\/div>\n<p><label> Votre nom<br \/>\n<span class=\"wpcf7-form-control-wrap\" data-name=\"your-name\"><input size=\"40\" class=\"wpcf7-form-control wpcf7-text wpcf7-validates-as-required\" aria-required=\"true\" aria-invalid=\"false\" value=\"\" type=\"text\" name=\"your-name\" \/><\/span> <\/label>\n<\/p>\n<p><label> Votre adresse email<br \/>\n<span class=\"wpcf7-form-control-wrap\" data-name=\"your-email\"><input size=\"40\" class=\"wpcf7-form-control wpcf7-email wpcf7-validates-as-required wpcf7-text wpcf7-validates-as-email\" aria-required=\"true\" aria-invalid=\"false\" value=\"\" type=\"email\" name=\"your-email\" \/><\/span> <\/label>\n<\/p>\n<p><label> Votre message (facultatif)<br \/>\n<span class=\"wpcf7-form-control-wrap\" data-name=\"your-message\"><textarea cols=\"40\" rows=\"10\" class=\"wpcf7-form-control wpcf7-textarea\" aria-invalid=\"false\" name=\"your-message\"><\/textarea><\/span> <\/label>\n<\/p>\n<p><div class=\"recaptcha-hidden-badge-disclaimer\">This site is protected by reCAPTCHA and the Google <a href=\"https:\/\/policies.google.com\/privacy\" target=\"_blank\" rel=\"noopener\">Privacy Policy<\/a> and <a href=\"https:\/\/policies.google.com\/terms\" target=\"_blank\" rel=\"noopener\">Terms of Service<\/a> apply.<\/div>\n<p><input class=\"wpcf7-form-control wpcf7-submit has-spinner\" type=\"submit\" value=\"Soumettre\" \/>\n<\/p>\n<div class=\"wpcf7-response-output\" aria-hidden=\"true\"><\/div>\n<\/form>\n<\/div>\n<\/div>\n<div class=\"wp-block-column is-layout-flow wp-block-column-is-layout-flow\">\n<h4>Horaires d\u2019ouvertures<\/h4>\n<table class=\"vi-openinghours\">\n<tr>\n<td class=\"day\">Lundi<\/td>\n<td class=\"day-info\">13:00 - 18:00<\/td>\n<\/tr>\n<tr>\n<td class=\"day\">Mardi<\/td>\n<td class=\"day-info\">09:30 - 18:00<\/td>\n<\/tr>\n<tr>\n<td class=\"day\">Mercredi<\/td>\n<td class=\"day-info\">09:30 - 18:00<\/td>\n<\/tr>\n<tr>\n<td class=\"day\">Jeudi<\/td>\n<td class=\"day-info\">09:30 - 18:00<\/td>\n<\/tr>\n<tr>\n<td class=\"day\">Vendredi<\/td>\n<td class=\"day-info\">09:30 - 21:00<\/td>\n<\/tr>\n<tr>\n<td class=\"day\">Samedi<\/td>\n<td class=\"day-info\">09:30 - 17:00<\/td>\n<\/tr>\n<tr>\n<td class=\"day\">Dimanche<\/td>\n<td class=\"day-info\">Ferm\u00e9<\/td>\n<\/tr>\n<\/table>\n<\/div>\n<\/div>\n<\/p>\n\n\n\n<div class=\"wp-block-image\">\n<figure class=\"aligncenter size-large\"><img decoding=\"async\" src=\"https:\/\/www.voustenjeans.com\/wp-content\/uploads\/2024\/06\/pand-967x1024.jpg\" alt=\"Contact\" class=\"wp-image-176721\" \/><\/figure><\/div>","protected":false},"excerpt":{"rendered":"","protected":false},"author":1,"featured_media":0,"parent":0,"menu_order":0,"comment_status":"closed","ping_status":"closed","template":"page-transparent-header.php","meta":{"footnotes":""},"acf":[],"yoast_head":"<!-- This site is optimized with the Yoast SEO plugin v22.3 - https:\/\/yoast.com\/wordpress\/plugins\/seo\/ -->\n<title>Contact - Vousten Jeans<\/title>\n<meta name=\"robots\" content=\"index, follow, max-snippet:-1, max-image-preview:large, max-video-preview:-1\" \/>\n<link rel=\"canonical\" href=\"https:\/\/www.voustenjeans.com\/fr\/contact\/\" \/>\n<meta property=\"og:locale\" content=\"fr_FR\" \/>\n<meta property=\"og:type\" content=\"article\" \/>\n<meta property=\"og:title\" content=\"Contact - Vousten Jeans\" \/>\n<meta property=\"og:url\" content=\"https:\/\/www.voustenjeans.com\/fr\/contact\/\" \/>\n<meta property=\"og:site_name\" content=\"Vousten Jeans\" \/>\n<meta property=\"article:modified_time\" content=\"2026-01-13T01:38:05+00:00\" \/>\n<meta property=\"og:image\" content=\"https:\/\/www.voustenjeans.com\/wp-content\/uploads\/2024\/06\/pand-967x1024.jpg\" \/>\n<meta name=\"twitter:card\" content=\"summary_large_image\" \/>\n<meta name=\"twitter:label1\" content=\"Est. reading time\" \/>\n\t<meta name=\"twitter:data1\" content=\"1 minute\" \/>\n<script type=\"application\/ld+json\" class=\"yoast-schema-graph\">{\"@context\":\"https:\/\/schema.org\",\"@graph\":[{\"@type\":\"WebPage\",\"@id\":\"https:\/\/www.voustenjeans.com\/fr\/contact\/\",\"url\":\"https:\/\/www.voustenjeans.com\/fr\/contact\/\",\"name\":\"Contact - Vousten Jeans\",\"isPartOf\":{\"@id\":\"https:\/\/www.voustenjeans.com\/en\/#website\"},\"primaryImageOfPage\":{\"@id\":\"https:\/\/www.voustenjeans.com\/fr\/contact\/#primaryimage\"},\"image\":{\"@id\":\"https:\/\/www.voustenjeans.com\/fr\/contact\/#primaryimage\"},\"thumbnailUrl\":\"https:\/\/www.voustenjeans.com\/wp-content\/uploads\/2024\/06\/pand-967x1024.jpg\",\"datePublished\":\"2023-04-06T12:45:56+00:00\",\"dateModified\":\"2026-01-13T01:38:05+00:00\",\"breadcrumb\":{\"@id\":\"https:\/\/www.voustenjeans.com\/fr\/contact\/#breadcrumb\"},\"inLanguage\":\"fr-FR\",\"potentialAction\":[{\"@type\":\"ReadAction\",\"target\":[\"https:\/\/www.voustenjeans.com\/fr\/contact\/\"]}]},{\"@type\":\"ImageObject\",\"inLanguage\":\"fr-FR\",\"@id\":\"https:\/\/www.voustenjeans.com\/fr\/contact\/#primaryimage\",\"url\":\"https:\/\/www.voustenjeans.com\/wp-content\/uploads\/2024\/06\/pand-967x1024.jpg\",\"contentUrl\":\"https:\/\/www.voustenjeans.com\/wp-content\/uploads\/2024\/06\/pand-967x1024.jpg\"},{\"@type\":\"BreadcrumbList\",\"@id\":\"https:\/\/www.voustenjeans.com\/fr\/contact\/#breadcrumb\",\"itemListElement\":[{\"@type\":\"ListItem\",\"position\":1,\"name\":\"Home\",\"item\":\"https:\/\/www.voustenjeans.com\/fr\/\"},{\"@type\":\"ListItem\",\"position\":2,\"name\":\"Contact\"}]},{\"@type\":\"WebSite\",\"@id\":\"https:\/\/www.voustenjeans.com\/en\/#website\",\"url\":\"https:\/\/www.voustenjeans.com\/en\/\",\"name\":\"Vousten Jeans\",\"description\":\"\",\"potentialAction\":[{\"@type\":\"SearchAction\",\"target\":{\"@type\":\"EntryPoint\",\"urlTemplate\":\"https:\/\/www.voustenjeans.com\/en\/?s={search_term_string}\"},\"query-input\":\"required name=search_term_string\"}],\"inLanguage\":\"fr-FR\"}]}<\/script>\n<!-- \/ Yoast SEO plugin. -->","yoast_head_json":{"title":"Contact - Vousten Jeans","robots":{"index":"index","follow":"follow","max-snippet":"max-snippet:-1","max-image-preview":"max-image-preview:large","max-video-preview":"max-video-preview:-1"},"canonical":"https:\/\/www.voustenjeans.com\/fr\/contact\/","og_locale":"fr_FR","og_type":"article","og_title":"Contact - Vousten Jeans","og_url":"https:\/\/www.voustenjeans.com\/fr\/contact\/","og_site_name":"Vousten Jeans","article_modified_time":"2026-01-13T01:38:05+00:00","og_image":[{"url":"https:\/\/www.voustenjeans.com\/wp-content\/uploads\/2024\/06\/pand-967x1024.jpg"}],"twitter_card":"summary_large_image","twitter_misc":{"Est. reading time":"1 minute"},"schema":{"@context":"https:\/\/schema.org","@graph":[{"@type":"WebPage","@id":"https:\/\/www.voustenjeans.com\/fr\/contact\/","url":"https:\/\/www.voustenjeans.com\/fr\/contact\/","name":"Contact - Vousten Jeans","isPartOf":{"@id":"https:\/\/www.voustenjeans.com\/en\/#website"},"primaryImageOfPage":{"@id":"https:\/\/www.voustenjeans.com\/fr\/contact\/#primaryimage"},"image":{"@id":"https:\/\/www.voustenjeans.com\/fr\/contact\/#primaryimage"},"thumbnailUrl":"https:\/\/www.voustenjeans.com\/wp-content\/uploads\/2024\/06\/pand-967x1024.jpg","datePublished":"2023-04-06T12:45:56+00:00","dateModified":"2026-01-13T01:38:05+00:00","breadcrumb":{"@id":"https:\/\/www.voustenjeans.com\/fr\/contact\/#breadcrumb"},"inLanguage":"fr-FR","potentialAction":[{"@type":"ReadAction","target":["https:\/\/www.voustenjeans.com\/fr\/contact\/"]}]},{"@type":"ImageObject","inLanguage":"fr-FR","@id":"https:\/\/www.voustenjeans.com\/fr\/contact\/#primaryimage","url":"https:\/\/www.voustenjeans.com\/wp-content\/uploads\/2024\/06\/pand-967x1024.jpg","contentUrl":"https:\/\/www.voustenjeans.com\/wp-content\/uploads\/2024\/06\/pand-967x1024.jpg"},{"@type":"BreadcrumbList","@id":"https:\/\/www.voustenjeans.com\/fr\/contact\/#breadcrumb","itemListElement":[{"@type":"ListItem","position":1,"name":"Home","item":"https:\/\/www.voustenjeans.com\/fr\/"},{"@type":"ListItem","position":2,"name":"Contact"}]},{"@type":"WebSite","@id":"https:\/\/www.voustenjeans.com\/en\/#website","url":"https:\/\/www.voustenjeans.com\/en\/","name":"Vousten Jeans","description":"","potentialAction":[{"@type":"SearchAction","target":{"@type":"EntryPoint","urlTemplate":"https:\/\/www.voustenjeans.com\/en\/?s={search_term_string}"},"query-input":"required name=search_term_string"}],"inLanguage":"fr-FR"}]}},"_links":{"self":[{"href":"https:\/\/www.voustenjeans.com\/fr\/wp-json\/wp\/v2\/pages\/667"}],"collection":[{"href":"https:\/\/www.voustenjeans.com\/fr\/wp-json\/wp\/v2\/pages"}],"about":[{"href":"https:\/\/www.voustenjeans.com\/fr\/wp-json\/wp\/v2\/types\/page"}],"author":[{"embeddable":true,"href":"https:\/\/www.voustenjeans.com\/fr\/wp-json\/wp\/v2\/users\/1"}],"replies":[{"embeddable":true,"href":"https:\/\/www.voustenjeans.com\/fr\/wp-json\/wp\/v2\/comments?post=667"}],"version-history":[{"count":6,"href":"https:\/\/www.voustenjeans.com\/fr\/wp-json\/wp\/v2\/pages\/667\/revisions"}],"predecessor-version":[{"id":329793,"href":"https:\/\/www.voustenjeans.com\/fr\/wp-json\/wp\/v2\/pages\/667\/revisions\/329793"}],"wp:attachment":[{"href":"https:\/\/www.voustenjeans.com\/fr\/wp-json\/wp\/v2\/media?parent=667"}],"curies":[{"name":"wp","href":"https:\/\/api.w.org\/{rel}","templated":true}]}}