{"id":669,"date":"2023-04-06T12:45:56","date_gmt":"2023-04-06T12:45:56","guid":{"rendered":"https:\/\/www.voustenjeans.com\/about-vousten\/"},"modified":"2026-01-15T07:58:05","modified_gmt":"2026-01-15T06:58:05","slug":"about-vousten","status":"publish","type":"page","link":"https:\/\/www.voustenjeans.com\/en\/about-vousten\/","title":{"rendered":"About Vousten"},"content":{"rendered":"<h1>About Vousten<\/h1>\n<h3 class=\"wp-block-heading has-text-align-center\">Introducing Vousten Mode<\/h3>\n<p>Welcome to Vousten Brands Of The World, an international online shop based in the Netherlands, registered under the trade name Vousten Man &amp; Mode B.V. Established in 1926, Vousten Man &amp; Mode B.V. has grown to become a leading online specialist in luxury fashion brands. We have a loyal customer base both within and outside the Netherlands. Vousten Man &amp; Mode B.V. operates a dynamic and creative business model, offering an extensive range of world-renowned luxury brands through a store in Schijndel and various online shops.<\/p>\n<figure class=\"wp-block-gallery has-nested-images columns-default is-cropped wp-block-gallery-1 is-layout-flex wp-block-gallery-is-layout-flex\">\n<figure class=\"wp-block-image size-large\"><img decoding=\"async\" data-id=\"373302\" src=\"https:\/\/checkout.voustenbrandsoftheworld.com\/wp-content\/uploads\/2026\/01\/The-Store-1-1024x768.png\" alt=\"The Store\" class=\"wp-image-373302\" \/><\/figure>\n<figure class=\"wp-block-image size-large\"><img decoding=\"async\" data-id=\"373311\" src=\"https:\/\/checkout.voustenbrandsoftheworld.com\/wp-content\/uploads\/2026\/01\/The-Store-2-2-1024x768.png\" alt=\"The Store\" class=\"wp-image-373311\" \/><\/figure>\n<\/figure>\n<h3 class=\"wp-block-heading has-text-align-center\"><strong>Uncompromising Luxury With Unmatched Service<\/strong><\/h3>\n<p>We cater to the demands of the most discerning consumers, providing uncompromising luxury combined with unparalleled service. All our operations are conducted from three satellite warehouses located in Schijndel (Europe), Hong Kong (Asia) and Los Angeles (America) in addition to our store in Schijndel. This ensures that our products reach you worldwide in most cases within 24 hours, and typically no later than 3 days. It also allows you, as a customer, to pay in your local currency and engage with our locally based customer service ready to assist with all your questions and requests. Sustainable entrepreneurship is an integral part of how our company functions.<\/p>\n<h3 class=\"wp-block-heading has-text-align-center\">The Vousten Story<\/h3>\n<p>Vousten Man &amp; Mode B.V. was founded by Mr. Theo Vousten Sr. in 1926, after which his son Gerard Vousten took over the reins. Theo Vousten Jr. continued the family legacy in 1989, taking over the company as the third generation of the Vousten family. During this period, the family business has grown to become a prominent player in the online luxury fashion industry. In its 100th anniversary year in 2026, Vousten Mode transitioned to the fourth generation, with Thomas Vousten and his partner Charlotte at the helm. Vousten&#8217;s dedication to serving customers with high-quality, handcrafted products combined with a very high level of service has made the company the online market leader for brands such as <a href=\"https:\/\/www.voustenshoes.com\/en\" data-type=\"URL\" data-id=\"https:\/\/www.voustenshoes.com\/en\" target=\"_blank\" rel=\"noreferrer noopener\">Santoni<\/a>, <a href=\"https:\/\/www.voustenjeans.com\/en\" data-type=\"URL\" data-id=\"https:\/\/www.voustenjeans.com\/en\" target=\"_blank\" rel=\"noreferrer noopener\">Jacob Coh\u00ebn<\/a>, <a href=\"https:\/\/www.voustensports.com\/en\/men-stone-island\/?currency=EUR\" data-type=\"URL\" data-id=\"https:\/\/www.voustensports.com\/en\/men-stone-island\/?currency=EUR\" target=\"_blank\" rel=\"noreferrer noopener\">Stone Island<\/a>, <a href=\"https:\/\/www.voustensports.com\/en\/men-dukes-artisan-belts\/\" data-type=\"URL\" data-id=\"https:\/\/www.voustensports.com\/en\/men-dukes-artisan-belts\/\" target=\"_blank\" rel=\"noreferrer noopener\">Dukes Artisan Belts<\/a>, <a href=\"https:\/\/www.voustensports.com\/en\/men-damico\/\" data-type=\"URL\" data-id=\"https:\/\/www.voustensports.com\/en\/men-damico\/\" target=\"_blank\" rel=\"noreferrer noopener\">Andrea D\u2019Amico Belts<\/a>, <a href=\"https:\/\/www.voustensports.com\/en\/men-c-p-company\/\" data-type=\"URL\" data-id=\"https:\/\/www.voustensports.com\/en\/men-c-p-company\/\" target=\"_blank\" rel=\"noreferrer noopener\">C.P. Company<\/a>, and <a href=\"https:\/\/www.voustensports.com\/en\/heren-hogan\/\" data-type=\"URL\" data-id=\"https:\/\/www.voustensports.com\/en\/heren-hogan\/\" target=\"_blank\" rel=\"noreferrer noopener\">Hogan<\/a>.<\/p>\n<figure class=\"wp-block-image size-full\"><img decoding=\"async\" src=\"https:\/\/checkout.voustenbrandsoftheworld.com\/wp-content\/uploads\/2026\/01\/They-say-you-cant-buy-style-lets-give-it-a-try.png\" alt=\"\" class=\"wp-image-373464\" \/><\/figure>\n<h3 class=\"wp-block-heading has-text-align-center\"><strong>Vousten Shoes as Santoni &amp; Jacob Coh\u00ebn Partner<\/strong><\/h3>\n<p>Vousten Shoes is the largest Santoni and Jacob Coh\u00ebn partner worldwide. Thanks to our partnership with Santoni and Jacob Coh\u00ebn, we are able to sell Santoni shoes and Jacob Coh\u00ebn jeans worldwide. Our shoes and jeans are stocked in our warehouses in the United States, the Netherlands (for Europe) and Hong Kong (for Asia). We physically have all displayed models and sizes in stock. Our total inventory consists of approximately 300 different Santoni models in all available sizes. This allows us to guarantee fast delivery.<\/p>\n<div class=\"wp-block-media-text is-stacked-on-mobile\">\n<figure class=\"wp-block-media-text__media\"><img decoding=\"async\" src=\"https:\/\/checkout.voustenbrandsoftheworld.com\/wp-content\/uploads\/2024\/05\/Suit-David.jpg\" alt=\"Vousten Mode Traveling Tailor\" class=\"wp-image-238034 size-full\" \/><\/figure>\n<div class=\"wp-block-media-text__content\">\n<h3 class=\"wp-block-heading has-text-align-center\"><strong>Traveling Tailor<\/strong><\/h3>\n<p>We serve our tailoring customers from our Warehouse in Schijndel (Netherlands), but we also regularly travel to the US and Asia to bring the very latest fabric qualities and designs. We gladly welcome our customers to one of our four regional tailoring locations in Los Angeles, Hong Kong, Schijndel, or Moscow.<\/p>\n<p>Our Traveling Tailor can also visit you worldwide at your office, your home, or arrange a meeting in a hotel we have booked while you are on a business trip. During this appointment, we provide detailed measurements for a perfect individual fit and bring you up to date with new fits, new materials, and the latest trends. If you are interested, please visit <a href=\"https:\/\/chat.openai.com\/c\/www.vousten-tailoring.com\" target=\"_blank\" rel=\"noopener\">www.vousten-tailoring.com<\/a> to request a prospectus or schedule an appointment in the online agenda.<\/p>\n<\/div>\n<\/div>\n\n","protected":false},"excerpt":{"rendered":"","protected":false},"author":1,"featured_media":0,"parent":0,"menu_order":0,"comment_status":"closed","ping_status":"closed","template":"","meta":{"footnotes":""},"acf":[],"yoast_head":"<!-- This site is optimized with the Yoast SEO plugin v22.3 - https:\/\/yoast.com\/wordpress\/plugins\/seo\/ -->\n<title>About Vousten - Vousten Jeans<\/title>\n<meta name=\"robots\" content=\"index, follow, max-snippet:-1, max-image-preview:large, max-video-preview:-1\" \/>\n<link rel=\"canonical\" href=\"https:\/\/www.voustenjeans.com\/en\/about-vousten\/\" \/>\n<meta property=\"og:locale\" content=\"en_US\" \/>\n<meta property=\"og:type\" content=\"article\" \/>\n<meta property=\"og:title\" content=\"About Vousten - Vousten Jeans\" \/>\n<meta property=\"og:url\" content=\"https:\/\/www.voustenjeans.com\/en\/about-vousten\/\" \/>\n<meta property=\"og:site_name\" content=\"Vousten Jeans\" \/>\n<meta property=\"article:modified_time\" content=\"2026-01-15T06:58:05+00:00\" \/>\n<meta name=\"twitter:card\" content=\"summary_large_image\" \/>\n<script type=\"application\/ld+json\" class=\"yoast-schema-graph\">{\"@context\":\"https:\/\/schema.org\",\"@graph\":[{\"@type\":\"WebPage\",\"@id\":\"https:\/\/www.voustenjeans.com\/en\/about-vousten\/\",\"url\":\"https:\/\/www.voustenjeans.com\/en\/about-vousten\/\",\"name\":\"About Vousten - Vousten Jeans\",\"isPartOf\":{\"@id\":\"https:\/\/www.voustenjeans.com\/en\/#website\"},\"datePublished\":\"2023-04-06T12:45:56+00:00\",\"dateModified\":\"2026-01-15T06:58:05+00:00\",\"breadcrumb\":{\"@id\":\"https:\/\/www.voustenjeans.com\/en\/about-vousten\/#breadcrumb\"},\"inLanguage\":\"en-US\",\"potentialAction\":[{\"@type\":\"ReadAction\",\"target\":[\"https:\/\/www.voustenjeans.com\/en\/about-vousten\/\"]}]},{\"@type\":\"BreadcrumbList\",\"@id\":\"https:\/\/www.voustenjeans.com\/en\/about-vousten\/#breadcrumb\",\"itemListElement\":[{\"@type\":\"ListItem\",\"position\":1,\"name\":\"Home\",\"item\":\"https:\/\/www.voustenjeans.com\/en\/\"},{\"@type\":\"ListItem\",\"position\":2,\"name\":\"About Vousten\"}]},{\"@type\":\"WebSite\",\"@id\":\"https:\/\/www.voustenjeans.com\/en\/#website\",\"url\":\"https:\/\/www.voustenjeans.com\/en\/\",\"name\":\"Vousten Jeans\",\"description\":\"\",\"potentialAction\":[{\"@type\":\"SearchAction\",\"target\":{\"@type\":\"EntryPoint\",\"urlTemplate\":\"https:\/\/www.voustenjeans.com\/en\/?s={search_term_string}\"},\"query-input\":\"required name=search_term_string\"}],\"inLanguage\":\"en-US\"}]}<\/script>\n<!-- \/ Yoast SEO plugin. -->","yoast_head_json":{"title":"About Vousten - Vousten Jeans","robots":{"index":"index","follow":"follow","max-snippet":"max-snippet:-1","max-image-preview":"max-image-preview:large","max-video-preview":"max-video-preview:-1"},"canonical":"https:\/\/www.voustenjeans.com\/en\/about-vousten\/","og_locale":"en_US","og_type":"article","og_title":"About Vousten - Vousten Jeans","og_url":"https:\/\/www.voustenjeans.com\/en\/about-vousten\/","og_site_name":"Vousten Jeans","article_modified_time":"2026-01-15T06:58:05+00:00","twitter_card":"summary_large_image","schema":{"@context":"https:\/\/schema.org","@graph":[{"@type":"WebPage","@id":"https:\/\/www.voustenjeans.com\/en\/about-vousten\/","url":"https:\/\/www.voustenjeans.com\/en\/about-vousten\/","name":"About Vousten - Vousten Jeans","isPartOf":{"@id":"https:\/\/www.voustenjeans.com\/en\/#website"},"datePublished":"2023-04-06T12:45:56+00:00","dateModified":"2026-01-15T06:58:05+00:00","breadcrumb":{"@id":"https:\/\/www.voustenjeans.com\/en\/about-vousten\/#breadcrumb"},"inLanguage":"en-US","potentialAction":[{"@type":"ReadAction","target":["https:\/\/www.voustenjeans.com\/en\/about-vousten\/"]}]},{"@type":"BreadcrumbList","@id":"https:\/\/www.voustenjeans.com\/en\/about-vousten\/#breadcrumb","itemListElement":[{"@type":"ListItem","position":1,"name":"Home","item":"https:\/\/www.voustenjeans.com\/en\/"},{"@type":"ListItem","position":2,"name":"About Vousten"}]},{"@type":"WebSite","@id":"https:\/\/www.voustenjeans.com\/en\/#website","url":"https:\/\/www.voustenjeans.com\/en\/","name":"Vousten Jeans","description":"","potentialAction":[{"@type":"SearchAction","target":{"@type":"EntryPoint","urlTemplate":"https:\/\/www.voustenjeans.com\/en\/?s={search_term_string}"},"query-input":"required name=search_term_string"}],"inLanguage":"en-US"}]}},"_links":{"self":[{"href":"https:\/\/www.voustenjeans.com\/en\/wp-json\/wp\/v2\/pages\/669"}],"collection":[{"href":"https:\/\/www.voustenjeans.com\/en\/wp-json\/wp\/v2\/pages"}],"about":[{"href":"https:\/\/www.voustenjeans.com\/en\/wp-json\/wp\/v2\/types\/page"}],"author":[{"embeddable":true,"href":"https:\/\/www.voustenjeans.com\/en\/wp-json\/wp\/v2\/users\/1"}],"replies":[{"embeddable":true,"href":"https:\/\/www.voustenjeans.com\/en\/wp-json\/wp\/v2\/comments?post=669"}],"version-history":[{"count":1,"href":"https:\/\/www.voustenjeans.com\/en\/wp-json\/wp\/v2\/pages\/669\/revisions"}],"predecessor-version":[{"id":208662,"href":"https:\/\/www.voustenjeans.com\/en\/wp-json\/wp\/v2\/pages\/669\/revisions\/208662"}],"wp:attachment":[{"href":"https:\/\/www.voustenjeans.com\/en\/wp-json\/wp\/v2\/media?parent=669"}],"curies":[{"name":"wp","href":"https:\/\/api.w.org\/{rel}","templated":true}]}}