{"id":338457,"date":"2026-04-14T21:14:06","date_gmt":"2026-04-14T19:14:06","guid":{"rendered":"https:\/\/www.voustenjeans.com\/jacob-cohen-short-lou-3756-a79-42255-2\/"},"modified":"2026-04-16T19:38:20","modified_gmt":"2026-04-16T17:38:20","slug":"jacob-cohen-short-lou-3756-a79-42255-2","status":"publish","type":"product","link":"https:\/\/www.voustenjeans.com\/de\/jacob-cohen-short-lou-3756-a79-42255-2\/","title":{"rendered":"Jacob Cohen &#8211; SHORT (LOU) 3756 A79 (42255)"},"content":{"rendered":"<p>Eine semi-casual Shorts aus bequemem Baumwollstoff, die bis knapp \u00fcber das Knie reichen.<\/p>\n<ul>\n<li>Stretch-Shorts<\/li>\n<li>Slim-Fit<\/li>\n<li>Normale Bundh\u00f6he<\/li>\n<li>Leichter Sommerstoff<\/li>\n<li>Knopfverschluss<\/li>\n<li>Mit grauem Canvas-Aufn\u00e4her<\/li>\n<li>Material: 55 % Baumwolle, 42 % Lyocell, 3 % Elasthan<\/li>\n<\/ul>\n<p>Diese Shorts von Jacob Cohen werden in Venetien, Nordostitalien, handgefertigt.<br \/>\nIm Lieferumfang ist ein passendes Tuch enthalten.<\/p>\n","protected":false},"excerpt":{"rendered":"<p>Eine semi-casual Shorts aus bequemem Baumwollstoff, die bis knapp \u00fcber das Knie reichen. Stretch-Shorts Slim-Fit Normale Bundh\u00f6he Leichter Sommerstoff Knopfverschluss Mit grauem Canvas-Aufn\u00e4her Material: 55 % Baumwolle, 42 % Lyocell, 3 % Elasthan Diese Shorts von Jacob Cohen werden in Venetien, Nordostitalien, handgefertigt. Im Lieferumfang ist ein passendes Tuch enthalten.<\/p>\n","protected":false},"featured_media":338441,"comment_status":"open","ping_status":"closed","template":"","meta":[],"product_cat":[1139,1557,1643,1748],"product_tag":[],"acf":[],"yoast_head":"<!-- This site is optimized with the Yoast SEO plugin v22.3 - https:\/\/yoast.com\/wordpress\/plugins\/seo\/ -->\n<title>Jacob Cohen - SHORT (LOU) 3756 A79 (42255) - Vousten Jeans<\/title>\n<meta name=\"robots\" content=\"index, follow, max-snippet:-1, max-image-preview:large, max-video-preview:-1\" \/>\n<link rel=\"canonical\" href=\"https:\/\/www.voustenjeans.com\/de\/jacob-cohen-short-lou-3756-a79-42255-2\/\" \/>\n<meta property=\"og:locale\" content=\"de_DE\" \/>\n<meta property=\"og:type\" content=\"article\" \/>\n<meta property=\"og:title\" content=\"Jacob Cohen - SHORT (LOU) 3756 A79 (42255) - Vousten Jeans\" \/>\n<meta property=\"og:description\" content=\"Eine semi-casual Shorts aus bequemem Baumwollstoff, die bis knapp \u00fcber das Knie reichen. Stretch-Shorts Slim-Fit Normale Bundh\u00f6he Leichter Sommerstoff Knopfverschluss Mit grauem Canvas-Aufn\u00e4her Material: 55 % Baumwolle, 42 % Lyocell, 3 % Elasthan Diese Shorts von Jacob Cohen werden in Venetien, Nordostitalien, handgefertigt. Im Lieferumfang ist ein passendes Tuch enthalten.\" \/>\n<meta property=\"og:url\" content=\"https:\/\/www.voustenjeans.com\/de\/jacob-cohen-short-lou-3756-a79-42255-2\/\" \/>\n<meta property=\"og:site_name\" content=\"Vousten Jeans\" \/>\n<meta property=\"article:modified_time\" content=\"2026-04-16T17:38:20+00:00\" \/>\n<meta property=\"og:image\" content=\"https:\/\/www.voustenjeans.com\/wp-content\/uploads\/2023\/06\/Short-42255_Front.jpg\" \/>\n\t<meta property=\"og:image:width\" content=\"800\" \/>\n\t<meta property=\"og:image:height\" content=\"1200\" \/>\n\t<meta property=\"og:image:type\" content=\"image\/jpeg\" \/>\n<meta name=\"twitter:card\" content=\"summary_large_image\" \/>\n<script type=\"application\/ld+json\" class=\"yoast-schema-graph\">{\"@context\":\"https:\/\/schema.org\",\"@graph\":[{\"@type\":\"WebPage\",\"@id\":\"https:\/\/www.voustenjeans.com\/de\/jacob-cohen-short-lou-3756-a79-42255-2\/\",\"url\":\"https:\/\/www.voustenjeans.com\/de\/jacob-cohen-short-lou-3756-a79-42255-2\/\",\"name\":\"Jacob Cohen - SHORT (LOU) 3756 A79 (42255) - Vousten Jeans\",\"isPartOf\":{\"@id\":\"https:\/\/www.voustenjeans.com\/en\/#website\"},\"primaryImageOfPage\":{\"@id\":\"https:\/\/www.voustenjeans.com\/de\/jacob-cohen-short-lou-3756-a79-42255-2\/#primaryimage\"},\"image\":{\"@id\":\"https:\/\/www.voustenjeans.com\/de\/jacob-cohen-short-lou-3756-a79-42255-2\/#primaryimage\"},\"thumbnailUrl\":\"https:\/\/www.voustenjeans.com\/wp-content\/uploads\/2023\/06\/Short-42255_Front.jpg\",\"datePublished\":\"2026-04-14T19:14:06+00:00\",\"dateModified\":\"2026-04-16T17:38:20+00:00\",\"breadcrumb\":{\"@id\":\"https:\/\/www.voustenjeans.com\/de\/jacob-cohen-short-lou-3756-a79-42255-2\/#breadcrumb\"},\"inLanguage\":\"de-DE\",\"potentialAction\":[{\"@type\":\"ReadAction\",\"target\":[\"https:\/\/www.voustenjeans.com\/de\/jacob-cohen-short-lou-3756-a79-42255-2\/\"]}]},{\"@type\":\"ImageObject\",\"inLanguage\":\"de-DE\",\"@id\":\"https:\/\/www.voustenjeans.com\/de\/jacob-cohen-short-lou-3756-a79-42255-2\/#primaryimage\",\"url\":\"https:\/\/www.voustenjeans.com\/wp-content\/uploads\/2023\/06\/Short-42255_Front.jpg\",\"contentUrl\":\"https:\/\/www.voustenjeans.com\/wp-content\/uploads\/2023\/06\/Short-42255_Front.jpg\",\"width\":800,\"height\":1200},{\"@type\":\"BreadcrumbList\",\"@id\":\"https:\/\/www.voustenjeans.com\/de\/jacob-cohen-short-lou-3756-a79-42255-2\/#breadcrumb\",\"itemListElement\":[{\"@type\":\"ListItem\",\"position\":1,\"name\":\"Home\",\"item\":\"https:\/\/www.voustenjeans.com\/de\/\"},{\"@type\":\"ListItem\",\"position\":2,\"name\":\"Shop\",\"item\":\"https:\/\/www.voustenjeans.com\/de\/shop\/\"},{\"@type\":\"ListItem\",\"position\":3,\"name\":\"Jacob Cohen &#8211; SHORT (LOU) 3756 A79 (42255)\"}]},{\"@type\":\"WebSite\",\"@id\":\"https:\/\/www.voustenjeans.com\/en\/#website\",\"url\":\"https:\/\/www.voustenjeans.com\/en\/\",\"name\":\"Vousten Jeans\",\"description\":\"\",\"potentialAction\":[{\"@type\":\"SearchAction\",\"target\":{\"@type\":\"EntryPoint\",\"urlTemplate\":\"https:\/\/www.voustenjeans.com\/en\/?s={search_term_string}\"},\"query-input\":\"required name=search_term_string\"}],\"inLanguage\":\"de-DE\"}]}<\/script>\n<!-- \/ Yoast SEO plugin. -->","yoast_head_json":{"title":"Jacob Cohen - SHORT (LOU) 3756 A79 (42255) - Vousten Jeans","robots":{"index":"index","follow":"follow","max-snippet":"max-snippet:-1","max-image-preview":"max-image-preview:large","max-video-preview":"max-video-preview:-1"},"canonical":"https:\/\/www.voustenjeans.com\/de\/jacob-cohen-short-lou-3756-a79-42255-2\/","og_locale":"de_DE","og_type":"article","og_title":"Jacob Cohen - SHORT (LOU) 3756 A79 (42255) - Vousten Jeans","og_description":"Eine semi-casual Shorts aus bequemem Baumwollstoff, die bis knapp \u00fcber das Knie reichen. Stretch-Shorts Slim-Fit Normale Bundh\u00f6he Leichter Sommerstoff Knopfverschluss Mit grauem Canvas-Aufn\u00e4her Material: 55 % Baumwolle, 42 % Lyocell, 3 % Elasthan Diese Shorts von Jacob Cohen werden in Venetien, Nordostitalien, handgefertigt. Im Lieferumfang ist ein passendes Tuch enthalten.","og_url":"https:\/\/www.voustenjeans.com\/de\/jacob-cohen-short-lou-3756-a79-42255-2\/","og_site_name":"Vousten Jeans","article_modified_time":"2026-04-16T17:38:20+00:00","og_image":[{"width":800,"height":1200,"url":"https:\/\/www.voustenjeans.com\/wp-content\/uploads\/2023\/06\/Short-42255_Front.jpg","type":"image\/jpeg"}],"twitter_card":"summary_large_image","schema":{"@context":"https:\/\/schema.org","@graph":[{"@type":"WebPage","@id":"https:\/\/www.voustenjeans.com\/de\/jacob-cohen-short-lou-3756-a79-42255-2\/","url":"https:\/\/www.voustenjeans.com\/de\/jacob-cohen-short-lou-3756-a79-42255-2\/","name":"Jacob Cohen - SHORT (LOU) 3756 A79 (42255) - Vousten Jeans","isPartOf":{"@id":"https:\/\/www.voustenjeans.com\/en\/#website"},"primaryImageOfPage":{"@id":"https:\/\/www.voustenjeans.com\/de\/jacob-cohen-short-lou-3756-a79-42255-2\/#primaryimage"},"image":{"@id":"https:\/\/www.voustenjeans.com\/de\/jacob-cohen-short-lou-3756-a79-42255-2\/#primaryimage"},"thumbnailUrl":"https:\/\/www.voustenjeans.com\/wp-content\/uploads\/2023\/06\/Short-42255_Front.jpg","datePublished":"2026-04-14T19:14:06+00:00","dateModified":"2026-04-16T17:38:20+00:00","breadcrumb":{"@id":"https:\/\/www.voustenjeans.com\/de\/jacob-cohen-short-lou-3756-a79-42255-2\/#breadcrumb"},"inLanguage":"de-DE","potentialAction":[{"@type":"ReadAction","target":["https:\/\/www.voustenjeans.com\/de\/jacob-cohen-short-lou-3756-a79-42255-2\/"]}]},{"@type":"ImageObject","inLanguage":"de-DE","@id":"https:\/\/www.voustenjeans.com\/de\/jacob-cohen-short-lou-3756-a79-42255-2\/#primaryimage","url":"https:\/\/www.voustenjeans.com\/wp-content\/uploads\/2023\/06\/Short-42255_Front.jpg","contentUrl":"https:\/\/www.voustenjeans.com\/wp-content\/uploads\/2023\/06\/Short-42255_Front.jpg","width":800,"height":1200},{"@type":"BreadcrumbList","@id":"https:\/\/www.voustenjeans.com\/de\/jacob-cohen-short-lou-3756-a79-42255-2\/#breadcrumb","itemListElement":[{"@type":"ListItem","position":1,"name":"Home","item":"https:\/\/www.voustenjeans.com\/de\/"},{"@type":"ListItem","position":2,"name":"Shop","item":"https:\/\/www.voustenjeans.com\/de\/shop\/"},{"@type":"ListItem","position":3,"name":"Jacob Cohen &#8211; SHORT (LOU) 3756 A79 (42255)"}]},{"@type":"WebSite","@id":"https:\/\/www.voustenjeans.com\/en\/#website","url":"https:\/\/www.voustenjeans.com\/en\/","name":"Vousten Jeans","description":"","potentialAction":[{"@type":"SearchAction","target":{"@type":"EntryPoint","urlTemplate":"https:\/\/www.voustenjeans.com\/en\/?s={search_term_string}"},"query-input":"required name=search_term_string"}],"inLanguage":"de-DE"}]}},"_links":{"self":[{"href":"https:\/\/www.voustenjeans.com\/de\/wp-json\/wp\/v2\/product\/338457"}],"collection":[{"href":"https:\/\/www.voustenjeans.com\/de\/wp-json\/wp\/v2\/product"}],"about":[{"href":"https:\/\/www.voustenjeans.com\/de\/wp-json\/wp\/v2\/types\/product"}],"replies":[{"embeddable":true,"href":"https:\/\/www.voustenjeans.com\/de\/wp-json\/wp\/v2\/comments?post=338457"}],"wp:featuredmedia":[{"embeddable":true,"href":"https:\/\/www.voustenjeans.com\/de\/wp-json\/wp\/v2\/media\/338441"}],"wp:attachment":[{"href":"https:\/\/www.voustenjeans.com\/de\/wp-json\/wp\/v2\/media?parent=338457"}],"wp:term":[{"taxonomy":"product_cat","embeddable":true,"href":"https:\/\/www.voustenjeans.com\/de\/wp-json\/wp\/v2\/product_cat?post=338457"},{"taxonomy":"product_tag","embeddable":true,"href":"https:\/\/www.voustenjeans.com\/de\/wp-json\/wp\/v2\/product_tag?post=338457"}],"curies":[{"name":"wp","href":"https:\/\/api.w.org\/{rel}","templated":true}]}}