{"id":336544,"date":"2026-03-21T17:34:08","date_gmt":"2026-03-21T16:34:08","guid":{"rendered":"https:\/\/www.voustenjeans.com\/jacob-cohen-lou-short-resort-3735-300d-42279-2\/"},"modified":"2026-04-17T02:34:14","modified_gmt":"2026-04-17T00:34:14","slug":"jacob-cohen-lou-short-resort-3735-300d-42279-2","status":"publish","type":"product","link":"https:\/\/www.voustenjeans.com\/de\/jacob-cohen-lou-short-resort-3735-300d-42279-2\/","title":{"rendered":"Jacob Coh\u00ebn &#8211; (Lou) Short Resort 3735 300D (42279)"},"content":{"rendered":"<div><strong>Resort Capsule Collection!<\/strong><\/div>\n<div>Jeden Sommer pr\u00e4sentiert Jacob Coh\u00ebn eine Resort Capsule Collection \u2013 eine Kollektion, die f\u00fcr einen raffinierten Lifestyle steht und den Sommer elegant und stilvoll genie\u00dft. Hier verschmelzen Glamour und Luxus von Sonnenaufgang bis Sonnenuntergang. Dieses Mal feiert Resort den Sommer in Palm Beach mit leuchtenden Farben, floralen Prints und edlen Mustern, verziert mit Stickereien.<\/div>\n<div><\/div>\n<div>Die Shorts aus halblangem Denim reichen bis knapp \u00fcber das Knie und sind somit auch f\u00fcr einen l\u00e4ssigen Look geeignet.<\/div>\n<ul>\n<li>Stretch-Shorts<\/li>\n<li>Normale Bundh\u00f6he<\/li>\n<li>Rei\u00dfverschluss<\/li>\n<li>Mit Resort-Patch<\/li>\n<li>Vorderseite mit Resort-Knopf, linke Tasche mit Palmenmotiv<\/li>\n<li>Material: 72 % Baumwolle, 14 % Viskose, 12 % Polyester, 2 % Elastan<\/li>\n<li>Diese Jacob Coh\u00ebn Shorts werden in Venetien, Nordostitalien, handgefertigt.<\/li>\n<\/ul>\n<div>Ein passender Schal und zus\u00e4tzliches Garn in der richtigen Farbe sind im Lieferumfang enthalten.<\/div>\n","protected":false},"excerpt":{"rendered":"<p>Resort Capsule Collection! Jeden Sommer pr\u00e4sentiert Jacob Coh\u00ebn eine Resort Capsule Collection \u2013 eine Kollektion, die f\u00fcr einen raffinierten Lifestyle steht und den Sommer elegant und stilvoll genie\u00dft. Hier verschmelzen Glamour und Luxus von Sonnenaufgang bis Sonnenuntergang. Dieses Mal feiert Resort den Sommer in Palm Beach mit leuchtenden Farben, floralen Prints und edlen Mustern, verziert [&#8230;]\n","protected":false},"featured_media":336528,"comment_status":"open","ping_status":"closed","template":"","meta":[],"product_cat":[1748,1139,1252,1557,1581,1643,1651,1662],"product_tag":[],"acf":[],"yoast_head":"<!-- This site is optimized with the Yoast SEO plugin v22.3 - https:\/\/yoast.com\/wordpress\/plugins\/seo\/ -->\n<title>Jacob Coh\u00ebn - (Lou) Short Resort 3735 300D (42279) - Vousten Jeans<\/title>\n<meta name=\"robots\" content=\"index, follow, max-snippet:-1, max-image-preview:large, max-video-preview:-1\" \/>\n<link rel=\"canonical\" href=\"https:\/\/www.voustenjeans.com\/de\/jacob-cohen-lou-short-resort-3735-300d-42279-2\/\" \/>\n<meta property=\"og:locale\" content=\"de_DE\" \/>\n<meta property=\"og:type\" content=\"article\" \/>\n<meta property=\"og:title\" content=\"Jacob Coh\u00ebn - (Lou) Short Resort 3735 300D (42279) - Vousten Jeans\" \/>\n<meta property=\"og:description\" content=\"Resort Capsule Collection! Jeden Sommer pr\u00e4sentiert Jacob Coh\u00ebn eine Resort Capsule Collection \u2013 eine Kollektion, die f\u00fcr einen raffinierten Lifestyle steht und den Sommer elegant und stilvoll genie\u00dft. Hier verschmelzen Glamour und Luxus von Sonnenaufgang bis Sonnenuntergang. Dieses Mal feiert Resort den Sommer in Palm Beach mit leuchtenden Farben, floralen Prints und edlen Mustern, verziert [...]\" \/>\n<meta property=\"og:url\" content=\"https:\/\/www.voustenjeans.com\/de\/jacob-cohen-lou-short-resort-3735-300d-42279-2\/\" \/>\n<meta property=\"og:site_name\" content=\"Vousten Jeans\" \/>\n<meta property=\"article:modified_time\" content=\"2026-04-17T00:34:14+00:00\" \/>\n<meta property=\"og:image\" content=\"https:\/\/www.voustenjeans.com\/wp-content\/uploads\/2023\/06\/Lou-Short-Resort-3735-300D-422791.jpg\" \/>\n\t<meta property=\"og:image:width\" content=\"2048\" \/>\n\t<meta property=\"og:image:height\" content=\"2048\" \/>\n\t<meta property=\"og:image:type\" content=\"image\/jpeg\" \/>\n<meta name=\"twitter:card\" content=\"summary_large_image\" \/>\n<meta name=\"twitter:label1\" content=\"Est. reading time\" \/>\n\t<meta name=\"twitter:data1\" content=\"1 Minute\" \/>\n<script type=\"application\/ld+json\" class=\"yoast-schema-graph\">{\"@context\":\"https:\/\/schema.org\",\"@graph\":[{\"@type\":\"WebPage\",\"@id\":\"https:\/\/www.voustenjeans.com\/de\/jacob-cohen-lou-short-resort-3735-300d-42279-2\/\",\"url\":\"https:\/\/www.voustenjeans.com\/de\/jacob-cohen-lou-short-resort-3735-300d-42279-2\/\",\"name\":\"Jacob Coh\u00ebn - (Lou) Short Resort 3735 300D (42279) - Vousten Jeans\",\"isPartOf\":{\"@id\":\"https:\/\/www.voustenjeans.com\/en\/#website\"},\"primaryImageOfPage\":{\"@id\":\"https:\/\/www.voustenjeans.com\/de\/jacob-cohen-lou-short-resort-3735-300d-42279-2\/#primaryimage\"},\"image\":{\"@id\":\"https:\/\/www.voustenjeans.com\/de\/jacob-cohen-lou-short-resort-3735-300d-42279-2\/#primaryimage\"},\"thumbnailUrl\":\"https:\/\/www.voustenjeans.com\/wp-content\/uploads\/2023\/06\/Lou-Short-Resort-3735-300D-422791.jpg\",\"datePublished\":\"2026-03-21T16:34:08+00:00\",\"dateModified\":\"2026-04-17T00:34:14+00:00\",\"breadcrumb\":{\"@id\":\"https:\/\/www.voustenjeans.com\/de\/jacob-cohen-lou-short-resort-3735-300d-42279-2\/#breadcrumb\"},\"inLanguage\":\"de-DE\",\"potentialAction\":[{\"@type\":\"ReadAction\",\"target\":[\"https:\/\/www.voustenjeans.com\/de\/jacob-cohen-lou-short-resort-3735-300d-42279-2\/\"]}]},{\"@type\":\"ImageObject\",\"inLanguage\":\"de-DE\",\"@id\":\"https:\/\/www.voustenjeans.com\/de\/jacob-cohen-lou-short-resort-3735-300d-42279-2\/#primaryimage\",\"url\":\"https:\/\/www.voustenjeans.com\/wp-content\/uploads\/2023\/06\/Lou-Short-Resort-3735-300D-422791.jpg\",\"contentUrl\":\"https:\/\/www.voustenjeans.com\/wp-content\/uploads\/2023\/06\/Lou-Short-Resort-3735-300D-422791.jpg\",\"width\":2048,\"height\":2048},{\"@type\":\"BreadcrumbList\",\"@id\":\"https:\/\/www.voustenjeans.com\/de\/jacob-cohen-lou-short-resort-3735-300d-42279-2\/#breadcrumb\",\"itemListElement\":[{\"@type\":\"ListItem\",\"position\":1,\"name\":\"Home\",\"item\":\"https:\/\/www.voustenjeans.com\/de\/\"},{\"@type\":\"ListItem\",\"position\":2,\"name\":\"Shop\",\"item\":\"https:\/\/www.voustenjeans.com\/de\/shop\/\"},{\"@type\":\"ListItem\",\"position\":3,\"name\":\"Jacob Coh\u00ebn &#8211; (Lou) Short Resort 3735 300D (42279)\"}]},{\"@type\":\"WebSite\",\"@id\":\"https:\/\/www.voustenjeans.com\/en\/#website\",\"url\":\"https:\/\/www.voustenjeans.com\/en\/\",\"name\":\"Vousten Jeans\",\"description\":\"\",\"potentialAction\":[{\"@type\":\"SearchAction\",\"target\":{\"@type\":\"EntryPoint\",\"urlTemplate\":\"https:\/\/www.voustenjeans.com\/en\/?s={search_term_string}\"},\"query-input\":\"required name=search_term_string\"}],\"inLanguage\":\"de-DE\"}]}<\/script>\n<!-- \/ Yoast SEO plugin. -->","yoast_head_json":{"title":"Jacob Coh\u00ebn - (Lou) Short Resort 3735 300D (42279) - Vousten Jeans","robots":{"index":"index","follow":"follow","max-snippet":"max-snippet:-1","max-image-preview":"max-image-preview:large","max-video-preview":"max-video-preview:-1"},"canonical":"https:\/\/www.voustenjeans.com\/de\/jacob-cohen-lou-short-resort-3735-300d-42279-2\/","og_locale":"de_DE","og_type":"article","og_title":"Jacob Coh\u00ebn - (Lou) Short Resort 3735 300D (42279) - Vousten Jeans","og_description":"Resort Capsule Collection! Jeden Sommer pr\u00e4sentiert Jacob Coh\u00ebn eine Resort Capsule Collection \u2013 eine Kollektion, die f\u00fcr einen raffinierten Lifestyle steht und den Sommer elegant und stilvoll genie\u00dft. Hier verschmelzen Glamour und Luxus von Sonnenaufgang bis Sonnenuntergang. Dieses Mal feiert Resort den Sommer in Palm Beach mit leuchtenden Farben, floralen Prints und edlen Mustern, verziert [...]","og_url":"https:\/\/www.voustenjeans.com\/de\/jacob-cohen-lou-short-resort-3735-300d-42279-2\/","og_site_name":"Vousten Jeans","article_modified_time":"2026-04-17T00:34:14+00:00","og_image":[{"width":2048,"height":2048,"url":"https:\/\/www.voustenjeans.com\/wp-content\/uploads\/2023\/06\/Lou-Short-Resort-3735-300D-422791.jpg","type":"image\/jpeg"}],"twitter_card":"summary_large_image","twitter_misc":{"Est. reading time":"1 Minute"},"schema":{"@context":"https:\/\/schema.org","@graph":[{"@type":"WebPage","@id":"https:\/\/www.voustenjeans.com\/de\/jacob-cohen-lou-short-resort-3735-300d-42279-2\/","url":"https:\/\/www.voustenjeans.com\/de\/jacob-cohen-lou-short-resort-3735-300d-42279-2\/","name":"Jacob Coh\u00ebn - (Lou) Short Resort 3735 300D (42279) - Vousten Jeans","isPartOf":{"@id":"https:\/\/www.voustenjeans.com\/en\/#website"},"primaryImageOfPage":{"@id":"https:\/\/www.voustenjeans.com\/de\/jacob-cohen-lou-short-resort-3735-300d-42279-2\/#primaryimage"},"image":{"@id":"https:\/\/www.voustenjeans.com\/de\/jacob-cohen-lou-short-resort-3735-300d-42279-2\/#primaryimage"},"thumbnailUrl":"https:\/\/www.voustenjeans.com\/wp-content\/uploads\/2023\/06\/Lou-Short-Resort-3735-300D-422791.jpg","datePublished":"2026-03-21T16:34:08+00:00","dateModified":"2026-04-17T00:34:14+00:00","breadcrumb":{"@id":"https:\/\/www.voustenjeans.com\/de\/jacob-cohen-lou-short-resort-3735-300d-42279-2\/#breadcrumb"},"inLanguage":"de-DE","potentialAction":[{"@type":"ReadAction","target":["https:\/\/www.voustenjeans.com\/de\/jacob-cohen-lou-short-resort-3735-300d-42279-2\/"]}]},{"@type":"ImageObject","inLanguage":"de-DE","@id":"https:\/\/www.voustenjeans.com\/de\/jacob-cohen-lou-short-resort-3735-300d-42279-2\/#primaryimage","url":"https:\/\/www.voustenjeans.com\/wp-content\/uploads\/2023\/06\/Lou-Short-Resort-3735-300D-422791.jpg","contentUrl":"https:\/\/www.voustenjeans.com\/wp-content\/uploads\/2023\/06\/Lou-Short-Resort-3735-300D-422791.jpg","width":2048,"height":2048},{"@type":"BreadcrumbList","@id":"https:\/\/www.voustenjeans.com\/de\/jacob-cohen-lou-short-resort-3735-300d-42279-2\/#breadcrumb","itemListElement":[{"@type":"ListItem","position":1,"name":"Home","item":"https:\/\/www.voustenjeans.com\/de\/"},{"@type":"ListItem","position":2,"name":"Shop","item":"https:\/\/www.voustenjeans.com\/de\/shop\/"},{"@type":"ListItem","position":3,"name":"Jacob Coh\u00ebn &#8211; (Lou) Short Resort 3735 300D (42279)"}]},{"@type":"WebSite","@id":"https:\/\/www.voustenjeans.com\/en\/#website","url":"https:\/\/www.voustenjeans.com\/en\/","name":"Vousten Jeans","description":"","potentialAction":[{"@type":"SearchAction","target":{"@type":"EntryPoint","urlTemplate":"https:\/\/www.voustenjeans.com\/en\/?s={search_term_string}"},"query-input":"required name=search_term_string"}],"inLanguage":"de-DE"}]}},"_links":{"self":[{"href":"https:\/\/www.voustenjeans.com\/de\/wp-json\/wp\/v2\/product\/336544"}],"collection":[{"href":"https:\/\/www.voustenjeans.com\/de\/wp-json\/wp\/v2\/product"}],"about":[{"href":"https:\/\/www.voustenjeans.com\/de\/wp-json\/wp\/v2\/types\/product"}],"replies":[{"embeddable":true,"href":"https:\/\/www.voustenjeans.com\/de\/wp-json\/wp\/v2\/comments?post=336544"}],"wp:featuredmedia":[{"embeddable":true,"href":"https:\/\/www.voustenjeans.com\/de\/wp-json\/wp\/v2\/media\/336528"}],"wp:attachment":[{"href":"https:\/\/www.voustenjeans.com\/de\/wp-json\/wp\/v2\/media?parent=336544"}],"wp:term":[{"taxonomy":"product_cat","embeddable":true,"href":"https:\/\/www.voustenjeans.com\/de\/wp-json\/wp\/v2\/product_cat?post=336544"},{"taxonomy":"product_tag","embeddable":true,"href":"https:\/\/www.voustenjeans.com\/de\/wp-json\/wp\/v2\/product_tag?post=336544"}],"curies":[{"name":"wp","href":"https:\/\/api.w.org\/{rel}","templated":true}]}}