{"id":334253,"date":"2026-03-02T16:46:06","date_gmt":"2026-03-02T15:46:06","guid":{"rendered":"https:\/\/www.voustenjeans.com\/jacob-cohen-j688-bard-active-4024-y78-42239-2\/"},"modified":"2026-04-08T00:30:46","modified_gmt":"2026-04-07T22:30:46","slug":"jacob-cohen-j688-bard-active-4024-y78-42239-2","status":"publish","type":"product","link":"https:\/\/www.voustenjeans.com\/de\/jacob-cohen-j688-bard-active-4024-y78-42239-2\/","title":{"rendered":"Jacob Coh\u00ebn &#8211; J688 (Bard Active) 4024 Y78 (42239)"},"content":{"rendered":"<div>Neu von Jacob Coh\u00ebn: die Bard Active \u2013 die neue Funktionshose mit Stretchanteil.<\/div>\n<div>Das technische 4-Wege-Stretchmaterial sorgt f\u00fcr h\u00f6chsten Tragekomfort. Die Hose ist zudem pflegeleicht und eignet sich ideal als Golfhose.<\/div>\n<div>F\u00e4llt klein aus, bestellen Sie bitte eine Nummer gr\u00f6\u00dfer!<\/div>\n<ul>\n<li>Diese moderne Hose hat eine schmale Passform.<\/li>\n<li>Funktionelle Stretchhose<\/li>\n<li>Hoher Bund<\/li>\n<li>Rei\u00dfverschluss<\/li>\n<li>Mit dunkelblauem Wildleder-Patch<\/li>\n<li>Material: 82 % Polyamid, 18 % Elastan<\/li>\n<li>Schrittweite: 18 cm<\/li>\n<li>L\u00e4nge: 89 cm (kann nach dem Waschen leicht variieren)<\/li>\n<li>Diese Jacob Coh\u00ebn Hose wird in Venetien, Nordostitalien, handgefertigt.<\/li>\n<\/ul>\n<div>Ein passender Schal und farblich passendes Garn zum K\u00fcrzen sind im Lieferumfang enthalten.<\/div>\n","protected":false},"excerpt":{"rendered":"<p>Neu von Jacob Coh\u00ebn: die Bard Active \u2013 die neue Funktionshose mit Stretchanteil. Das technische 4-Wege-Stretchmaterial sorgt f\u00fcr h\u00f6chsten Tragekomfort. Die Hose ist zudem pflegeleicht und eignet sich ideal als Golfhose. F\u00e4llt klein aus, bestellen Sie bitte eine Nummer gr\u00f6\u00dfer! Diese moderne Hose hat eine schmale Passform. Funktionelle Stretchhose Hoher Bund Rei\u00dfverschluss Mit dunkelblauem Wildleder-Patch [&#8230;]\n","protected":false},"featured_media":334237,"comment_status":"open","ping_status":"closed","template":"","meta":[],"product_cat":[1581,1643,1748,1789,1139,1429,1453],"product_tag":[],"acf":[],"yoast_head":"<!-- This site is optimized with the Yoast SEO plugin v22.3 - https:\/\/yoast.com\/wordpress\/plugins\/seo\/ -->\n<title>Jacob Coh\u00ebn - J688 (Bard Active) 4024 Y78 (42239) - Vousten Jeans<\/title>\n<meta name=\"robots\" content=\"index, follow, max-snippet:-1, max-image-preview:large, max-video-preview:-1\" \/>\n<link rel=\"canonical\" href=\"https:\/\/www.voustenjeans.com\/de\/jacob-cohen-j688-bard-active-4024-y78-42239-2\/\" \/>\n<meta property=\"og:locale\" content=\"de_DE\" \/>\n<meta property=\"og:type\" content=\"article\" \/>\n<meta property=\"og:title\" content=\"Jacob Coh\u00ebn - J688 (Bard Active) 4024 Y78 (42239) - Vousten Jeans\" \/>\n<meta property=\"og:description\" content=\"Neu von Jacob Coh\u00ebn: die Bard Active \u2013 die neue Funktionshose mit Stretchanteil. Das technische 4-Wege-Stretchmaterial sorgt f\u00fcr h\u00f6chsten Tragekomfort. Die Hose ist zudem pflegeleicht und eignet sich ideal als Golfhose. F\u00e4llt klein aus, bestellen Sie bitte eine Nummer gr\u00f6\u00dfer! Diese moderne Hose hat eine schmale Passform. Funktionelle Stretchhose Hoher Bund Rei\u00dfverschluss Mit dunkelblauem Wildleder-Patch [...]\" \/>\n<meta property=\"og:url\" content=\"https:\/\/www.voustenjeans.com\/de\/jacob-cohen-j688-bard-active-4024-y78-42239-2\/\" \/>\n<meta property=\"og:site_name\" content=\"Vousten Jeans\" \/>\n<meta property=\"article:modified_time\" content=\"2026-04-07T22:30:46+00:00\" \/>\n<meta property=\"og:image\" content=\"https:\/\/www.voustenjeans.com\/wp-content\/uploads\/2023\/06\/Broek-23_Front.jpg\" \/>\n\t<meta property=\"og:image:width\" content=\"800\" \/>\n\t<meta property=\"og:image:height\" content=\"2250\" \/>\n\t<meta property=\"og:image:type\" content=\"image\/jpeg\" \/>\n<meta name=\"twitter:card\" content=\"summary_large_image\" \/>\n<script type=\"application\/ld+json\" class=\"yoast-schema-graph\">{\"@context\":\"https:\/\/schema.org\",\"@graph\":[{\"@type\":\"WebPage\",\"@id\":\"https:\/\/www.voustenjeans.com\/de\/jacob-cohen-j688-bard-active-4024-y78-42239-2\/\",\"url\":\"https:\/\/www.voustenjeans.com\/de\/jacob-cohen-j688-bard-active-4024-y78-42239-2\/\",\"name\":\"Jacob Coh\u00ebn - J688 (Bard Active) 4024 Y78 (42239) - Vousten Jeans\",\"isPartOf\":{\"@id\":\"https:\/\/www.voustenjeans.com\/en\/#website\"},\"primaryImageOfPage\":{\"@id\":\"https:\/\/www.voustenjeans.com\/de\/jacob-cohen-j688-bard-active-4024-y78-42239-2\/#primaryimage\"},\"image\":{\"@id\":\"https:\/\/www.voustenjeans.com\/de\/jacob-cohen-j688-bard-active-4024-y78-42239-2\/#primaryimage\"},\"thumbnailUrl\":\"https:\/\/www.voustenjeans.com\/wp-content\/uploads\/2023\/06\/Broek-23_Front.jpg\",\"datePublished\":\"2026-03-02T15:46:06+00:00\",\"dateModified\":\"2026-04-07T22:30:46+00:00\",\"breadcrumb\":{\"@id\":\"https:\/\/www.voustenjeans.com\/de\/jacob-cohen-j688-bard-active-4024-y78-42239-2\/#breadcrumb\"},\"inLanguage\":\"de-DE\",\"potentialAction\":[{\"@type\":\"ReadAction\",\"target\":[\"https:\/\/www.voustenjeans.com\/de\/jacob-cohen-j688-bard-active-4024-y78-42239-2\/\"]}]},{\"@type\":\"ImageObject\",\"inLanguage\":\"de-DE\",\"@id\":\"https:\/\/www.voustenjeans.com\/de\/jacob-cohen-j688-bard-active-4024-y78-42239-2\/#primaryimage\",\"url\":\"https:\/\/www.voustenjeans.com\/wp-content\/uploads\/2023\/06\/Broek-23_Front.jpg\",\"contentUrl\":\"https:\/\/www.voustenjeans.com\/wp-content\/uploads\/2023\/06\/Broek-23_Front.jpg\",\"width\":800,\"height\":2250},{\"@type\":\"BreadcrumbList\",\"@id\":\"https:\/\/www.voustenjeans.com\/de\/jacob-cohen-j688-bard-active-4024-y78-42239-2\/#breadcrumb\",\"itemListElement\":[{\"@type\":\"ListItem\",\"position\":1,\"name\":\"Home\",\"item\":\"https:\/\/www.voustenjeans.com\/de\/\"},{\"@type\":\"ListItem\",\"position\":2,\"name\":\"Shop\",\"item\":\"https:\/\/www.voustenjeans.com\/de\/shop\/\"},{\"@type\":\"ListItem\",\"position\":3,\"name\":\"Jacob Coh\u00ebn &#8211; J688 (Bard Active) 4024 Y78 (42239)\"}]},{\"@type\":\"WebSite\",\"@id\":\"https:\/\/www.voustenjeans.com\/en\/#website\",\"url\":\"https:\/\/www.voustenjeans.com\/en\/\",\"name\":\"Vousten Jeans\",\"description\":\"\",\"potentialAction\":[{\"@type\":\"SearchAction\",\"target\":{\"@type\":\"EntryPoint\",\"urlTemplate\":\"https:\/\/www.voustenjeans.com\/en\/?s={search_term_string}\"},\"query-input\":\"required name=search_term_string\"}],\"inLanguage\":\"de-DE\"}]}<\/script>\n<!-- \/ Yoast SEO plugin. -->","yoast_head_json":{"title":"Jacob Coh\u00ebn - J688 (Bard Active) 4024 Y78 (42239) - Vousten Jeans","robots":{"index":"index","follow":"follow","max-snippet":"max-snippet:-1","max-image-preview":"max-image-preview:large","max-video-preview":"max-video-preview:-1"},"canonical":"https:\/\/www.voustenjeans.com\/de\/jacob-cohen-j688-bard-active-4024-y78-42239-2\/","og_locale":"de_DE","og_type":"article","og_title":"Jacob Coh\u00ebn - J688 (Bard Active) 4024 Y78 (42239) - Vousten Jeans","og_description":"Neu von Jacob Coh\u00ebn: die Bard Active \u2013 die neue Funktionshose mit Stretchanteil. Das technische 4-Wege-Stretchmaterial sorgt f\u00fcr h\u00f6chsten Tragekomfort. Die Hose ist zudem pflegeleicht und eignet sich ideal als Golfhose. F\u00e4llt klein aus, bestellen Sie bitte eine Nummer gr\u00f6\u00dfer! Diese moderne Hose hat eine schmale Passform. Funktionelle Stretchhose Hoher Bund Rei\u00dfverschluss Mit dunkelblauem Wildleder-Patch [...]","og_url":"https:\/\/www.voustenjeans.com\/de\/jacob-cohen-j688-bard-active-4024-y78-42239-2\/","og_site_name":"Vousten Jeans","article_modified_time":"2026-04-07T22:30:46+00:00","og_image":[{"width":800,"height":2250,"url":"https:\/\/www.voustenjeans.com\/wp-content\/uploads\/2023\/06\/Broek-23_Front.jpg","type":"image\/jpeg"}],"twitter_card":"summary_large_image","schema":{"@context":"https:\/\/schema.org","@graph":[{"@type":"WebPage","@id":"https:\/\/www.voustenjeans.com\/de\/jacob-cohen-j688-bard-active-4024-y78-42239-2\/","url":"https:\/\/www.voustenjeans.com\/de\/jacob-cohen-j688-bard-active-4024-y78-42239-2\/","name":"Jacob Coh\u00ebn - J688 (Bard Active) 4024 Y78 (42239) - Vousten Jeans","isPartOf":{"@id":"https:\/\/www.voustenjeans.com\/en\/#website"},"primaryImageOfPage":{"@id":"https:\/\/www.voustenjeans.com\/de\/jacob-cohen-j688-bard-active-4024-y78-42239-2\/#primaryimage"},"image":{"@id":"https:\/\/www.voustenjeans.com\/de\/jacob-cohen-j688-bard-active-4024-y78-42239-2\/#primaryimage"},"thumbnailUrl":"https:\/\/www.voustenjeans.com\/wp-content\/uploads\/2023\/06\/Broek-23_Front.jpg","datePublished":"2026-03-02T15:46:06+00:00","dateModified":"2026-04-07T22:30:46+00:00","breadcrumb":{"@id":"https:\/\/www.voustenjeans.com\/de\/jacob-cohen-j688-bard-active-4024-y78-42239-2\/#breadcrumb"},"inLanguage":"de-DE","potentialAction":[{"@type":"ReadAction","target":["https:\/\/www.voustenjeans.com\/de\/jacob-cohen-j688-bard-active-4024-y78-42239-2\/"]}]},{"@type":"ImageObject","inLanguage":"de-DE","@id":"https:\/\/www.voustenjeans.com\/de\/jacob-cohen-j688-bard-active-4024-y78-42239-2\/#primaryimage","url":"https:\/\/www.voustenjeans.com\/wp-content\/uploads\/2023\/06\/Broek-23_Front.jpg","contentUrl":"https:\/\/www.voustenjeans.com\/wp-content\/uploads\/2023\/06\/Broek-23_Front.jpg","width":800,"height":2250},{"@type":"BreadcrumbList","@id":"https:\/\/www.voustenjeans.com\/de\/jacob-cohen-j688-bard-active-4024-y78-42239-2\/#breadcrumb","itemListElement":[{"@type":"ListItem","position":1,"name":"Home","item":"https:\/\/www.voustenjeans.com\/de\/"},{"@type":"ListItem","position":2,"name":"Shop","item":"https:\/\/www.voustenjeans.com\/de\/shop\/"},{"@type":"ListItem","position":3,"name":"Jacob Coh\u00ebn &#8211; J688 (Bard Active) 4024 Y78 (42239)"}]},{"@type":"WebSite","@id":"https:\/\/www.voustenjeans.com\/en\/#website","url":"https:\/\/www.voustenjeans.com\/en\/","name":"Vousten Jeans","description":"","potentialAction":[{"@type":"SearchAction","target":{"@type":"EntryPoint","urlTemplate":"https:\/\/www.voustenjeans.com\/en\/?s={search_term_string}"},"query-input":"required name=search_term_string"}],"inLanguage":"de-DE"}]}},"_links":{"self":[{"href":"https:\/\/www.voustenjeans.com\/de\/wp-json\/wp\/v2\/product\/334253"}],"collection":[{"href":"https:\/\/www.voustenjeans.com\/de\/wp-json\/wp\/v2\/product"}],"about":[{"href":"https:\/\/www.voustenjeans.com\/de\/wp-json\/wp\/v2\/types\/product"}],"replies":[{"embeddable":true,"href":"https:\/\/www.voustenjeans.com\/de\/wp-json\/wp\/v2\/comments?post=334253"}],"wp:featuredmedia":[{"embeddable":true,"href":"https:\/\/www.voustenjeans.com\/de\/wp-json\/wp\/v2\/media\/334237"}],"wp:attachment":[{"href":"https:\/\/www.voustenjeans.com\/de\/wp-json\/wp\/v2\/media?parent=334253"}],"wp:term":[{"taxonomy":"product_cat","embeddable":true,"href":"https:\/\/www.voustenjeans.com\/de\/wp-json\/wp\/v2\/product_cat?post=334253"},{"taxonomy":"product_tag","embeddable":true,"href":"https:\/\/www.voustenjeans.com\/de\/wp-json\/wp\/v2\/product_tag?post=334253"}],"curies":[{"name":"wp","href":"https:\/\/api.w.org\/{rel}","templated":true}]}}