{"id":333788,"date":"2026-02-27T15:00:32","date_gmt":"2026-02-27T14:00:32","guid":{"rendered":"https:\/\/www.voustenjeans.com\/jacob-cohen-bobby-3756-b75-42225-2\/"},"modified":"2026-04-07T18:28:04","modified_gmt":"2026-04-07T16:28:04","slug":"jacob-cohen-bobby-3756-b75-42225-2","status":"publish","type":"product","link":"https:\/\/www.voustenjeans.com\/de\/jacob-cohen-bobby-3756-b75-42225-2\/","title":{"rendered":"Jacob Cohen &#8211; Bobby 3756 B75 (42225)"},"content":{"rendered":"<p>Eine l\u00e4ssige Hose aus bequemer Baumwolle.<\/p>\n<ul>\n<li>Stretch-Chino<\/li>\n<li>Slim Fit<\/li>\n<li>Normale Taille<\/li>\n<li>Rei\u00dfverschluss<\/li>\n<li>Mit braunem Patch mit Metalllogo<\/li>\n<li>G\u00fcrtelschlaufen<\/li>\n<li>Eingrifftaschen<\/li>\n<li>Tickettasche<\/li>\n<li>Paspelierte Ges\u00e4\u00dftaschen<\/li>\n<li>Material: 98 % Baumwolle, 2 % Elasthan<\/li>\n<li>Standardl\u00e4nge<\/li>\n<\/ul>\n<p>Diese Jacob Cohen Chino wird in Venetien, Nordostitalien, handgefertigt.<\/p>\n<p>&nbsp;<\/p>\n","protected":false},"excerpt":{"rendered":"<p>Eine l\u00e4ssige Hose aus bequemer Baumwolle. Stretch-Chino Slim Fit Normale Taille Rei\u00dfverschluss Mit braunem Patch mit Metalllogo G\u00fcrtelschlaufen Eingrifftaschen Tickettasche Paspelierte Ges\u00e4\u00dftaschen Material: 98 % Baumwolle, 2 % Elasthan Standardl\u00e4nge Diese Jacob Cohen Chino wird in Venetien, Nordostitalien, handgefertigt. &nbsp;<\/p>\n","protected":false},"featured_media":333772,"comment_status":"open","ping_status":"closed","template":"","meta":[],"product_cat":[1139,1453,1581,1643,1748],"product_tag":[],"acf":[],"yoast_head":"<!-- This site is optimized with the Yoast SEO plugin v22.3 - https:\/\/yoast.com\/wordpress\/plugins\/seo\/ -->\n<title>Jacob Cohen - Bobby 3756 B75 (42225) - Vousten Jeans<\/title>\n<meta name=\"robots\" content=\"index, follow, max-snippet:-1, max-image-preview:large, max-video-preview:-1\" \/>\n<link rel=\"canonical\" href=\"https:\/\/www.voustenjeans.com\/de\/jacob-cohen-bobby-3756-b75-42225-2\/\" \/>\n<meta property=\"og:locale\" content=\"de_DE\" \/>\n<meta property=\"og:type\" content=\"article\" \/>\n<meta property=\"og:title\" content=\"Jacob Cohen - Bobby 3756 B75 (42225) - Vousten Jeans\" \/>\n<meta property=\"og:description\" content=\"Eine l\u00e4ssige Hose aus bequemer Baumwolle. Stretch-Chino Slim Fit Normale Taille Rei\u00dfverschluss Mit braunem Patch mit Metalllogo G\u00fcrtelschlaufen Eingrifftaschen Tickettasche Paspelierte Ges\u00e4\u00dftaschen Material: 98 % Baumwolle, 2 % Elasthan Standardl\u00e4nge Diese Jacob Cohen Chino wird in Venetien, Nordostitalien, handgefertigt. &nbsp;\" \/>\n<meta property=\"og:url\" content=\"https:\/\/www.voustenjeans.com\/de\/jacob-cohen-bobby-3756-b75-42225-2\/\" \/>\n<meta property=\"og:site_name\" content=\"Vousten Jeans\" \/>\n<meta property=\"article:modified_time\" content=\"2026-04-07T16:28:04+00:00\" \/>\n<meta property=\"og:image\" content=\"https:\/\/www.voustenjeans.com\/wp-content\/uploads\/2023\/06\/Jacob-Cohen-Bobby-3756-B75-42225-1-scaled-1.jpg\" \/>\n\t<meta property=\"og:image:width\" content=\"910\" \/>\n\t<meta property=\"og:image:height\" content=\"2560\" \/>\n\t<meta property=\"og:image:type\" content=\"image\/jpeg\" \/>\n<meta name=\"twitter:card\" content=\"summary_large_image\" \/>\n<script type=\"application\/ld+json\" class=\"yoast-schema-graph\">{\"@context\":\"https:\/\/schema.org\",\"@graph\":[{\"@type\":\"WebPage\",\"@id\":\"https:\/\/www.voustenjeans.com\/de\/jacob-cohen-bobby-3756-b75-42225-2\/\",\"url\":\"https:\/\/www.voustenjeans.com\/de\/jacob-cohen-bobby-3756-b75-42225-2\/\",\"name\":\"Jacob Cohen - Bobby 3756 B75 (42225) - Vousten Jeans\",\"isPartOf\":{\"@id\":\"https:\/\/www.voustenjeans.com\/en\/#website\"},\"primaryImageOfPage\":{\"@id\":\"https:\/\/www.voustenjeans.com\/de\/jacob-cohen-bobby-3756-b75-42225-2\/#primaryimage\"},\"image\":{\"@id\":\"https:\/\/www.voustenjeans.com\/de\/jacob-cohen-bobby-3756-b75-42225-2\/#primaryimage\"},\"thumbnailUrl\":\"https:\/\/www.voustenjeans.com\/wp-content\/uploads\/2023\/06\/Jacob-Cohen-Bobby-3756-B75-42225-1-scaled-1.jpg\",\"datePublished\":\"2026-02-27T14:00:32+00:00\",\"dateModified\":\"2026-04-07T16:28:04+00:00\",\"breadcrumb\":{\"@id\":\"https:\/\/www.voustenjeans.com\/de\/jacob-cohen-bobby-3756-b75-42225-2\/#breadcrumb\"},\"inLanguage\":\"de-DE\",\"potentialAction\":[{\"@type\":\"ReadAction\",\"target\":[\"https:\/\/www.voustenjeans.com\/de\/jacob-cohen-bobby-3756-b75-42225-2\/\"]}]},{\"@type\":\"ImageObject\",\"inLanguage\":\"de-DE\",\"@id\":\"https:\/\/www.voustenjeans.com\/de\/jacob-cohen-bobby-3756-b75-42225-2\/#primaryimage\",\"url\":\"https:\/\/www.voustenjeans.com\/wp-content\/uploads\/2023\/06\/Jacob-Cohen-Bobby-3756-B75-42225-1-scaled-1.jpg\",\"contentUrl\":\"https:\/\/www.voustenjeans.com\/wp-content\/uploads\/2023\/06\/Jacob-Cohen-Bobby-3756-B75-42225-1-scaled-1.jpg\",\"width\":910,\"height\":2560},{\"@type\":\"BreadcrumbList\",\"@id\":\"https:\/\/www.voustenjeans.com\/de\/jacob-cohen-bobby-3756-b75-42225-2\/#breadcrumb\",\"itemListElement\":[{\"@type\":\"ListItem\",\"position\":1,\"name\":\"Home\",\"item\":\"https:\/\/www.voustenjeans.com\/de\/\"},{\"@type\":\"ListItem\",\"position\":2,\"name\":\"Shop\",\"item\":\"https:\/\/www.voustenjeans.com\/de\/shop\/\"},{\"@type\":\"ListItem\",\"position\":3,\"name\":\"Jacob Cohen &#8211; Bobby 3756 B75 (42225)\"}]},{\"@type\":\"WebSite\",\"@id\":\"https:\/\/www.voustenjeans.com\/en\/#website\",\"url\":\"https:\/\/www.voustenjeans.com\/en\/\",\"name\":\"Vousten Jeans\",\"description\":\"\",\"potentialAction\":[{\"@type\":\"SearchAction\",\"target\":{\"@type\":\"EntryPoint\",\"urlTemplate\":\"https:\/\/www.voustenjeans.com\/en\/?s={search_term_string}\"},\"query-input\":\"required name=search_term_string\"}],\"inLanguage\":\"de-DE\"}]}<\/script>\n<!-- \/ Yoast SEO plugin. -->","yoast_head_json":{"title":"Jacob Cohen - Bobby 3756 B75 (42225) - Vousten Jeans","robots":{"index":"index","follow":"follow","max-snippet":"max-snippet:-1","max-image-preview":"max-image-preview:large","max-video-preview":"max-video-preview:-1"},"canonical":"https:\/\/www.voustenjeans.com\/de\/jacob-cohen-bobby-3756-b75-42225-2\/","og_locale":"de_DE","og_type":"article","og_title":"Jacob Cohen - Bobby 3756 B75 (42225) - Vousten Jeans","og_description":"Eine l\u00e4ssige Hose aus bequemer Baumwolle. Stretch-Chino Slim Fit Normale Taille Rei\u00dfverschluss Mit braunem Patch mit Metalllogo G\u00fcrtelschlaufen Eingrifftaschen Tickettasche Paspelierte Ges\u00e4\u00dftaschen Material: 98 % Baumwolle, 2 % Elasthan Standardl\u00e4nge Diese Jacob Cohen Chino wird in Venetien, Nordostitalien, handgefertigt. &nbsp;","og_url":"https:\/\/www.voustenjeans.com\/de\/jacob-cohen-bobby-3756-b75-42225-2\/","og_site_name":"Vousten Jeans","article_modified_time":"2026-04-07T16:28:04+00:00","og_image":[{"width":910,"height":2560,"url":"https:\/\/www.voustenjeans.com\/wp-content\/uploads\/2023\/06\/Jacob-Cohen-Bobby-3756-B75-42225-1-scaled-1.jpg","type":"image\/jpeg"}],"twitter_card":"summary_large_image","schema":{"@context":"https:\/\/schema.org","@graph":[{"@type":"WebPage","@id":"https:\/\/www.voustenjeans.com\/de\/jacob-cohen-bobby-3756-b75-42225-2\/","url":"https:\/\/www.voustenjeans.com\/de\/jacob-cohen-bobby-3756-b75-42225-2\/","name":"Jacob Cohen - Bobby 3756 B75 (42225) - Vousten Jeans","isPartOf":{"@id":"https:\/\/www.voustenjeans.com\/en\/#website"},"primaryImageOfPage":{"@id":"https:\/\/www.voustenjeans.com\/de\/jacob-cohen-bobby-3756-b75-42225-2\/#primaryimage"},"image":{"@id":"https:\/\/www.voustenjeans.com\/de\/jacob-cohen-bobby-3756-b75-42225-2\/#primaryimage"},"thumbnailUrl":"https:\/\/www.voustenjeans.com\/wp-content\/uploads\/2023\/06\/Jacob-Cohen-Bobby-3756-B75-42225-1-scaled-1.jpg","datePublished":"2026-02-27T14:00:32+00:00","dateModified":"2026-04-07T16:28:04+00:00","breadcrumb":{"@id":"https:\/\/www.voustenjeans.com\/de\/jacob-cohen-bobby-3756-b75-42225-2\/#breadcrumb"},"inLanguage":"de-DE","potentialAction":[{"@type":"ReadAction","target":["https:\/\/www.voustenjeans.com\/de\/jacob-cohen-bobby-3756-b75-42225-2\/"]}]},{"@type":"ImageObject","inLanguage":"de-DE","@id":"https:\/\/www.voustenjeans.com\/de\/jacob-cohen-bobby-3756-b75-42225-2\/#primaryimage","url":"https:\/\/www.voustenjeans.com\/wp-content\/uploads\/2023\/06\/Jacob-Cohen-Bobby-3756-B75-42225-1-scaled-1.jpg","contentUrl":"https:\/\/www.voustenjeans.com\/wp-content\/uploads\/2023\/06\/Jacob-Cohen-Bobby-3756-B75-42225-1-scaled-1.jpg","width":910,"height":2560},{"@type":"BreadcrumbList","@id":"https:\/\/www.voustenjeans.com\/de\/jacob-cohen-bobby-3756-b75-42225-2\/#breadcrumb","itemListElement":[{"@type":"ListItem","position":1,"name":"Home","item":"https:\/\/www.voustenjeans.com\/de\/"},{"@type":"ListItem","position":2,"name":"Shop","item":"https:\/\/www.voustenjeans.com\/de\/shop\/"},{"@type":"ListItem","position":3,"name":"Jacob Cohen &#8211; Bobby 3756 B75 (42225)"}]},{"@type":"WebSite","@id":"https:\/\/www.voustenjeans.com\/en\/#website","url":"https:\/\/www.voustenjeans.com\/en\/","name":"Vousten Jeans","description":"","potentialAction":[{"@type":"SearchAction","target":{"@type":"EntryPoint","urlTemplate":"https:\/\/www.voustenjeans.com\/en\/?s={search_term_string}"},"query-input":"required name=search_term_string"}],"inLanguage":"de-DE"}]}},"_links":{"self":[{"href":"https:\/\/www.voustenjeans.com\/de\/wp-json\/wp\/v2\/product\/333788"}],"collection":[{"href":"https:\/\/www.voustenjeans.com\/de\/wp-json\/wp\/v2\/product"}],"about":[{"href":"https:\/\/www.voustenjeans.com\/de\/wp-json\/wp\/v2\/types\/product"}],"replies":[{"embeddable":true,"href":"https:\/\/www.voustenjeans.com\/de\/wp-json\/wp\/v2\/comments?post=333788"}],"wp:featuredmedia":[{"embeddable":true,"href":"https:\/\/www.voustenjeans.com\/de\/wp-json\/wp\/v2\/media\/333772"}],"wp:attachment":[{"href":"https:\/\/www.voustenjeans.com\/de\/wp-json\/wp\/v2\/media?parent=333788"}],"wp:term":[{"taxonomy":"product_cat","embeddable":true,"href":"https:\/\/www.voustenjeans.com\/de\/wp-json\/wp\/v2\/product_cat?post=333788"},{"taxonomy":"product_tag","embeddable":true,"href":"https:\/\/www.voustenjeans.com\/de\/wp-json\/wp\/v2\/product_tag?post=333788"}],"curies":[{"name":"wp","href":"https:\/\/api.w.org\/{rel}","templated":true}]}}